{"id":95738,"date":"2026-03-20T07:41:59","date_gmt":"2026-03-20T07:41:59","guid":{"rendered":"https:\/\/soydeaqui.ddns.net\/pachuca\/index.php\/producto\/proteccion-activa-bala-ip-4-megapixel-lente-4-mm-60-mts-ir-exterior-ip67-microfono-y-bocina-integrado-audio-de-dos-vias-darkfighter-poe-luz-estroboscopica-onvif-micro-sd-4-a\/"},"modified":"2026-03-20T07:42:17","modified_gmt":"2026-03-20T07:42:17","slug":"proteccion-activa-bala-ip-4-megapixel-lente-4-mm-60-mts-ir-exterior-ip67-microfono-y-bocina-integrado-audio-de-dos-vias-darkfighter-poe-luz-estroboscopica-onvif-micro-sd-4-a","status":"publish","type":"product","link":"https:\/\/soydeaqui.ddns.net\/pachuca\/index.php\/producto\/proteccion-activa-bala-ip-4-megapixel-lente-4-mm-60-mts-ir-exterior-ip67-microfono-y-bocina-integrado-audio-de-dos-vias-darkfighter-poe-luz-estroboscopica-onvif-micro-sd-4-a\/","title":{"rendered":"[ PROTECCI\u00d3N ACTIVA ] Bala IP 4 Megapixel \/ Lente 4 mm \/ 60 mts IR \/ Exterior IP67 \/ Micr\u00f3fono y Bocina Integrado (Audio de Dos V\u00edas) \/ DARKFIGHTER \/ PoE+ \/ Luz Estroboscopica \/ ONVIF \/ Micro SD \/ 4 Anal\u00edticos"},"content":{"rendered":"<div style='width: 100%; max-width: 1200px; margin: 0 auto; font-family: sans-serif; line-height: 1.6; color: inherit; background-color: transparent;'>\n<div style='display: flex; flex-direction: column; align-items: center; margin-bottom: 30px;'> <img style='width: 100%; max-width: 583px; height: auto; border: 1px solid rgba(150&comma;150&comma;150&comma;0.3); border-radius: 8px;' src='https:\/\/ftp3.syscom.mx\/usuarios\/jsosa\/HIKVISION\/imagenes\/logo\/hikvision%20see%20far.png' alt='Logo Hikvision'> <\/div>\n<div style='display: flex; flex-wrap: wrap; gap: 30px; margin-bottom: 30px;'>\n<div style='flex: 1 1 300px; min-width: 280px;'> <img style='width: 100%; height: auto; border: 1px solid rgba(150&comma;150&comma;150&comma;0.3); border-radius: 8px;' src='https:\/\/www.hikvision.com\/content\/dam\/hikvision\/usa\/marketing\/campaign---ipc-ultra-series\/Variable-intelligence-for-various-scenarios.png' alt='Inteligencia Variable'> <\/div>\n<div style='flex: 1 1 300px; min-width: 280px;'>\n<h3 style='font-size: 22px; border-bottom: 2px solid currentColor; padding-bottom: 5px; margin-top: 0; color: inherit; opacity: 0.8;'>Anal\u00edticos de IA<\/h3>\n<p style='font-size: 15px; color: inherit; text-align: justify;'>Soporta 4 distintos anal\u00edticos&comma; 1 a la vez. Cambie entre cuatro algoritmos de IA integrados y dedicados para el conteo de personas&comma; protecci\u00f3n perimetral y m\u00e1s. Los usuarios pueden continuar optimizando la precisi\u00f3n de la detecci\u00f3n de objetos en una escena espec\u00edfica a trav\u00e9s del modo de aprendizaje mediante ejemplo de an\u00e1lisis de autoaprendizaje.<\/p>\n<ul style='padding-left: 20px; font-size: 15px; color: inherit; margin-top: 15px;'>\n<li style='margin-bottom: 5px;'>Detecci\u00f3n Facial<\/li>\n<li style='margin-bottom: 5px;'>Conteo de Personas por Cruce de L\u00ednea<\/li>\n<li style='margin-bottom: 5px;'>Conteo de Personas por Zona<\/li>\n<li style='margin-bottom: 5px;'>Protecci\u00f3n Perimetral<\/li>\n<\/ul><\/div>\n<\/p><\/div>\n<div style='display: flex; flex-wrap: wrap; gap: 30px; margin-bottom: 30px;'>\n<div style='flex: 1 1 300px; min-width: 280px;'>\n<h3 style='font-size: 22px; border-bottom: 2px solid currentColor; padding-bottom: 5px; margin-top: 0; color: inherit; opacity: 0.8;'>Plataforma Abierta Integrada (HEOP)<\/h3>\n<p style='font-size: 15px; color: inherit; text-align: justify;'>Sabemos que los usuarios a menudo necesitan personalizar sus aplicaciones inteligentes para entornos de instalaci\u00f3n \u00fanicos o escenarios que mejoren el negocio. Es por eso que equipamos c\u00e1maras de red seleccionadas de la serie Ultra con la plataforma abierta integrada (HEOP) de HIKVISION.<\/p>\n<\/p><\/div>\n<div style='flex: 1 1 300px; min-width: 280px;'> <img style='width: 100%; height: auto; border: 1px solid rgba(150&comma;150&comma;150&comma;0.3); border-radius: 8px;' src='https:\/\/www.hikvision.com\/content\/dam\/hikvision\/usa\/marketing\/campaign---ipc-ultra-series\/Upload-tailor-made-algorithms.png' alt='Algoritmos personalizados'> <\/div>\n<\/p><\/div>\n<div style='display: flex; flex-wrap: wrap; gap: 20px; margin-bottom: 30px;'>\n<div style='flex: 1 1 250px; border: 1px solid rgba(150&comma; 150&comma; 150&comma; 0.4); border-radius: 8px; overflow: hidden; display: flex; flex-direction: column;'>\n<div style='padding: 15px; border-bottom: 1px solid rgba(150&comma; 150&comma; 150&comma; 0.2); font-weight: bold; font-size: 18px; color: inherit; background-color: #df001e; color: white;'>Caracter\u00edsticas Principales<\/div>\n<div style='padding: 15px; color: inherit;'>\n<ul style='padding-left: 20px; margin: 0; font-size: 14px; list-style-type: disc;'>\n<li style='margin-bottom: 5px;'>Resoluci\u00f3n m\u00e1xima: 4 Megapixel (2688 \u00d7 1520)<\/li>\n<li style='margin-bottom: 5px;'>Iluminaci\u00f3n m\u00ednima: color 0.003 Lux @ (F1.4&comma; AGC ON)<\/li>\n<li style='margin-bottom: 5px;'>D\u00eda \/ Noche Real (filtro ICR)<\/li>\n<li style='margin-bottom: 5px;'>Distancia focal: Lente fijo 4 mm (84\u00b0)<\/li>\n<li style='margin-bottom: 5px;'>Distancia de infrarrojo: 60 mts Smart IR<\/li>\n<li style='margin-bottom: 5px;'>Funciones normales: WDR Real 120 dB \/ ROI \/ BLC \/ HLC \/ 3D DNR<\/li>\n<li style='margin-bottom: 5px;'>Funciones avanzadas: Detecci\u00f3n de Rostros \/ Intrusi\u00f3n de \u00e1rea \/ Cruce de l\u00ednea<\/li>\n<li style='margin-bottom: 5px;'>Compresi\u00f3n: H.265+ \/ H.265 \/ H.264+ \/ H.264<\/li>\n<li style='margin-bottom: 5px;'>Compatible con la plataforma de Hik-Connect<\/li>\n<li style='margin-bottom: 5px; font-weight: bold;'>Sirena integrada<\/li>\n<li style='margin-bottom: 5px; font-weight: bold;'>Luz parpadeante (estrobosc\u00f3pica)<\/li>\n<\/ul><\/div>\n<\/p><\/div>\n<div style='flex: 1 1 250px; border: 1px solid rgba(150&comma; 150&comma; 150&comma; 0.4); border-radius: 8px; overflow: hidden; display: flex; flex-direction: column;'>\n<div style='padding: 15px; border-bottom: 1px solid rgba(150&comma; 150&comma; 150&comma; 0.2); font-weight: bold; font-size: 18px; color: inherit; background-color: #df001e; color: white;'>Entradas\/Salidas y Conectividad<\/div>\n<div style='padding: 15px; color: inherit;'>\n<ul style='padding-left: 20px; margin: 0; font-size: 14px; list-style-type: disc;'>\n<li style='margin-bottom: 5px;'>Entradas de alarma: 2<\/li>\n<li style='margin-bottom: 5px;'>Salidas de alarma: 2 (max. 24 VDC&comma; 1 A)<\/li>\n<li style='margin-bottom: 5px;'>Entradas de audio: 1 y micr\u00f3fono integrado<\/li>\n<li style='margin-bottom: 5px;'>Salidas de audio: 1 y bocina integrada<\/li>\n<li style='margin-bottom: 5px;'>Puerto de red: 1 (10 \/ 100 Mbps \/ PoE 802.3at)<\/li>\n<li style='margin-bottom: 5px;'>Almacenamiento micro SD de hasta 512 GB \/ ANR (Automatic Network Recovery)<\/li>\n<\/ul><\/div>\n<\/p><\/div>\n<div style='flex: 1 1 250px; border: 1px solid rgba(150&comma; 150&comma; 150&comma; 0.4); border-radius: 8px; overflow: hidden; display: flex; flex-direction: column;'>\n<div style='padding: 15px; border-bottom: 1px solid rgba(150&comma; 150&comma; 150&comma; 0.2); font-weight: bold; font-size: 18px; color: inherit; background-color: #df001e; color: white;'>Caracter\u00edsticas F\u00edsicas y El\u00e9ctricas<\/div>\n<div style='padding: 15px; color: inherit;'>\n<ul style='padding-left: 20px; margin: 0; font-size: 14px; list-style-type: disc;'>\n<li style='margin-bottom: 5px;'>Alimentaci\u00f3n: 12Vcc \/ PoE 802.3 at \/ 13.5 W<\/li>\n<li style='margin-bottom: 5px;'>Temperatura de operaci\u00f3n: -30\u00b0C a 60\u00b0C \/ Humedad al 95% m\u00e1ximo<\/li>\n<li style='margin-bottom: 5px;'>Uso en exterior IP67<\/li>\n<li style='margin-bottom: 5px;'>Dimensiones: 325.5 mm \u00d7 105 mm<\/li>\n<li style='margin-bottom: 5px;'>Peso: 1200 gramos<\/li>\n<li style='margin-bottom: 5px;'>Incluye caja de conexi\u00f3n<\/li>\n<\/ul><\/div>\n<\/p><\/div>\n<div style='flex: 1 1 250px; border: 1px solid rgba(150&comma; 150&comma; 150&comma; 0.4); border-radius: 8px; overflow: hidden; display: flex; flex-direction: column;'>\n<div style='padding: 15px; border-bottom: 1px solid rgba(150&comma; 150&comma; 150&comma; 0.2); font-weight: bold; font-size: 18px; color: inherit; background-color: #df001e; color: white;'>Caracter\u00edsticas Generales<\/div>\n<div style='padding: 15px; color: inherit;'>\n<ul style='padding-left: 20px; margin: 0; font-size: 14px; list-style-type: disc;'>\n<li style='margin-bottom: 5px;'>Main Stream: 30 fps (2688 \u00d7 1520&comma; 1920 \u00d7 1080&comma; 1280 \u00d7 720)<\/li>\n<li style='margin-bottom: 5px;'>Sub Steam: 30 fps (1280 \u00d7 720&comma; 640 \u00d7 480&comma; 640 \u00d7 360)<\/li>\n<li style='margin-bottom: 5px;'>Tercer Stream: 10 fps (1920 \u00d7 1080&comma; 1280 \u00d7 720&comma; 640 \u00d7 480&comma; 640 \u00d7 360)<\/li>\n<li style='margin-bottom: 5px;'>Soporta hasta 6 usuarios simult\u00e1neos<\/li>\n<\/ul><\/div>\n<\/p><\/div>\n<div style='flex: 1 1 250px; border: 1px solid rgba(150&comma; 150&comma; 150&comma; 0.4); border-radius: 8px; overflow: hidden; display: flex; flex-direction: column;'>\n<div style='padding: 15px; border-bottom: 1px solid rgba(150&comma; 150&comma; 150&comma; 0.2); font-weight: bold; font-size: 18px; color: inherit; background-color: #df001e; color: white;'>Accesorios Opcionales<\/div>\n<div style='padding: 15px; color: inherit;'>\n<ul style='padding-left: 20px; margin: 0; font-size: 14px; list-style-type: disc;'>\n<li style='margin-bottom: 5px;'>Montaje de poste vertical&comma; modelo: <a style='color: inherit; text-decoration: underline;' href='https:\/\/www.syscom.mx\/producto\/DS-1275ZJ-S-SUS-HIKVISION-170377.html' target='_blank' rel='noopener'>DS-1275ZJ-S-SUS<\/a><\/li>\n<li style='margin-bottom: 5px;'>Montaje de esquina&comma; modelo: <a style='color: inherit; text-decoration: underline;' href='https:\/\/www.syscom.mx\/producto\/DS-1276ZJ-SUS-HIKVISION-156173.html' target='_blank' rel='noopener'>DS-1276ZJ-SUS<\/a><\/li>\n<li style='margin-bottom: 5px;'>Caja de conexiones&comma; modelo: <a style='color: inherit; text-decoration: underline;' href='https:\/\/www.syscom.mx\/producto\/DS-1260ZJ-HIKVISION-72308.html' target='_blank' rel='noopener'>DS-1260ZJ<\/a><\/li>\n<li style='margin-bottom: 5px;'>Montaje de poste vertical&comma; modelo: <a style='color: inherit; text-decoration: underline;' href='https:\/\/www.syscom.mx\/producto\/DS-1275ZJ-SUS-HIKVISION-156172.html' target='_blank' rel='noopener'>DS-1275ZJ-SUS<\/a><\/li>\n<\/ul><\/div>\n<\/p><\/div>\n<div style='flex: 1 1 250px; border: 1px solid rgba(150&comma; 150&comma; 150&comma; 0.4); border-radius: 8px; overflow: hidden; display: flex; flex-direction: column;'>\n<div style='padding: 15px; border-bottom: 1px solid rgba(150&comma; 150&comma; 150&comma; 0.2); font-weight: bold; font-size: 18px; color: inherit; background-color: #df001e; color: white;'>Caracter\u00edsticas Destacadas<\/div>\n<div style='padding: 15px; color: inherit;'>\n<ul style='padding-left: 20px; margin: 0; font-size: 14px; list-style-type: disc;'>\n<li style='margin-bottom: 5px;'>Soporta anal\u00edtico de ACUSENSE con anal\u00edticos como filtro de humano y veh\u00edculos por medio de cruce de l\u00ednea o intrusi\u00f3n<\/li>\n<li style='margin-bottom: 5px;'>Soporta anal\u00edtico de captura facial (recomendado para NVRs con reconocimiento facial)<\/li>\n<li style='margin-bottom: 5px;'>Soporta Hikvision Embedded Open Platform (HEOP)<\/li>\n<\/ul><\/div>\n<\/p><\/div>\n<\/p><\/div>\n<div style='display: flex; flex-direction: column; align-items: center; margin-bottom: 30px;'>\n<div style='width: 100%; max-width: 800px; margin: 0 auto;'>\n<div style='width: 100%; padding: 15px; background-color: #f8f9fa; border: 1px solid rgba(150&comma;150&comma;150&comma;0.3); border-radius: 8px;'>\n<h3 style='font-size: 22px; border-bottom: 2px solid currentColor; padding-bottom: 5px; margin-top: 0; color: inherit; opacity: 0.8;'>Hikvision Embedded Open Platform (HEOP)<\/h3>\n<div style='display: flex; flex-direction: column; align-items: center; margin: 20px 0;'> <img style='width: 100%; max-width: 180px; height: auto; border: 1px solid rgba(150&comma;150&comma;150&comma;0.3); border-radius: 8px;' src='https:\/\/ftp3.syscom.mx\/usuarios\/fotos\/DS2CD3956G2IS(U)\/216441-heop.png' alt='HEOP'> <\/div>\n<p style='font-size: 15px; color: inherit; margin-bottom: 15px;'>La Plataforma Abierta Embebida de Hikvision (HEOP&comma; por sus siglas en ingl\u00e9s) permite a los socios tecnol\u00f3gicos desarrollar y ejecutar sus propias aplicaciones en el hardware de Hikvision&comma; facilitando sistemas de seguridad personalizados que respondan a las necesidades espec\u00edficas y escenarios de instalaci\u00f3n \u00fanicos de los clientes.<\/p>\n<p style='font-size: 15px; color: inherit; margin-bottom: 15px;'>HEOP cuenta con hardware de arquitectura abierta&comma; interfaces est\u00e1ndar y el kit de desarrollo de algoritmos HikFlow*. Los socios pueden unirse f\u00e1cilmente al ecosistema HEOP a trav\u00e9s del Portal de Socios Tecnol\u00f3gicos de Hikvision.<\/p>\n<p style='font-size: 15px; color: inherit; text-align: center;'><a style='color: inherit; text-decoration: underline;' href='https:\/\/tpp.hikvision.com\/tpp\/HEOP' target='_blank' rel='noopener'>https:\/\/tpp.hikvision.com\/tpp\/HEOP<\/a><\/p>\n<\/p><\/div>\n<\/p><\/div>\n<\/p><\/div>\n<div style='display: flex; flex-direction: column; align-items: center; margin-bottom: 30px;'>\n<div style='width: 100%; max-width: 800px; margin: 0 auto;'> <video style='width: 100%; height: auto; border: 1px solid rgba(150&comma;150&comma;150&comma;0.3); border-radius: 8px;' src='https:\/\/ftp3.syscom.mx\/usuarios\/jsosa\/HIKVISION\/videos\/ipc\/serie3\/Video%20DEMO%20sobre%20equipos%20Hikision%20de%20la%20Serie%203.mp4' loop muted controls><\/video> <\/div>\n<\/p><\/div>\n<div style='display: flex; flex-direction: column; align-items: center;'> <img style='width: 100%; max-width: 1200px; height: auto; border: 1px solid rgba(150&comma;150&comma;150&comma;0.3); border-radius: 8px;' src='https:\/\/ftp3.syscom.mx\/usuarios\/jsosa\/HIKVISION\/imagenes\/banners\/solution%20complete.png' alt='Soluci\u00f3n Completa'> <\/div>\n<\/p><\/div>\n","protected":false},"excerpt":{"rendered":"<p>[ PROTECCI\u00d3N ACTIVA ] Bala IP 4 Megapixel \/ Lente 4 mm \/ 60 mts IR \/ Exterior IP67 \/ Micr\u00f3fono y Bocina Integrado (Audio de Dos V\u00edas) \/ DARKFIGHTER \/ PoE+ \/ Luz Estroboscopica \/ ONVIF \/ Micro SD \/ 4 Anal\u00edticos<\/p>\n","protected":false},"featured_media":95737,"comment_status":"open","ping_status":"closed","template":"","meta":[],"product_brand":[],"product_cat":[438],"product_tag":[439,122,54],"class_list":{"0":"post-95738","1":"product","2":"type-product","3":"status-publish","4":"has-post-thumbnail","6":"product_cat-bala","7":"product_tag-bala","8":"product_tag-camaras-ip-y-nvrs","9":"product_tag-hikvision","11":"first","12":"instock","13":"sale","14":"shipping-taxable","15":"purchasable","16":"product-type-simple"},"_links":{"self":[{"href":"https:\/\/soydeaqui.ddns.net\/pachuca\/index.php\/wp-json\/wp\/v2\/product\/95738","targetHints":{"allow":["GET"]}}],"collection":[{"href":"https:\/\/soydeaqui.ddns.net\/pachuca\/index.php\/wp-json\/wp\/v2\/product"}],"about":[{"href":"https:\/\/soydeaqui.ddns.net\/pachuca\/index.php\/wp-json\/wp\/v2\/types\/product"}],"replies":[{"embeddable":true,"href":"https:\/\/soydeaqui.ddns.net\/pachuca\/index.php\/wp-json\/wp\/v2\/comments?post=95738"}],"wp:featuredmedia":[{"embeddable":true,"href":"https:\/\/soydeaqui.ddns.net\/pachuca\/index.php\/wp-json\/wp\/v2\/media\/95737"}],"wp:attachment":[{"href":"https:\/\/soydeaqui.ddns.net\/pachuca\/index.php\/wp-json\/wp\/v2\/media?parent=95738"}],"wp:term":[{"taxonomy":"product_brand","embeddable":true,"href":"https:\/\/soydeaqui.ddns.net\/pachuca\/index.php\/wp-json\/wp\/v2\/product_brand?post=95738"},{"taxonomy":"product_cat","embeddable":true,"href":"https:\/\/soydeaqui.ddns.net\/pachuca\/index.php\/wp-json\/wp\/v2\/product_cat?post=95738"},{"taxonomy":"product_tag","embeddable":true,"href":"https:\/\/soydeaqui.ddns.net\/pachuca\/index.php\/wp-json\/wp\/v2\/product_tag?post=95738"}],"curies":[{"name":"wp","href":"https:\/\/api.w.org\/{rel}","templated":true}]}}