{"id":95732,"date":"2026-03-20T07:41:43","date_gmt":"2026-03-20T07:41:43","guid":{"rendered":"https:\/\/soydeaqui.ddns.net\/pachuca\/index.php\/producto\/tijeras-para-tubos-plasticos-de-0-a-1-5-8\/"},"modified":"2026-03-20T07:41:44","modified_gmt":"2026-03-20T07:41:44","slug":"tijeras-para-tubos-plasticos-de-0-a-1-5-8","status":"publish","type":"product","link":"https:\/\/soydeaqui.ddns.net\/pachuca\/index.php\/producto\/tijeras-para-tubos-plasticos-de-0-a-1-5-8\/","title":{"rendered":"Tijeras para Tubos Pl\u00e1sticos de 0 a 1 5\/8&#8243;."},"content":{"rendered":"<div style='width: 100%; max-width: 1200px; margin: 0 auto; font-family: sans-serif; line-height: 1.6; color: inherit; background-color: transparent;'>\n<div style='display: flex; flex-wrap: wrap; gap: 30px; margin-bottom: 30px;'>\n<div style='flex: 1 1 300px; min-width: 280px;'>\n<h3 style='font-size: 22px; border-bottom: 2px solid currentColor; padding-bottom: 5px; margin-top: 0; color: inherit; opacity: 0.8;'>Caracter\u00edsticas<\/h3>\n<ul style='padding-left: 20px; font-size: 15px; color: inherit;'>\n<li style='margin-bottom: 5px;'>Sistema de avance progresivo de cuchilla<\/li>\n<li style='margin-bottom: 5px;'>Cuchilla revestida de antiadherente que permite un corte m\u00e1s r\u00e1pido<\/li>\n<li style='margin-bottom: 5px;'>Sistema de cierre con una sola mano<\/li>\n<li style='margin-bottom: 5px;'>Ligera y resistente<\/li>\n<li style='margin-bottom: 5px;'>Sistema de giro con casquillo de acero<\/li>\n<li style='margin-bottom: 5px;'>Corte f\u00e1cil&comma; r\u00e1pido y preciso con el m\u00ednimo esfuerzo<\/li>\n<li style='margin-bottom: 5px;'>Cambio r\u00e1pido de cuchillas sin la necesidad de utilizar herramientas<\/li>\n<li style='margin-bottom: 5px;'>Larga vida de uso<\/li>\n<li style='margin-bottom: 5px;'>Tubo que puede cortar: PE&comma; PPR&comma; PVC&comma; PP&comma; MLP\/MSR\/PVDF\/PB\/VPE\/PB\/VPE\/PEX\/CPVC<\/li>\n<\/ul><\/div>\n<\/p><\/div>\n<div style='display: flex; flex-wrap: wrap; gap: 30px; margin-bottom: 30px;'>\n<div style='flex: 1 1 300px; min-width: 280px;'>\n<h3 style='font-size: 22px; border-bottom: 2px solid currentColor; padding-bottom: 5px; margin-top: 0; color: inherit; opacity: 0.8;'>Especificaciones<\/h3>\n<ul style='padding-left: 20px; font-size: 15px; color: inherit;'>\n<li style='margin-bottom: 5px;'><strong>Capacidad de corte:<\/strong> 0 &#8211; 1 5\/8&#8242;<\/li>\n<li style='margin-bottom: 5px;'><strong>Longitud total:<\/strong> 9 7\/16&#8242;<\/li>\n<li style='margin-bottom: 5px;'><strong>Apertura m\u00e1xima:<\/strong> 1 5\/8&#8242; (42 mm)<\/li>\n<\/ul><\/div>\n<\/p><\/div>\n<\/p><\/div>\n","protected":false},"excerpt":{"rendered":"<p>Tijeras para Tubos Pl\u00e1sticos de 0 a 1 5\/8&#8243;.<\/p>\n","protected":false},"featured_media":95731,"comment_status":"open","ping_status":"closed","template":"","meta":[],"product_brand":[],"product_cat":[24],"product_tag":[26,25,554],"class_list":{"0":"post-95732","1":"product","2":"type-product","3":"status-publish","4":"has-post-thumbnail","6":"product_cat-accesorios-de-instalacion","7":"product_tag-accesorios-de-instalacion","8":"product_tag-herramientas","9":"product_tag-urrea","11":"first","12":"instock","13":"sale","14":"shipping-taxable","15":"purchasable","16":"product-type-simple"},"_links":{"self":[{"href":"https:\/\/soydeaqui.ddns.net\/pachuca\/index.php\/wp-json\/wp\/v2\/product\/95732","targetHints":{"allow":["GET"]}}],"collection":[{"href":"https:\/\/soydeaqui.ddns.net\/pachuca\/index.php\/wp-json\/wp\/v2\/product"}],"about":[{"href":"https:\/\/soydeaqui.ddns.net\/pachuca\/index.php\/wp-json\/wp\/v2\/types\/product"}],"replies":[{"embeddable":true,"href":"https:\/\/soydeaqui.ddns.net\/pachuca\/index.php\/wp-json\/wp\/v2\/comments?post=95732"}],"wp:featuredmedia":[{"embeddable":true,"href":"https:\/\/soydeaqui.ddns.net\/pachuca\/index.php\/wp-json\/wp\/v2\/media\/95731"}],"wp:attachment":[{"href":"https:\/\/soydeaqui.ddns.net\/pachuca\/index.php\/wp-json\/wp\/v2\/media?parent=95732"}],"wp:term":[{"taxonomy":"product_brand","embeddable":true,"href":"https:\/\/soydeaqui.ddns.net\/pachuca\/index.php\/wp-json\/wp\/v2\/product_brand?post=95732"},{"taxonomy":"product_cat","embeddable":true,"href":"https:\/\/soydeaqui.ddns.net\/pachuca\/index.php\/wp-json\/wp\/v2\/product_cat?post=95732"},{"taxonomy":"product_tag","embeddable":true,"href":"https:\/\/soydeaqui.ddns.net\/pachuca\/index.php\/wp-json\/wp\/v2\/product_tag?post=95732"}],"curies":[{"name":"wp","href":"https:\/\/api.w.org\/{rel}","templated":true}]}}