{"id":95728,"date":"2026-03-20T07:41:33","date_gmt":"2026-03-20T07:41:33","guid":{"rendered":"https:\/\/soydeaqui.ddns.net\/pachuca\/index.php\/producto\/bobina-de-cable-de-100-metros-328-08-pies-cat5e-24-awg-color-gris-ul-para-aplicaciones-en-videovigilancia-redes-de-datos-uso-interior\/"},"modified":"2026-03-20T07:41:40","modified_gmt":"2026-03-20T07:41:40","slug":"bobina-de-cable-de-100-metros-328-08-pies-cat5e-24-awg-color-gris-ul-para-aplicaciones-en-videovigilancia-redes-de-datos-uso-interior","status":"publish","type":"product","link":"https:\/\/soydeaqui.ddns.net\/pachuca\/index.php\/producto\/bobina-de-cable-de-100-metros-328-08-pies-cat5e-24-awg-color-gris-ul-para-aplicaciones-en-videovigilancia-redes-de-datos-uso-interior\/","title":{"rendered":"Bobina de Cable de 100 Metros (328.08 Pies), Cat5e, 24 AWG, Color Gris, UL, para Aplicaciones en Videovigilancia, Redes de Datos. Uso Interior"},"content":{"rendered":"<div style='width: 100%; max-width: 1200px; margin: 0 auto; font-family: sans-serif; line-height: 1.6; color: inherit; background-color: transparent;'>\n<div style='width: 100%; max-width: 450px; margin: 0 auto 0 0;'> <img style='width: 100%; height: auto; border: 1px solid rgba(150&comma;150&comma;150&comma;0.3); border-radius: 8px;' src='https:\/\/ftp3.syscom.mx\/usuarios\/orobles\/LinkedPro\/linkedpro_logo.png' alt='Logo de LinkedPro'> <\/div>\n<p style='font-size: 16px; color: inherit;'><strong>Cable de alto rendimiento&comma; dise\u00f1ado para integradores de seguridad profesional<\/strong>.<\/p>\n<p>* Precio por carrete de 100 metros.<\/p>\n<div style='display: flex; flex-wrap: wrap; gap: 30px; margin-bottom: 30px;'>\n<div style='flex: 1 1 300px; min-width: 280px;'>\n<h3 style='font-size: 22px; border-bottom: 2px solid currentColor; padding-bottom: 5px; margin-top: 0; color: inherit; opacity: 0.8;'>Caracter\u00edsticas<\/h3>\n<ul style='padding-left: 20px; font-size: 15px; color: inherit;'>\n<li style='margin-bottom: 5px;'>Voz&comma; datos&comma; seguridad&comma; y aplicaciones de video vigilancia IP Megapixel<\/li>\n<li style='margin-bottom: 5px;'>Redes Inal\u00e1mbricas<\/li>\n<li style='margin-bottom: 5px;'>Instalaciones gigabits de voz \/ datos<\/li>\n<li style='margin-bottom: 5px;'>Env\u00edo de POE a largas distancias<\/li>\n<\/ul><\/div>\n<div style='flex: 1 1 300px; min-width: 280px;'>\n<h3 style='font-size: 22px; border-bottom: 2px solid currentColor; padding-bottom: 5px; margin-top: 0; color: inherit; opacity: 0.8;'>Caracter\u00edsticas f\u00edsicas y el\u00e9ctricas<\/h3>\n<ul style='padding-left: 20px; font-size: 15px; color: inherit;'>\n<li style='margin-bottom: 5px;'><strong>Conductor 100% Cobre<\/strong><\/li>\n<li style='margin-bottom: 5px;'>Color: Gris<\/li>\n<li style='margin-bottom: 5px;'>Calibre: 24 AWG (0.48 mm)<\/li>\n<li style='margin-bottom: 5px;'>Aislamiento: PVC<\/li>\n<li style='margin-bottom: 5px;'>Blindaje: No<\/li>\n<li style='margin-bottom: 5px;'>Di\u00e1metro nominal: 5.0 \u00b1 0.2 mm<\/li>\n<\/ul><\/div>\n<div style='flex: 1 1 300px; min-width: 280px;'>\n<h3 style='font-size: 22px; border-bottom: 2px solid currentColor; padding-bottom: 5px; margin-top: 0; color: inherit; opacity: 0.8;'>Est\u00e1ndares y certificaciones<\/h3>\n<ul style='padding-left: 20px; font-size: 15px; color: inherit;'>\n<li style='margin-bottom: 5px;'>UL: E488955<\/li>\n<li style='margin-bottom: 5px;'>CM<\/li>\n<li style='margin-bottom: 5px;'>ANSI\/TIA<\/li>\n<li style='margin-bottom: 5px;'>ISO\/IEC<\/li>\n<li style='margin-bottom: 5px;'>CENELEC EN<\/li>\n<li style='margin-bottom: 5px;'>Cumple con las Pruebas de Rendimiento para Enlace Permanente a 90 metros<\/li>\n<\/ul><\/div>\n<\/p><\/div>\n<\/p><\/div>\n","protected":false},"excerpt":{"rendered":"<p>Bobina de Cable de 100 Metros (328.08 Pies), Cat5e, 24 AWG, Color Gris, UL, para Aplicaciones en Videovigilancia, Redes de Datos. Uso Interior<\/p>\n","protected":false},"featured_media":95727,"comment_status":"open","ping_status":"closed","template":"","meta":[],"product_brand":[],"product_cat":[619],"product_tag":[488,620,435],"class_list":{"0":"post-95728","1":"product","2":"type-product","3":"status-publish","4":"has-post-thumbnail","6":"product_cat-categoria-5e","7":"product_tag-cables-y-conectores","8":"product_tag-categoria-5e","9":"product_tag-linkedpro-by-epcom","11":"first","12":"outofstock","13":"sale","14":"shipping-taxable","15":"purchasable","16":"product-type-simple"},"_links":{"self":[{"href":"https:\/\/soydeaqui.ddns.net\/pachuca\/index.php\/wp-json\/wp\/v2\/product\/95728","targetHints":{"allow":["GET"]}}],"collection":[{"href":"https:\/\/soydeaqui.ddns.net\/pachuca\/index.php\/wp-json\/wp\/v2\/product"}],"about":[{"href":"https:\/\/soydeaqui.ddns.net\/pachuca\/index.php\/wp-json\/wp\/v2\/types\/product"}],"replies":[{"embeddable":true,"href":"https:\/\/soydeaqui.ddns.net\/pachuca\/index.php\/wp-json\/wp\/v2\/comments?post=95728"}],"wp:featuredmedia":[{"embeddable":true,"href":"https:\/\/soydeaqui.ddns.net\/pachuca\/index.php\/wp-json\/wp\/v2\/media\/95727"}],"wp:attachment":[{"href":"https:\/\/soydeaqui.ddns.net\/pachuca\/index.php\/wp-json\/wp\/v2\/media?parent=95728"}],"wp:term":[{"taxonomy":"product_brand","embeddable":true,"href":"https:\/\/soydeaqui.ddns.net\/pachuca\/index.php\/wp-json\/wp\/v2\/product_brand?post=95728"},{"taxonomy":"product_cat","embeddable":true,"href":"https:\/\/soydeaqui.ddns.net\/pachuca\/index.php\/wp-json\/wp\/v2\/product_cat?post=95728"},{"taxonomy":"product_tag","embeddable":true,"href":"https:\/\/soydeaqui.ddns.net\/pachuca\/index.php\/wp-json\/wp\/v2\/product_tag?post=95728"}],"curies":[{"name":"wp","href":"https:\/\/api.w.org\/{rel}","templated":true}]}}