{"id":95726,"date":"2026-03-20T07:41:29","date_gmt":"2026-03-20T07:41:29","guid":{"rendered":"https:\/\/soydeaqui.ddns.net\/pachuca\/index.php\/producto\/tandemvu-ptz-ip-4-megapixel-con-camara-panoramica-6-megapixel-25x-zoom-100-mts-ir-ip66-wdr-poe-entrada-salida-de-audio-y-alarma-ultra-baja-iluminacion-micro-sd\/"},"modified":"2026-03-20T07:41:30","modified_gmt":"2026-03-20T07:41:30","slug":"tandemvu-ptz-ip-4-megapixel-con-camara-panoramica-6-megapixel-25x-zoom-100-mts-ir-ip66-wdr-poe-entrada-salida-de-audio-y-alarma-ultra-baja-iluminacion-micro-sd","status":"publish","type":"product","link":"https:\/\/soydeaqui.ddns.net\/pachuca\/index.php\/producto\/tandemvu-ptz-ip-4-megapixel-con-camara-panoramica-6-megapixel-25x-zoom-100-mts-ir-ip66-wdr-poe-entrada-salida-de-audio-y-alarma-ultra-baja-iluminacion-micro-sd\/","title":{"rendered":"[TandemVu] PTZ IP 4 Megapixel con C\u00e1mara Panoramica 6 Megapixel \/ 25X Zoom \/ 100 mts IR \/ IP66  \/ WDR \/ PoE+ \/ Entrada-Salida de Audio y Alarma \/ Ultra Baja Iluminaci\u00f3n \/ Micro SD"},"content":{"rendered":"<div style='width: 100%; max-width: 1200px; margin: 0 auto; font-family: sans-serif; line-height: 1.6; color: inherit; background-color: transparent;'> <!-- Banner inicial --> <\/p>\n<p style='text-align: center; margin: 0 0 20px 0;'><img style='width: 45%; height: auto; border: 1px solid rgba(150&comma;150&comma;150&comma;0.3); border-radius: 8px;' src='https:\/\/ftp3.syscom.mx\/usuarios\/jsosa\/HIKVISION\/imagenes\/logo\/hikvision%20see%20far.png' alt='Banner Hikvision'><\/p>\n<p> <!-- T\u00edtulo --> <\/p>\n<div style='width: 100%; text-align: center; margin: 0 0 30px 0;'>\n<h1 style='font-size: 24px; color: #232a6f; font-weight: bold; margin: 0; padding: 0;'>Especif\u00edcaciones<\/h1>\n<\/p><\/div>\n<p> <!-- Caracter\u00edsticas Principales y F\u00edsicas --> <\/p>\n<div style='display: flex; flex-wrap: wrap; gap: 30px; margin-bottom: 30px;'> <!-- Caracter\u00edsticas Principales --> <\/p>\n<div style='flex: 1 1 300px; min-width: 280px;'>\n<div style='border: 1px solid rgba(150&comma; 150&comma; 150&comma; 0.4); border-radius: 8px; overflow: hidden;'>\n<div style='padding: 15px; background-color: #df001e; border-bottom: 1px solid #a80000; font-weight: bold; font-size: 18px; color: #ffffff;'> Caracter\u00edsticas Principales <\/div>\n<div style='padding: 15px;'>\n<ul style='padding-left: 20px; margin: 0; font-size: 14px; list-style-type: disc; color: inherit;'>\n<li style='margin-bottom: 7px;'><strong>C\u00e1mara PTZ<\/strong>\n<ul style='padding-left: 20px; margin-top: 5px; margin-bottom: 5px;'>\n<li style='margin-bottom: 5px;'>Resoluci\u00f3n m\u00e1xima: 4 Megapixel (2560 x 1440).<\/li>\n<li style='margin-bottom: 5px;'>Iluminaci\u00f3n m\u00ednima: color 0.005 Lux @ (F1.6&comma; AGC ON).<\/li>\n<li style='margin-bottom: 5px;'>Iluminaci\u00f3n m\u00ednima: B\/N 0.001 Lux @ (F1.6&comma; AGC ON).<\/li>\n<li style='margin-bottom: 5px;'>D\u00eda \/ Noche Real (filtro ICR).<\/li>\n<li style='margin-bottom: 5px;'>Distancia focal: 4.8 a 120 mm (25X zoom \u00f3ptico \/ 16X zoom digital).<\/li>\n<li style='margin-bottom: 5px;'>Funciones normales: HLC \/ ROI \/ WDR 120dB \/ BLC<\/li>\n<li style='margin-bottom: 5px;'>Distancia de infrarrojo: 100 mts Smart IR.<\/li>\n<\/ul>\n<\/li>\n<li style='margin-bottom: 7px;'><strong>C\u00e1mara Panor\u00e1mica<\/strong>\n<ul style='padding-left: 20px; margin-top: 5px; margin-bottom: 5px;'>\n<li style='margin-bottom: 5px;'>Resoluci\u00f3n m\u00e1xima: 6 Megapixel (3632 x 1632).<\/li>\n<li style='margin-bottom: 5px;'>Iluminaci\u00f3n m\u00ednima: color 0.005 Lux @ (F1.6&comma; AGC ON).<\/li>\n<li style='margin-bottom: 5px;'>Iluminaci\u00f3n m\u00ednima: 0 Lux con LUZ BLANCA.<\/li>\n<li style='margin-bottom: 5px;'>D\u00eda \/ Noche Real (filtro ICR).<\/li>\n<li style='margin-bottom: 5px;'>Distancia focal: 2.8 mm.<\/li>\n<\/ul>\n<\/li>\n<li style='margin-bottom: 5px;'>Funciones normales: HLC \/ ROI \/ WDR 120dB \/ BLC<\/li>\n<li style='margin-bottom: 5px;'>Distancia Luz blanca: 30 mts<\/li>\n<li style='margin-bottom: 5px;'>Detecci\u00f3n de Rostro \/ Detecci\u00f3n de Intrusi\u00f3n \/ Cruce de l\u00ednea \/ Entrada-Salida de Regi\u00f3n.<\/li>\n<li style='margin-bottom: 5px;'>Compatible con la plataforma de Hik-Connect <a style='color: #0d6efd; text-decoration: none;' href='https:\/\/appstore.hikvision.com\/' target='_blank' rel='noopener'>https:\/\/appstore.hikvision.com\/<\/a><\/li>\n<\/ul><\/div>\n<\/p><\/div>\n<\/p><\/div>\n<p> <!-- Caracter\u00edsticas F\u00edsicas y El\u00e9ctricas --> <\/p>\n<div style='flex: 1 1 300px; min-width: 280px;'>\n<div style='border: 1px solid rgba(150&comma; 150&comma; 150&comma; 0.4); border-radius: 8px; overflow: hidden;'>\n<div style='padding: 15px; background-color: #df001e; border-bottom: 1px solid #a80000; font-weight: bold; font-size: 18px; color: #ffffff;'> Caracter\u00edsticas F\u00edsicas y El\u00e9ctricas <\/div>\n<div style='padding: 15px;'>\n<ul style='padding-left: 20px; margin: 0; font-size: 14px; list-style-type: disc; color: inherit;'>\n<li style='margin-bottom: 5px;'>Alimentaci\u00f3n: 12 Vcc \/ PoE+ \/ 24 W.<\/li>\n<li style='margin-bottom: 5px;'>Temperatura de operaci\u00f3n: -30\u00b0C a 65\u00b0C \/ Humedad al 90% m\u00e1ximo.<\/li>\n<li style='margin-bottom: 5px;'>Uso en exterior IP66.<\/li>\n<li style='margin-bottom: 5px;'>Protecci\u00f3n contra sobretensiones y protecci\u00f3n contra voltajes transistorios.<\/li>\n<li style='margin-bottom: 5px;'>Dimensiones: 166 mm \u00d7 375 mm<\/li>\n<li style='margin-bottom: 5px;'>Peso: 2.4 Kgs.<\/li>\n<li style='margin-bottom: 5px;'>Se recomienda usar el modelo <a style='color: #0d6efd; text-decoration: none;' href='https:\/\/www.syscom.mx\/producto\/LAS60-57CN-RJ45-HIKVISION-72655.html' target='_blank' rel='noopener'>LAS-3057-CNRJ45<\/a> en caso de que requieran alimentar el domo por medio de PoE.<\/li>\n<li style='margin-bottom: 5px;'><strong>No incluye fuente de alimentaci\u00f3n.<\/strong><\/li>\n<li style='margin-bottom: 5px;'><strong>Incluye montaje de pared<\/strong> (DS-1618ZJ).<\/li>\n<li style='margin-bottom: 5px;'><strong>No incluye fuente de alimentaci\u00f3n&comma; Se recomieda usar<\/strong> <a style='color: #0d6efd; text-decoration: none;' href='https:\/\/www.syscom.mx\/products\/144801' target='_blank' rel='noopener'>P12DC3A<\/a><\/li>\n<li style='margin-top: 10px;'><a style='color: #0d6efd; text-decoration: none; font-weight: bold;' href='https:\/\/ftp3.syscom.mx\/usuarios\/fcarrillo\/Hikvision\/Specs\/Especificaciones%20Tecnicas%20DS-2SE4C425MWG-E_26F0.pdf' target='_blank' rel='noopener'>Consulte la ficha t\u00e9cnica para validar los accesorios compatibles<\/a><\/li>\n<\/ul><\/div>\n<\/p><\/div>\n<\/p><\/div>\n<\/p><\/div>\n<p> <!-- Interfaces y Caracter\u00edsticas Generales --> <\/p>\n<div style='display: flex; flex-wrap: wrap; gap: 30px; margin-bottom: 30px;'> <!-- Interfaces Entradas y Salidas --> <\/p>\n<div style='flex: 1 1 300px; min-width: 280px;'>\n<div style='border: 1px solid rgba(150&comma; 150&comma; 150&comma; 0.4); border-radius: 8px; overflow: hidden;'>\n<div style='padding: 15px; background-color: #df001e; border-bottom: 1px solid #a80000; font-weight: bold; font-size: 18px; color: #ffffff;'> Interfaces Entradas y Salidas <\/div>\n<div style='padding: 15px;'>\n<ul style='padding-left: 20px; margin: 0; font-size: 14px; list-style-type: disc; color: inherit;'>\n<li style='margin-bottom: 5px;'>Entradas de alarma: 1.<\/li>\n<li style='margin-bottom: 5px;'>Salidas de alarma: 1.<\/li>\n<li style='margin-bottom: 5px;'>Entradas de audio: 1.<\/li>\n<li style='margin-bottom: 5px;'>Salidas de audio: 1.<\/li>\n<li style='margin-bottom: 5px;'>Puerto de red: 1 (10 \/ 100 Mbps \/POE +).<\/li>\n<li style='margin-bottom: 5px;'>Almacenamiento micro SD de hasta 256 GB \/ ANR (Automatic Network Recovery).<\/li>\n<li style='margin-bottom: 5px;'>Soporta ONVIF (Profile S&comma; Profile G&comma; Profile T) \/ ISUP.<\/li>\n<\/ul><\/div>\n<\/p><\/div>\n<\/p><\/div>\n<p> <!-- Caracter\u00edsticas Generales --> <\/p>\n<div style='flex: 1 1 300px; min-width: 280px;'>\n<div style='border: 1px solid rgba(150&comma; 150&comma; 150&comma; 0.4); border-radius: 8px; overflow: hidden;'>\n<div style='padding: 15px; background-color: #df001e; border-bottom: 1px solid #a80000; font-weight: bold; font-size: 18px; color: #ffffff;'> Caracter\u00edsticas Generales <\/div>\n<div style='padding: 15px;'>\n<ul style='padding-left: 20px; margin: 0; font-size: 14px; list-style-type: disc; color: inherit;'>\n<li style='margin-bottom: 5px;'>Paneo: 360\u00b0.<\/li>\n<li style='margin-bottom: 5px;'>Tildeo: -15\u00b0 a 90\u00ba (auto flip).<\/li>\n<li style='margin-bottom: 5px;'>Preset \/ Patrol \/ Pattern: 300 \/ 8 \/ 4.<\/li>\n<li style='margin-bottom: 5px;'>Reducci\u00f3n de falsas alarmas (ACUSENSE).<\/li>\n<li style='margin-bottom: 5px;'>Funci\u00f3n de PARK ACTION (o Acci\u00f3n de Estacionamiento).<\/li>\n<li style='margin-bottom: 5px;'>Soporta tareas calendarizadas.<\/li>\n<li style='margin-bottom: 5px;'>Soporta hasta 20 usuarios simult\u00e1neos.<\/li>\n<\/ul><\/div>\n<\/p><\/div>\n<\/p><\/div>\n<\/p><\/div>\n<p> <!-- Caracter\u00edsticas Destacadas --> <\/p>\n<div style='margin-bottom: 30px;'>\n<div style='border: 1px solid rgba(150&comma; 150&comma; 150&comma; 0.4); border-radius: 8px; overflow: hidden;'>\n<div style='padding: 15px; background-color: #df001e; border-bottom: 1px solid #a80000; font-weight: bold; font-size: 18px; color: #ffffff;'> Caracter\u00edsticas Destacadas <\/div>\n<div style='padding: 15px;'>\n<div style='margin-bottom: 20px;'>\n<h3 style='font-size: 18px; margin: 0 0 10px 0; color: inherit; font-weight: bold; font-family: sans-serif;'>Tecnolog\u00eda de Baja Luz Mejorada (DarkFighter + ColorVu)<\/h3>\n<ul style='padding-left: 20px; margin: 0; font-size: 14px; list-style-type: disc; color: inherit;'>\n<li style='margin-bottom: 5px;'>C\u00e1mara bala: Sensibilidad extrema de 0.0005 lux a color con luz blanca integrada de hasta 30 m (ColorVu).<\/li>\n<li style='margin-bottom: 5px;'>C\u00e1mara PTZ: 0.005 lux a color y 0.001 lux B\/N&comma; con IR de 100 m.<\/li>\n<li style='margin-bottom: 5px;'>Permite imagen en color en oscuridad total usando la luz blanca de la c\u00e1mara bala.<\/li>\n<\/ul><\/div>\n<div style='margin-bottom: 20px;'>\n<h3 style='font-size: 18px; margin: 0 0 10px 0; color: inherit; font-weight: bold; font-family: sans-serif;'>Acusense con Clasificaci\u00f3n de Objetos mediante Deep Learning<\/h3>\n<ul style='padding-left: 20px; margin: 0; font-size: 14px; list-style-type: disc; color: inherit;'>\n<li style='margin-bottom: 5px;'>Utiliza algoritmos de aprendizaje profundo para clasificar personas y veh\u00edculos&comma; reduciendo falsas alarmas y mejorando la eficacia en la detecci\u00f3n.<\/li>\n<\/ul><\/div>\n<div style='margin-bottom: 20px;'>\n<h3 style='font-size: 18px; margin: 0 0 10px 0; color: inherit; font-weight: bold; font-family: sans-serif;'>Dise\u00f1o TandemVu (Doble C\u00e1mara en Uno)<\/h3>\n<ul style='padding-left: 20px; margin: 0; font-size: 14px; list-style-type: disc; color: inherit;'>\n<li style='margin-bottom: 5px;'>C\u00e1mara bala panor\u00e1mica fija (180\u00b0 horizontal) + c\u00e1mara PTZ con zoom 25x en un solo cuerpo.<\/li>\n<li style='margin-bottom: 5px;'>La c\u00e1mara bala usa sensor 1\/2.5&#8242; y lente F1.0 para visi\u00f3n general en 6 MP (3632 \u00d7 1632).<\/li>\n<li style='margin-bottom: 5px;'>La PTZ ofrece detalle con 4 MP y zoom \u00f3ptico 25x.<\/li>\n<\/ul><\/div>\n<div style='margin-bottom: 20px;'>\n<h3 style='font-size: 18px; margin: 0 0 10px 0; color: inherit; font-weight: bold; font-family: sans-serif;'>Compatibilidad con NVRs<\/h3>\n<ul style='padding-left: 20px; margin: 0; font-size: 14px; list-style-type: disc; color: inherit;'>\n<li style='margin-bottom: 5px;'>Se recomienda usar NVR&#8217;s NXI-K&comma; NI-M&comma; NXI-I&comma; NXI-M.<\/li>\n<\/ul><\/div>\n<\/p><\/div>\n<\/p><\/div>\n<\/p><\/div>\n<p> <!-- Banner final --> <\/p>\n<div style='margin-top: 30px;'> <img style='width: 100%; height: auto; border: 1px solid rgba(150&comma;150&comma;150&comma;0.3); border-radius: 8px;' src='https:\/\/ftp3.syscom.mx\/usuarios\/jsosa\/HIKVISION\/imagenes\/banners\/solution%20complete.png' alt='Banner Soluci\u00f3n Completa'> <\/div>\n<\/p><\/div>\n","protected":false},"excerpt":{"rendered":"<p>[TandemVu] PTZ IP 4 Megapixel con C\u00e1mara Panoramica 6 Megapixel \/ 25X Zoom \/ 100 mts IR \/ IP66  \/ WDR \/ PoE+ \/ Entrada-Salida de Audio y Alarma \/ Ultra Baja Iluminaci\u00f3n \/ Micro SD<\/p>\n","protected":false},"featured_media":95725,"comment_status":"open","ping_status":"closed","template":"","meta":[],"product_brand":[],"product_cat":[1224],"product_tag":[122,54,1225],"class_list":{"0":"post-95726","1":"product","2":"type-product","3":"status-publish","4":"has-post-thumbnail","6":"product_cat-ptz","7":"product_tag-camaras-ip-y-nvrs","8":"product_tag-hikvision","9":"product_tag-ptz","11":"first","12":"instock","13":"sale","14":"shipping-taxable","15":"purchasable","16":"product-type-simple"},"_links":{"self":[{"href":"https:\/\/soydeaqui.ddns.net\/pachuca\/index.php\/wp-json\/wp\/v2\/product\/95726","targetHints":{"allow":["GET"]}}],"collection":[{"href":"https:\/\/soydeaqui.ddns.net\/pachuca\/index.php\/wp-json\/wp\/v2\/product"}],"about":[{"href":"https:\/\/soydeaqui.ddns.net\/pachuca\/index.php\/wp-json\/wp\/v2\/types\/product"}],"replies":[{"embeddable":true,"href":"https:\/\/soydeaqui.ddns.net\/pachuca\/index.php\/wp-json\/wp\/v2\/comments?post=95726"}],"wp:featuredmedia":[{"embeddable":true,"href":"https:\/\/soydeaqui.ddns.net\/pachuca\/index.php\/wp-json\/wp\/v2\/media\/95725"}],"wp:attachment":[{"href":"https:\/\/soydeaqui.ddns.net\/pachuca\/index.php\/wp-json\/wp\/v2\/media?parent=95726"}],"wp:term":[{"taxonomy":"product_brand","embeddable":true,"href":"https:\/\/soydeaqui.ddns.net\/pachuca\/index.php\/wp-json\/wp\/v2\/product_brand?post=95726"},{"taxonomy":"product_cat","embeddable":true,"href":"https:\/\/soydeaqui.ddns.net\/pachuca\/index.php\/wp-json\/wp\/v2\/product_cat?post=95726"},{"taxonomy":"product_tag","embeddable":true,"href":"https:\/\/soydeaqui.ddns.net\/pachuca\/index.php\/wp-json\/wp\/v2\/product_tag?post=95726"}],"curies":[{"name":"wp","href":"https:\/\/api.w.org\/{rel}","templated":true}]}}