{"id":95701,"date":"2026-03-20T07:40:19","date_gmt":"2026-03-20T07:40:19","guid":{"rendered":"https:\/\/soydeaqui.ddns.net\/pachuca\/index.php\/producto\/domo-ptz-ip-4-megapixel-4x-zoom-optico-50-mts-ir-exir-acusense-luz-estroboscopica-sirena-integrada-wdr-120-db-poe-ip66-ultra-baja-iluminacion-microfono-y-bocina-interconstruido\/"},"modified":"2026-03-20T07:40:31","modified_gmt":"2026-03-20T07:40:31","slug":"domo-ptz-ip-4-megapixel-4x-zoom-optico-50-mts-ir-exir-acusense-luz-estroboscopica-sirena-integrada-wdr-120-db-poe-ip66-ultra-baja-iluminacion-microfono-y-bocina-interconstruido","status":"publish","type":"product","link":"https:\/\/soydeaqui.ddns.net\/pachuca\/index.php\/producto\/domo-ptz-ip-4-megapixel-4x-zoom-optico-50-mts-ir-exir-acusense-luz-estroboscopica-sirena-integrada-wdr-120-db-poe-ip66-ultra-baja-iluminacion-microfono-y-bocina-interconstruido\/","title":{"rendered":"Domo PTZ IP 4 Megapixel \/ 4X Zoom \u00d3ptico \/ 50 mts IR EXIR \/ ACUSENSE \/ Luz Estrobosc\u00f3pica \/ Sirena Integrada \/ WDR 120 dB \/ PoE+ \/ IP66 \/ Ultra Baja Iluminaci\u00f3n \/ Micr\u00f3fono y Bocina Interconstruido \/ Micro SD"},"content":{"rendered":"<div style='width: 100%; max-width: 1200px; margin: 0 auto; font-family: sans-serif; line-height: 1.6; color: inherit; background-color: transparent;'>\n<div style='display: flex; flex-wrap: wrap; gap: 30px; margin-bottom: 30px;'>\n<div style='flex: 1 1 300px; min-width: 280px;'>\n<h3 style='font-size: 22px; border-bottom: 2px solid currentColor; padding-bottom: 5px; margin-top: 0; color: inherit; opacity: 0.8;'>Caracter\u00edsticas Principales<\/h3>\n<ul style='padding-left: 20px; font-size: 15px; color: inherit;'>\n<li style='margin-bottom: 5px;'><strong>Resoluci\u00f3n:<\/strong> 4 Megapixel (2560 x 1440)<\/li>\n<li style='margin-bottom: 5px;'><strong>Iluminaci\u00f3n m\u00ednima color:<\/strong> 0.005 Lux @ (F1.6&comma; AGC ON)<\/li>\n<li style='margin-bottom: 5px;'><strong>Iluminaci\u00f3n m\u00ednima B\/N:<\/strong> 0.001 Lux @ (F1.6&comma; AGC ON)<\/li>\n<li style='margin-bottom: 5px;'>D\u00eda \/ Noche Real (filtro ICR)<\/li>\n<li style='margin-bottom: 5px;'><strong>Distancia focal:<\/strong> 2.8 a 12 mm (4X zoom \u00f3ptico \/ 16X zoom digital)<\/li>\n<li style='margin-bottom: 5px;'><strong>Distancia de infrarrojo:<\/strong> 50 mts Smart IR<\/li>\n<li style='margin-bottom: 5px;'>Funciones normales: WDR 120 dB \/ BLC \/ HLC \/ Defog \/ 3D DNR<\/li>\n<li style='margin-bottom: 5px;'>Funciones especiales: Intrusi\u00f3n de area \/ Cruce de linea \/ Objeto olvidado \/ Objeto removido \/ Detecci\u00f3n de rostro<\/li>\n<li style='margin-bottom: 5px;'><strong>Compresi\u00f3n:<\/strong> H.265+ \/ H.265 \/ H.264+ \/ H.264<\/li>\n<li style='margin-bottom: 5px;'>Compatible con la plataforma de Hik-Connect<\/li>\n<li style='margin-bottom: 5px;'>Altavoz y micr\u00f3fono integrado para advertencia audible y audio bidireccional<\/li>\n<li style='margin-bottom: 5px;'><strong>Luz estrobosc\u00f3pica:<\/strong> 6 metros de alcance<\/li>\n<li style='margin-bottom: 5px;'><strong>Sirena integrada:<\/strong> alerta audible<\/li>\n<\/ul><\/div>\n<div style='flex: 1 1 300px; min-width: 280px;'>\n<h3 style='font-size: 22px; border-bottom: 2px solid currentColor; padding-bottom: 5px; margin-top: 0; color: inherit; opacity: 0.8;'>Entradas y Salidas<\/h3>\n<ul style='padding-left: 20px; font-size: 15px; color: inherit;'>\n<li style='margin-bottom: 5px;'><strong>Entradas de alarma:<\/strong> 1<\/li>\n<li style='margin-bottom: 5px;'><strong>Salidas de alarma:<\/strong> 1<\/li>\n<li style='margin-bottom: 5px;'><strong>Entradas de audio:<\/strong> 1<\/li>\n<li style='margin-bottom: 5px;'><strong>Salidas de audio:<\/strong> 1<\/li>\n<li style='margin-bottom: 5px;'><strong>Puerto de red:<\/strong> 1 (10 \/ 100 Mbps)<\/li>\n<li style='margin-bottom: 5px;'><strong>Almacenamiento:<\/strong> micro SD hasta 256 GB \/ ANR<\/li>\n<li style='margin-bottom: 5px;'>Soporta ONVIF \/ ISAPI \/ SDK<\/li>\n<\/ul><\/div>\n<div style='flex: 1 1 300px; min-width: 280px;'>\n<h3 style='font-size: 22px; border-bottom: 2px solid currentColor; padding-bottom: 5px; margin-top: 0; color: inherit; opacity: 0.8;'>Caracter\u00edsticas Generales<\/h3>\n<ul style='padding-left: 20px; font-size: 15px; color: inherit;'>\n<li style='margin-bottom: 5px;'><strong>Pan:<\/strong> 0\u00b0 a 350\u00b0<\/li>\n<li style='margin-bottom: 5px;'><strong>Tilt:<\/strong> 0\u00b0 a 90\u00b0<\/li>\n<li style='margin-bottom: 5px;'><strong>Preset:<\/strong> 300 (no Pattern \/ Patrol \/ Park Act)<\/li>\n<li style='margin-bottom: 5px;'>Tareas calendarizadas<\/li>\n<li style='margin-bottom: 5px;'>Soporta hasta 20 usuarios simult\u00e1neos<\/li>\n<\/ul><\/div>\n<div style='flex: 1 1 300px; min-width: 280px;'>\n<h3 style='font-size: 22px; border-bottom: 2px solid currentColor; padding-bottom: 5px; margin-top: 0; color: inherit; opacity: 0.8;'>Caracter\u00edsticas F\u00edsicas y El\u00e9ctricas<\/h3>\n<ul style='padding-left: 20px; font-size: 15px; color: inherit;'>\n<li style='margin-bottom: 5px;'><strong>Alimentaci\u00f3n:<\/strong> 12 Vcc \/ 14 W \/ PoE+ (802.3 at)<\/li>\n<li style='margin-bottom: 5px;'><strong>Temperatura de operaci\u00f3n:<\/strong> -30\u00b0C a 60\u00b0C<\/li>\n<li style='margin-bottom: 5px;'><strong>Humedad:<\/strong> 90% m\u00e1ximo<\/li>\n<li style='margin-bottom: 5px;'>Uso en exterior \/ IP66<\/li>\n<li style='margin-bottom: 5px;'>Incluye montaje de pared<\/li>\n<li style='margin-bottom: 5px;'>Protecci\u00f3n contra sobretensiones<\/li>\n<li style='margin-bottom: 5px;'><strong>Dimensiones:<\/strong> 179.3 x 120.5 x 182 mm<\/li>\n<li style='margin-bottom: 5px;'><strong>Peso:<\/strong> 1.125 kgs<\/li>\n<\/ul><\/div>\n<\/p><\/div>\n<div style='display: flex; flex-wrap: wrap; gap: 20px; margin-bottom: 30px;'>\n<div style='flex: 1 1 100%; border: 1px solid rgba(150&comma; 150&comma; 150&comma; 0.4); border-radius: 8px; overflow: hidden;'>\n<div style='padding: 15px; border-bottom: 1px solid rgba(150&comma; 150&comma; 150&comma; 0.2); font-weight: bold; font-size: 18px; color: inherit;'>Caracter\u00edsticas Destacadas<\/div>\n<div style='padding: 15px; color: inherit;'>\n<ul style='padding-left: 20px; margin: 0; font-size: 14px; list-style-type: disc;'>\n<li style='margin-bottom: 5px;'>Compatible con la plataforma de Hik-Connect para conexi\u00f3n m\u00e1s r\u00e1pida y sencilla<\/li>\n<li style='margin-bottom: 5px;'><strong>Audio de 2 v\u00edas:<\/strong> aplica directo en la c\u00e1mara IP o con NVRs serie NI-I \/ NX-I \/ NI-K serie 76 \/ 77 \/ 96 (No aplica en DS-7604NI-K1\/4P(C))<\/li>\n<li style='margin-bottom: 5px;'>Incluye montaje para pared<\/li>\n<\/ul><\/div>\n<\/p><\/div>\n<\/p><\/div>\n<div style='display: flex; flex-wrap: wrap; gap: 20px; margin-bottom: 30px;'>\n<div style='flex: 1 1 100%; border: 1px solid rgba(150&comma; 150&comma; 150&comma; 0.4); border-radius: 8px; overflow: hidden;'>\n<div style='padding: 15px; border-bottom: 1px solid rgba(150&comma; 150&comma; 150&comma; 0.2); font-weight: bold; font-size: 18px; color: inherit;'>Especificaciones T\u00e9cnicas<\/div>\n<div style='padding: 15px; color: inherit;'>\n<ul style='padding-left: 20px; margin: 0; font-size: 14px; list-style-type: disc;'>\n<li style='margin-bottom: 5px;'><strong>Modelo:<\/strong> DS2DE3A404IWGE<\/li>\n<li style='margin-bottom: 5px;'><strong>Marca:<\/strong> Hikvision<\/li>\n<\/ul><\/div>\n<\/p><\/div>\n<\/p><\/div>\n<p> <img style='width: 100%; height: auto; border: 1px solid rgba(150&comma;150&comma;150&comma;0.3); border-radius: 8px;' src='https:\/\/ftp3.syscom.mx\/usuarios\/jsosa\/HIKVISION\/imagenes\/banners\/solution%20complete.png' alt='Soluci\u00f3n completa Hikvision'> <\/div>\n","protected":false},"excerpt":{"rendered":"<p>Domo PTZ IP 4 Megapixel \/ 4X Zoom \u00d3ptico \/ 50 mts IR EXIR \/ ACUSENSE \/ Luz Estrobosc\u00f3pica \/ Sirena Integrada \/ WDR 120 dB \/ PoE+ \/ IP66 \/ Ultra Baja Iluminaci\u00f3n \/ Micr\u00f3fono y Bocina Interconstruido \/ Micro SD<\/p>\n","protected":false},"featured_media":95700,"comment_status":"open","ping_status":"closed","template":"","meta":[],"product_brand":[],"product_cat":[1224],"product_tag":[122,54,1225],"class_list":{"0":"post-95701","1":"product","2":"type-product","3":"status-publish","4":"has-post-thumbnail","6":"product_cat-ptz","7":"product_tag-camaras-ip-y-nvrs","8":"product_tag-hikvision","9":"product_tag-ptz","11":"first","12":"instock","13":"sale","14":"shipping-taxable","15":"purchasable","16":"product-type-simple"},"_links":{"self":[{"href":"https:\/\/soydeaqui.ddns.net\/pachuca\/index.php\/wp-json\/wp\/v2\/product\/95701","targetHints":{"allow":["GET"]}}],"collection":[{"href":"https:\/\/soydeaqui.ddns.net\/pachuca\/index.php\/wp-json\/wp\/v2\/product"}],"about":[{"href":"https:\/\/soydeaqui.ddns.net\/pachuca\/index.php\/wp-json\/wp\/v2\/types\/product"}],"replies":[{"embeddable":true,"href":"https:\/\/soydeaqui.ddns.net\/pachuca\/index.php\/wp-json\/wp\/v2\/comments?post=95701"}],"wp:featuredmedia":[{"embeddable":true,"href":"https:\/\/soydeaqui.ddns.net\/pachuca\/index.php\/wp-json\/wp\/v2\/media\/95700"}],"wp:attachment":[{"href":"https:\/\/soydeaqui.ddns.net\/pachuca\/index.php\/wp-json\/wp\/v2\/media?parent=95701"}],"wp:term":[{"taxonomy":"product_brand","embeddable":true,"href":"https:\/\/soydeaqui.ddns.net\/pachuca\/index.php\/wp-json\/wp\/v2\/product_brand?post=95701"},{"taxonomy":"product_cat","embeddable":true,"href":"https:\/\/soydeaqui.ddns.net\/pachuca\/index.php\/wp-json\/wp\/v2\/product_cat?post=95701"},{"taxonomy":"product_tag","embeddable":true,"href":"https:\/\/soydeaqui.ddns.net\/pachuca\/index.php\/wp-json\/wp\/v2\/product_tag?post=95701"}],"curies":[{"name":"wp","href":"https:\/\/api.w.org\/{rel}","templated":true}]}}