{"id":95696,"date":"2026-03-20T07:40:08","date_gmt":"2026-03-20T07:40:08","guid":{"rendered":"https:\/\/soydeaqui.ddns.net\/pachuca\/index.php\/producto\/bobina-de-cable-305-metros-1000-pies-cat6-24-awg-climas-extremos-color-negro-sin-blindar-para-intemperie\/"},"modified":"2026-03-20T07:40:16","modified_gmt":"2026-03-20T07:40:16","slug":"bobina-de-cable-305-metros-1000-pies-cat6-24-awg-climas-extremos-color-negro-sin-blindar-para-intemperie","status":"publish","type":"product","link":"https:\/\/soydeaqui.ddns.net\/pachuca\/index.php\/producto\/bobina-de-cable-305-metros-1000-pies-cat6-24-awg-climas-extremos-color-negro-sin-blindar-para-intemperie\/","title":{"rendered":"Bobina de Cable 305 Metros (1000 Pies) Cat6, 24 AWG, Climas Extremos, Color Negro, Sin Blindar, para Intemperie"},"content":{"rendered":"<div style='width: 100%; max-width: 1200px; margin: 0 auto; font-family: sans-serif; line-height: 1.6; color: inherit; background-color: transparent;'>\n<div style='display: flex; flex-wrap: wrap; gap: 30px; margin-bottom: 30px;'>\n<div style='flex: 1 1 300px; min-width: 280px;'> <img style='width: 100%; height: auto; border: 1px solid rgba(150&comma;150&comma;150&comma;0.3); border-radius: 8px;' src='https:\/\/ftp3.syscom.mx\/usuarios\/orobles\/LinkedPro\/linkedpro_logo.png' alt=''> <\/div>\n<\/p><\/div>\n<div style='display: flex; flex-wrap: wrap; gap: 30px; margin-bottom: 30px;'>\n<div style='flex: 1 1 300px; min-width: 280px;'>\n<h3 style='font-size: 22px; border-bottom: 2px solid currentColor; padding-bottom: 5px; margin-top: 0; color: inherit; opacity: 0.8;'>Caracter\u00edsticas<\/h3>\n<ul style='padding-left: 20px; font-size: 15px; color: inherit;'>\n<li style='margin-bottom: 5px;'>Video surveillance IP Megapixel<\/li>\n<li style='margin-bottom: 5px;'>Instalaci\u00f3n de video an\u00e1logo<\/li>\n<li style='margin-bottom: 5px;'>Redes locales de alta velocidad<\/li>\n<li style='margin-bottom: 5px;'>Redes inalambricas<\/li>\n<li style='margin-bottom: 5px;'>Aplicaciones en 10BASE-T&comma; 100BASE-T y 1000BASET<\/li>\n<li style='margin-bottom: 5px;'>Instalaciones Gigabit de voz\/datos<\/li>\n<li style='margin-bottom: 5px;'>Env\u00edo de PoE en largas distancias<\/li>\n<li style='margin-bottom: 5px;'>Dise\u00f1ado para Aplicaciones de datos de alta velocidad&comma; Fast Ethernet y Gigabit Ethernet<\/li>\n<\/ul><\/div>\n<div style='flex: 1 1 300px; min-width: 280px;'>\n<h3 style='font-size: 22px; border-bottom: 2px solid currentColor; padding-bottom: 5px; margin-top: 0; color: inherit; opacity: 0.8;'>Caracter\u00edsticas f\u00edsicas y el\u00e9ctricas<\/h3>\n<ul style='padding-left: 20px; font-size: 15px; color: inherit;'>\n<li style='margin-bottom: 5px;'><strong>Aplicaci\u00f3n:<\/strong> Intemperie<\/li>\n<li style='margin-bottom: 5px;'>Conductores de puro cobre<\/li>\n<li style='margin-bottom: 5px;'>Aislamiento PVC<\/li>\n<li style='margin-bottom: 5px;'><strong>Conductor:<\/strong> 100% Cobre<\/li>\n<li style='margin-bottom: 5px;'><strong>Color Exterior:<\/strong> Negro<\/li>\n<li style='margin-bottom: 5px;'>Construcci\u00f3n: UTP<\/li>\n<li style='margin-bottom: 5px;'><strong>Conductor:<\/strong> 24 AWG (0.52 mm)<\/li>\n<li style='margin-bottom: 5px;'><strong>Di\u00e1metro:<\/strong> 5.8\u00b10.2mm<\/li>\n<\/ul><\/div>\n<div style='flex: 1 1 300px; min-width: 280px;'>\n<h3 style='font-size: 22px; border-bottom: 2px solid currentColor; padding-bottom: 5px; margin-top: 0; color: inherit; opacity: 0.8;'>Estandares y certificaciones<\/h3>\n<ul style='padding-left: 20px; font-size: 15px; color: inherit;'>\n<li style='margin-bottom: 5px;'>UL (E488955)<\/li>\n<li style='margin-bottom: 5px;'>ANSI EIA\/TIA 568 C.2<\/li>\n<li style='margin-bottom: 5px;'>ISO\/IEC 11801 2nd Edition<\/li>\n<li style='margin-bottom: 5px;'>EN 50173; EN 50288-3-1<\/li>\n<li style='margin-bottom: 5px;'>Cumple con las Pruebas de Rendimiento para Enlace Permanente a 90 metros<\/li>\n<\/ul><\/div>\n<\/p><\/div>\n<div style='display: flex; flex-wrap: wrap; gap: 30px; margin-bottom: 30px;'>\n<div style='flex: 1 1 300px; min-width: 280px;'>\n<div style='padding: 15px; border: 1px solid rgba(150&comma; 150&comma; 150&comma; 0.4); border-radius: 8px;'>\n<p style='margin: 0; font-size: 15px; color: inherit;'><strong>* Precio por carrete de 305 metros.<\/strong><\/p>\n<\/p><\/div>\n<\/p><\/div>\n<\/p><\/div>\n<\/p><\/div>\n","protected":false},"excerpt":{"rendered":"<p>Bobina de Cable 305 Metros (1000 Pies) Cat6, 24 AWG, Climas Extremos, Color Negro, Sin Blindar, para Intemperie<\/p>\n","protected":false},"featured_media":95695,"comment_status":"open","ping_status":"closed","template":"","meta":[],"product_brand":[],"product_cat":[576],"product_tag":[488,577,435],"class_list":{"0":"post-95696","1":"product","2":"type-product","3":"status-publish","4":"has-post-thumbnail","6":"product_cat-categoria-6","7":"product_tag-cables-y-conectores","8":"product_tag-categoria-6","9":"product_tag-linkedpro-by-epcom","11":"first","12":"instock","13":"sale","14":"shipping-taxable","15":"purchasable","16":"product-type-simple"},"_links":{"self":[{"href":"https:\/\/soydeaqui.ddns.net\/pachuca\/index.php\/wp-json\/wp\/v2\/product\/95696","targetHints":{"allow":["GET"]}}],"collection":[{"href":"https:\/\/soydeaqui.ddns.net\/pachuca\/index.php\/wp-json\/wp\/v2\/product"}],"about":[{"href":"https:\/\/soydeaqui.ddns.net\/pachuca\/index.php\/wp-json\/wp\/v2\/types\/product"}],"replies":[{"embeddable":true,"href":"https:\/\/soydeaqui.ddns.net\/pachuca\/index.php\/wp-json\/wp\/v2\/comments?post=95696"}],"wp:featuredmedia":[{"embeddable":true,"href":"https:\/\/soydeaqui.ddns.net\/pachuca\/index.php\/wp-json\/wp\/v2\/media\/95695"}],"wp:attachment":[{"href":"https:\/\/soydeaqui.ddns.net\/pachuca\/index.php\/wp-json\/wp\/v2\/media?parent=95696"}],"wp:term":[{"taxonomy":"product_brand","embeddable":true,"href":"https:\/\/soydeaqui.ddns.net\/pachuca\/index.php\/wp-json\/wp\/v2\/product_brand?post=95696"},{"taxonomy":"product_cat","embeddable":true,"href":"https:\/\/soydeaqui.ddns.net\/pachuca\/index.php\/wp-json\/wp\/v2\/product_cat?post=95696"},{"taxonomy":"product_tag","embeddable":true,"href":"https:\/\/soydeaqui.ddns.net\/pachuca\/index.php\/wp-json\/wp\/v2\/product_tag?post=95696"}],"curies":[{"name":"wp","href":"https:\/\/api.w.org\/{rel}","templated":true}]}}