{"id":95691,"date":"2026-03-20T07:39:54","date_gmt":"2026-03-20T07:39:54","guid":{"rendered":"https:\/\/soydeaqui.ddns.net\/pachuca\/index.php\/producto\/bobina-de-cable-de-305-metros-1000-pies-cat5e-aleacin-de-cobre-y-aluminio-cca-color-negro-uso-intemperie-doble-forro\/"},"modified":"2026-03-20T07:40:03","modified_gmt":"2026-03-20T07:40:03","slug":"bobina-de-cable-de-305-metros-1000-pies-cat5e-aleacin-de-cobre-y-aluminio-cca-color-negro-uso-intemperie-doble-forro","status":"publish","type":"product","link":"https:\/\/soydeaqui.ddns.net\/pachuca\/index.php\/producto\/bobina-de-cable-de-305-metros-1000-pies-cat5e-aleacin-de-cobre-y-aluminio-cca-color-negro-uso-intemperie-doble-forro\/","title":{"rendered":"Bobina de Cable de 305 Metros (1000 Pies) Cat5e, Aleaci?n de Cobre y Aluminio (CCA), Color Negro, Uso Intemperie, Doble Forro"},"content":{"rendered":"<div style='width: 100%; max-width: 1200px; margin: 0 auto; font-family: sans-serif; line-height: 1.6; color: inherit; background-color: transparent;'>\n<div style='text-align: center; margin-bottom: 20px;'> <img style='width: 360px; height: 88px; border: 1px solid rgba(150&comma;150&comma;150&comma;0.3); border-radius: 8px; display: inline-block;' src='https:\/\/ftp3.syscom.mx\/usuarios\/orobles\/LinkedPro\/linkedpro_banner.jpg' alt=''> <\/div>\n<p style='font-size: 16px; font-weight: bold; color: inherit;'>Cable de alto rendimiento&comma; dise\u00f1ado para integradores de seguridad profesional.<\/p>\n<div style='display: flex; flex-wrap: wrap; gap: 30px; margin-top: 30px;'>\n<div style='flex: 1 1 300px; min-width: 280px;'>\n<div style='border-left: 5px solid #F52207; border-radius: 5px; padding: 10px; box-shadow: 2px 2px 10px rgba(216&comma;216&comma;216&comma;0.4);'>\n<h3 style='font-size: 18px; margin-top: 0; margin-bottom: 15px; color: inherit;'>Caracter\u00edsticas<\/h3>\n<ul style='padding-left: 20px; margin: 0; font-size: 14px; color: inherit;'>\n<li style='margin-bottom: 8px;'>CCTV IP Megapixel \/ Instalaciones de video an\u00e1logo \/ Redes locales de alta velocidad<\/li>\n<li style='margin-bottom: 8px;'>Redes inal\u00e1mbricas<\/li>\n<li style='margin-bottom: 8px;'>Aplicaci\u00f3n: IP Megapixel<\/li>\n<li style='margin-bottom: 8px;'>CCTV&comma; Redes de Datos&comma; Control RS485<\/li>\n<\/ul><\/div>\n<\/p><\/div>\n<div style='flex: 1 1 300px; min-width: 280px;'>\n<div style='border-left: 5px solid #F52207; border-radius: 5px; padding: 10px; box-shadow: 2px 2px 10px rgba(216&comma;216&comma;216&comma;0.4);'>\n<h3 style='font-size: 18px; margin-top: 0; margin-bottom: 15px; color: inherit;'>Caracter\u00edsticas f\u00edsicas y el\u00e9ctricas<\/h3>\n<ul style='padding-left: 20px; margin: 0; font-size: 14px; color: inherit;'>\n<li style='margin-bottom: 8px;'><strong>Conductor:<\/strong> CCA (Revestido de cobre\/aluminio)<\/li>\n<li style='margin-bottom: 8px;'><strong>Aplicaci\u00f3n:<\/strong> Intemperie<\/li>\n<li style='margin-bottom: 8px;'>Color Exterior: Negro<\/li>\n<li style='margin-bottom: 8px;'>Calibre: 24 AWG (0.50 mm)<\/li>\n<li style='margin-bottom: 8px;'>Aislamiento: PVC (interno)\/LDPE (externo)<\/li>\n<li style='margin-bottom: 8px;'>Sin blindaje<\/li>\n<li style='margin-bottom: 8px;'>Tipo: UTP5 (4 pares)<\/li>\n<li style='margin-bottom: 8px;'>Di\u00e1metro externo 6.2 \u00b1 0.2mm<\/li>\n<li style='margin-bottom: 8px;'>Frecuencia: 100MHz<\/li>\n<\/ul><\/div>\n<\/p><\/div>\n<div style='flex: 1 1 300px; min-width: 280px;'>\n<div style='border-left: 5px solid #F52207; border-radius: 5px; padding: 10px; box-shadow: 2px 2px 10px rgba(216&comma;216&comma;216&comma;0.4);'>\n<h3 style='font-size: 18px; margin-top: 0; margin-bottom: 15px; color: inherit;'>Est\u00e1ndares y certificaciones<\/h3>\n<ul style='padding-left: 20px; margin: 0; font-size: 14px; color: inherit;'>\n<li style='margin-bottom: 8px;'>CMX<\/li>\n<li style='margin-bottom: 8px;'>ANSI\/TIA<\/li>\n<li style='margin-bottom: 8px;'>ISO\/IEC<\/li>\n<\/ul><\/div>\n<\/p><\/div>\n<\/p><\/div>\n<div style='margin-top: 30px; padding: 15px; background-color: rgba(245&comma;34&comma;7&comma;0.05); border-left: 4px solid #F52207; color: inherit;'>\n<p style='margin: 0; font-size: 14px;'><strong>* Precio por carrete de 305 mts.<\/strong><\/p>\n<\/p><\/div>\n<\/p><\/div>\n","protected":false},"excerpt":{"rendered":"<p>Bobina de Cable de 305 Metros (1000 Pies) Cat5e, Aleaci?n de Cobre y Aluminio (CCA), Color Negro, Uso Intemperie, Doble Forro<\/p>\n","protected":false},"featured_media":95690,"comment_status":"open","ping_status":"closed","template":"","meta":[],"product_brand":[],"product_cat":[619],"product_tag":[488,620,435],"class_list":{"0":"post-95691","1":"product","2":"type-product","3":"status-publish","4":"has-post-thumbnail","6":"product_cat-categoria-5e","7":"product_tag-cables-y-conectores","8":"product_tag-categoria-5e","9":"product_tag-linkedpro-by-epcom","11":"first","12":"instock","13":"sale","14":"shipping-taxable","15":"purchasable","16":"product-type-simple"},"_links":{"self":[{"href":"https:\/\/soydeaqui.ddns.net\/pachuca\/index.php\/wp-json\/wp\/v2\/product\/95691","targetHints":{"allow":["GET"]}}],"collection":[{"href":"https:\/\/soydeaqui.ddns.net\/pachuca\/index.php\/wp-json\/wp\/v2\/product"}],"about":[{"href":"https:\/\/soydeaqui.ddns.net\/pachuca\/index.php\/wp-json\/wp\/v2\/types\/product"}],"replies":[{"embeddable":true,"href":"https:\/\/soydeaqui.ddns.net\/pachuca\/index.php\/wp-json\/wp\/v2\/comments?post=95691"}],"wp:featuredmedia":[{"embeddable":true,"href":"https:\/\/soydeaqui.ddns.net\/pachuca\/index.php\/wp-json\/wp\/v2\/media\/95690"}],"wp:attachment":[{"href":"https:\/\/soydeaqui.ddns.net\/pachuca\/index.php\/wp-json\/wp\/v2\/media?parent=95691"}],"wp:term":[{"taxonomy":"product_brand","embeddable":true,"href":"https:\/\/soydeaqui.ddns.net\/pachuca\/index.php\/wp-json\/wp\/v2\/product_brand?post=95691"},{"taxonomy":"product_cat","embeddable":true,"href":"https:\/\/soydeaqui.ddns.net\/pachuca\/index.php\/wp-json\/wp\/v2\/product_cat?post=95691"},{"taxonomy":"product_tag","embeddable":true,"href":"https:\/\/soydeaqui.ddns.net\/pachuca\/index.php\/wp-json\/wp\/v2\/product_tag?post=95691"}],"curies":[{"name":"wp","href":"https:\/\/api.w.org\/{rel}","templated":true}]}}