{"id":95687,"date":"2026-03-20T07:39:44","date_gmt":"2026-03-20T07:39:44","guid":{"rendered":"https:\/\/soydeaqui.ddns.net\/pachuca\/index.php\/producto\/pantalla-profesional-led-75-para-exterior-con-vidrio-templado-de-proteccion-5t-full-hd-1080p-hdmi-hdbaset-lan-brillo-3500-cd-m2\/"},"modified":"2026-03-20T07:39:51","modified_gmt":"2026-03-20T07:39:51","slug":"pantalla-profesional-led-75-para-exterior-con-vidrio-templado-de-proteccion-5t-full-hd-1080p-hdmi-hdbaset-lan-brillo-3500-cd-m2","status":"publish","type":"product","link":"https:\/\/soydeaqui.ddns.net\/pachuca\/index.php\/producto\/pantalla-profesional-led-75-para-exterior-con-vidrio-templado-de-proteccion-5t-full-hd-1080p-hdmi-hdbaset-lan-brillo-3500-cd-m2\/","title":{"rendered":"Pantalla Profesional LED 75&#8243; para Exterior con Vidrio Templado de Protecci\u00f3n 5T, Full HD (1080p), HDMI\/HDBaseT (LAN), Brillo 3500 cd\/m2."},"content":{"rendered":"<div style='width: 100%; max-width: 1200px; margin: 0 auto; font-family: sans-serif; line-height: 1.6; color: inherit; background-color: transparent;'>\n<div style='display: flex; flex-wrap: wrap; gap: 30px; margin-bottom: 30px;'>\n<div style='flex: 1 1 300px; min-width: 280px;'>\n<h3 style='font-size: 22px; border-bottom: 2px solid currentColor; padding-bottom: 5px; margin-top: 0; color: inherit; opacity: 0.8;'>Caracter\u00edsticas principales<\/h3>\n<ul style='padding-left: 20px; font-size: 15px; color: inherit;'>\n<li style='margin-bottom: 5px;'>Tama\u00f1o diagonal 75&#8242;<\/li>\n<li style='margin-bottom: 5px;'>Resoluci\u00f3n 3840 x 2160 p<\/li>\n<li style='margin-bottom: 5px;'>Relaci\u00f3n de aspecto 16:9<\/li>\n<li style='margin-bottom: 5px;'>Brillo 3&comma;500 nit<\/li>\n<li style='margin-bottom: 5px;'>Relaci\u00f3n de contraste 1200:1<\/li>\n<li style='margin-bottom: 5px;'>16.7 M de colores<\/li>\n<li style='margin-bottom: 5px;'>Aplicable para video y texto<\/li>\n<li style='margin-bottom: 5px;'>Compatible con Magicinfo<\/li>\n<li style='margin-bottom: 5px;'>Operaci\u00f3n 24\/7<\/li>\n<\/ul><\/div>\n<div style='flex: 1 1 300px; min-width: 280px;'>\n<h3 style='font-size: 22px; border-bottom: 2px solid currentColor; padding-bottom: 5px; margin-top: 0; color: inherit; opacity: 0.8;'>Conectividad<\/h3>\n<ul style='padding-left: 20px; font-size: 15px; color: inherit;'>\n<li style='margin-bottom: 5px;'>Entradas de Video 2x HDMI&comma; HDBaseT<\/li>\n<li style='margin-bottom: 5px;'>HDCP 2.2<\/li>\n<li style='margin-bottom: 5px;'>Puerto USB 2.0<\/li>\n<li style='margin-bottom: 5px;'>Salidas de Audio mini Jack Estereo<\/li>\n<\/ul>\n<h4 style='font-size: 18px; margin-top: 20px; margin-bottom: 10px; color: inherit;'>Control externo<\/h4>\n<ul style='padding-left: 20px; font-size: 15px; color: inherit;'>\n<li style='margin-bottom: 5px;'>Puerto RS-232C<\/li>\n<li style='margin-bottom: 5px;'>Puerto RJ45<\/li>\n<li style='margin-bottom: 5px;'>HDBaseT<\/li>\n<\/ul><\/div>\n<div style='flex: 1 1 300px; min-width: 280px;'>\n<h3 style='font-size: 22px; border-bottom: 2px solid currentColor; padding-bottom: 5px; margin-top: 0; color: inherit; opacity: 0.8;'>Caracter\u00edsticas f\u00edsicas y el\u00e9ctricas<\/h3>\n<ul style='padding-left: 20px; font-size: 15px; color: inherit;'>\n<li style='margin-bottom: 5px;'>IP56 para exterior<\/li>\n<li style='margin-bottom: 5px;'>Vidrio de protecci\u00f3n templado 5T (IK10)<\/li>\n<li style='margin-bottom: 5px;'>Temperatura de operaci\u00f3n: -30 a 50 \u00b0C<\/li>\n<li style='margin-bottom: 5px;'>Alimentaci\u00f3n: 100-240 Vca&comma; 530 W<\/li>\n<li style='margin-bottom: 5px;'>Dimensiones: 1932 x 1251 x 367mm<\/li>\n<li style='margin-bottom: 5px;'>Peso: 150 Kg<\/li>\n<li style='margin-bottom: 5px;'>No incluye montajes<\/li>\n<\/ul><\/div>\n<\/p><\/div>\n<div style='display: flex; flex-direction: column; gap: 30px; margin-bottom: 30px;'>\n<div style='text-align: center;'>\n<p style='margin: 0 0 15px; font-weight: bold;'>Excelente Brillo 3&comma;500 cd\/m2<\/p>\n<p> <img style='width: 100%; height: auto; border: 1px solid rgba(150&comma;150&comma;150&comma;0.3); border-radius: 8px;' src='https:\/\/ftp3.syscom.mx\/usuarios\/fotos\/OH55F\/161306-ae-feature-ohf-93886990.jpeg' alt=''> <\/div>\n<div style='text-align: center;'> <img style='width: 100%; height: auto; border: 1px solid rgba(150&comma;150&comma;150&comma;0.3); border-radius: 8px;' src='https:\/\/ftp3.syscom.mx\/usuarios\/fotos\/OH55AS\/205504-oh55a_kv_pc.jpg' alt=''> <\/div>\n<div style='text-align: center;'>\n<p style='margin: 0 0 15px; font-weight: bold;'>Protecci\u00f3n IP56 para exterior y Vidrio Templado<\/p>\n<p> <img style='width: 100%; height: auto; border: 1px solid rgba(150&comma;150&comma;150&comma;0.3); border-radius: 8px;' src='https:\/\/ftp3.syscom.mx\/usuarios\/fotos\/OH55F\/161306-ae-feature-ohf-93886994.jpeg' alt=''> <\/div>\n<div style='text-align: center;'>\n<p style='margin: 0 0 15px; font-weight: bold;'>Excelente imagen con antirreflejo<\/p>\n<p> <img style='width: 100%; height: auto; border: 1px solid rgba(150&comma;150&comma;150&comma;0.3); border-radius: 8px;' src='https:\/\/ftp3.syscom.mx\/usuarios\/fotos\/OH55F\/161306-ae-feature-ohf-93886992.jpeg' alt=''> <\/div>\n<\/p><\/div>\n<\/p><\/div>\n","protected":false},"excerpt":{"rendered":"<p>Pantalla Profesional LED 75&#8243; para Exterior con Vidrio Templado de Protecci\u00f3n 5T, Full HD (1080p), HDMI\/HDBaseT (LAN), Brillo 3500 cd\/m2.<\/p>\n","protected":false},"featured_media":95686,"comment_status":"open","ping_status":"closed","template":"","meta":[],"product_brand":[],"product_cat":[2191],"product_tag":[2089,2192,2193],"class_list":{"0":"post-95687","1":"product","2":"type-product","3":"status-publish","4":"has-post-thumbnail","6":"product_cat-pantallas-monitores-monitores-pantallas-y-mobiliario","7":"product_tag-monitores-pantallas-y-mobiliario","8":"product_tag-pantallas-monitores-2","9":"product_tag-samsung-electronics","11":"first","12":"outofstock","13":"sale","14":"shipping-taxable","15":"purchasable","16":"product-type-simple"},"_links":{"self":[{"href":"https:\/\/soydeaqui.ddns.net\/pachuca\/index.php\/wp-json\/wp\/v2\/product\/95687","targetHints":{"allow":["GET"]}}],"collection":[{"href":"https:\/\/soydeaqui.ddns.net\/pachuca\/index.php\/wp-json\/wp\/v2\/product"}],"about":[{"href":"https:\/\/soydeaqui.ddns.net\/pachuca\/index.php\/wp-json\/wp\/v2\/types\/product"}],"replies":[{"embeddable":true,"href":"https:\/\/soydeaqui.ddns.net\/pachuca\/index.php\/wp-json\/wp\/v2\/comments?post=95687"}],"wp:featuredmedia":[{"embeddable":true,"href":"https:\/\/soydeaqui.ddns.net\/pachuca\/index.php\/wp-json\/wp\/v2\/media\/95686"}],"wp:attachment":[{"href":"https:\/\/soydeaqui.ddns.net\/pachuca\/index.php\/wp-json\/wp\/v2\/media?parent=95687"}],"wp:term":[{"taxonomy":"product_brand","embeddable":true,"href":"https:\/\/soydeaqui.ddns.net\/pachuca\/index.php\/wp-json\/wp\/v2\/product_brand?post=95687"},{"taxonomy":"product_cat","embeddable":true,"href":"https:\/\/soydeaqui.ddns.net\/pachuca\/index.php\/wp-json\/wp\/v2\/product_cat?post=95687"},{"taxonomy":"product_tag","embeddable":true,"href":"https:\/\/soydeaqui.ddns.net\/pachuca\/index.php\/wp-json\/wp\/v2\/product_tag?post=95687"}],"curies":[{"name":"wp","href":"https:\/\/api.w.org\/{rel}","templated":true}]}}