{"id":95683,"date":"2026-03-20T07:39:36","date_gmt":"2026-03-20T07:39:36","guid":{"rendered":"https:\/\/soydeaqui.ddns.net\/pachuca\/index.php\/producto\/domo-ptz-ip-4-megapixel-25x-zoom-400-mts-ir-exir-autoseguimiento-2-0-wdr-140-db-hi-poe-eis-exterior-ip67-ik10-rapid-focus-microsd\/"},"modified":"2026-03-20T07:39:37","modified_gmt":"2026-03-20T07:39:37","slug":"domo-ptz-ip-4-megapixel-25x-zoom-400-mts-ir-exir-autoseguimiento-2-0-wdr-140-db-hi-poe-eis-exterior-ip67-ik10-rapid-focus-microsd","status":"publish","type":"product","link":"https:\/\/soydeaqui.ddns.net\/pachuca\/index.php\/producto\/domo-ptz-ip-4-megapixel-25x-zoom-400-mts-ir-exir-autoseguimiento-2-0-wdr-140-db-hi-poe-eis-exterior-ip67-ik10-rapid-focus-microsd\/","title":{"rendered":"Domo PTZ IP 4 Megapixel \/ 25X Zoom \/ 400 mts IR EXIR \/ AutoSeguimiento 2.0 \/ WDR 140 dB \/ Hi-PoE \/ EIS \/ Exterior IP67 \/ IK10 \/ Rapid Focus \/ microSD"},"content":{"rendered":"<div style='width: 100%; max-width: 1200px; margin: 0 auto; font-family: sans-serif; line-height: 1.6; color: inherit; background-color: transparent;'> <!-- Logo Hikvision --> <\/p>\n<div style='width: 100%; text-align: center; margin: 30px 0;'> <img style='width: 45%; height: auto; border: 1px solid rgba(150&comma;150&comma;150&comma;0.3); border-radius: 8px;' src='https:\/\/ftp3.syscom.mx\/usuarios\/jsosa\/HIKVISION\/imagenes\/logo\/hikvision%20see%20far.png' alt='Logo Hikvision'> <\/div>\n<p> <!-- Videos principales --> <\/p>\n<div style='display: grid; grid-template-columns: repeat(auto-fill&comma; minmax(300px&comma; 1fr)); gap: 20px; margin: 30px 0;'>\n<div style='position: relative; padding-bottom: 56.25%; height: 0; overflow: hidden;'>   <\/div>\n<div style='position: relative; padding-bottom: 56.25%; height: 0; overflow: hidden;'>   <\/div>\n<div style='position: relative; padding-bottom: 56.25%; height: 0; overflow: hidden;'>   <\/div>\n<div style='position: relative; padding-bottom: 56.25%; height: 0; overflow: hidden;'>   <\/div>\n<div style='position: relative; padding-bottom: 56.25%; height: 0; overflow: hidden;'>   <\/div>\n<div style='position: relative; padding-bottom: 56.25%; height: 0; overflow: hidden;'>   <\/div>\n<\/p><\/div>\n<p> <!-- Secci\u00f3n de caracter\u00edsticas --> <\/p>\n<div style='display: flex; flex-wrap: wrap; gap: 30px; margin-bottom: 30px;'>\n<div style='flex: 1 1 300px; min-width: 280px;'>\n<h3 style='font-size: 22px; border-bottom: 2px solid currentColor; padding-bottom: 5px; margin-top: 0; color: inherit; opacity: 0.8;'>Caracter\u00edsticas principales<\/h3>\n<ul style='padding-left: 20px; font-size: 15px; color: inherit;'>\n<li style='margin-bottom: 5px;'>Sensor de imagen: 1\/1.8&#8242; CMOS Scan Progresivo<\/li>\n<li style='margin-bottom: 5px;'>Iluminaci\u00f3n m\u00ednima: Color: 0.002 Lux @ (F1.5&comma; AGC ON)<\/li>\n<li style='margin-bottom: 5px;'>Velocidad del shutter: 1s a 1\/30&comma;000s<\/li>\n<li style='margin-bottom: 5px;'>Distancia focal: 5.9 a 147.5 mm (25X zoom \u00f3ptico \/ 16X zoom digital)<\/li>\n<li style='margin-bottom: 5px;'>Distancia de IR: 400m IR inteligente<\/li>\n<li style='margin-bottom: 5px;'>Dia \/ Noche real (filtro ICR)<\/li>\n<li style='margin-bottom: 5px;'>Funciones : WDR real (140 dB) \/ 3D-DNR \/ EIS \/ HLC \/ BLC<\/li>\n<li style='margin-bottom: 5px;'>Detecci\u00f3n de rostro \/ Equipaje desatendido \/ Cruce de linea \/ Deteccion de intrusi\u00f3n<\/li>\n<\/ul><\/div>\n<div style='flex: 1 1 300px; min-width: 280px;'>\n<h3 style='font-size: 22px; border-bottom: 2px solid currentColor; padding-bottom: 5px; margin-top: 0; color: inherit; opacity: 0.8;'>Caracter\u00edsticas F\u00edsicas y El\u00e9ctricas<\/h3>\n<ul style='padding-left: 20px; font-size: 15px; color: inherit;'>\n<li style='margin-bottom: 5px;'>Aplicaci\u00f3n: Interior \/ Exterior<\/li>\n<li style='margin-bottom: 5px;'>Protecci\u00f3n: IP67 \/ IK10<\/li>\n<li style='margin-bottom: 5px;'>Temperatura de operaci\u00f3n: -40\u00b0C a 70\u00b0C<\/li>\n<li style='margin-bottom: 5px;'>Alimentaci\u00f3n \/ Consumo: 24 Vca \/ 60 W \/ Hi-PoE<\/li>\n<li style='margin-bottom: 5px;'>Dimensiones: 266.6 x 410 mm<\/li>\n<li style='margin-bottom: 5px;'>Peso: 8 kgs<\/li>\n<li style='margin-bottom: 5px;'>No incluye fuente de alimentaci\u00f3n<\/li>\n<li style='margin-bottom: 5px;'>No incluye brazo de pared<\/li>\n<\/ul><\/div>\n<div style='flex: 1 1 300px; min-width: 280px;'>\n<h3 style='font-size: 22px; border-bottom: 2px solid currentColor; padding-bottom: 5px; margin-top: 0; color: inherit; opacity: 0.8;'>PAN \/ TILT<\/h3>\n<ul style='padding-left: 20px; font-size: 15px; color: inherit;'>\n<li style='margin-bottom: 5px;'>Rango: Pan:360\u00b0endless; Tilt: -20\u00b0~90\u00b0(Auto Flip)<\/li>\n<li style='margin-bottom: 5px;'>Presets: 300<\/li>\n<li style='margin-bottom: 5px;'>patrol: 8 (hasta 32 presets por patrol)<\/li>\n<li style='margin-bottom: 5px;'>Pattern: 4 (hasta 10 minutos por pattern)<\/li>\n<li style='margin-bottom: 5px;'>PARK ACT: Preset \/ Patrol \/ Pattern \/ Auto scan \/ Tilt scan \/ Random scan \/ Frame scan \/ Panorama scan<\/li>\n<\/ul><\/div>\n<\/p><\/div>\n<p> <!-- Secci\u00f3n de autoseguimiento --> <\/p>\n<div style='border: 1px solid rgba(150&comma; 150&comma; 150&comma; 0.3); border-radius: 8px; padding: 20px; margin-bottom: 30px;'>\n<h3 style='font-size: 22px; border-bottom: 2px solid currentColor; padding-bottom: 5px; margin-top: 0; color: inherit; opacity: 0.8;'>Autoseguimiento 2.0<\/h3>\n<p style='margin: 15px 0;'>Nos permite seguir a una persona o un veh\u00edculo y no desperdiciar recursos al momento de que un animal pase por el lugar o se mueva una ramas de un \u00e1rbol&comma; seremos mas eficientes al activar el autoseguimiento y realmente seguir al objeto correcto (personas o veh\u00edculos).<\/p>\n<\/p><\/div>\n<p> <!-- Secci\u00f3n de especificaciones de red e interfaces --> <\/p>\n<div style='display: flex; flex-wrap: wrap; gap: 30px; margin-bottom: 30px;'>\n<div style='flex: 1 1 300px; min-width: 280px;'>\n<h3 style='font-size: 22px; border-bottom: 2px solid currentColor; padding-bottom: 5px; margin-top: 0; color: inherit; opacity: 0.8;'>Funciones de red y almacenamiento<\/h3>\n<ul style='padding-left: 20px; font-size: 15px; color: inherit;'>\n<li style='margin-bottom: 5px;'>Protocolos: IPv4\/IPv6&comma; HTTP&comma; HTTPS&comma; 802.1X&comma; QoS&comma; FTP&comma; SMTP&comma; UPnP&comma; SNMP&comma; DNS&comma; DDNS&comma; NTP&comma; RTSP&comma; RTP&comma; TCP&comma; UDP&comma; IGMP&comma; ICMP&comma; DHCP&comma; PPPoE<\/li>\n<li style='margin-bottom: 5px;'>Soporta ONVIF (Profile S&comma; Profile G&comma; Profile T) \/ ISAPI \/ SDK<\/li>\n<li style='margin-bottom: 5px;'>Soporta NAS<\/li>\n<li style='margin-bottom: 5px;'>Soporta navegadores Chrome&comma; IE&comma; Mozilla&comma; Safari<\/li>\n<li style='margin-bottom: 5px;'>Soporta triple streaming<\/li>\n<li style='margin-bottom: 5px;'>Soporta 20 usuarios simult\u00e1neos<\/li>\n<li style='margin-bottom: 5px;'>Soporta Micro SD de hasta 256GB (no incluida)<\/li>\n<\/ul><\/div>\n<div style='flex: 1 1 300px; min-width: 280px;'>\n<h3 style='font-size: 22px; border-bottom: 2px solid currentColor; padding-bottom: 5px; margin-top: 0; color: inherit; opacity: 0.8;'>Interfaces<\/h3>\n<ul style='padding-left: 20px; font-size: 15px; color: inherit;'>\n<li style='margin-bottom: 5px;'>Red: 1 puerto RJ45 (10 \/ 100 Mbps)<\/li>\n<li style='margin-bottom: 5px;'>7 entradas y 2 salidas de alarma<\/li>\n<li style='margin-bottom: 5px;'>1 entrada y 1 salida de audio<\/li>\n<li style='margin-bottom: 5px;'>1 salida en BNC&comma; resoluci\u00f3n m\u00e1xima de 4 CIF<\/li>\n<\/ul><\/div>\n<\/p><\/div>\n<p> <!-- Accesorios --> <\/p>\n<div style='border: 1px solid rgba(150&comma; 150&comma; 150&comma; 0.3); border-radius: 8px; padding: 20px; margin-bottom: 30px;'>\n<h3 style='font-size: 22px; border-bottom: 2px solid currentColor; padding-bottom: 5px; margin-top: 0; color: inherit; opacity: 0.8;'>Accesorios<\/h3>\n<ul style='padding-left: 20px; font-size: 15px; color: inherit;'>\n<li style='margin-bottom: 5px;'><a href='https:\/\/www.syscom.mx\/producto\/DS-1661ZJ-HIKVISION-69425.html' target='_blank' rel='noopener' style='color: inherit; text-decoration: underline;'>Montaje de techo tipo tubo&comma; modelo: DS-1661ZJ<\/a><\/li>\n<li style='margin-bottom: 5px;'><a href='https:\/\/www.syscom.mx\/producto\/DS-1604ZJ-BOX-POLE-HIKVISION-158618.html' target='_blank' rel='noopener' style='color: inherit; text-decoration: underline;'>Montaje de pared con caja de conexi\u00f3n&comma; modelo: DS-1604ZJ-BOX-POLE<\/a><\/li>\n<li style='margin-bottom: 5px;'><a href='https:\/\/www.syscom.mx\/producto\/DS-1663ZJ-HIKVISION-75318.html' target='_blank' rel='noopener' style='color: inherit; text-decoration: underline;'>Montaje de techo sin tubo de extensi\u00f3n&comma; modelo: DS-1663ZJ<\/a><\/li>\n<li style='margin-bottom: 5px;'><a href='https:\/\/www.syscom.mx\/producto\/DS-1619ZJ-HIKVISION-84690.html' target='_blank' rel='noopener' style='color: inherit; text-decoration: underline;'>Montaje tipo ganzo&comma; modelo: DS-1619ZJ<\/a><\/li>\n<li style='margin-bottom: 5px;'><a href='https:\/\/www.syscom.mx\/producto\/DS-1660ZJ-HIKVISION-82609.html' target='_blank' rel='noopener' style='color: inherit; text-decoration: underline;'>Montaje parapeto sobre pared&comma; modelo: DS-1660ZJ<\/a><\/li>\n<li style='margin-bottom: 5px;'><a href='https:\/\/www.syscom.mx\/producto\/DS-1604ZJ-BOX-HIKVISION-190298.html' target='_blank' rel='noopener' style='color: inherit; text-decoration: underline;'>Montaje de pared para exterior&comma; modelo: DS-1604ZJ-BOX<\/a><\/li>\n<li style='margin-bottom: 5px;'><a href='https:\/\/www.syscom.mx\/producto\/DS-1662ZJ-HIKVISION-69426.html' target='_blank' rel='noopener' style='color: inherit; text-decoration: underline;'>Montaje de techo tipo tubo&comma; modelo: DS-1662ZJ<\/a><\/li>\n<li style='margin-bottom: 5px;'><a href='https:\/\/www.syscom.mx\/producto\/DS-1604ZJ-BOX-CORNER-HIKVISION-201010.html' target='_blank' rel='noopener' style='color: inherit; text-decoration: underline;'>Montaje de esquina con caja de conexi\u00f3n&comma; modelo: DS-1604ZJ-BOX-CORNER<\/a><\/li>\n<li style='margin-bottom: 5px;'><a href='https:\/\/www.syscom.mx\/producto\/DS-1604ZJ-HIKVISION-157288.html' target='_blank' rel='noopener' style='color: inherit; text-decoration: underline;'>Montaje de pared para exterior&comma; modelo: DS-1604ZJ<\/a><\/li>\n<li style='margin-bottom: 5px;'><a href='https:\/\/www.syscom.mx\/producto\/DS-1681ZJ-HIKVISION-205961.html' target='_blank' rel='noopener' style='color: inherit; text-decoration: underline;'>Montaje de domo&comma; modelo: DS-1681ZJ<\/a><\/li>\n<\/ul><\/div>\n<p> <!-- Videos de demostraci\u00f3n --> <\/p>\n<div style='display: flex; flex-wrap: wrap; gap: 30px; margin-bottom: 30px;'>\n<div style='flex: 1 1 400px; min-width: 300px;'>\n<h3 style='font-size: 22px; text-align: center; margin-top: 0; margin-bottom: 15px; color: inherit; opacity: 0.8;'>Autoseguimiento 2.0<\/h3>\n<div style='position: relative; padding-bottom: 56.25%; height: 0; overflow: hidden; border: 1px solid rgba(150&comma;150&comma;150&comma;0.3); border-radius: 8px;'> <video style='position: absolute; top: 0; left: 0; width: 100%; height: 100%; border-radius: 8px;' src='https:\/\/ftp3.syscom.mx\/usuarios\/jsosa\/HIKVISION\/videos\/ptz\/autoseguimiento2.mp4' loop muted controls><\/video> <\/div>\n<\/p><\/div>\n<div style='flex: 1 1 400px; min-width: 300px;'>\n<h3 style='font-size: 22px; text-align: center; margin-top: 0; margin-bottom: 15px; color: inherit; opacity: 0.8;'>Acercamiento gran alcance<\/h3>\n<div style='position: relative; padding-bottom: 56.25%; height: 0; overflow: hidden; border: 1px solid rgba(150&comma;150&comma;150&comma;0.3); border-radius: 8px;'> <video style='position: absolute; top: 0; left: 0; width: 100%; height: 100%; border-radius: 8px;' src='https:\/\/ftp3.syscom.mx\/usuarios\/jsosa\/HIKVISION\/videos\/ptz\/200mplate.mp4' loop muted controls><\/video> <\/div>\n<\/p><\/div>\n<\/p><\/div>\n<p> <!-- Imagen Auto-Tracking 2.0 --> <\/p>\n<div style='width: 100%; margin: 30px 0;'> <img style='width: 100%; height: auto; border: 1px solid rgba(150&comma;150&comma;150&comma;0.3); border-radius: 8px;' src='https:\/\/ftp3.syscom.mx\/usuarios\/jsosa\/HIKVISION\/imagenes\/ptz\/Auto-Tracking%202.0.png' alt='Auto-Tracking 2.0'> <\/div>\n<p> <!-- Secci\u00f3n DARKFIGHTER y LIGHTFIGHTER --> <\/p>\n<div style='display: flex; flex-wrap: wrap; gap: 30px; margin-bottom: 30px;'>\n<div style='flex: 1 1 300px; min-width: 280px;'>\n<h3 style='font-size: 22px; border-bottom: 2px solid currentColor; padding-bottom: 5px; margin-top: 0; color: inherit; opacity: 0.8;'>DARKFIGHTER<\/h3>\n<ul style='padding-left: 20px; font-size: 15px; color: inherit;'>\n<li style='margin-bottom: 5px;'>Imagen a color con muy poca iluminaci\u00f3n<\/li>\n<li style='margin-bottom: 5px;'>Con la iluminaci\u00f3n natural o con el poco alumbrado p\u00fablico logra mostrar mayor detalle en la imagen<\/li>\n<\/ul>\n<div style='width: 100%; margin: 15px 0;'> <img style='width: 100%; height: auto; border: 1px solid rgba(150&comma;150&comma;150&comma;0.3); border-radius: 8px;' src='https:\/\/ftp3.syscom.mx\/usuarios\/jsosa\/HIKVISION\/videos\/ids\/4%20MP%20DarkFighter%20Performance%20Test.gif' alt='DARKFIGHTER'> <\/div>\n<\/p><\/div>\n<div style='flex: 1 1 300px; min-width: 280px;'>\n<h3 style='font-size: 22px; border-bottom: 2px solid currentColor; padding-bottom: 5px; margin-top: 0; color: inherit; opacity: 0.8;'>LIGHTFIGHTER<\/h3>\n<ul style='padding-left: 20px; font-size: 15px; color: inherit;'>\n<li style='margin-bottom: 5px;'>Evita la saturaci\u00f3n de la luz que no permite la visualizaci\u00f3n de detalles<\/li>\n<li style='margin-bottom: 5px;'>Permite visualizar correctamente el primer y segundo plano de la imagen<\/li>\n<\/ul>\n<div style='width: 100%; margin: 15px 0;'> <img style='width: 100%; height: auto; border: 1px solid rgba(150&comma;150&comma;150&comma;0.3); border-radius: 8px;' src='https:\/\/ftp3.syscom.mx\/usuarios\/jsosa\/HIKVISION\/videos\/ids\/2MP%20LightFighter.gif' alt='LIGHTFIGHTER'> <\/div>\n<\/p><\/div>\n<\/p><\/div>\n<p> <!-- Imagen soluci\u00f3n completa --> <\/p>\n<div style='width: 100%; margin: 30px 0;'> <img style='width: 100%; height: auto; border: 1px solid rgba(150&comma;150&comma;150&comma;0.3); border-radius: 8px;' src='https:\/\/ftp3.syscom.mx\/usuarios\/jsosa\/HIKVISION\/imagenes\/banners\/solution%20complete.png' alt='Soluci\u00f3n completa'> <\/div>\n<p> <!-- Recursos --> <\/p>\n<div style='border: 1px solid rgba(150&comma;150&comma;150&comma;0.3); border-radius: 8px; padding: 20px; margin-bottom: 30px;'>\n<h3 style='font-size: 22px; text-align: center; border-bottom: 2px solid currentColor; padding-bottom: 10px; margin-top: 0; margin-bottom: 20px; color: inherit; opacity: 0.8;'>Recursos<\/h3>\n<div style='display: flex; flex-wrap: wrap; justify-content: center; gap: 20px;'>\n<div style='flex: 1 1 250px; min-width: 200px;'> <a href='https:\/\/www.hikvision.com\/es-la\/support\/download\/software\/ivms4200-series\/?q=serie%20ivms4200&#038;position=1' target='_blank' rel='noopener' style='text-decoration: none;'> <img style='width: 100%; height: auto; border: 1px solid rgba(150&comma;150&comma;150&comma;0.3); border-radius: 8px;' src='https:\/\/ftp3.syscom.mx\/usuarios\/gmagos\/HIK\/IP\/IPC\/Imagenes%20pagina\/Descargas%20IVMS4200.jpg' alt='IVMS4200'> <\/a> <\/div>\n<div style='flex: 1 1 250px; min-width: 200px;'> <a href='https:\/\/appstore.hikvision.com\/' target='_blank' rel='noopener' style='text-decoration: none;'> <img style='width: 100%; height: auto; border: 1px solid rgba(150&comma;150&comma;150&comma;0.3); border-radius: 8px;' src='https:\/\/ftp3.syscom.mx\/usuarios\/gmagos\/HIK\/IP\/IPC\/Imagenes%20pagina\/Descargas%20de%20app.jpg' alt='App Store Hikvision'> <\/a> <\/div>\n<div style='flex: 1 1 250px; min-width: 200px;'> <a href='https:\/\/ftp3.syscom.mx\/usuarios\/ftp\/2021\/12\/10\/a772c\/Datasheet%20of%20DS-2DF8225IX-AEL(T5)_V5.7.1_20211208.pdf' target='_blank' rel='noopener' style='text-decoration: none;'> <img style='width: 100%; height: auto; border: 1px solid rgba(150&comma;150&comma;150&comma;0.3); border-radius: 8px;' src='https:\/\/ftp3.syscom.mx\/usuarios\/gmagos\/HIK\/IP\/IPC\/Imagenes%20pagina\/Descarga%20de%20PDF.jpg' alt='Datasheet PDF'> <\/a> <\/div>\n<\/p><\/div>\n<\/p><\/div>\n<\/p><\/div>\n","protected":false},"excerpt":{"rendered":"<p>Domo PTZ IP 4 Megapixel \/ 25X Zoom \/ 400 mts IR EXIR \/ AutoSeguimiento 2.0 \/ WDR 140 dB \/ Hi-PoE \/ EIS \/ Exterior IP67 \/ IK10 \/ Rapid Focus \/ microSD<\/p>\n","protected":false},"featured_media":95682,"comment_status":"open","ping_status":"closed","template":"","meta":[],"product_brand":[],"product_cat":[1224],"product_tag":[122,54,1225],"class_list":{"0":"post-95683","1":"product","2":"type-product","3":"status-publish","4":"has-post-thumbnail","6":"product_cat-ptz","7":"product_tag-camaras-ip-y-nvrs","8":"product_tag-hikvision","9":"product_tag-ptz","11":"first","12":"outofstock","13":"sale","14":"shipping-taxable","15":"purchasable","16":"product-type-simple"},"_links":{"self":[{"href":"https:\/\/soydeaqui.ddns.net\/pachuca\/index.php\/wp-json\/wp\/v2\/product\/95683","targetHints":{"allow":["GET"]}}],"collection":[{"href":"https:\/\/soydeaqui.ddns.net\/pachuca\/index.php\/wp-json\/wp\/v2\/product"}],"about":[{"href":"https:\/\/soydeaqui.ddns.net\/pachuca\/index.php\/wp-json\/wp\/v2\/types\/product"}],"replies":[{"embeddable":true,"href":"https:\/\/soydeaqui.ddns.net\/pachuca\/index.php\/wp-json\/wp\/v2\/comments?post=95683"}],"wp:featuredmedia":[{"embeddable":true,"href":"https:\/\/soydeaqui.ddns.net\/pachuca\/index.php\/wp-json\/wp\/v2\/media\/95682"}],"wp:attachment":[{"href":"https:\/\/soydeaqui.ddns.net\/pachuca\/index.php\/wp-json\/wp\/v2\/media?parent=95683"}],"wp:term":[{"taxonomy":"product_brand","embeddable":true,"href":"https:\/\/soydeaqui.ddns.net\/pachuca\/index.php\/wp-json\/wp\/v2\/product_brand?post=95683"},{"taxonomy":"product_cat","embeddable":true,"href":"https:\/\/soydeaqui.ddns.net\/pachuca\/index.php\/wp-json\/wp\/v2\/product_cat?post=95683"},{"taxonomy":"product_tag","embeddable":true,"href":"https:\/\/soydeaqui.ddns.net\/pachuca\/index.php\/wp-json\/wp\/v2\/product_tag?post=95683"}],"curies":[{"name":"wp","href":"https:\/\/api.w.org\/{rel}","templated":true}]}}