{"id":95678,"date":"2026-03-20T07:39:20","date_gmt":"2026-03-20T07:39:20","guid":{"rendered":"https:\/\/soydeaqui.ddns.net\/pachuca\/index.php\/producto\/bobina-de-cable-utp-de-4-pares-vari-matrix-hd-cat6a-23-awg-lszh-3-libre-de-gases-txicos-color-azul-305-metros-1000-pies\/"},"modified":"2026-03-20T07:39:31","modified_gmt":"2026-03-20T07:39:31","slug":"bobina-de-cable-utp-de-4-pares-vari-matrix-hd-cat6a-23-awg-lszh-3-libre-de-gases-txicos-color-azul-305-metros-1000-pies","status":"publish","type":"product","link":"https:\/\/soydeaqui.ddns.net\/pachuca\/index.php\/producto\/bobina-de-cable-utp-de-4-pares-vari-matrix-hd-cat6a-23-awg-lszh-3-libre-de-gases-txicos-color-azul-305-metros-1000-pies\/","title":{"rendered":"Bobina de Cable UTP de 4 Pares, Vari-MaTriX HD, Cat6A, 23 AWG, LSZH-3 (Libre de Gases T?xicos), Color Azul, 305 Metros (1000 Pies)"},"content":{"rendered":"<div style='width: 100%; max-width: 1200px; margin: 0 auto; font-family: sans-serif; line-height: 1.6; color: inherit; background-color: transparent;'> <!-- Descripci\u00f3n principal --> <\/p>\n<div style='margin-bottom: 30px;'>\n<p style='font-size: 15px; margin: 0 0 15px 0; color: inherit;'> El cable de Categor\u00eda 6A\/Clase EA est\u00e1 construido con conductores de cobre de 23 AWG con HDPE de bajo humo y cero hal\u00f3genos (LSZH)&comma; FEP (CMP) PE Riser (CMR) o PVC (CM). Los conductores de cobre est\u00e1n trenzados en pares y separados por un divisor cruzado. Los cuatro pares est\u00e1n rodeados por una cinta met\u00e1lica Vari-MaTriX y un forro ign\u00edfugo. La cinta Vari-MaTriX minimiza el di\u00e1metro del cable y suprime los efectos de la diafon\u00eda ex\u00f3gena mientras conserva la inmunidad a las interferencias electromagn\u00e9ticas. El dise\u00f1o innovador del cable proporciona flexibilidad de instalaci\u00f3n&comma; ya que los cables se pueden enrutar en conductos estrechos a trav\u00e9s de canalizaciones y espacios. <\/p>\n<\/p><\/div>\n<p> <!-- Aplicaciones --> <\/p>\n<div style='margin-bottom: 30px;'>\n<h3 style='font-size: 22px; border-bottom: 2px solid currentColor; padding-bottom: 5px; margin-top: 0; margin-bottom: 15px; color: inherit; opacity: 0.8;'>Aplicaciones<\/h3>\n<ul style='padding-left: 20px; font-size: 15px; color: inherit;'>\n<li style='margin-bottom: 5px;'><span style='color: inherit;'>Redes de Voz\/Datos y V\u00eddeo de Alta Velocidad<\/span><\/li>\n<li style='margin-bottom: 5px;'><span style='color: inherit;'>Instalaciones de CCTV IP Megapixel<\/span><\/li>\n<li style='margin-bottom: 5px;'><span style='color: inherit;'>Redes inal\u00e1mbricas<\/span><\/li>\n<li style='margin-bottom: 5px;'><span style='color: inherit;'>Aplicaciones Power Over Ethernet IEEE 802.3af y 802.3at<\/span><\/li>\n<li style='margin-bottom: 5px;'><span style='color: inherit;'>Aplicaciones en 10BASE-T&comma; 100BASE-T&comma; 1000BASE-T y 10GBASE-T<\/span><\/li>\n<\/ul><\/div>\n<p> <!-- Especificaciones T\u00e9cnicas --> <\/p>\n<div style='margin-bottom: 30px;'>\n<h3 style='font-size: 22px; border-bottom: 2px solid currentColor; padding-bottom: 5px; margin-top: 0; margin-bottom: 15px; color: inherit; opacity: 0.8;'>Especificaciones T\u00e9cnicas<\/h3>\n<ul style='padding-left: 20px; font-size: 15px; color: inherit;'>\n<li style='margin-bottom: 5px;'><strong style='color: inherit;'>Rendimiento:<\/strong> Canal certificado en una configuraci\u00f3n de 4 conectores de hasta 100 metros y excede los requisitos de los est\u00e1ndares ANSI \/ TIA-568.2-D Categor\u00eda 6A e ISO 11801 Clase EA barridos hasta 650 MHz para soportar la transmisi\u00f3n 10GBASE-T sobre sistemas de cableado de par trenzado como parte del sistema de cableado de cobre Panduit \u00ae TX6A \u2122 10Gig UTP<\/li>\n<li style='margin-bottom: 5px;'><strong style='color: inherit;'>Di\u00e1metro nominal:<\/strong> 6.2 mm<\/li>\n<li style='margin-bottom: 5px;'><strong style='color: inherit;'>Conductor:<\/strong> 23 AWG de cobre s\u00f3lido aislado con HDPE (LSZH)<\/li>\n<li style='margin-bottom: 5px;'><strong style='color: inherit;'>Clasificaci\u00f3n de flama:<\/strong> LSZH (Dca): IEC 60332-3-22&comma; 60754-2&comma; 61034-2; EEN 50575: EuroClass Dca-s2&comma;d2&comma;a1<\/li>\n<li style='margin-bottom: 5px;'><strong style='color: inherit;'>Cumplimiento PoE:<\/strong> Cumple con IEEE 802.3af&comma; IEEE 802.3at&comma; IEEE 802.3bt para aplicaciones PoE con certificaci\u00f3n UL PoH seg\u00fan UL4299<\/li>\n<li style='margin-bottom: 5px;'><strong style='color: inherit;'>Tensi\u00f3n m\u00e1xima:<\/strong> 25 lbf (110 N) m\u00e1ximo<\/li>\n<li style='margin-bottom: 5px;'><strong style='color: inherit;'>Temperatura de instalaci\u00f3n:<\/strong> 0\u00b0C a 60\u00b0C<\/li>\n<li style='margin-bottom: 5px;'><strong style='color: inherit;'>Temperatura de operaci\u00f3n:<\/strong> -20\u00baC a 75\u00baC<\/li>\n<\/ul><\/div>\n<p> <!-- Separador --> <\/p>\n<hr style='border: 0; border-top: 1px solid rgba(150&comma; 150&comma; 150&comma; 0.3); margin: 30px 0;'> <\/div>\n","protected":false},"excerpt":{"rendered":"<p>Bobina de Cable UTP de 4 Pares, Vari-MaTriX HD, Cat6A, 23 AWG, LSZH-3 (Libre de Gases T?xicos), Color Azul, 305 Metros (1000 Pies)<\/p>\n","protected":false},"featured_media":95677,"comment_status":"open","ping_status":"closed","template":"","meta":[],"product_brand":[],"product_cat":[668],"product_tag":[488,669,445],"class_list":{"0":"post-95678","1":"product","2":"type-product","3":"status-publish","4":"has-post-thumbnail","6":"product_cat-categoria-6a","7":"product_tag-cables-y-conectores","8":"product_tag-categoria-6a","9":"product_tag-panduit","11":"first","12":"outofstock","13":"sale","14":"shipping-taxable","15":"purchasable","16":"product-type-simple"},"_links":{"self":[{"href":"https:\/\/soydeaqui.ddns.net\/pachuca\/index.php\/wp-json\/wp\/v2\/product\/95678","targetHints":{"allow":["GET"]}}],"collection":[{"href":"https:\/\/soydeaqui.ddns.net\/pachuca\/index.php\/wp-json\/wp\/v2\/product"}],"about":[{"href":"https:\/\/soydeaqui.ddns.net\/pachuca\/index.php\/wp-json\/wp\/v2\/types\/product"}],"replies":[{"embeddable":true,"href":"https:\/\/soydeaqui.ddns.net\/pachuca\/index.php\/wp-json\/wp\/v2\/comments?post=95678"}],"wp:featuredmedia":[{"embeddable":true,"href":"https:\/\/soydeaqui.ddns.net\/pachuca\/index.php\/wp-json\/wp\/v2\/media\/95677"}],"wp:attachment":[{"href":"https:\/\/soydeaqui.ddns.net\/pachuca\/index.php\/wp-json\/wp\/v2\/media?parent=95678"}],"wp:term":[{"taxonomy":"product_brand","embeddable":true,"href":"https:\/\/soydeaqui.ddns.net\/pachuca\/index.php\/wp-json\/wp\/v2\/product_brand?post=95678"},{"taxonomy":"product_cat","embeddable":true,"href":"https:\/\/soydeaqui.ddns.net\/pachuca\/index.php\/wp-json\/wp\/v2\/product_cat?post=95678"},{"taxonomy":"product_tag","embeddable":true,"href":"https:\/\/soydeaqui.ddns.net\/pachuca\/index.php\/wp-json\/wp\/v2\/product_tag?post=95678"}],"curies":[{"name":"wp","href":"https:\/\/api.w.org\/{rel}","templated":true}]}}