{"id":95674,"date":"2026-03-20T07:39:13","date_gmt":"2026-03-20T07:39:13","guid":{"rendered":"https:\/\/soydeaqui.ddns.net\/pachuca\/index.php\/producto\/camara-termica-bala-4-5-mm-384-x-288-ip67-deteccion-de-temperatura-microsd\/"},"modified":"2026-03-20T07:39:15","modified_gmt":"2026-03-20T07:39:15","slug":"camara-termica-bala-4-5-mm-384-x-288-ip67-deteccion-de-temperatura-microsd","status":"publish","type":"product","link":"https:\/\/soydeaqui.ddns.net\/pachuca\/index.php\/producto\/camara-termica-bala-4-5-mm-384-x-288-ip67-deteccion-de-temperatura-microsd\/","title":{"rendered":"Camara T\u00e9rmica Bala 4.5 mm (384 X 288) IP67 \/ Detecci\u00f3n de Temperatura \/ microSD"},"content":{"rendered":"<div style='width: 100%; max-width: 1200px; margin: 0 auto; font-family: sans-serif; line-height: 1.6; color: inherit; background-color: transparent;'>\n<div style='display: flex; justify-content: center; margin: 20px 0;'>\n<div style='background: #f8f9fa; border: 2px solid #e0e0e0; border-radius: 10px; padding: 20px; box-shadow: 0 4px 8px rgba(0&comma; 0&comma; 0&comma; 0.1);'> <img style='width: 50%; max-width: 300px; height: auto; border: 1px solid rgba(150&comma;150&comma;150&comma;0.3); border-radius: 8px;' src='https:\/\/ftp3.syscom.mx\/usuarios\/fotos\/HMTP2310VF\/WM30\/200759-logo-hikmicro.png' alt='Logo Hikmicro'> <\/div>\n<\/p><\/div>\n<div style='display: flex; justify-content: center; margin: 20px 0;'>\n<div style='background: #ffffff; border: 2px solid #ddd; border-radius: 10px; padding: 10px; box-shadow: 0 4px 8px rgba(0&comma; 0&comma; 0&comma; 0.1);'> <img style='width: 100%; max-width: 800px; height: auto; border: 1px solid rgba(150&comma;150&comma;150&comma;0.3); border-radius: 8px;' src='https:\/\/ftp3.syscom.mx\/usuarios\/emendoza\/elesbanmch\/HikMicro\/Hikbullet.png' alt='Hikbullet Image'> <\/div>\n<\/p><\/div>\n<div style='display: flex; flex-wrap: wrap; gap: 30px; margin: 30px 0;'>\n<div style='flex: 1 1 500px; min-width: 300px;'>\n<div style='position: relative; padding-bottom: 56.25%; height: 0; overflow: hidden; margin-bottom: 30px;'>   <\/div>\n<\/p><\/div>\n<div style='flex: 1 1 500px; min-width: 300px;'>\n<div style='position: relative; padding-bottom: 56.25%; height: 0; overflow: hidden; margin-bottom: 30px;'>   <\/div>\n<\/p><\/div>\n<\/p><\/div>\n<div style='display: flex; flex-wrap: wrap; gap: 20px; margin-bottom: 30px;'>\n<div style='flex: 1 1 300px; border: 1px solid rgba(150&comma; 150&comma; 150&comma; 0.4); border-radius: 8px; overflow: hidden;'>\n<div style='padding: 15px; border-bottom: 1px solid rgba(150&comma; 150&comma; 150&comma; 0.2); font-weight: bold; font-size: 18px; color: inherit;'>Caracter\u00edsticas del lente t\u00e9rmico<\/div>\n<div style='padding: 15px; color: inherit;'>\n<ul style='padding-left: 20px; margin: 0; font-size: 14px; list-style-type: disc;'>\n<li style='margin-bottom: 5px;'>Lente fijo: 4.5 mm.<\/li>\n<li style='margin-bottom: 5px;'>Resoluci\u00f3n: 384 x 288.<\/li>\n<li style='margin-bottom: 5px;'>Sensor de imagen: oxido de vanadio&comma; detector de plano focal no refrigerado.<\/li>\n<\/ul><\/div>\n<\/p><\/div>\n<div style='flex: 1 1 300px; border: 1px solid rgba(150&comma; 150&comma; 150&comma; 0.4); border-radius: 8px; overflow: hidden;'>\n<div style='padding: 15px; border-bottom: 1px solid rgba(150&comma; 150&comma; 150&comma; 0.2); font-weight: bold; font-size: 18px; color: inherit;'>Caracter\u00edsticas F\u00edsicas y El\u00e9ctricas<\/div>\n<div style='padding: 15px; color: inherit;'>\n<ul style='padding-left: 20px; margin: 0; font-size: 14px; list-style-type: disc;'>\n<li style='margin-bottom: 5px;'>Alimentaci\u00f3n: 10-30 Vcd \/ 2.3 watts.<\/li>\n<li style='margin-bottom: 5px;'>Temperatura de operaci\u00f3n:\n<ul style='margin: 5px 0 0 20px; font-size: 14px; list-style-type: disc;'>\n<li style='margin-bottom: 5px;'>0\u00baC a 200\u00baC enfriada por liquido.<\/li>\n<li style='margin-bottom: 5px;'>-20\u00baC a 65\u00baC enfriada por aire.<\/li>\n<\/ul>\n<\/li>\n<li style='margin-bottom: 5px;'>Protecci\u00f3n: IP67<\/li>\n<li style='margin-bottom: 5px;'>Dimensiones: 138 X 352 mm<\/li>\n<li style='margin-bottom: 5px;'>Peso: 6.52 Kg.<\/li>\n<li style='margin-bottom: 5px;'>Garant\u00eda: 3 a\u00f1os.<\/li>\n<\/ul><\/div>\n<div style='padding: 15px; border-top: 1px solid rgba(150&comma; 150&comma; 150&comma; 0.2); color: inherit;'>\n<div style='font-weight: bold; margin-bottom: 10px;'>Funciones avanzadas<\/div>\n<ul style='padding-left: 20px; margin: 0; font-size: 14px; list-style-type: disc;'>\n<li style='margin-bottom: 5px;'>4 Videoanaliticos integrados (Cruce de linea&comma; Intrusi\u00f3n de \u00e1rea&comma; Regi\u00f3n de entrada \/ Regi\u00f3n de salida).<\/li>\n<li style='margin-bottom: 5px;'>Rango de temperatura: -20\u00baC a 150\u00baC (-4\u00baF a 302\u00baF).<\/li>\n<li style='margin-bottom: 5px;'>Eficiencia de rango: 8\u00baC.<\/li>\n<li style='margin-bottom: 5px;'>Detecci\u00f3n de fuego: Detecci\u00f3n din\u00e1mico de incendio&comma; hasta 10 puntos de incendio detectables.<\/li>\n<li style='margin-bottom: 5px;'>Muestra la temperatura del escenario a visualizar.<\/li>\n<\/ul><\/div>\n<\/p><\/div>\n<div style='flex: 1 1 300px; border: 1px solid rgba(150&comma; 150&comma; 150&comma; 0.4); border-radius: 8px; overflow: hidden;'>\n<div style='padding: 15px; border-bottom: 1px solid rgba(150&comma; 150&comma; 150&comma; 0.2); font-weight: bold; font-size: 18px; color: inherit;'>Imagen y compresi\u00f3n<\/div>\n<div style='padding: 15px; color: inherit;'>\n<ul style='padding-left: 20px; margin: 0; font-size: 14px; list-style-type: disc;'>\n<li style='margin-bottom: 5px;'>Lente t\u00e9rmico: 50fps (384 X 288).<\/li>\n<li style='margin-bottom: 5px;'>Compresi\u00f3n: H.264 \/ MJPEG.<\/li>\n<li style='margin-bottom: 5px;'>Soporta hasta 3 usuarios simult\u00e1neos.<\/li>\n<\/ul><\/div>\n<div style='padding: 15px; border-top: 1px solid rgba(150&comma; 150&comma; 150&comma; 0.2); color: inherit;'>\n<div style='font-weight: bold; margin-bottom: 10px;'>Interfaz<\/div>\n<ul style='padding-left: 20px; margin: 0; font-size: 14px; list-style-type: disc;'>\n<li style='margin-bottom: 5px;'>1 entrada de alarma (0 &#8211; 3.3 Vcc).<\/li>\n<li style='margin-bottom: 5px;'>1 salida de alarma.<\/li>\n<li style='margin-bottom: 5px;'>1 puerto de red (10 \/ 100 Mbps).<\/li>\n<\/ul><\/div>\n<\/p><\/div>\n<\/p><\/div>\n<hr style='border: 0; border-top: 1px solid rgba(150&comma; 150&comma; 150&comma; 0.3); margin: 30px 0;'>\n<div style='display: flex; justify-content: center; margin: 20px 0;'> <img style='width: 100%; max-width: 1200px; height: auto; border: 1px solid rgba(150&comma;150&comma;150&comma;0.3); border-radius: 8px;' src='https:\/\/ftp3.syscom.mx\/usuarios\/emendoza\/elesbanmch\/HikMicro\/HIKMICRO.png' alt=''> <\/div>\n<\/p><\/div>\n","protected":false},"excerpt":{"rendered":"<p>Camara T\u00e9rmica Bala 4.5 mm (384 X 288) IP67 \/ Detecci\u00f3n de Temperatura \/ microSD<\/p>\n","protected":false},"featured_media":95673,"comment_status":"open","ping_status":"closed","template":"","meta":[],"product_brand":[],"product_cat":[1049],"product_tag":[122,158,1050],"class_list":{"0":"post-95674","1":"product","2":"type-product","3":"status-publish","4":"has-post-thumbnail","6":"product_cat-termicas","7":"product_tag-camaras-ip-y-nvrs","8":"product_tag-hikmicro","9":"product_tag-termicas","11":"first","12":"outofstock","13":"sale","14":"shipping-taxable","15":"purchasable","16":"product-type-simple"},"_links":{"self":[{"href":"https:\/\/soydeaqui.ddns.net\/pachuca\/index.php\/wp-json\/wp\/v2\/product\/95674","targetHints":{"allow":["GET"]}}],"collection":[{"href":"https:\/\/soydeaqui.ddns.net\/pachuca\/index.php\/wp-json\/wp\/v2\/product"}],"about":[{"href":"https:\/\/soydeaqui.ddns.net\/pachuca\/index.php\/wp-json\/wp\/v2\/types\/product"}],"replies":[{"embeddable":true,"href":"https:\/\/soydeaqui.ddns.net\/pachuca\/index.php\/wp-json\/wp\/v2\/comments?post=95674"}],"wp:featuredmedia":[{"embeddable":true,"href":"https:\/\/soydeaqui.ddns.net\/pachuca\/index.php\/wp-json\/wp\/v2\/media\/95673"}],"wp:attachment":[{"href":"https:\/\/soydeaqui.ddns.net\/pachuca\/index.php\/wp-json\/wp\/v2\/media?parent=95674"}],"wp:term":[{"taxonomy":"product_brand","embeddable":true,"href":"https:\/\/soydeaqui.ddns.net\/pachuca\/index.php\/wp-json\/wp\/v2\/product_brand?post=95674"},{"taxonomy":"product_cat","embeddable":true,"href":"https:\/\/soydeaqui.ddns.net\/pachuca\/index.php\/wp-json\/wp\/v2\/product_cat?post=95674"},{"taxonomy":"product_tag","embeddable":true,"href":"https:\/\/soydeaqui.ddns.net\/pachuca\/index.php\/wp-json\/wp\/v2\/product_tag?post=95674"}],"curies":[{"name":"wp","href":"https:\/\/api.w.org\/{rel}","templated":true}]}}