{"id":95657,"date":"2026-03-20T07:38:28","date_gmt":"2026-03-20T07:38:28","guid":{"rendered":"https:\/\/soydeaqui.ddns.net\/pachuca\/index.php\/producto\/adaptador-usb-c-3-1-macho-a-usb-3-0-a-hembra-otg-2\/"},"modified":"2026-03-20T07:38:31","modified_gmt":"2026-03-20T07:38:31","slug":"adaptador-usb-c-3-1-macho-a-usb-3-0-a-hembra-otg-2","status":"publish","type":"product","link":"https:\/\/soydeaqui.ddns.net\/pachuca\/index.php\/producto\/adaptador-usb-c-3-1-macho-a-usb-3-0-a-hembra-otg-2\/","title":{"rendered":"ADAPTADOR USB-C 3.1 MACHO A USB 3.0 A HEMBRA OTG"},"content":{"rendered":"<div style='width: 100%; max-width: 1200px; margin: 0 auto; font-family: sans-serif; line-height: 1.6; color: inherit; background-color: transparent;'> <!-- Imagen principal --> <\/p>\n<div style='width: 100%; margin-bottom: 30px;'> <img style='width: 100%; height: auto; border: 1px solid rgba(150&comma;150&comma;150&comma;0.3); border-radius: 8px;' src='http:\/\/ftp3.syscom.mx\/usuarios\/hallende\/UGREEN2\/Estaciones%20de%20acoplamiento\/50283\/50283-1.jpg' alt=''> <\/div>\n<p> <!-- Carrusel de caracter\u00edsticas --> <\/p>\n<div style='display: flex; flex-wrap: wrap; gap: 30px; margin-bottom: 30px;'>\n<div style='flex: 1 1 300px; min-width: 280px;'>\n<h3 style='font-size: 22px; border-bottom: 2px solid currentColor; padding-bottom: 5px; margin-top: 0; color: inherit; opacity: 0.8;'>F\u00e1cil de Usar<\/h3>\n<p style='font-size: 15px; color: inherit;'>Con el adaptador USB-C OTG de UGREEN&comma; puede conectar f\u00e1cilmente su tel\u00e9fono&comma; memoria USB y disco duro a su computadora para transferir datos.<\/p>\n<p> <img style='width: 100%; height: auto; border: 1px solid rgba(150&comma;150&comma;150&comma;0.3); border-radius: 8px;' src='http:\/\/ftp3.syscom.mx\/usuarios\/hallende\/UGREEN2\/Estaciones%20de%20acoplamiento\/50283\/50283-10.jpg' alt=''> <\/div>\n<div style='flex: 1 1 300px; min-width: 280px;'>\n<h3 style='font-size: 22px; border-bottom: 2px solid currentColor; padding-bottom: 5px; margin-top: 0; color: inherit; opacity: 0.8;'>Trabajo Eficiente<\/h3>\n<p style='font-size: 15px; color: inherit;'>Rendimiento excepcional de hasta 5 Gbps&comma; el adaptador 3.0 USB-C a USB-A puede transferir archivos grandes como v\u00eddeo en alta definici\u00f3n y audio sin p\u00e9rdida en cuesti\u00f3n de segundos.<\/p>\n<p> <img style='width: 100%; height: auto; border: 1px solid rgba(150&comma;150&comma;150&comma;0.3); border-radius: 8px;' src='http:\/\/ftp3.syscom.mx\/usuarios\/hallende\/UGREEN2\/Estaciones%20de%20acoplamiento\/50283\/50283-11.jpg' alt=''> <\/div>\n<div style='flex: 1 1 300px; min-width: 280px;'>\n<h3 style='font-size: 22px; border-bottom: 2px solid currentColor; padding-bottom: 5px; margin-top: 0; color: inherit; opacity: 0.8;'>Escucha m\u00fasica en el Coche<\/h3>\n<p style='font-size: 15px; color: inherit;'>Es compatible con la entrada USB-C del coche&comma; una buena opci\u00f3n para poner m\u00fasica en coche.<\/p>\n<p> <img style='width: 100%; height: auto; border: 1px solid rgba(150&comma;150&comma;150&comma;0.3); border-radius: 8px;' src='http:\/\/ftp3.syscom.mx\/usuarios\/hallende\/UGREEN2\/Estaciones%20de%20acoplamiento\/50283\/50283-12.jpg' alt=''> <\/div>\n<div style='flex: 1 1 300px; min-width: 280px;'>\n<h3 style='font-size: 22px; border-bottom: 2px solid currentColor; padding-bottom: 5px; margin-top: 0; color: inherit; opacity: 0.8;'>Carcasa de Aluminio<\/h3>\n<p style='font-size: 15px; color: inherit;'>La carcasa de aleaci\u00f3n de aluminio de alta calidad evita los ara\u00f1azos y el \u00f3xido&comma; y puede conector soportar m\u00e1s de 10.000 inserciones.<\/p>\n<p> <img style='width: 100%; height: auto; border: 1px solid rgba(150&comma;150&comma;150&comma;0.3); border-radius: 8px;' src='http:\/\/ftp3.syscom.mx\/usuarios\/hallende\/UGREEN2\/Estaciones%20de%20acoplamiento\/50283\/50283-13.jpg' alt=''> <\/div>\n<div style='flex: 1 1 300px; min-width: 280px;'>\n<h3 style='font-size: 22px; border-bottom: 2px solid currentColor; padding-bottom: 5px; margin-top: 0; color: inherit; opacity: 0.8;'>Port\u00e1til y Antipertida<\/h3>\n<p style='font-size: 15px; color: inherit;'>El adaptador USB-C a USB-A 3.0 cuenta con una peque\u00f1a banda&comma; es f\u00e1cil de llevar y prevenir la p\u00e9rdida.<\/p>\n<p> <img style='width: 100%; height: auto; border: 1px solid rgba(150&comma;150&comma;150&comma;0.3); border-radius: 8px;' src='http:\/\/ftp3.syscom.mx\/usuarios\/hallende\/UGREEN2\/Estaciones%20de%20acoplamiento\/50283\/50283-14.jpg' alt=''> <\/div>\n<div style='flex: 1 1 300px; min-width: 280px;'>\n<h3 style='font-size: 22px; border-bottom: 2px solid currentColor; padding-bottom: 5px; margin-top: 0; color: inherit; opacity: 0.8;'>Tama\u00f1o Peque\u00f1o<\/h3>\n<p style='font-size: 15px; color: inherit;'>El adaptador USB-C a USB-A 3.0 con peso ligero y una peque\u00f1a banda colgando del adaptador&comma; es muy f\u00e1cil de llevar en el bolsillo o con las llaves.<\/p>\n<p> <img style='width: 100%; height: auto; border: 1px solid rgba(150&comma;150&comma;150&comma;0.3); border-radius: 8px;' src='http:\/\/ftp3.syscom.mx\/usuarios\/hallende\/UGREEN2\/Estaciones%20de%20acoplamiento\/50283\/50283-15.jpg' alt=''> <\/div>\n<\/p><\/div>\n<p> <!-- Im\u00e1genes de aplicaciones --> <\/p>\n<div style='width: 100%; margin-bottom: 30px;'>\n<h3 style='font-size: 22px; border-bottom: 2px solid currentColor; padding-bottom: 5px; margin-top: 0; color: inherit; opacity: 0.8;'>Aplicaciones<\/h3>\n<p> <img style='width: 100%; height: auto; border: 1px solid rgba(150&comma;150&comma;150&comma;0.3); border-radius: 8px;' src='http:\/\/ftp3.syscom.mx\/usuarios\/hallende\/UGREEN2\/Estaciones%20de%20acoplamiento\/50283\/50283-2.jpg' alt=''> <img style='width: 100%; height: auto; border: 1px solid rgba(150&comma;150&comma;150&comma;0.3); border-radius: 8px;' src='http:\/\/ftp3.syscom.mx\/usuarios\/hallende\/UGREEN2\/Estaciones%20de%20acoplamiento\/50283\/50283-3.jpg' alt=''> <\/div>\n<p> <!-- Especificaciones --> <\/p>\n<div style='width: 100%; margin-bottom: 30px;'>\n<h3 style='font-size: 22px; border-bottom: 2px solid currentColor; padding-bottom: 5px; margin-top: 0; color: inherit; opacity: 0.8;'>Especificaciones<\/h3>\n<ul style='padding-left: 20px; font-size: 15px; color: inherit;'>\n<li style='margin-bottom: 5px;'><strong>Entrada:<\/strong> USB-C 3.1 GEN1 Macho<\/li>\n<li style='margin-bottom: 5px;'><strong>Salida:<\/strong> USB-A 3.0 Hembra<\/li>\n<li style='margin-bottom: 5px;'><strong>Soporta:<\/strong> la funci\u00f3n OTG<\/li>\n<li style='margin-bottom: 5px;'><strong>Velocidad:<\/strong> USB 3.0 de hasta 5Gbps<\/li>\n<li style='margin-bottom: 5px;'><strong>Tama\u00f1o:<\/strong> 25.7*14.6*7.2 mm<\/li>\n<li style='margin-bottom: 5px;'><strong>Garant\u00eda:<\/strong> 1 A\u00f1os por defectos de fabricaci\u00f3n<\/li>\n<\/ul><\/div>\n<p> <!-- Separador final --> <\/p>\n<hr style='border: 0; border-top: 1px solid rgba(150&comma; 150&comma; 150&comma; 0.3); margin: 30px 0;'> <\/div>\n","protected":false},"excerpt":{"rendered":"<p>ADAPTADOR USB-C 3.1 MACHO A USB 3.0 A HEMBRA OTG<\/p>\n","protected":false},"featured_media":95656,"comment_status":"open","ping_status":"closed","template":"","meta":[],"product_brand":[],"product_cat":[1235],"product_tag":[417,1236,650],"class_list":{"0":"post-95657","1":"product","2":"type-product","3":"status-publish","4":"has-post-thumbnail","6":"product_cat-accesorios-para-computadora-y-smartphones","7":"product_tag-accesorios-generales","8":"product_tag-accesorios-para-computadora-y-smartphones","9":"product_tag-ugreen","11":"first","12":"instock","13":"sale","14":"shipping-taxable","15":"purchasable","16":"product-type-simple"},"_links":{"self":[{"href":"https:\/\/soydeaqui.ddns.net\/pachuca\/index.php\/wp-json\/wp\/v2\/product\/95657","targetHints":{"allow":["GET"]}}],"collection":[{"href":"https:\/\/soydeaqui.ddns.net\/pachuca\/index.php\/wp-json\/wp\/v2\/product"}],"about":[{"href":"https:\/\/soydeaqui.ddns.net\/pachuca\/index.php\/wp-json\/wp\/v2\/types\/product"}],"replies":[{"embeddable":true,"href":"https:\/\/soydeaqui.ddns.net\/pachuca\/index.php\/wp-json\/wp\/v2\/comments?post=95657"}],"wp:featuredmedia":[{"embeddable":true,"href":"https:\/\/soydeaqui.ddns.net\/pachuca\/index.php\/wp-json\/wp\/v2\/media\/95656"}],"wp:attachment":[{"href":"https:\/\/soydeaqui.ddns.net\/pachuca\/index.php\/wp-json\/wp\/v2\/media?parent=95657"}],"wp:term":[{"taxonomy":"product_brand","embeddable":true,"href":"https:\/\/soydeaqui.ddns.net\/pachuca\/index.php\/wp-json\/wp\/v2\/product_brand?post=95657"},{"taxonomy":"product_cat","embeddable":true,"href":"https:\/\/soydeaqui.ddns.net\/pachuca\/index.php\/wp-json\/wp\/v2\/product_cat?post=95657"},{"taxonomy":"product_tag","embeddable":true,"href":"https:\/\/soydeaqui.ddns.net\/pachuca\/index.php\/wp-json\/wp\/v2\/product_tag?post=95657"}],"curies":[{"name":"wp","href":"https:\/\/api.w.org\/{rel}","templated":true}]}}