{"id":95643,"date":"2026-03-20T07:37:52","date_gmt":"2026-03-20T07:37:52","guid":{"rendered":"https:\/\/soydeaqui.ddns.net\/pachuca\/index.php\/producto\/switch-l2-poe-omada-6-puertos-10g-4-puertos-802-3-af-at-bt-multi-gigabit-1g-2-5g-5g-10g-2-puertos-sfp-10g-multicast-igmp-adminstracion-centralizada-omada-o-stand-alone-presupuesto-p\/"},"modified":"2026-03-20T07:37:54","modified_gmt":"2026-03-20T07:37:54","slug":"switch-l2-poe-omada-6-puertos-10g-4-puertos-802-3-af-at-bt-multi-gigabit-1g-2-5g-5g-10g-2-puertos-sfp-10g-multicast-igmp-adminstracion-centralizada-omada-o-stand-alone-presupuesto-p","status":"publish","type":"product","link":"https:\/\/soydeaqui.ddns.net\/pachuca\/index.php\/producto\/switch-l2-poe-omada-6-puertos-10g-4-puertos-802-3-af-at-bt-multi-gigabit-1g-2-5g-5g-10g-2-puertos-sfp-10g-multicast-igmp-adminstracion-centralizada-omada-o-stand-alone-presupuesto-p\/","title":{"rendered":"Switch L2+ PoE++ Omada 6 Puertos 10G \/ 4 Puertos 802.3 af\/at\/bt  Multi-Gigabit  1G, 2.5G, 5G, 10G \/ 2 Puertos SFP+ 10G \/ Multicast IGMP \/ Adminstraci\u00f3n Centralizada Omada o Stand-Alone \/ Presupuesto PoE 200W \/ Montaje Rack-Escritorio"},"content":{"rendered":"<div style='width: 100%; max-width: 1200px; margin: 0 auto; font-family: sans-serif; line-height: 1.6; color: inherit; background-color: transparent;'> <!-- Imagen principal --> <\/p>\n<div style='margin-bottom: 30px;'> <img style='width: 100%; height: auto; border: 1px solid rgba(150&comma;150&comma;150&comma;0.3); border-radius: 8px;' src='https:\/\/ftp3.syscom.mx\/usuarios\/fotos\/TLSX3206HPP\/219126-image_(2).png' alt=''> <\/div>\n<p> <!-- Secci\u00f3n de administraci\u00f3n Omada --> <\/p>\n<div style='margin-bottom: 30px; text-align: center;'>\n<h2 style='font-size: 24px; margin-bottom: 15px; color: inherit; opacity: 0.9;'> <a href='https:\/\/www.tp-link.com\/es\/business-networking\/technology\/multi-gig\/' style='color: inherit; text-decoration: none; border-bottom: 1px solid currentColor; padding-bottom: 2px;'> Aprende m\u00e1s sobre Switch Multigigabit <\/a> <\/h2>\n<h2 style='font-size: 24px; margin-bottom: 15px; color: inherit; opacity: 0.9;'>Administraci\u00f3n con el controlador Omada&comma; generando una red unificada<\/h2>\n<p> <img style='width: 100%; height: auto; border: 1px solid rgba(150&comma;150&comma;150&comma;0.3); border-radius: 8px;' src='https:\/\/ftp3.syscom.mx\/usuarios\/fotos\/TLSX3008F\/208029-image_-_2023-02-27t093757.672.png' alt=''> <\/div>\n<p> <!-- Secci\u00f3n funciones avanzadas --> <\/p>\n<div style='margin-bottom: 30px; text-align: center;'>\n<h2 style='font-size: 24px; margin-bottom: 15px; color: inherit; opacity: 0.9;'>Funciones avanzadas para la administraci\u00f3n de la red empresarial<\/h2>\n<p> <img style='width: 100%; height: auto; border: 1px solid rgba(150&comma;150&comma;150&comma;0.3); border-radius: 8px;' src='https:\/\/ftp3.syscom.mx\/usuarios\/fotos\/TLSX3008F\/208029-image_-_2023-02-27t093748.969.png' alt=''> <\/div>\n<p> <!-- Secci\u00f3n alto rendimiento --> <\/p>\n<div style='margin-bottom: 30px;'>\n<div style='text-align: center; margin-bottom: 20px;'>\n<h2 style='font-size: 24px; margin-bottom: 15px; color: inherit; opacity: 0.9;'>Alto rendimiento para una red empresarial<\/h2>\n<p> <img style='width: 100%; height: auto; border: 1px solid rgba(150&comma;150&comma;150&comma;0.3); border-radius: 8px;' src='https:\/\/ftp3.syscom.mx\/usuarios\/fotos\/TLSX3206HPP\/219126-image_(5).png' alt=''> <\/div>\n<div style='text-align: center; margin-top: 20px;'>\n<h2 style='font-size: 24px; margin-bottom: 15px; color: inherit; opacity: 0.9;'>Conexi\u00f3n de Alta Velocidad<\/h2>\n<p> <img style='width: 100%; height: auto; border: 1px solid rgba(150&comma;150&comma;150&comma;0.3); border-radius: 8px;' src='https:\/\/ftp3.syscom.mx\/usuarios\/fotos\/TLSX3206HPP\/219126-image_(4).png' alt=''> <\/div>\n<\/p><\/div>\n<p> <!-- Secci\u00f3n de especificaciones --> <\/p>\n<div style='display: flex; flex-wrap: wrap; gap: 20px; margin-bottom: 30px;'>\n<div style='flex: 1 1 250px; border: 1px solid rgba(150&comma; 150&comma; 150&comma; 0.4); border-radius: 8px; overflow: hidden; display: flex; flex-direction: column;'>\n<div style='padding: 15px; border-bottom: 1px solid rgba(150&comma; 150&comma; 150&comma; 0.2); font-weight: bold; font-size: 18px; color: inherit;'>Especificaciones<\/div>\n<div style='padding: 15px; color: inherit;'>\n<ul style='padding-left: 20px; margin: 0; font-size: 14px; list-style-type: disc;'>\n<li style='margin-bottom: 5px;'><strong>Dimensiones:<\/strong> 294 x 180 x 44 mm<\/li>\n<li style='margin-bottom: 5px;'><strong>Ventilador:<\/strong> 2 ventiladores<\/li>\n<li style='margin-bottom: 5px;'><strong>Gesti\u00f3n web:<\/strong> S\u00ed<\/li>\n<li style='margin-bottom: 5px;'><strong>Garant\u00eda:<\/strong> 5 a\u00f1os<\/li>\n<li style='margin-bottom: 5px;'><strong>Presupuesto PoE:<\/strong> 200 W<\/li>\n<li style='margin-bottom: 5px;'><strong>Consumo Energ\u00eda:<\/strong> 27.29 W (Consumo propio)&comma; 244.9 W (Con equipos conectados)<\/li>\n<li style='margin-bottom: 5px;'><strong>Alimentaci\u00f3n:<\/strong> 100-240 Vca&comma; 50\/60Hz<\/li>\n<li style='margin-bottom: 5px;'><strong>Rendimiento:<\/strong> 120 Gbps<\/li>\n<li style='margin-bottom: 5px;'><strong>Reenv\u00edo de paquetes:<\/strong> 89.28 Mpps<\/li>\n<li style='margin-bottom: 5px;'><strong>Tabla de MAC:<\/strong> 32 K<\/li>\n<li style='margin-bottom: 5px;'><strong>Memoria del buffer:<\/strong> 9 KB<\/li>\n<li style='margin-bottom: 5px;'><strong>Montaje:<\/strong> Escritorio \/ Rack<\/li>\n<li style='margin-bottom: 5px;'><strong>Temperatura de operaci\u00f3n:<\/strong> 0 &#8211; 45\u00b0 C<\/li>\n<li style='margin-bottom: 5px;'><strong>Certificaciones:<\/strong> CE&comma; FCC&comma; RoHS<\/li>\n<\/ul><\/div>\n<\/p><\/div>\n<p> <!-- Secci\u00f3n caracter\u00edsticas --> <\/p>\n<div style='flex: 1 1 250px; border: 1px solid rgba(150&comma; 150&comma; 150&comma; 0.4); border-radius: 8px; overflow: hidden; display: flex; flex-direction: column;'>\n<div style='padding: 15px; border-bottom: 1px solid rgba(150&comma; 150&comma; 150&comma; 0.2); font-weight: bold; font-size: 18px; color: inherit;'>Caracter\u00edsticas<\/div>\n<div style='padding: 15px; color: inherit;'>\n<ul style='padding-left: 20px; margin: 0; font-size: 14px; list-style-type: disc;'>\n<li style='margin-bottom: 5px;'><strong>Caracter\u00edsticas avanzadas:<\/strong> Detecci\u00f3n autom\u00e1tica de dispositivos&comma; Configuraci\u00f3n unificada&comma; Actualizaci\u00f3n por lotes&comma; Advertencia de eventos anormales<\/li>\n<li style='margin-bottom: 5px;'><strong>Seguridad:<\/strong> Enlace de puerto IP-MAC&comma; Enlace IPv6-MAC-Port&comma; Defensa DoS&comma; hasta 64 direcciones MAC por puerto&comma; Aislamiento de puertos<\/li>\n<li style='margin-bottom: 5px;'><strong>IPv6 \/ IPv4:<\/strong> S\u00ed<\/li>\n<\/ul><\/div>\n<\/p><\/div>\n<p> <!-- Secci\u00f3n gesti\u00f3n centralizada --> <\/p>\n<div style='flex: 1 1 250px; border: 1px solid rgba(150&comma; 150&comma; 150&comma; 0.4); border-radius: 8px; overflow: hidden; display: flex; flex-direction: column;'>\n<div style='padding: 15px; border-bottom: 1px solid rgba(150&comma; 150&comma; 150&comma; 0.2); font-weight: bold; font-size: 18px; color: inherit;'>Gesti\u00f3n Centralizada<\/div>\n<div style='padding: 15px; color: inherit;'>\n<ul style='padding-left: 20px; margin: 0; font-size: 14px; list-style-type: disc;'>\n<li style='margin-bottom: 5px;'><a href='https:\/\/www.syscom.mx\/producto\/OC300-TP-LINK-191234.html' style='color: inherit; text-decoration: underline; opacity: 0.8;'>OC300<\/a><\/li>\n<li style='margin-bottom: 5px;'><a href='https:\/\/www.syscom.mx\/producto\/OC200-TP-LINK-162959.html' style='color: inherit; text-decoration: underline; opacity: 0.8;'>OC200<\/a><\/li>\n<li style='margin-bottom: 5px;'><a href='https:\/\/www.tp-link.com\/mx\/support\/download\/omada-software-controller\/' style='color: inherit; text-decoration: underline; opacity: 0.8;'>Omada Software (gratuito)<\/a><\/li>\n<li style='margin-bottom: 5px;'><a href='https:\/\/www.syscom.mx\/principal\/promociones\/tp-link-9482.html?ordenar=Relevancia&#038;pag=1' style='color: inherit; text-decoration: underline; opacity: 0.8;'>Omada Basado en la nube (Licencias)<\/a><\/li>\n<\/ul><\/div>\n<\/p><\/div>\n<p> <!-- Secci\u00f3n puertos --> <\/p>\n<div style='flex: 1 1 250px; border: 1px solid rgba(150&comma; 150&comma; 150&comma; 0.4); border-radius: 8px; overflow: hidden; display: flex; flex-direction: column;'>\n<div style='padding: 15px; border-bottom: 1px solid rgba(150&comma; 150&comma; 150&comma; 0.2); font-weight: bold; font-size: 18px; color: inherit;'>Puertos<\/div>\n<div style='padding: 15px; color: inherit;'>\n<ul style='padding-left: 20px; margin: 0; font-size: 14px; list-style-type: disc;'>\n<li style='margin-bottom: 5px;'>(4) puertos RJ45 100\/1000\/2500\/5000\/1000 Mbps<\/li>\n<li style='margin-bottom: 5px;'>(2) puertos SFP+<\/li>\n<li style='margin-bottom: 5px;'>(1) puerto consola RJ45 \/ Puerto consola micro USB<\/li>\n<\/ul><\/div>\n<\/p><\/div>\n<p> <!-- Secci\u00f3n calidad de servicio --> <\/p>\n<div style='flex: 1 1 250px; border: 1px solid rgba(150&comma; 150&comma; 150&comma; 0.4); border-radius: 8px; overflow: hidden; display: flex; flex-direction: column;'>\n<div style='padding: 15px; border-bottom: 1px solid rgba(150&comma; 150&comma; 150&comma; 0.2); font-weight: bold; font-size: 18px; color: inherit;'>Calidad de Servicio<\/div>\n<div style='padding: 15px; color: inherit;'>\n<ul style='padding-left: 20px; margin: 0; font-size: 14px; list-style-type: disc;'>\n<li style='margin-bottom: 5px;'>8 colas de prioridad<\/li>\n<li style='margin-bottom: 5px;'>Control de ancho de banda<\/li>\n<li style='margin-bottom: 5px;'>Mirror<\/li>\n<li style='margin-bottom: 5px;'>Prioridad 802.1p CoS\/DSCP<\/li>\n<li style='margin-bottom: 5px;'>Rendimiento m\u00e1s fluido<\/li>\n<\/ul><\/div>\n<\/p><\/div>\n<p> <!-- Secci\u00f3n caracter\u00edsticas L2 y L2+ --> <\/p>\n<div style='flex: 1 1 250px; border: 1px solid rgba(150&comma; 150&comma; 150&comma; 0.4); border-radius: 8px; overflow: hidden; display: flex; flex-direction: column;'>\n<div style='padding: 15px; border-bottom: 1px solid rgba(150&comma; 150&comma; 150&comma; 0.2); font-weight: bold; font-size: 18px; color: inherit;'>Caracter\u00edsticas L2 y L2+<\/div>\n<div style='padding: 15px; color: inherit;'>\n<ul style='padding-left: 20px; margin: 0; font-size: 14px; list-style-type: disc;'>\n<li style='margin-bottom: 5px;'>Link Agregation<\/li>\n<li style='margin-bottom: 5px;'>LACP 802.3ad<\/li>\n<li style='margin-bottom: 5px;'>STP<\/li>\n<li style='margin-bottom: 5px;'>Control de flujo<\/li>\n<li style='margin-bottom: 5px;'>Reflejo<\/li>\n<\/ul><\/div>\n<\/p><\/div>\n<p> <!-- Secci\u00f3n contenido del paquete --> <\/p>\n<div style='flex: 1 1 250px; border: 1px solid rgba(150&comma; 150&comma; 150&comma; 0.4); border-radius: 8px; overflow: hidden; display: flex; flex-direction: column;'>\n<div style='padding: 15px; border-bottom: 1px solid rgba(150&comma; 150&comma; 150&comma; 0.2); font-weight: bold; font-size: 18px; color: inherit;'>Contenido del Paquete<\/div>\n<div style='padding: 15px; color: inherit;'>\n<ul style='padding-left: 20px; margin: 0; font-size: 14px; list-style-type: disc;'>\n<li style='margin-bottom: 5px;'>TL-SX3206HPP<\/li>\n<li style='margin-bottom: 5px;'>Cable de alimentaci\u00f3n<\/li>\n<li style='margin-bottom: 5px;'>Kit de montaje rack<\/li>\n<li style='margin-bottom: 5px;'>Patas de goma<\/li>\n<li style='margin-bottom: 5px;'>Gu\u00eda de instalaci\u00f3n<\/li>\n<\/ul><\/div>\n<\/p><\/div>\n<\/p><\/div>\n<p> <!-- Separador final --> <\/p>\n<hr style='border: 0; border-top: 1px solid rgba(150&comma; 150&comma; 150&comma; 0.3); margin: 30px 0;'> <\/div>\n","protected":false},"excerpt":{"rendered":"<p>Switch L2+ PoE++ Omada 6 Puertos 10G \/ 4 Puertos 802.3 af\/at\/bt  Multi-Gigabit  1G, 2.5G, 5G, 10G \/ 2 Puertos SFP+ 10G \/ Multicast IGMP \/ Adminstraci\u00f3n Centralizada Omada o Stand-Alone \/ Presupuesto PoE 200W \/ Montaje Rack-Escritorio<\/p>\n","protected":false},"featured_media":95642,"comment_status":"open","ping_status":"closed","template":"","meta":[],"product_brand":[],"product_cat":[1986],"product_tag":[664,1987,71],"class_list":{"0":"post-95643","1":"product","2":"type-product","3":"status-publish","4":"has-post-thumbnail","6":"product_cat-switches-poe","7":"product_tag-networking","8":"product_tag-switches-poe","9":"product_tag-tp-link","11":"first","12":"instock","13":"sale","14":"shipping-taxable","15":"purchasable","16":"product-type-simple"},"_links":{"self":[{"href":"https:\/\/soydeaqui.ddns.net\/pachuca\/index.php\/wp-json\/wp\/v2\/product\/95643","targetHints":{"allow":["GET"]}}],"collection":[{"href":"https:\/\/soydeaqui.ddns.net\/pachuca\/index.php\/wp-json\/wp\/v2\/product"}],"about":[{"href":"https:\/\/soydeaqui.ddns.net\/pachuca\/index.php\/wp-json\/wp\/v2\/types\/product"}],"replies":[{"embeddable":true,"href":"https:\/\/soydeaqui.ddns.net\/pachuca\/index.php\/wp-json\/wp\/v2\/comments?post=95643"}],"wp:featuredmedia":[{"embeddable":true,"href":"https:\/\/soydeaqui.ddns.net\/pachuca\/index.php\/wp-json\/wp\/v2\/media\/95642"}],"wp:attachment":[{"href":"https:\/\/soydeaqui.ddns.net\/pachuca\/index.php\/wp-json\/wp\/v2\/media?parent=95643"}],"wp:term":[{"taxonomy":"product_brand","embeddable":true,"href":"https:\/\/soydeaqui.ddns.net\/pachuca\/index.php\/wp-json\/wp\/v2\/product_brand?post=95643"},{"taxonomy":"product_cat","embeddable":true,"href":"https:\/\/soydeaqui.ddns.net\/pachuca\/index.php\/wp-json\/wp\/v2\/product_cat?post=95643"},{"taxonomy":"product_tag","embeddable":true,"href":"https:\/\/soydeaqui.ddns.net\/pachuca\/index.php\/wp-json\/wp\/v2\/product_tag?post=95643"}],"curies":[{"name":"wp","href":"https:\/\/api.w.org\/{rel}","templated":true}]}}