{"id":95636,"date":"2026-03-20T07:37:35","date_gmt":"2026-03-20T07:37:35","guid":{"rendered":"https:\/\/soydeaqui.ddns.net\/pachuca\/index.php\/producto\/proteccion-activa-turret-ip-4-megapixel-lente-2-8-mm-40-mts-ir-exterior-ip67-microfono-y-bocina-integrado-audio-de-dos-vias-darkfighter-poe-luz-estroboscopica-onvif-micro-sd\/"},"modified":"2026-03-20T07:37:36","modified_gmt":"2026-03-20T07:37:36","slug":"proteccion-activa-turret-ip-4-megapixel-lente-2-8-mm-40-mts-ir-exterior-ip67-microfono-y-bocina-integrado-audio-de-dos-vias-darkfighter-poe-luz-estroboscopica-onvif-micro-sd","status":"publish","type":"product","link":"https:\/\/soydeaqui.ddns.net\/pachuca\/index.php\/producto\/proteccion-activa-turret-ip-4-megapixel-lente-2-8-mm-40-mts-ir-exterior-ip67-microfono-y-bocina-integrado-audio-de-dos-vias-darkfighter-poe-luz-estroboscopica-onvif-micro-sd\/","title":{"rendered":"[ PROTECCI\u00d3N ACTIVA ] Turret IP 4 Megapixel \/ Lente 2.8 mm \/ 40 mts IR \/ Exterior IP67 \/ Micr\u00f3fono y Bocina Integrado (Audio de Dos V\u00edas) \/ DARKFIGHTER \/ PoE \/ Luz Estroboscopica \/ ONVIF \/ Micro SD \/ 4 Anal\u00edticos"},"content":{"rendered":"<div style='width: 100%; max-width: 1200px; margin: 0 auto; font-family: sans-serif; line-height: 1.6; color: inherit; background-color: transparent;'>\n<div style='text-align: center; margin-bottom: 30px;'> <img style='width: 100%; max-width: 583px; height: auto; border: 1px solid rgba(150&comma;150&comma;150&comma;0.3); border-radius: 8px;' src='https:\/\/ftp3.syscom.mx\/usuarios\/jsosa\/HIKVISION\/imagenes\/logo\/hikvision%20see%20far.png' alt='Logo Hikvision' \/> <\/div>\n<div style='display: flex; flex-wrap: wrap; gap: 30px; margin-bottom: 30px;'>\n<div style='flex: 1 1 300px; min-width: 280px;'> <img style='width: 100%; height: auto; border: 1px solid rgba(150&comma;150&comma;150&comma;0.3); border-radius: 8px;' src='https:\/\/www.hikvision.com\/content\/dam\/hikvision\/usa\/marketing\/campaign---ipc-ultra-series\/Variable-intelligence-for-various-scenarios.png' alt='Inteligencia Variable' \/> <\/div>\n<div style='flex: 1 1 300px; min-width: 280px;'>\n<h3 style='font-size: 20px; border-bottom: 2px solid currentColor; padding-bottom: 5px; margin-top: 0; color: inherit; opacity: 0.8;'>Anal\u00edticos inteligentes<\/h3>\n<p style='font-size: 15px; color: inherit;'>Soporta 4 distintos anal\u00edticos&comma; 1 a la vez. Cambie entre cuatro algoritmos de IA integrados y dedicados para el conteo de personas&comma; protecci\u00f3n perimetral y m\u00e1s. Los usuarios pueden continuar optimizando la precisi\u00f3n de la detecci\u00f3n de objetos en una escena espec\u00edfica a trav\u00e9s del modo de aprendizaje mediante ejemplo de an\u00e1lisis de autoaprendizaje.<\/p>\n<ul style='padding-left: 20px; font-size: 15px; color: inherit;'>\n<li style='margin-bottom: 5px;'>Detecci\u00f3n Facial<\/li>\n<li style='margin-bottom: 5px;'>Conteo de Personas por Cruce de L\u00ednea<\/li>\n<li style='margin-bottom: 5px;'>Conteo de Personas por Zona<\/li>\n<li style='margin-bottom: 5px;'>Protecci\u00f3n Perimetral<\/li>\n<\/ul><\/div>\n<\/p><\/div>\n<div style='display: flex; flex-wrap: wrap; gap: 30px; margin-bottom: 30px;'>\n<div style='flex: 1 1 300px; min-width: 280px;'>\n<h3 style='font-size: 20px; border-bottom: 2px solid currentColor; padding-bottom: 5px; margin-top: 0; color: inherit; opacity: 0.8;'>Aplicaciones de Terceros<\/h3>\n<p style='font-size: 15px; color: inherit;'>Sabemos que los usuarios a menudo necesitan personalizar sus aplicaciones inteligentes para entornos de instalaci\u00f3n \u00fanicos o escenarios que mejoren el negocio. Es por eso que equipamos c\u00e1maras de red seleccionadas de la serie Ultra con la plataforma abierta integrada (HEOP) de HIKVISION.<\/p>\n<\/p><\/div>\n<div style='flex: 1 1 300px; min-width: 280px;'> <img style='width: 100%; height: auto; border: 1px solid rgba(150&comma;150&comma;150&comma;0.3); border-radius: 8px;' src='https:\/\/www.hikvision.com\/content\/dam\/hikvision\/usa\/marketing\/campaign---ipc-ultra-series\/Upload-tailor-made-algorithms.png' alt='Algoritmos personalizados' \/> <\/div>\n<\/p><\/div>\n<div style='display: flex; flex-wrap: wrap; gap: 30px; margin-bottom: 30px;'>\n<div style='flex: 1 1 300px; min-width: 280px;'>\n<div style='border: 1px solid rgba(150&comma; 150&comma; 150&comma; 0.4); border-radius: 8px; overflow: hidden; margin-bottom: 20px;'>\n<div style='padding: 15px; border-bottom: 1px solid rgba(150&comma; 150&comma; 150&comma; 0.2); font-weight: bold; font-size: 18px; background: #df001e; color: white;'>Caracter\u00edsticas Principales:<\/div>\n<ul style='padding: 15px; margin: 0; font-size: 14px; list-style-type: disc; color: inherit;'>\n<li style='margin-bottom: 8px;'>Tecnolog\u00eda 4 Megapixel (2688 x 1520)<\/li>\n<li style='margin-bottom: 8px;'>CMOS 1\/3&#8242; Scan Progresivo<\/li>\n<li style='margin-bottom: 8px;'>Iluminaci\u00f3n m\u00ednima: 0.003 lux @ (F1.4&comma;AGC ON)<\/li>\n<li style='margin-bottom: 8px;'>D\u00eda \/ Noche real (Filtro ICR)<\/li>\n<li style='margin-bottom: 8px;'>Lente fijo: 2.8 mm (\u00e1ngulo de visi\u00f3n 101\u00b0)<\/li>\n<li style='margin-bottom: 8px;'>Distancia IR: 40 m con tecnolog\u00eda Smart IR EXIR<\/li>\n<li style='margin-bottom: 8px;'>WDR 120 dB \/ Espejo \/ BLC \/ HLC \/ 3D DNR \/ EIS \/ Defog<\/li>\n<li style='margin-bottom: 8px;'>Cruce de l\u00ednea \/ Detecci\u00f3n de intrusi\u00f3n \/ Entrada y Salida de regi\u00f3n \/ Captura Facial<\/li>\n<li style='margin-bottom: 8px;'>Compresi\u00f3n y Resoluci\u00f3n: H.265+ \/ H.265 \/ H.264+ \/ H.264 \/ MJPEG<\/li>\n<li style='margin-bottom: 8px;'>Micr\u00f3fono y bocina integrado (audio de dos vias)<\/li>\n<li style='margin-bottom: 8px; font-weight: bold;'>Sirena integrada<\/li>\n<li style='margin-bottom: 8px; font-weight: bold;'>Luz parpadeante (estrobosc\u00f3pica)<\/li>\n<\/ul><\/div>\n<div style='border: 1px solid rgba(150&comma; 150&comma; 150&comma; 0.4); border-radius: 8px; overflow: hidden;'>\n<div style='padding: 15px; border-bottom: 1px solid rgba(150&comma; 150&comma; 150&comma; 0.2); font-weight: bold; font-size: 18px; background: #df001e; color: white;'>Entradas y Salidas de Audio \/ Alarmas \/ Red \/ Almacenamiento:<\/div>\n<ul style='padding: 15px; margin: 0; font-size: 14px; list-style-type: disc; color: inherit;'>\n<li style='margin-bottom: 8px;'>Entradas de alarma: 1<\/li>\n<li style='margin-bottom: 8px;'>Salidas de alarma: 1 (max. 12 VDC&comma; 30 mA)<\/li>\n<li style='margin-bottom: 8px;'>Entradas de audio: 1<\/li>\n<li style='margin-bottom: 8px;'>Salidas de audio: 1<\/li>\n<li style='margin-bottom: 8px;'>Soporta almacenamiento en microSD \/ SDHC \/ SDXC 512 GB (no incluida)<\/li>\n<li style='margin-bottom: 8px;'>1 puerto de red RJ45 (10 \/ 100 Mbps) \/ PoE (802.3 af)<\/li>\n<li style='margin-bottom: 8px;'>NAS (Compatible con SYNOLOGY) (NFS&comma; SMB \/ CIFS) ANR<\/li>\n<li style='margin-bottom: 8px;'>Usuarios simult\u00e1neos: 6<\/li>\n<li style='margin-bottom: 8px;'>Soporta ONVIF (PROFILE S&comma; PROFILE G&comma; PROFILE T) \/ ISAPI \/ SDK<\/li>\n<\/ul><\/div>\n<\/p><\/div>\n<div style='flex: 1 1 300px; min-width: 280px;'>\n<div style='border: 1px solid rgba(150&comma; 150&comma; 150&comma; 0.4); border-radius: 8px; overflow: hidden; margin-bottom: 20px;'>\n<div style='padding: 15px; border-bottom: 1px solid rgba(150&comma; 150&comma; 150&comma; 0.2); font-weight: bold; font-size: 18px; background: #df001e; color: white;'>Caracter\u00edsticas F\u00edsicas y El\u00e9ctricas:<\/div>\n<ul style='padding: 15px; margin: 0; font-size: 14px; list-style-type: disc; color: inherit;'>\n<li style='margin-bottom: 8px;'>Temperatura de Operaci\u00f3n: &#8211; 30\u00b0C a 60\u00b0C<\/li>\n<li style='margin-bottom: 8px;'>Alimentaci\u00f3n: 12Vcc \/ 7.2 Watts<\/li>\n<li style='margin-bottom: 8px;'>Soporta PoE: 802.3af \/ 9.5 Watts<\/li>\n<li style='margin-bottom: 8px;'>Protecci\u00f3n: Interior \/ Exterior IP67<\/li>\n<li style='margin-bottom: 8px;'>Fabricado en material de metal<\/li>\n<li style='margin-bottom: 8px;'>Dimensiones: 170 x 170 x 150 mm<\/li>\n<li style='margin-bottom: 8px;'>Peso: 790 gramos<\/li>\n<\/ul><\/div>\n<div style='border: 1px solid rgba(150&comma; 150&comma; 150&comma; 0.4); border-radius: 8px; overflow: hidden;'>\n<div style='padding: 15px; border-bottom: 1px solid rgba(150&comma; 150&comma; 150&comma; 0.2); font-weight: bold; font-size: 18px; background: #df001e; color: white;'>Accesorios Opcionales:<\/div>\n<ul style='padding: 15px; margin: 0; font-size: 14px; list-style-type: disc; color: inherit;'>\n<li style='margin-bottom: 8px;'><a style='color: inherit; text-decoration: underline;' href='https:\/\/www.syscom.mx\/producto\/DS-1273ZJ-140-HIKVISION-169203.html' target='_blank' rel='noopener'>Montaje de pared para c\u00e1maras tipo domo: DS-1273ZJ-140<\/a><\/li>\n<li style='margin-bottom: 8px;'><a style='color: inherit; text-decoration: underline;' href='https:\/\/www.syscom.mx\/producto\/DS-1273ZJ-140B-HIKVISION-211967.html' target='_blank' rel='noopener'>Montaje de pared para c\u00e1maras tipo domo con caja de conexiones: DS-1273ZJ-140B<\/a><\/li>\n<li style='margin-bottom: 8px;'><a style='color: inherit; text-decoration: underline;' href='https:\/\/www.syscom.mx\/producto\/DS-1275ZJ-SUS-HIKVISION-156172.html' target='_blank' rel='noopener'>Montaje de poste: DS-1275ZJ-SUS<\/a><\/li>\n<li style='margin-bottom: 8px;'><a style='color: inherit; text-decoration: underline;' href='https:\/\/www.syscom.mx\/producto\/DS-1280ZJ-PT6-HIKVISION-208692.html' target='_blank' rel='noopener'>Caja de conexiones para c\u00e1maras tipo domo: DS-1280ZJ-PT6<\/a><\/li>\n<li style='margin-bottom: 8px;'><a style='color: inherit; text-decoration: underline;' href='https:\/\/www.syscom.mx\/producto\/DS-1276ZJ-SUS-HIKVISION-156173.html' target='_blank' rel='noopener'>Montaje de esquina para c\u00e1maras tipo domo: DS-1276ZJ-SUS<\/a><\/li>\n<\/ul><\/div>\n<\/p><\/div>\n<\/p><\/div>\n<div style='margin-bottom: 30px;'>\n<div style='border: 1px solid rgba(150&comma; 150&comma; 150&comma; 0.4); border-radius: 8px; overflow: hidden;'>\n<div style='padding: 15px; border-bottom: 1px solid rgba(150&comma; 150&comma; 150&comma; 0.2); font-weight: bold; font-size: 18px; background: #df001e; color: white;'>Caracter\u00edsticas Destacadas:<\/div>\n<div style='padding: 15px; color: inherit;'>\n<ul style='padding-left: 20px; margin: 0 0 15px 20px; font-size: 14px; list-style-type: disc; color: inherit;'>\n<li style='margin-bottom: 8px;'>Soporta anal\u00edtico de ACUSENSE con anal\u00edticos como filtro de humano y veh\u00edculos por medio de cruce de l\u00ednea o intrusi\u00f3n<\/li>\n<li style='margin-bottom: 8px;'>Soporta anal\u00edtico de captura facial (recomendado para NVRs con reconocimiento facial)<\/li>\n<li style='margin-bottom: 8px;'>Soporta Hikvision Embedded Open Platform (HEOP)<\/li>\n<\/ul>\n<h4 style='margin-top: 25px; margin-bottom: 15px; font-size: 18px; color: inherit; opacity: 0.8;'>HEOP en pocas palabras<\/h4>\n<div style='margin-bottom: 15px;'> <img style='width: 100%; max-width: 180px; height: auto; border: 1px solid rgba(150&comma;150&comma;150&comma;0.3); border-radius: 8px; display: block; margin: 0 auto;' src='https:\/\/ftp3.syscom.mx\/usuarios\/fotos\/DS2CD3956G2IS(U)\/216441-heop.png' alt='HEOP' \/> <\/div>\n<p style='margin-bottom: 15px; font-size: 14px; color: inherit;'>La Plataforma Abierta Embebida de Hikvision (HEOP&comma; por sus siglas en ingl\u00e9s) permite a los socios tecnol\u00f3gicos desarrollar y ejecutar sus propias aplicaciones en el hardware de Hikvision&comma; facilitando sistemas de seguridad personalizados que respondan a las necesidades espec\u00edficas y escenarios de instalaci\u00f3n \u00fanicos de los clientes.<\/p>\n<p style='margin-bottom: 15px; font-size: 14px; color: inherit;'>HEOP cuenta con hardware de arquitectura abierta&comma; interfaces est\u00e1ndar y el kit de desarrollo de algoritmos HikFlow*. Los socios pueden unirse f\u00e1cilmente al ecosistema HEOP a trav\u00e9s del Portal de Socios Tecnol\u00f3gicos de Hikvision.<\/p>\n<p style='margin-bottom: 0; font-size: 14px; color: inherit;'> <a style='color: inherit; text-decoration: underline;' href='https:\/\/tpp.hikvision.com\/tpp\/HEOP' target='_blank' rel='noopener'>https:\/\/tpp.hikvision.com\/tpp\/HEOP<\/a> <\/p>\n<\/p><\/div>\n<\/p><\/div>\n<\/p><\/div>\n<div style='margin-bottom: 30px;'> <video style='width: 100%; height: auto; border: 1px solid rgba(150&comma;150&comma;150&comma;0.3); border-radius: 8px;' src='https:\/\/ftp3.syscom.mx\/usuarios\/jsosa\/HIKVISION\/videos\/ipc\/serie3\/Video%20DEMO%20sobre%20equipos%20Hikision%20de%20la%20Serie%203.mp4' loop muted controls><\/video> <\/div>\n<div style='margin-bottom: 30px;'> <img style='width: 100%; height: auto; border: 1px solid rgba(150&comma;150&comma;150&comma;0.3); border-radius: 8px;' src='https:\/\/ftp3.syscom.mx\/usuarios\/jsosa\/HIKVISION\/imagenes\/banners\/solution%20complete.png' alt='Soluci\u00f3n completa' \/> <\/div>\n<\/p><\/div>\n","protected":false},"excerpt":{"rendered":"<p>[ PROTECCI\u00d3N ACTIVA ] Turret IP 4 Megapixel \/ Lente 2.8 mm \/ 40 mts IR \/ Exterior IP67 \/ Micr\u00f3fono y Bocina Integrado (Audio de Dos V\u00edas) \/ DARKFIGHTER \/ PoE \/ Luz Estroboscopica \/ ONVIF \/ Micro SD \/ 4 Anal\u00edticos<\/p>\n","protected":false},"featured_media":95635,"comment_status":"open","ping_status":"closed","template":"","meta":[],"product_brand":[],"product_cat":[2056],"product_tag":[122,2057,54],"class_list":{"0":"post-95636","1":"product","2":"type-product","3":"status-publish","4":"has-post-thumbnail","6":"product_cat-domo-eyeball-turret","7":"product_tag-camaras-ip-y-nvrs","8":"product_tag-domo-eyeball-turret","9":"product_tag-hikvision","11":"first","12":"outofstock","13":"sale","14":"shipping-taxable","15":"purchasable","16":"product-type-simple"},"_links":{"self":[{"href":"https:\/\/soydeaqui.ddns.net\/pachuca\/index.php\/wp-json\/wp\/v2\/product\/95636","targetHints":{"allow":["GET"]}}],"collection":[{"href":"https:\/\/soydeaqui.ddns.net\/pachuca\/index.php\/wp-json\/wp\/v2\/product"}],"about":[{"href":"https:\/\/soydeaqui.ddns.net\/pachuca\/index.php\/wp-json\/wp\/v2\/types\/product"}],"replies":[{"embeddable":true,"href":"https:\/\/soydeaqui.ddns.net\/pachuca\/index.php\/wp-json\/wp\/v2\/comments?post=95636"}],"wp:featuredmedia":[{"embeddable":true,"href":"https:\/\/soydeaqui.ddns.net\/pachuca\/index.php\/wp-json\/wp\/v2\/media\/95635"}],"wp:attachment":[{"href":"https:\/\/soydeaqui.ddns.net\/pachuca\/index.php\/wp-json\/wp\/v2\/media?parent=95636"}],"wp:term":[{"taxonomy":"product_brand","embeddable":true,"href":"https:\/\/soydeaqui.ddns.net\/pachuca\/index.php\/wp-json\/wp\/v2\/product_brand?post=95636"},{"taxonomy":"product_cat","embeddable":true,"href":"https:\/\/soydeaqui.ddns.net\/pachuca\/index.php\/wp-json\/wp\/v2\/product_cat?post=95636"},{"taxonomy":"product_tag","embeddable":true,"href":"https:\/\/soydeaqui.ddns.net\/pachuca\/index.php\/wp-json\/wp\/v2\/product_tag?post=95636"}],"curies":[{"name":"wp","href":"https:\/\/api.w.org\/{rel}","templated":true}]}}