{"id":95621,"date":"2026-03-20T07:36:59","date_gmt":"2026-03-20T07:36:59","guid":{"rendered":"https:\/\/soydeaqui.ddns.net\/pachuca\/index.php\/producto\/lector-de-tarjetas-usb-c-usb-a-a-microsd-tf-sd-otg-usb-c-3-1-5gbps-soporta-hasta-2tb-soporta-windows-mac-os-linux-android-lectura-de-tarjetas-simultanea-caja-de-aluminio-llavero-an\/"},"modified":"2026-03-20T07:37:00","modified_gmt":"2026-03-20T07:37:00","slug":"lector-de-tarjetas-usb-c-usb-a-a-microsd-tf-sd-otg-usb-c-3-1-5gbps-soporta-hasta-2tb-soporta-windows-mac-os-linux-android-lectura-de-tarjetas-simultanea-caja-de-aluminio-llavero-an","status":"publish","type":"product","link":"https:\/\/soydeaqui.ddns.net\/pachuca\/index.php\/producto\/lector-de-tarjetas-usb-c-usb-a-a-microsd-tf-sd-otg-usb-c-3-1-5gbps-soporta-hasta-2tb-soporta-windows-mac-os-linux-android-lectura-de-tarjetas-simultanea-caja-de-aluminio-llavero-an\/","title":{"rendered":"Lector de Tarjetas USB-C + USB-A a MicroSD (TF)\/SD | OTG | USB-C 3.1 | 5Gbps | Soporta hasta 2TB | Soporta Windows\/Mac OS\/Linux\/Android | Lectura de Tarjetas Simult\u00e1nea | Caja de Aluminio | Llavero Anti-perdida."},"content":{"rendered":"<div style='width: 100%; max-width: 1200px; margin: 0 auto; font-family: sans-serif; line-height: 1.6; color: inherit; background-color: transparent;'> <img style='width: 100%; height: auto; border: 1px solid rgba(150&comma;150&comma;150&comma;0.3); border-radius: 8px;' src='http:\/\/ftp3.syscom.mx\/usuarios\/hallende\/UGREEN2\/Lector\/50706\/50706-10.jpg' alt=''> <!-- Secci\u00f3n de caracter\u00edsticas --> <\/p>\n<div style='display: flex; flex-wrap: wrap; gap: 30px; margin-bottom: 30px;'>\n<div style='flex: 1 1 300px; min-width: 280px;'>\n<h3 style='font-size: 22px; border-bottom: 2px solid currentColor; padding-bottom: 5px; margin-top: 0; color: inherit; opacity: 0.8;'>Caracter\u00edsticas Principales<\/h3>\n<ul style='padding-left: 20px; font-size: 15px; color: inherit;'>\n<li style='margin-bottom: 5px;'> <strong>S\u00faper velocidad en la transferencia de 5Gbps:<\/strong> La velocidad de transmisi\u00f3n m\u00e1xima alcanza hasta 5 Gbps&comma; m\u00e1s r\u00e1pido que USB 2.0&comma; en solo 10 segundos puede transmitir una pel\u00edcula de 1GB&comma; es ideal para transferir im\u00e1genes y videos de alta resoluci\u00f3n de una manera r\u00e1pida y eficiente. <\/li>\n<li style='margin-bottom: 5px;'> <strong>Lector de tarjetas 2 en 1:<\/strong> El adaptador est\u00e1 dise\u00f1ado con dos conectores&comma; USB-C y USB-A 3.0. El lector de tarjetas permite leer 2 tarjetas al mismo tiempo (SD y Micro SD) en una PC&comma; celular o tableta y evitar desenchufar y volver a enchufar. Compatible con la funci\u00f3n OTG&comma; admite una capacidad de hasta 512 GB. NOTA: Aseg\u00farese de que la tableta \/ tel\u00e9fono inteligente admita la funci\u00f3n OTG antes de la compra. <\/li>\n<li style='margin-bottom: 5px;'> <strong>Amplia Compatibilidad:<\/strong> El lector de tarjetas es compatible con todas las tarjetas de memoria populares&comma; incluidas las tarjetas SD&comma; SDHC&comma; SDXC&comma; RS-MMC&comma; MMC&comma; Micro SD&comma; Micro SDHC&comma; Micro SDXC y UHS-I de gran capacidad hasta 512G. <\/li>\n<li style='margin-bottom: 5px;'> <strong>Dos ranuras&comma; Lee 2 tarjetas simult\u00e1neamente:<\/strong> Cuenta con dos ranuras para tarjetas SD\/Micro SD&comma; este lector tarjetas USB C le permite leer y transferir datos de 2 tarjetas simult\u00e1neamente. M\u00e1s \u00fatil para ahorrar tus tiempos. Soporta las tarjetas de tu C\u00e1mara Nikon&comma; Canon como SD&comma; Micro SD&comma; TF&comma; SDXC&comma; SDHC&comma; MMC&comma; RS-MMC&comma; Micro SDXC&comma; tarjeta Micro SDHC. <\/li>\n<li style='margin-bottom: 5px;'> <strong>Dise\u00f1o Port\u00e1til:<\/strong> El lector de tarjetas est\u00e1 dise\u00f1ado con una carcasa de aluminio para una buena disipaci\u00f3n del calor. La cubierta protectora protege las dos interfaces del polvo y la suciedad. Un llavero anti-perdida le permite sujetarlo a su llavero&comma; bolso a trav\u00e9s de una correa de cord\u00f3n&comma; f\u00e1cil de transportar. <\/li>\n<\/ul><\/div>\n<\/p><\/div>\n<p> <!-- Secci\u00f3n de caracter\u00edsticas especiales --> <\/p>\n<div style='display: flex; flex-wrap: wrap; gap: 30px; margin-bottom: 30px;'>\n<div style='flex: 1 1 300px; min-width: 280px;'>\n<h3 style='font-size: 22px; border-bottom: 2px solid currentColor; padding-bottom: 5px; margin-top: 0; color: inherit; opacity: 0.8;'>Caracter\u00edsticas Especiales<\/h3>\n<ul style='padding-left: 20px; font-size: 15px; color: inherit;'>\n<li style='margin-bottom: 5px;'> <strong>Aleaci\u00f3n de aluminio de calidad superior:<\/strong> El lector de tarjetas SD tiene una aleaci\u00f3n de aluminio resistente al desgaste y duradera que tiene un aspecto elegante. Las dos tapas protegen los conectores USB A y USB C contra el polvo&comma; los golpes o los choques&comma; y son f\u00e1ciles de guardar en el llavero o la mochila. <\/li>\n<li style='margin-bottom: 5px;'> <strong>Trabajo simult\u00e1neo:<\/strong> El lector de tarjetas SD USB C y USB 3.0 admite la lectura y escritura de tarjetas SD\/TF simult\u00e1neamente&comma; lo que mejora en gran medida la eficiencia de la transferencia de archivos e im\u00e1genes. <\/li>\n<li style='margin-bottom: 5px;'> <strong>Trabajo simult\u00e1neo:<\/strong> El lector de tarjetas SD USB C y USB 3.0 admite la lectura y escritura de tarjetas SD\/TF simult\u00e1neamente&comma; lo que mejora en gran medida la eficiencia de la transferencia de archivos e im\u00e1genes. <\/li>\n<\/ul><\/div>\n<\/p><\/div>\n<p> <img style='width: 100%; height: auto; border: 1px solid rgba(150&comma;150&comma;150&comma;0.3); border-radius: 8px;' src='http:\/\/ftp3.syscom.mx\/usuarios\/hallende\/UGREEN2\/Lector\/50706\/50706-11.jpg' alt=''> <!-- Secci\u00f3n de aplicaciones --> <\/p>\n<div style='margin: 30px 0;'>\n<h3 style='font-size: 22px; border-bottom: 2px solid currentColor; padding-bottom: 5px; margin-top: 0; color: inherit; opacity: 0.8; text-align: center;'>Aplicaciones<\/h3>\n<p> <img style='width: 100%; height: auto; border: 1px solid rgba(150&comma;150&comma;150&comma;0.3); border-radius: 8px;' src='http:\/\/ftp3.syscom.mx\/usuarios\/hallende\/UGREEN2\/Lector\/50706\/50706-20.jpg' alt=''> <\/div>\n<p> <!-- Secci\u00f3n de especificaciones --> <\/p>\n<div style='margin-bottom: 30px;'>\n<h3 style='font-size: 22px; border-bottom: 2px solid currentColor; padding-bottom: 5px; margin-top: 0; color: inherit; opacity: 0.8;'>Especificaciones<\/h3>\n<ul style='padding-left: 20px; font-size: 15px; color: inherit;'>\n<li style='margin-bottom: 5px;'>Entrada 1: USB-C 3.1 Gen 1 macho<\/li>\n<li style='margin-bottom: 5px;'>Entrada 2: USB-A 3.0 macho<\/li>\n<li style='margin-bottom: 5px;'>Salida: ranura para tarjeta TF\/SD 3.0<\/li>\n<li style='margin-bottom: 5px;'>Caja de aluminio<\/li>\n<li style='margin-bottom: 5px;'>1 A\u00f1o de Garant\u00eda por defectos de fabricaci\u00f3n<\/li>\n<\/ul><\/div>\n<p> <img style='width: 100%; height: auto; border: 1px solid rgba(150&comma;150&comma;150&comma;0.3); border-radius: 8px;' src='http:\/\/ftp3.syscom.mx\/usuarios\/hallende\/UGREEN2\/Lector\/50706\/50706-12.jpg' alt=''> <img style='width: 100%; height: auto; border: 1px solid rgba(150&comma;150&comma;150&comma;0.3); border-radius: 8px;' src='http:\/\/ftp3.syscom.mx\/usuarios\/hallende\/UGREEN2\/Lector\/50706\/50706-13.jpg' alt=''> <img style='width: 100%; height: auto; border: 1px solid rgba(150&comma;150&comma;150&comma;0.3); border-radius: 8px;' src='http:\/\/ftp3.syscom.mx\/usuarios\/hallende\/UGREEN2\/Lector\/50706\/50706-14.jpg' alt=''> <\/div>\n","protected":false},"excerpt":{"rendered":"<p>Lector de Tarjetas USB-C + USB-A a MicroSD (TF)\/SD | OTG | USB-C 3.1 | 5Gbps | Soporta hasta 2TB | Soporta Windows\/Mac OS\/Linux\/Android | Lectura de Tarjetas Simult\u00e1nea | Caja de Aluminio | Llavero Anti-perdida.<\/p>\n","protected":false},"featured_media":95620,"comment_status":"open","ping_status":"closed","template":"","meta":[],"product_brand":[],"product_cat":[2155],"product_tag":[2156,2065,650],"class_list":{"0":"post-95621","1":"product","2":"type-product","3":"status-publish","4":"has-post-thumbnail","6":"product_cat-memorias-sd-memorias-micro-sd","7":"product_tag-memorias-sd-memorias-micro-sd","8":"product_tag-servidores-almacenamiento","9":"product_tag-ugreen","11":"first","12":"instock","13":"sale","14":"shipping-taxable","15":"purchasable","16":"product-type-simple"},"_links":{"self":[{"href":"https:\/\/soydeaqui.ddns.net\/pachuca\/index.php\/wp-json\/wp\/v2\/product\/95621","targetHints":{"allow":["GET"]}}],"collection":[{"href":"https:\/\/soydeaqui.ddns.net\/pachuca\/index.php\/wp-json\/wp\/v2\/product"}],"about":[{"href":"https:\/\/soydeaqui.ddns.net\/pachuca\/index.php\/wp-json\/wp\/v2\/types\/product"}],"replies":[{"embeddable":true,"href":"https:\/\/soydeaqui.ddns.net\/pachuca\/index.php\/wp-json\/wp\/v2\/comments?post=95621"}],"wp:featuredmedia":[{"embeddable":true,"href":"https:\/\/soydeaqui.ddns.net\/pachuca\/index.php\/wp-json\/wp\/v2\/media\/95620"}],"wp:attachment":[{"href":"https:\/\/soydeaqui.ddns.net\/pachuca\/index.php\/wp-json\/wp\/v2\/media?parent=95621"}],"wp:term":[{"taxonomy":"product_brand","embeddable":true,"href":"https:\/\/soydeaqui.ddns.net\/pachuca\/index.php\/wp-json\/wp\/v2\/product_brand?post=95621"},{"taxonomy":"product_cat","embeddable":true,"href":"https:\/\/soydeaqui.ddns.net\/pachuca\/index.php\/wp-json\/wp\/v2\/product_cat?post=95621"},{"taxonomy":"product_tag","embeddable":true,"href":"https:\/\/soydeaqui.ddns.net\/pachuca\/index.php\/wp-json\/wp\/v2\/product_tag?post=95621"}],"curies":[{"name":"wp","href":"https:\/\/api.w.org\/{rel}","templated":true}]}}