{"id":95619,"date":"2026-03-20T07:36:55","date_gmt":"2026-03-20T07:36:55","guid":{"rendered":"https:\/\/soydeaqui.ddns.net\/pachuca\/index.php\/producto\/adaptador-usb-c-3-1-macho-a-usb-3-0-a-hembra-otg\/"},"modified":"2026-03-20T07:36:56","modified_gmt":"2026-03-20T07:36:56","slug":"adaptador-usb-c-3-1-macho-a-usb-3-0-a-hembra-otg","status":"publish","type":"product","link":"https:\/\/soydeaqui.ddns.net\/pachuca\/index.php\/producto\/adaptador-usb-c-3-1-macho-a-usb-3-0-a-hembra-otg\/","title":{"rendered":"ADAPTADOR USB-C 3.1 MACHO A USB 3.0 A HEMBRA OTG"},"content":{"rendered":"<div style='width: 100%; max-width: 1200px; margin: 0 auto; font-family: sans-serif; line-height: 1.6; color: inherit; background-color: transparent;'>\n<div style='width: 100%; margin-bottom: 30px;'> <img style='width: 100%; height: auto; border: 1px solid rgba(150&comma;150&comma;150&comma;0.3); border-radius: 8px;' src='http:\/\/ftp3.syscom.mx\/usuarios\/hallende\/UGREEN2\/Estaciones%20de%20acoplamiento\/50283\/50283-1.jpg' alt=''> <\/div>\n<div style='display: flex; flex-wrap: wrap; gap: 30px; margin-bottom: 30px;'>\n<div style='flex: 1 1 300px; min-width: 280px;'>\n<h3 style='font-size: 22px; border-bottom: 2px solid currentColor; padding-bottom: 5px; margin-top: 0; color: inherit; opacity: 0.8;'>Caracter\u00edsticas Principales<\/h3>\n<ul style='padding-left: 20px; font-size: 15px; color: inherit;'>\n<li style='margin-bottom: 5px;'> <strong>F\u00e1cil de Usar<\/strong>\n<p style='margin-top: 5px; margin-left: 20px;'>Con el adaptador USB-C OTG de UGREEN&comma; puede conectar f\u00e1cilmente su tel\u00e9fono&comma; memoria USB y disco duro a su computadora para transferir datos.<\/p>\n<\/li>\n<li style='margin-bottom: 5px;'> <strong>Trabajo Eficiente<\/strong>\n<p style='margin-top: 5px; margin-left: 20px;'>Rendimiento excepcional de hasta 5 Gbps&comma; el adaptador 3.0 USB-C a USB-A puede transferir archivos grandes como v\u00eddeo en alta definici\u00f3n y audio sin p\u00e9rdida en cuesti\u00f3n de segundos.<\/p>\n<\/li>\n<li style='margin-bottom: 5px;'> <strong>Escucha m\u00fasica en el Coche<\/strong>\n<p style='margin-top: 5px; margin-left: 20px;'>Es compatible con la entrada USB-C del coche&comma; una buena opci\u00f3n para poner m\u00fasica en coche.<\/p>\n<\/li>\n<li style='margin-bottom: 5px;'> <strong>Carcasa de Aluminio<\/strong>\n<p style='margin-top: 5px; margin-left: 20px;'>La carcasa de aleaci\u00f3n de aluminio de alta calidad evita los ara\u00f1azos y el \u00f3xido&comma; y puede conector soportar m\u00e1s de 10.000 inserciones.<\/p>\n<\/li>\n<li style='margin-bottom: 5px;'> <strong>Port\u00e1til y Antipertida<\/strong>\n<p style='margin-top: 5px; margin-left: 20px;'>El adaptador USB-C a USB-A 3.0 cuenta con una peque\u00f1a banda&comma; es f\u00e1cil de llevar y prevenir la p\u00e9rdida.<\/p>\n<\/li>\n<li style='margin-bottom: 5px;'> <strong>Tama\u00f1o Peque\u00f1o<\/strong>\n<p style='margin-top: 5px; margin-left: 20px;'>El adaptador USB-C a USB-A 3.0 con peso ligero y una peque\u00f1a banda colgando del adaptador&comma; es muy f\u00e1cil de llevar en el bolsillo o con las llaves.<\/p>\n<\/li>\n<\/ul><\/div>\n<\/p><\/div>\n<div style='width: 100%; margin-bottom: 30px;'> <img style='width: 100%; height: auto; border: 1px solid rgba(150&comma;150&comma;150&comma;0.3); border-radius: 8px;' src='http:\/\/ftp3.syscom.mx\/usuarios\/hallende\/UGREEN2\/Estaciones%20de%20acoplamiento\/50283\/50283-2.jpg' alt=''> <\/div>\n<div style='width: 100%; margin-bottom: 30px;'> <img style='width: 100%; height: auto; border: 1px solid rgba(150&comma;150&comma;150&comma;0.3); border-radius: 8px;' src='http:\/\/ftp3.syscom.mx\/usuarios\/hallende\/UGREEN2\/Estaciones%20de%20acoplamiento\/50283\/50283-3.jpg' alt=''> <\/div>\n<div style='display: flex; flex-wrap: wrap; gap: 20px; margin-bottom: 30px;'>\n<div style='flex: 1 1 250px; border: 1px solid rgba(150&comma; 150&comma; 150&comma; 0.4); border-radius: 8px; overflow: hidden; display: flex; flex-direction: column;'>\n<div style='padding: 15px; border-bottom: 1px solid rgba(150&comma; 150&comma; 150&comma; 0.2); font-weight: bold; font-size: 18px; color: inherit;'>Especificaciones<\/div>\n<div style='padding: 15px; color: inherit;'>\n<ul style='padding-left: 20px; margin: 0; font-size: 14px; list-style-type: disc;'>\n<li style='margin-bottom: 5px;'><strong>Entrada:<\/strong> USB-C 3.1 GEN1 Macho<\/li>\n<li style='margin-bottom: 5px;'><strong>Salida:<\/strong> USB-A 3.0 Hembra<\/li>\n<li style='margin-bottom: 5px;'><strong>Soporta:<\/strong> Funci\u00f3n OTG<\/li>\n<li style='margin-bottom: 5px;'><strong>Velocidad:<\/strong> USB 3.0 de hasta 5Gbps<\/li>\n<li style='margin-bottom: 5px;'><strong>Tama\u00f1o:<\/strong> 25.7*14.6*7.2 mm<\/li>\n<li style='margin-bottom: 5px;'><strong>Garant\u00eda:<\/strong> 1 A\u00f1o por defectos de fabricaci\u00f3n<\/li>\n<\/ul><\/div>\n<\/p><\/div>\n<\/p><\/div>\n<\/p><\/div>\n","protected":false},"excerpt":{"rendered":"<p>ADAPTADOR USB-C 3.1 MACHO A USB 3.0 A HEMBRA OTG<\/p>\n","protected":false},"featured_media":95618,"comment_status":"open","ping_status":"closed","template":"","meta":[],"product_brand":[],"product_cat":[1235],"product_tag":[417,1236,650],"class_list":{"0":"post-95619","1":"product","2":"type-product","3":"status-publish","4":"has-post-thumbnail","6":"product_cat-accesorios-para-computadora-y-smartphones","7":"product_tag-accesorios-generales","8":"product_tag-accesorios-para-computadora-y-smartphones","9":"product_tag-ugreen","11":"first","12":"outofstock","13":"sale","14":"shipping-taxable","15":"purchasable","16":"product-type-simple"},"_links":{"self":[{"href":"https:\/\/soydeaqui.ddns.net\/pachuca\/index.php\/wp-json\/wp\/v2\/product\/95619","targetHints":{"allow":["GET"]}}],"collection":[{"href":"https:\/\/soydeaqui.ddns.net\/pachuca\/index.php\/wp-json\/wp\/v2\/product"}],"about":[{"href":"https:\/\/soydeaqui.ddns.net\/pachuca\/index.php\/wp-json\/wp\/v2\/types\/product"}],"replies":[{"embeddable":true,"href":"https:\/\/soydeaqui.ddns.net\/pachuca\/index.php\/wp-json\/wp\/v2\/comments?post=95619"}],"wp:featuredmedia":[{"embeddable":true,"href":"https:\/\/soydeaqui.ddns.net\/pachuca\/index.php\/wp-json\/wp\/v2\/media\/95618"}],"wp:attachment":[{"href":"https:\/\/soydeaqui.ddns.net\/pachuca\/index.php\/wp-json\/wp\/v2\/media?parent=95619"}],"wp:term":[{"taxonomy":"product_brand","embeddable":true,"href":"https:\/\/soydeaqui.ddns.net\/pachuca\/index.php\/wp-json\/wp\/v2\/product_brand?post=95619"},{"taxonomy":"product_cat","embeddable":true,"href":"https:\/\/soydeaqui.ddns.net\/pachuca\/index.php\/wp-json\/wp\/v2\/product_cat?post=95619"},{"taxonomy":"product_tag","embeddable":true,"href":"https:\/\/soydeaqui.ddns.net\/pachuca\/index.php\/wp-json\/wp\/v2\/product_tag?post=95619"}],"curies":[{"name":"wp","href":"https:\/\/api.w.org\/{rel}","templated":true}]}}