{"id":95613,"date":"2026-03-20T07:36:37","date_gmt":"2026-03-20T07:36:37","guid":{"rendered":"https:\/\/soydeaqui.ddns.net\/pachuca\/index.php\/producto\/lector-de-tarjetas-usb-a-3-0-a-microsd-tf-sd-5gbps-soporta-hasta-2tb-soporta-windows-mac-os-linux-android-lectura-de-tarjetas-simultanea-no-requiere-controlador-cable-de-15cm\/"},"modified":"2026-03-20T07:36:49","modified_gmt":"2026-03-20T07:36:49","slug":"lector-de-tarjetas-usb-a-3-0-a-microsd-tf-sd-5gbps-soporta-hasta-2tb-soporta-windows-mac-os-linux-android-lectura-de-tarjetas-simultanea-no-requiere-controlador-cable-de-15cm","status":"publish","type":"product","link":"https:\/\/soydeaqui.ddns.net\/pachuca\/index.php\/producto\/lector-de-tarjetas-usb-a-3-0-a-microsd-tf-sd-5gbps-soporta-hasta-2tb-soporta-windows-mac-os-linux-android-lectura-de-tarjetas-simultanea-no-requiere-controlador-cable-de-15cm\/","title":{"rendered":"Lector de tarjetas USB-A 3.0 a MicroSD (TF) \/ SD | 5Gbps | Soporta hasta 2TB | Soporta Windows\/Mac OS\/Linux\/Android | Lectura de Tarjetas Simult\u00e1nea | No Requiere Controlador | Cable de 15cm."},"content":{"rendered":"<div style='width: 100%; max-width: 1200px; margin: 0 auto; font-family: sans-serif; line-height: 1.6; color: inherit; background-color: transparent;'> <!-- Imagen principal --> <img style='width: 100%; height: auto; border: 1px solid rgba(150&comma;150&comma;150&comma;0.3); border-radius: 8px; margin-bottom: 30px;' src='http:\/\/ftp3.syscom.mx\/usuarios\/hallende\/UGREEN2\/Lector\/20250\/20250-10.jpg' alt=''> <!-- Secci\u00f3n de caracter\u00edsticas con carrusel transformado a grid --> <\/p>\n<div style='display: grid; gap: 30px; margin-bottom: 30px;'>\n<div style='display: flex; flex-wrap: wrap; gap: 30px; align-items: center;'>\n<div style='flex: 1 1 300px; min-width: 280px;'> <img style='width: 100%; height: auto; border: 1px solid rgba(150&comma;150&comma;150&comma;0.3); border-radius: 8px;' src='http:\/\/ftp3.syscom.mx\/usuarios\/hallende\/UGREEN2\/Lector\/20250\/20205-1.jpg' alt=''> <\/div>\n<div style='flex: 1 1 300px; min-width: 280px;'>\n<h3 style='font-size: 22px; border-bottom: 2px solid currentColor; padding-bottom: 5px; margin-top: 0; color: inherit; opacity: 0.8;'>Leer y escribe en 2 tarjetas simult\u00e1neamente<\/h3>\n<p style='font-size: 15px; color: inherit;'>El lector de tarjetas de memoria le permite leer y escribir 2 tarjetas simult\u00e1neamente. La capacidad m\u00e1xima te\u00f3rica del lector SD es de 2 TB (La medida real puede llegar a 512 GB). Es compatible con las tarjetas de C\u00e1mara Nikon&comma; Canon&comma; SD&comma; Micro SD&comma; TF&comma; SDXC&comma; SDHC&comma; MMC&comma; RS-MMC&comma; Micro SDXC&comma; tarjeta Micro SDHC. M\u00e1s \u00fatil para ahorrar sus tiempos.<\/p>\n<\/p><\/div>\n<\/p><\/div>\n<div style='display: flex; flex-wrap: wrap; gap: 30px; align-items: center;'>\n<div style='flex: 1 1 300px; min-width: 280px;'> <img style='width: 100%; height: auto; border: 1px solid rgba(150&comma;150&comma;150&comma;0.3); border-radius: 8px;' src='http:\/\/ftp3.syscom.mx\/usuarios\/hallende\/UGREEN2\/Lector\/20250\/20205-2.jpg' alt=''> <\/div>\n<div style='flex: 1 1 300px; min-width: 280px;'>\n<h3 style='font-size: 22px; border-bottom: 2px solid currentColor; padding-bottom: 5px; margin-top: 0; color: inherit; opacity: 0.8;'>Alta velocidad de 5Gbps<\/h3>\n<p style='font-size: 15px; color: inherit;'>El lector de tarjetas SD USB 3.0 permite una velocidad de transferencia de hasta 5 Gbps. Casi 10 veces m\u00e1s r\u00e1pido que el USB 2.0. Es ideal para la transferencia de im\u00e1genes de alta resoluci\u00f3n y grabaciones de v\u00eddeo a su ordenador&comma; m\u00e1s r\u00e1pido y eficiente.<\/p>\n<\/p><\/div>\n<\/p><\/div>\n<div style='display: flex; flex-wrap: wrap; gap: 30px; align-items: center;'>\n<div style='flex: 1 1 300px; min-width: 280px;'> <img style='width: 100%; height: auto; border: 1px solid rgba(150&comma;150&comma;150&comma;0.3); border-radius: 8px;' src='http:\/\/ftp3.syscom.mx\/usuarios\/hallende\/UGREEN2\/Lector\/20250\/20205-3.jpg' alt=''> <\/div>\n<div style='flex: 1 1 300px; min-width: 280px;'>\n<h3 style='font-size: 22px; border-bottom: 2px solid currentColor; padding-bottom: 5px; margin-top: 0; color: inherit; opacity: 0.8;'>Amplia Compatibilidad<\/h3>\n<p style='font-size: 15px; color: inherit;'>El adaptador de tarjetas UGREEN es compatible con Windows 11\/ 10\/ 8.1\/ 8\/ 7\/ Vista\/ XP&comma; Linux&comma; macOS y otros sistemas operativos. Plug &#038; Play&comma; no es necesario instalar drivers.<\/p>\n<\/p><\/div>\n<\/p><\/div>\n<div style='display: flex; flex-wrap: wrap; gap: 30px; align-items: center;'>\n<div style='flex: 1 1 300px; min-width: 280px;'> <img style='width: 100%; height: auto; border: 1px solid rgba(150&comma;150&comma;150&comma;0.3); border-radius: 8px;' src='http:\/\/ftp3.syscom.mx\/usuarios\/hallende\/UGREEN2\/Lector\/20250\/20205-4.jpg' alt=''> <\/div>\n<div style='flex: 1 1 300px; min-width: 280px;'>\n<h3 style='font-size: 22px; border-bottom: 2px solid currentColor; padding-bottom: 5px; margin-top: 0; color: inherit; opacity: 0.8;'>Pr\u00e1ctico y port\u00e1til<\/h3>\n<p style='font-size: 15px; color: inherit;'>Est\u00e1 equipado con un cable (15 CM) para dejar espacio para otros puertos USB en su PC. Es peque\u00f1o (50 mm * 36 mm * 13 mm) y liviano&comma; por lo que es muy f\u00e1cil de transportar.<\/p>\n<\/p><\/div>\n<\/p><\/div>\n<div style='display: flex; flex-wrap: wrap; gap: 30px; align-items: center;'>\n<div style='flex: 1 1 300px; min-width: 280px;'> <img style='width: 100%; height: auto; border: 1px solid rgba(150&comma;150&comma;150&comma;0.3); border-radius: 8px;' src='http:\/\/ftp3.syscom.mx\/usuarios\/hallende\/UGREEN2\/Lector\/20250\/20205-5.jpg' alt=''> <\/div>\n<div style='flex: 1 1 300px; min-width: 280px;'>\n<h3 style='font-size: 22px; border-bottom: 2px solid currentColor; padding-bottom: 5px; margin-top: 0; color: inherit; opacity: 0.8;'>Confiable y duradero<\/h3>\n<p style='font-size: 15px; color: inherit;'>Fabricado con blindaje triple el lector tarjetas sd que proporciona una mejor protecci\u00f3n contra la interferencia electromagn\u00e9tica y de radio&comma; preserva la pureza y el rendimiento de la se\u00f1al.<\/p>\n<\/p><\/div>\n<\/p><\/div>\n<\/p><\/div>\n<p> <!-- Im\u00e1genes adicionales --> <img style='width: 100%; height: auto; border: 1px solid rgba(150&comma;150&comma;150&comma;0.3); border-radius: 8px; margin: 30px 0;' src='http:\/\/ftp3.syscom.mx\/usuarios\/hallende\/UGREEN2\/Lector\/20250\/20250-11.jpg' alt=''> <img style='width: 100%; height: auto; border: 1px solid rgba(150&comma;150&comma;150&comma;0.3); border-radius: 8px; margin: 30px 0;' src='http:\/\/ftp3.syscom.mx\/usuarios\/hallende\/UGREEN2\/Lector\/20250\/20250-12.jpg' alt=''> <!-- Especificaciones --> <\/p>\n<div style='display: flex; flex-wrap: wrap; gap: 20px; margin-top: 30px;'>\n<div style='flex: 1 1 250px; border: 1px solid rgba(150&comma; 150&comma; 150&comma; 0.4); border-radius: 8px; overflow: hidden; display: flex; flex-direction: column;'>\n<div style='padding: 15px; border-bottom: 1px solid rgba(150&comma; 150&comma; 150&comma; 0.2); font-weight: bold; font-size: 18px; color: inherit;'>Especificaciones<\/div>\n<div style='padding: 15px; color: inherit;'>\n<ul style='padding-left: 20px; margin: 0; font-size: 14px; list-style-type: disc;'>\n<li style='margin-bottom: 5px;'><strong>Entrada:<\/strong> USB 3.0 A Macho<\/li>\n<li style='margin-bottom: 5px;'><strong>Salida:<\/strong> Ranura para tarjeta TF(MicroSD\/SD 3.0<\/li>\n<li style='margin-bottom: 5px;'><strong>Ranura SD:<\/strong> SDXC\/SDHC\/SD\/Extreme I III SD\/Ultra II SD\/MMC\/RS-MMC<\/li>\n<li style='margin-bottom: 5px;'><strong>Ranura TF:<\/strong> Micro SD\/TF\/Micro SDXC\/Micro SDHC\/UHS-I<\/li>\n<li style='margin-bottom: 5px;'><strong>Tama\u00f1o:<\/strong> L 36*W 50*H 13mm<\/li>\n<li style='margin-bottom: 5px;'><strong>Longitud del cable:<\/strong> 15 cm<\/li>\n<li style='margin-bottom: 5px;'><strong>Garant\u00eda:<\/strong> 1 A\u00f1o por defectos de fabricaci\u00f3n<\/li>\n<\/ul><\/div>\n<\/p><\/div>\n<\/p><\/div>\n<\/p><\/div>\n","protected":false},"excerpt":{"rendered":"<p>Lector de tarjetas USB-A 3.0 a MicroSD (TF) \/ SD | 5Gbps | Soporta hasta 2TB | Soporta Windows\/Mac OS\/Linux\/Android | Lectura de Tarjetas Simult\u00e1nea | No Requiere Controlador | Cable de 15cm.<\/p>\n","protected":false},"featured_media":95612,"comment_status":"open","ping_status":"closed","template":"","meta":[],"product_brand":[],"product_cat":[2155],"product_tag":[2156,2065,650],"class_list":{"0":"post-95613","1":"product","2":"type-product","3":"status-publish","4":"has-post-thumbnail","6":"product_cat-memorias-sd-memorias-micro-sd","7":"product_tag-memorias-sd-memorias-micro-sd","8":"product_tag-servidores-almacenamiento","9":"product_tag-ugreen","11":"first","12":"instock","13":"sale","14":"shipping-taxable","15":"purchasable","16":"product-type-simple"},"_links":{"self":[{"href":"https:\/\/soydeaqui.ddns.net\/pachuca\/index.php\/wp-json\/wp\/v2\/product\/95613","targetHints":{"allow":["GET"]}}],"collection":[{"href":"https:\/\/soydeaqui.ddns.net\/pachuca\/index.php\/wp-json\/wp\/v2\/product"}],"about":[{"href":"https:\/\/soydeaqui.ddns.net\/pachuca\/index.php\/wp-json\/wp\/v2\/types\/product"}],"replies":[{"embeddable":true,"href":"https:\/\/soydeaqui.ddns.net\/pachuca\/index.php\/wp-json\/wp\/v2\/comments?post=95613"}],"wp:featuredmedia":[{"embeddable":true,"href":"https:\/\/soydeaqui.ddns.net\/pachuca\/index.php\/wp-json\/wp\/v2\/media\/95612"}],"wp:attachment":[{"href":"https:\/\/soydeaqui.ddns.net\/pachuca\/index.php\/wp-json\/wp\/v2\/media?parent=95613"}],"wp:term":[{"taxonomy":"product_brand","embeddable":true,"href":"https:\/\/soydeaqui.ddns.net\/pachuca\/index.php\/wp-json\/wp\/v2\/product_brand?post=95613"},{"taxonomy":"product_cat","embeddable":true,"href":"https:\/\/soydeaqui.ddns.net\/pachuca\/index.php\/wp-json\/wp\/v2\/product_cat?post=95613"},{"taxonomy":"product_tag","embeddable":true,"href":"https:\/\/soydeaqui.ddns.net\/pachuca\/index.php\/wp-json\/wp\/v2\/product_tag?post=95613"}],"curies":[{"name":"wp","href":"https:\/\/api.w.org\/{rel}","templated":true}]}}