{"id":95603,"date":"2026-03-20T07:36:12","date_gmt":"2026-03-20T07:36:12","guid":{"rendered":"https:\/\/soydeaqui.ddns.net\/pachuca\/index.php\/producto\/edvr-dvr-2-megapixel-1080p-lite-8-canales-turbohd-2-canal-ip-hasta-1-mes-de-grabacion-unidad-de-estado-solido-incluido-h-265-acusense-lite-evita-falsas-alarmas-diseno-ultra-compa\/"},"modified":"2026-03-20T07:36:27","modified_gmt":"2026-03-20T07:36:27","slug":"edvr-dvr-2-megapixel-1080p-lite-8-canales-turbohd-2-canal-ip-hasta-1-mes-de-grabacion-unidad-de-estado-solido-incluido-h-265-acusense-lite-evita-falsas-alarmas-diseno-ultra-compa","status":"publish","type":"product","link":"https:\/\/soydeaqui.ddns.net\/pachuca\/index.php\/producto\/edvr-dvr-2-megapixel-1080p-lite-8-canales-turbohd-2-canal-ip-hasta-1-mes-de-grabacion-unidad-de-estado-solido-incluido-h-265-acusense-lite-evita-falsas-alarmas-diseno-ultra-compa\/","title":{"rendered":"(eDVR) DVR 2 Megap\u00edxel (1080P) Lite \/ 8 Canales TURBOHD + 2 Canal IP \/  Hasta 1 Mes de Grabaci\u00f3n \/ Unidad de Estado Solido Incluido \/ H.265+ \/ ACUSENSE Lite (Evita Falsas Alarmas) \/ Dise\u00f1o Ultra Compacto \/ Extra Silencioso \/  eSSD de"},"content":{"rendered":"<div style='width: 100%; max-width: 1200px; margin: 0 auto; font-family: sans-serif; line-height: 1.6; color: inherit; background-color: transparent;'> <!-- Imagen principal --> <\/p>\n<div style='width: 100%; margin-bottom: 30px;'> <img style='width: 100%; height: auto; border: 1px solid rgba(150&comma;150&comma;150&comma;0.3); border-radius: 8px;' src='https:\/\/ftp3.syscom.mx\/usuarios\/nicolas.jimenez\/essd.png' alt=''> <\/div>\n<p> <!-- Videos --> <\/p>\n<div style='display: flex; flex-wrap: wrap; gap: 30px; margin-bottom: 30px;'>\n<div style='flex: 1 1 400px; min-width: 300px;'>\n<h3 style='font-size: 22px; border-bottom: 2px solid currentColor; padding-bottom: 5px; margin-top: 0; color: inherit; opacity: 0.8;'>Grabadores con Unidad de Almacenamiento de Estado S\u00f3lido<\/h3>\n<div style='position: relative; padding-bottom: 56.25%; height: 0; overflow: hidden; margin-bottom: 30px;'>   <\/div>\n<\/p><\/div>\n<div style='flex: 1 1 400px; min-width: 300px;'>\n<h3 style='font-size: 22px; border-bottom: 2px solid currentColor; padding-bottom: 5px; margin-top: 0; color: inherit; opacity: 0.8;'>Unboxing Grabadores con Unidad de Almacenamiento de Estado S\u00f3lido<\/h3>\n<div style='position: relative; padding-bottom: 56.25%; height: 0; overflow: hidden; margin-bottom: 30px;'>   <\/div>\n<\/p><\/div>\n<\/p><\/div>\n<p> <!-- Im\u00e1genes adicionales --> <\/p>\n<div style='display: flex; flex-wrap: wrap; gap: 20px; margin-bottom: 30px;'>\n<div style='flex: 1 1 400px; min-width: 300px;'> <img style='width: 100%; height: auto; border: 1px solid rgba(150&comma;150&comma;150&comma;0.3); border-radius: 8px;' src='https:\/\/ftp3.syscom.mx\/usuarios\/nicolas.jimenez\/DVR%20vs%20eDVR.jpg' alt=''> <\/div>\n<div style='flex: 1 1 400px; min-width: 300px;'> <img style='width: 100%; height: auto; border: 1px solid rgba(150&comma;150&comma;150&comma;0.3); border-radius: 8px;' src='https:\/\/ftp3.syscom.mx\/usuarios\/nicolas.jimenez\/eSSD.jpg' alt=''> <\/div>\n<\/p><\/div>\n<p> <!-- Caracter\u00edsticas principales --> <\/p>\n<div style='display: flex; flex-wrap: wrap; gap: 20px; margin-bottom: 30px;'>\n<div style='flex: 1 1 350px; min-width: 280px; border: 1px solid rgba(150&comma; 150&comma; 150&comma; 0.4); border-radius: 8px; overflow: hidden; display: flex; flex-direction: column;'>\n<div style='padding: 15px; border-bottom: 1px solid rgba(150&comma; 150&comma; 150&comma; 0.2); font-weight: bold; font-size: 18px; color: inherit;'>Caracter\u00edsticas principales<\/div>\n<div style='padding: 15px; color: inherit;'>\n<ul style='padding-left: 20px; margin: 0; font-size: 14px; list-style-type: disc;'>\n<li style='margin-bottom: 5px;'><span style='color: inherit;'>Soporte de tecnolog\u00edas: HD-TVI \/ HD-CVI \/ AHD \/ Anal\u00f3gico (CVBS) \/ IP.<\/span><\/li>\n<li style='margin-bottom: 5px;'><span style='color: inherit;'>Software cliente iVMS-4200 (gratuito).<\/span><\/li>\n<li style='margin-bottom: 5px;'><span style='color: inherit;'>Compatible con Hik-Connect (P2P). <a href='https:\/\/appstore.hikvision.com\/' target='_blank' rel='noopener' style='color: inherit; text-decoration: underline;'>https:\/\/appstore.hikvision.com\/<\/a><\/span><\/li>\n<li style='margin-bottom: 5px;'><span style='color: inherit;'>Soporta servicio Hik-connect Domain \/ DynDNS \/ NO-IP.<\/span><\/li>\n<li style='margin-bottom: 5px;'><span style='color: inherit;'>Soporta 8 canales TURBOHD \/ anal\u00f3gicos + 2 canal IP = 10 canales en total.<\/span><\/li>\n<ul style='padding-left: 30px; margin-top: 5px; margin-bottom: 5px;'>\n<li style='margin-bottom: 5px;'><span style='color: inherit;'>HD-TVI: 1080P Lite @ 30 IPS.<\/span><\/li>\n<li style='margin-bottom: 5px;'><span style='color: inherit;'>HD-CVI: 1080P Lite @ 30 IPS.<\/span><\/li>\n<li style='margin-bottom: 5px;'><span style='color: inherit;'>CVBS: WD1 @ 30 IPS.<\/span><\/li>\n<li style='margin-bottom: 5px;'><span style='color: inherit;'>AHD: 1080P Lite @ 30 IPS.<\/span><\/li>\n<li style='margin-bottom: 5px;'><span style='color: inherit;'>IP: 2 Megapixel (1080p).<\/span><\/li>\n<\/ul>\n<li style='margin-bottom: 5px;'><span style='color: inherit;'>H.265 Pro+ \/ H.265 Pro \/ H.265 \/ H.264+ \/ H.264.<\/span><\/li>\n<li style='margin-bottom: 5px;'><span style='color: inherit;'>Audio por coaxitron<\/span><\/li>\n<\/ul><\/div>\n<\/p><\/div>\n<p> <!-- Caracter\u00edsticas F\u00edsicas y El\u00e9ctricas --> <\/p>\n<div style='flex: 1 1 350px; min-width: 280px; border: 1px solid rgba(150&comma; 150&comma; 150&comma; 0.4); border-radius: 8px; overflow: hidden; display: flex; flex-direction: column;'>\n<div style='padding: 15px; border-bottom: 1px solid rgba(150&comma; 150&comma; 150&comma; 0.2); font-weight: bold; font-size: 18px; color: inherit;'>Caracter\u00edsticas F\u00edsicas y El\u00e9ctricas<\/div>\n<div style='padding: 15px; color: inherit;'>\n<ul style='padding-left: 20px; margin: 0; font-size: 14px; list-style-type: disc;'>\n<li style='margin-bottom: 5px;'><span style='color: inherit;'>Alimentaci\u00f3n: 12 Vcc \/ 1 A.<\/span><\/li>\n<li style='margin-bottom: 5px;'><span style='color: inherit;'>Consumo de energ\u00eda: 5.4W.<\/span><\/li>\n<li style='margin-bottom: 5px;'><span style='color: inherit;'>Temperatura de operaci\u00f3n: -10 \u00baC hasta 45 \u00baC<\/span><\/li>\n<li style='margin-bottom: 5px;'><span style='color: inherit;'>Dimensiones: 151 \u00d7 121 \u00d7 46 mm (W \u00d7 D \u00d7 H)<\/span><\/li>\n<li style='margin-bottom: 5px;'><span style='color: inherit;'>Peso: 0.5Kg.<\/span><\/li>\n<li style='margin-bottom: 5px;'><span style='color: inherit;'>Garantia: 2 a\u00f1os.<\/span><\/li>\n<\/ul><\/div>\n<\/p><\/div>\n<p> <!-- Interfaces Entradas \/ Salidas --> <\/p>\n<div style='flex: 1 1 350px; min-width: 280px; border: 1px solid rgba(150&comma; 150&comma; 150&comma; 0.4); border-radius: 8px; overflow: hidden; display: flex; flex-direction: column;'>\n<div style='padding: 15px; border-bottom: 1px solid rgba(150&comma; 150&comma; 150&comma; 0.2); font-weight: bold; font-size: 18px; color: inherit;'>Interfaces Entradas \/ Salidas<\/div>\n<div style='padding: 15px; color: inherit;'>\n<ul style='padding-left: 20px; margin: 0; font-size: 14px; list-style-type: disc;'>\n<li style='margin-bottom: 5px;'><span style='color: inherit;'>Salida de video:<\/span>\n<ul style='padding-left: 20px; margin-top: 5px; margin-bottom: 5px;'>\n<li style='margin-bottom: 5px;'><span style='color: inherit;'>HDMI: 1080p \/ 720p.<\/span><\/li>\n<li style='margin-bottom: 5px;'><span style='color: inherit;'>VGA: 1080p \/ 720p.<\/span><\/li>\n<\/ul>\n<\/li>\n<li style='margin-bottom: 5px;'><span style='color: inherit;'>Entrada audio RCA : N\/A.<\/span><\/li>\n<li style='margin-bottom: 5px;'><span style='color: inherit;'>Entradas de audio por coaxitron: 8<\/span><\/li>\n<li style='margin-bottom: 5px;'><span style='color: inherit;'>Salida audio: N\/A.<\/span><\/li>\n<li style='margin-bottom: 5px;'><span style='color: inherit;'>Entrada alarma: N\/A<\/span><\/li>\n<li style='margin-bottom: 5px;'><span style='color: inherit;'>Salida alarma: N\/A<\/span><\/li>\n<li style='margin-bottom: 5px;'><span style='color: inherit;'>Interfaz red: 1 puetos (RJ-45 10\/100 Mbps).<\/span><\/li>\n<li style='margin-bottom: 5px;'><span style='color: inherit;'><strong>Disco duro: Incluye disco duro eSSD 960 GB ya instalado.<\/strong><\/span><\/li>\n<\/ul><\/div>\n<\/p><\/div>\n<\/p><\/div>\n<p> <!-- Consideraciones --> <\/p>\n<div style='margin-bottom: 30px;'>\n<div style='border-left: 5px solid #ff0000; border-radius: 8px; overflow: hidden; display: flex; flex-direction: column; background-color: rgba(255&comma; 0&comma; 0&comma; 0.05);'>\n<div style='padding: 15px; font-weight: bold; font-size: 18px; color: inherit;'>Consideraciones<\/div>\n<div style='padding: 15px; color: inherit;'>\n<ul style='padding-left: 20px; margin: 0; font-size: 14px; list-style-type: disc;'>\n<li style='margin-bottom: 5px;'><span style='color: inherit;'>El audio se recibe unicamente por la se\u00f1al TVI<\/span><\/li>\n<li style='margin-bottom: 5px;'><span style='color: inherit;'><span style='background-color: #f7ff0c; color: inherit;'>Cuenta con AcuSense para filtar humanos y veh\u00edculos por detecci\u00f3n de movimiento<\/span> (No cuenta con videoanal\u00edticos como cruces de l\u00ednea \/ entrada de \u00e1rea)<\/span><\/li>\n<li style='margin-bottom: 5px;'><span style='color: inherit;'>Para conectar los canales IP requiere utilizar un switch\/switch PoE (No Incluido)<\/span><\/li>\n<li style='margin-bottom: 5px;'><span style='color: inherit;'>No soporta canal cero.<\/span><\/li>\n<li style='margin-bottom: 5px;'><span style='color: inherit;'>No es compatible con control remoto<\/span><\/li>\n<li style='margin-bottom: 5px;'><span style='color: inherit;'>No permite deshabilitar canales turboHD<\/span><\/li>\n<\/ul><\/div>\n<\/p><\/div>\n<\/p><\/div>\n<p> <!-- Recursos --> <\/p>\n<div style='margin-bottom: 30px;'>\n<h2 style='text-align: center; font-size: 24px; margin-top: 0; margin-bottom: 20px; color: inherit; opacity: 0.9;'>Recursos<\/h2>\n<div style='display: flex; flex-wrap: wrap; gap: 20px; justify-content: center;'>\n<div style='flex: 1 1 300px; min-width: 250px;'> <a href='https:\/\/www.hikvision.com\/es-la\/support\/download\/software\/ivms4200-series\/?q=serie%20ivms4200&#038;position=1' target='_blank' rel='noopener' style='text-decoration: none; color: inherit;'> <img style='width: 100%; height: auto; border: 1px solid rgba(150&comma;150&comma;150&comma;0.3); border-radius: 8px; margin-bottom: 10px;' src='https:\/\/ftp3.syscom.mx\/usuarios\/gmagos\/HIK\/IP\/IPC\/Imagenes%20pagina\/Descargas%20IVMS4200.jpg' alt=''> <\/a> <\/div>\n<div style='flex: 1 1 300px; min-width: 250px;'> <a href='https:\/\/appstore.hikvision.com\/' target='_blank' rel='noopener' style='text-decoration: none; color: inherit;'> <img style='width: 100%; height: auto; border: 1px solid rgba(150&comma;150&comma;150&comma;0.3); border-radius: 8px; margin-bottom: 10px;' src='https:\/\/ftp3.syscom.mx\/usuarios\/gmagos\/HIK\/IP\/IPC\/Imagenes%20pagina\/Descargas%20de%20app.jpg' alt=''> <\/a> <\/div>\n<div style='flex: 1 1 300px; min-width: 250px;'> <a href='https:\/\/ftp3.syscom.mx\/usuarios\/ftp\/2022\/09\/23\/e4db7\/Especificaci%C3%B3nes%20T%C3%A9cnicas%20-%20DS-E04HGHI-B.pdf' target='_blank' rel='noopener' style='text-decoration: none; color: inherit;'> <img style='width: 100%; height: auto; border: 1px solid rgba(150&comma;150&comma;150&comma;0.3); border-radius: 8px; margin-bottom: 10px;' src='https:\/\/ftp3.syscom.mx\/usuarios\/gmagos\/HIK\/IP\/IPC\/Imagenes%20pagina\/Descarga%20de%20PDF.jpg' alt=''> <\/a> <\/div>\n<\/p><\/div>\n<\/p><\/div>\n<p> <!-- Im\u00e1genes adicionales finales --> <\/p>\n<div style='display: flex; flex-wrap: wrap; gap: 20px; margin-bottom: 30px;'>\n<div style='width: 100%;'> <img style='width: 100%; height: auto; border: 1px solid rgba(150&comma;150&comma;150&comma;0.3); border-radius: 8px;' src='https:\/\/ftp3.syscom.mx\/usuarios\/fotos\/S04TURBOG3\/195128-explicaci\u00f3n_acusense_turbohd.jpeg' alt=''> <\/div>\n<div style='width: 100%;'> <img style='width: 100%; height: auto; border: 1px solid rgba(150&comma;150&comma;150&comma;0.3); border-radius: 8px;' src='https:\/\/ftp3.syscom.mx\/usuarios\/jsosa\/HIKVISION\/imagenes\/banners\/solution%20complete.png' alt=''> <\/div>\n<\/p><\/div>\n<\/p><\/div>\n","protected":false},"excerpt":{"rendered":"<p>(eDVR) DVR 2 Megap\u00edxel (1080P) Lite \/ 8 Canales TURBOHD + 2 Canal IP \/  Hasta 1 Mes de Grabaci\u00f3n \/ Unidad de Estado Solido Incluido \/ H.265+ \/ ACUSENSE Lite (Evita Falsas Alarmas) \/ Dise\u00f1o Ultra Compacto \/ Extra Silencioso \/  eSSD de<\/p>\n","protected":false},"featured_media":95602,"comment_status":"open","ping_status":"closed","template":"","meta":[],"product_brand":[],"product_cat":[2254],"product_tag":[2255,54,2256],"class_list":{"0":"post-95603","1":"product","2":"type-product","3":"status-publish","4":"has-post-thumbnail","6":"product_cat-videograbadoras-analogicas-turbohd-tvi-ahd-cvi","7":"product_tag-camaras-y-dvrs-hd-turbohd-ahd-hd-tvi","8":"product_tag-hikvision","9":"product_tag-videograbadoras-analogicas-turbohd-tvi-ahd-cvi","11":"first","12":"instock","13":"sale","14":"shipping-taxable","15":"purchasable","16":"product-type-simple"},"_links":{"self":[{"href":"https:\/\/soydeaqui.ddns.net\/pachuca\/index.php\/wp-json\/wp\/v2\/product\/95603","targetHints":{"allow":["GET"]}}],"collection":[{"href":"https:\/\/soydeaqui.ddns.net\/pachuca\/index.php\/wp-json\/wp\/v2\/product"}],"about":[{"href":"https:\/\/soydeaqui.ddns.net\/pachuca\/index.php\/wp-json\/wp\/v2\/types\/product"}],"replies":[{"embeddable":true,"href":"https:\/\/soydeaqui.ddns.net\/pachuca\/index.php\/wp-json\/wp\/v2\/comments?post=95603"}],"wp:featuredmedia":[{"embeddable":true,"href":"https:\/\/soydeaqui.ddns.net\/pachuca\/index.php\/wp-json\/wp\/v2\/media\/95602"}],"wp:attachment":[{"href":"https:\/\/soydeaqui.ddns.net\/pachuca\/index.php\/wp-json\/wp\/v2\/media?parent=95603"}],"wp:term":[{"taxonomy":"product_brand","embeddable":true,"href":"https:\/\/soydeaqui.ddns.net\/pachuca\/index.php\/wp-json\/wp\/v2\/product_brand?post=95603"},{"taxonomy":"product_cat","embeddable":true,"href":"https:\/\/soydeaqui.ddns.net\/pachuca\/index.php\/wp-json\/wp\/v2\/product_cat?post=95603"},{"taxonomy":"product_tag","embeddable":true,"href":"https:\/\/soydeaqui.ddns.net\/pachuca\/index.php\/wp-json\/wp\/v2\/product_tag?post=95603"}],"curies":[{"name":"wp","href":"https:\/\/api.w.org\/{rel}","templated":true}]}}