{"id":95596,"date":"2026-03-20T07:35:55","date_gmt":"2026-03-20T07:35:55","guid":{"rendered":"https:\/\/soydeaqui.ddns.net\/pachuca\/index.php\/producto\/dvr-4-canales-turbohd-2-canales-ip-5-megapixel-lite-3k-lite-audio-por-coaxitron-acusense-lite-1-bahia-de-disco-duro-h-265-salida-en-full-hd\/"},"modified":"2026-03-20T07:35:56","modified_gmt":"2026-03-20T07:35:56","slug":"dvr-4-canales-turbohd-2-canales-ip-5-megapixel-lite-3k-lite-audio-por-coaxitron-acusense-lite-1-bahia-de-disco-duro-h-265-salida-en-full-hd","status":"publish","type":"product","link":"https:\/\/soydeaqui.ddns.net\/pachuca\/index.php\/producto\/dvr-4-canales-turbohd-2-canales-ip-5-megapixel-lite-3k-lite-audio-por-coaxitron-acusense-lite-1-bahia-de-disco-duro-h-265-salida-en-full-hd\/","title":{"rendered":"DVR 4 Canales TurboHD + 2 Canales IP \/ 5 Megapixel Lite &#8211; 3K Lite \/ Audio por Coaxitron \/ ACUSENSE Lite \/ 1 Bah\u00eda de Disco Duro \/ H.265+ \/ Salida en Full HD"},"content":{"rendered":"<div style='width: 100%; max-width: 1200px; margin: 0 auto; font-family: sans-serif; line-height: 1.6; color: inherit; background-color: transparent;'> <!-- Header --> <\/p>\n<div style='padding: 20px; text-align: center;'> <img style='max-height: 6rem; width: auto; margin-bottom: 20px; border: 1px solid rgba(150&comma;150&comma;150&comma;0.3); border-radius: 8px;' src='https:\/\/ftp3.syscom.mx\/usuarios\/fotos\/logotipos\/hilook_by_hikvision.png' alt='Logo' \/> <\/p>\n<h1 style='font-size: 2.5rem; font-weight: bold; margin-bottom: 15px; color: inherit;'>Controla y monitorea tus dispositivos de seguridad<\/h1>\n<p style='font-size: 1.25rem; margin-bottom: 0; color: inherit; opacity: 0.8;'>Descarga la app oficial y aprovecha al m\u00e1ximo tu producto inteligente<\/p>\n<\/p><\/div>\n<p> <!-- Features --> <\/p>\n<div style='margin: 30px 0;'>\n<h2 style='text-align: center; font-size: 24px; margin-bottom: 25px; color: inherit; opacity: 0.9;'>Beneficios principales<\/h2>\n<div style='display: flex; flex-wrap: wrap; gap: 20px; justify-content: center;'>\n<div style='flex: 1 1 200px; min-width: 180px; text-align: center;'>\n<div style='width: 60px; height: 60px; margin: 0 auto 20px; border-radius: 50%; background-color: #007bff; opacity: 0.7;'><\/div>\n<h5 style='margin-bottom: 10px; font-size: 16px; color: inherit;'>Control remoto<\/h5>\n<p style='font-size: 14px; color: inherit; opacity: 0.8;'>Controla tus dispositivos desde cualquier lugar<\/p>\n<\/p><\/div>\n<div style='flex: 1 1 200px; min-width: 180px; text-align: center;'>\n<div style='width: 60px; height: 60px; margin: 0 auto 20px; border-radius: 50%; background-color: #28a745; opacity: 0.7;'><\/div>\n<h5 style='margin-bottom: 10px; font-size: 16px; color: inherit;'>Monitoreo en tiempo real<\/h5>\n<p style='font-size: 14px; color: inherit; opacity: 0.8;'>Visualiza tus dispositivos al instante<\/p>\n<\/p><\/div>\n<div style='flex: 1 1 200px; min-width: 180px; text-align: center;'>\n<div style='width: 60px; height: 60px; margin: 0 auto 20px; border-radius: 50%; background-color: #17a2b8; opacity: 0.7;'><\/div>\n<h5 style='margin-bottom: 10px; font-size: 16px; color: inherit;'>Notificaciones<\/h5>\n<p style='font-size: 14px; color: inherit; opacity: 0.8;'>Recibe notificaciones y alertas de los eventos que registra tu dispositivo.<\/p>\n<\/p><\/div>\n<div style='flex: 1 1 200px; min-width: 180px; text-align: center;'>\n<div style='width: 60px; height: 60px; margin: 0 auto 20px; border-radius: 50%; background-color: #ffc107; opacity: 0.7;'><\/div>\n<h5 style='margin-bottom: 10px; font-size: 16px; color: inherit;'>Interfaz de usuario sencilla<\/h5>\n<p style='font-size: 14px; color: inherit; opacity: 0.8;'>Amigable para usuarios finales<\/p>\n<\/p><\/div>\n<\/p><\/div>\n<\/p><\/div>\n<p> <!-- Galer\u00eda de im\u00e1genes --> <\/p>\n<div style='margin: 30px 0;'>\n<div style='display: flex; flex-wrap: wrap; gap: 15px;'>\n<div style='flex: 1 1 20%; min-width: 200px;'> <img style='width: 100%; height: auto; border: 1px solid rgba(150&comma;150&comma;150&comma;0.3); border-radius: 8px;' src='https:\/\/ftp3.syscom.mx\/usuarios\/ftp\/single_page\/hilook\/interfaz.jpg' alt='Imagen 1' \/> <\/div>\n<div style='flex: 1 1 20%; min-width: 200px;'> <img style='width: 100%; height: auto; border: 1px solid rgba(150&comma;150&comma;150&comma;0.3); border-radius: 8px;' src='https:\/\/ftp3.syscom.mx\/usuarios\/ftp\/single_page\/hilook\/grabaciones.jpg' alt='Imagen 2' \/> <\/div>\n<div style='flex: 1 1 20%; min-width: 200px;'> <img style='width: 100%; height: auto; border: 1px solid rgba(150&comma;150&comma;150&comma;0.3); border-radius: 8px;' src='https:\/\/ftp3.syscom.mx\/usuarios\/ftp\/single_page\/hilook\/directo.jpg' alt='Imagen 3' \/> <\/div>\n<div style='flex: 1 1 20%; min-width: 200px;'> <img style='width: 100%; height: auto; border: 1px solid rgba(150&comma;150&comma;150&comma;0.3); border-radius: 8px;' src='https:\/\/ftp3.syscom.mx\/usuarios\/ftp\/single_page\/hilook\/notificaciones2.jpg' alt='Imagen 4' \/> <\/div>\n<\/p><\/div>\n<\/p><\/div>\n<p> <!-- Caracter\u00edsticas --> <\/p>\n<div style='display: flex; flex-wrap: wrap; gap: 20px; margin: 30px 0;'>\n<div style='flex: 1 1 45%; min-width: 300px;'>\n<div style='border: 1px solid rgba(150&comma;150&comma;150&comma;0.4); border-radius: 8px; overflow: hidden; display: flex; flex-direction: column;'>\n<div style='padding: 15px; border-bottom: 1px solid rgba(150&comma;150&comma;150&comma;0.2); font-weight: bold; font-size: 18px; background: #3598db; color: #fff; opacity: 0.95;'>Caracter\u00edsticas Principales:<\/div>\n<div style='padding: 15px; color: inherit;'>\n<ul style='padding-left: 20px; margin: 0; font-size: 14px; list-style-type: disc; color: inherit;'>\n<li style='margin-bottom: 8px; color: inherit;'><span style='font-size: 12pt; font-family: verdana&comma; geneva&comma; sans-serif; color: inherit;'>Soporte de tecnolog\u00edas: HD-TVI \/ HD-CVI \/ AHD \/ Anal\u00f3gico<\/span><\/li>\n<li style='margin-bottom: 8px; color: inherit;'><span style='font-size: 12pt; font-family: verdana&comma; geneva&comma; sans-serif; color: inherit;'>Compatible con Hik-Connect (P2P).<\/span><\/li>\n<li style='margin-bottom: 8px; color: inherit;'><span style='font-size: 12pt; font-family: verdana&comma; geneva&comma; sans-serif; color: inherit;'>Soporta servicio Hik-connect Domain \/ DynDNS \/ NO-IP.<\/span><\/li>\n<li style='margin-bottom: 8px; color: inherit;'><span style='font-size: 12pt; font-family: verdana&comma; geneva&comma; sans-serif; color: inherit;'>Soporta 4 canales TURBOHD \/ anal\u00f3gicos + 2 canal IP = 6 canales en total.<\/span><\/li>\n<li style='margin-bottom: 8px; color: inherit;'><span style='font-size: 12pt; font-family: verdana&comma; geneva&comma; sans-serif; color: inherit;'>H.265+ \/ H.265 \/ H.264<\/span><\/li>\n<li style='margin-bottom: 8px; color: inherit;'><span style='font-size: 12pt; font-family: verdana&comma; geneva&comma; sans-serif; color: inherit;'>HD-TVI: 3K Lite \/ 5 Megap\u00edxel Lite \/ 2 Megapixel.<\/span><\/li>\n<li style='margin-bottom: 8px; color: inherit;'><span style='font-size: 12pt; font-family: verdana&comma; geneva&comma; sans-serif; color: inherit;'>HD-CVI: 3K Lite \/ 5 Megap\u00edxel Lite \/ 2 Megapixel.<\/span><\/li>\n<li style='margin-bottom: 8px; color: inherit;'><span style='font-size: 12pt; font-family: verdana&comma; geneva&comma; sans-serif; color: inherit;'>AHD: 3K Lite \/ 5 Megap\u00edxel Lite \/ 2 Megapixel.<\/span><\/li>\n<li style='margin-bottom: 8px; color: inherit;'><span style='font-size: 12pt; font-family: verdana&comma; geneva&comma; sans-serif; color: inherit;'>IP: 6 Megap\u00edxel \/ 5 Megapixel \/ 4 Megapixel \/ 2 Megapixel.<\/span><\/li>\n<li style='margin-bottom: 8px; color: inherit;'><span style='font-size: 12pt; font-family: verdana&comma; geneva&comma; sans-serif; color: inherit;'>No soporta canal cero.<\/span><\/li>\n<\/ul><\/div>\n<\/p><\/div>\n<\/p><\/div>\n<div style='flex: 1 1 45%; min-width: 300px;'>\n<div style='border: 1px solid rgba(150&comma;150&comma;150&comma;0.4); border-radius: 8px; overflow: hidden; display: flex; flex-direction: column;'>\n<div style='padding: 15px; border-bottom: 1px solid rgba(150&comma;150&comma;150&comma;0.2); font-weight: bold; font-size: 18px; background: #3598db; color: #fff; opacity: 0.95;'>Caracter\u00edsticas F\u00edsicas:<\/div>\n<div style='padding: 15px; color: inherit;'>\n<ul style='padding-left: 20px; margin: 0; font-size: 14px; list-style-type: disc; color: inherit;'>\n<li style='margin-bottom: 8px; color: inherit;'><span style='font-size: 12pt; font-family: verdana&comma; geneva&comma; sans-serif; color: inherit;'>Alimentaci\u00f3n: 12 Vcc.<\/span><\/li>\n<li style='margin-bottom: 8px; color: inherit;'><span style='font-size: 12pt; font-family: verdana&comma; geneva&comma; sans-serif; color: inherit;'>Consumo sin disco duro: 8 W.<\/span><\/li>\n<li style='margin-bottom: 8px; color: inherit;'><span style='font-size: 12pt; font-family: verdana&comma; geneva&comma; sans-serif; color: inherit;'>Temperatura de operaci\u00f3n: -10 \u00baC hasta 55 \u00baC<\/span><\/li>\n<li style='margin-bottom: 8px; color: inherit;'><span style='font-size: 12pt; font-family: verdana&comma; geneva&comma; sans-serif; color: inherit;'>Dimensiones: 260 \u00d7 222 \u00d7 45 mm (W \u00d7 D \u00d7 H)<\/span><\/li>\n<li style='margin-bottom: 8px; color: inherit;'><span style='font-size: 12pt; font-family: verdana&comma; geneva&comma; sans-serif; color: inherit;'>Peso: 1 Kg sin disco duro.<\/span><\/li>\n<\/ul><\/div>\n<\/p><\/div>\n<div style='margin-top: 20px; border: 1px solid rgba(150&comma;150&comma;150&comma;0.4); border-radius: 8px; overflow: hidden; display: flex; flex-direction: column;'>\n<div style='padding: 15px; border-bottom: 1px solid rgba(150&comma;150&comma;150&comma;0.2); font-weight: bold; font-size: 18px; background: #3598db; color: #fff; opacity: 0.95;'>Entradas y Salidas de Audio \/ Alarmas \/ Red \/ Almacenamiento:<\/div>\n<div style='padding: 15px; color: inherit;'>\n<ul style='padding-left: 20px; margin: 0; font-size: 14px; list-style-type: disc; color: inherit;'>\n<li style='margin-bottom: 8px; color: inherit;'><span style='font-size: 12pt; font-family: verdana&comma; geneva&comma; sans-serif; color: inherit;'>Entrada audio: 1 (RCA&comma; 2.0 Vp-p&comma; 1K\u03a9).<\/span><\/li>\n<li style='margin-bottom: 8px; color: inherit;'><span style='font-size: 12pt; font-family: verdana&comma; geneva&comma; sans-serif; color: inherit;'>4 Entradas de audio por coaxitron.<\/span><\/li>\n<li style='margin-bottom: 8px; color: inherit;'><span style='font-size: 12pt; font-family: verdana&comma; geneva&comma; sans-serif; color: inherit;'>Salida audio: 1 (RCA&comma; 2.0 Vp-p&comma; 1K\u03a9).<\/span><\/li>\n<li style='margin-bottom: 8px; color: inherit;'><span style='font-size: 12pt; font-family: verdana&comma; geneva&comma; sans-serif; color: inherit;'>Entrada alarma: N\/A.<\/span><\/li>\n<li style='margin-bottom: 8px; color: inherit;'><span style='font-size: 12pt; font-family: verdana&comma; geneva&comma; sans-serif; color: inherit;'>Salida alarma: N\/A.<\/span><\/li>\n<li style='margin-bottom: 8px; color: inherit;'><span style='font-size: 12pt; font-family: verdana&comma; geneva&comma; sans-serif; color: inherit;'>Interfaz USB: 2 puerto (2.0) trasero.<\/span><\/li>\n<li style='margin-bottom: 8px; color: inherit;'><span style='font-size: 12pt; font-family: verdana&comma; geneva&comma; sans-serif; color: inherit;'>Interfaz red: 1 puerto (RJ-45 10\/100 Mbps).<\/span><\/li>\n<li style='margin-bottom: 8px; color: inherit;'><span style='font-size: 12pt; font-family: verdana&comma; geneva&comma; sans-serif; color: inherit;'>Capacidad de almacenamiento (HDD): 1 hasta 10 TB.<\/span><\/li>\n<\/ul><\/div>\n<\/p><\/div>\n<\/p><\/div>\n<\/p><\/div>\n<div style='margin: 30px 0;'>\n<div style='border: 1px solid rgba(150&comma;150&comma;150&comma;0.4); border-radius: 8px; overflow: hidden; display: flex; flex-direction: column;'>\n<div style='padding: 15px; border-bottom: 1px solid rgba(150&comma;150&comma;150&comma;0.2); font-weight: bold; font-size: 18px; background: #3598db; color: #fff; opacity: 0.95;'>Caracter\u00edsticas Destacadas:<\/div>\n<div style='padding: 15px; color: inherit;'>\n<ul style='padding-left: 20px; margin: 0; font-size: 14px; list-style-type: disc; color: inherit;'>\n<li style='margin-bottom: 8px; color: inherit;'><span style='font-family: verdana&comma; geneva&comma; sans-serif; color: inherit;'>Permite apagar canales TURBOHD para poder agregar m\u00e1s canales IP (hasta 6 canales IP en total).<\/span><\/li>\n<li style='margin-bottom: 8px; color: inherit;'><span style='font-family: verdana&comma; geneva&comma; sans-serif; color: inherit;'>Para conectar las c\u00e1maras IP requiere utilizar un switch PoE (no incluido).<\/span><\/li>\n<li style='margin-bottom: 8px; color: inherit;'><span style='font-family: verdana&comma; geneva&comma; sans-serif; color: inherit;'>Soporta audio por coaxitr\u00f3n (c\u00e1maras que soporten microfono integrado).<\/span><\/li>\n<li style='margin-bottom: 8px; color: inherit;'><span style='font-family: verdana&comma; geneva&comma; sans-serif; color: inherit;'>Soporta hasta 4 canales con la tecnolog\u00eda ACUSENSE Lite (humano y vehiculo pero con deteccion de movimiento&comma; no anal\u00edticos).<\/span><\/li>\n<\/ul><\/div>\n<\/p><\/div>\n<\/p><\/div>\n<p> <!-- Imagen --> <\/p>\n<div style='margin: 30px 0;'>\n<p style='text-align: center; font-weight: bold; margin-bottom: 15px; color: inherit;'><span style='font-family: verdana&comma; geneva&comma; sans-serif; color: inherit;'>Audio&comma; Video y Datos por el Mismo Cable<\/span><\/p>\n<p> <img style='width: 100%; height: auto; border: 1px solid rgba(150&comma;150&comma;150&comma;0.3); border-radius: 8px;' src='https:\/\/ftp3.syscom.mx\/usuarios\/jsosa\/HIKVISION\/imagenes\/coaxitron\/coaxitron.jpg' alt='Audio&comma; Video y Datos por el Mismo Cable' \/> <\/div>\n<p> <!-- Videos --> <\/p>\n<div style='margin: 30px 0;'>\n<div style='display: flex; flex-wrap: wrap; gap: 30px; align-items: flex-start;'>\n<div style='flex: 1 1 300px; min-width: 280px; height: 0; position: relative; padding-bottom: 56.25%; overflow: hidden;'>   <\/div>\n<div style='flex: 1 1 300px; min-width: 280px;'>\n<h2 style='font-size: 20px; margin-top: 0; margin-bottom: 15px; color: #3598db; text-align: center; font-family: verdana&comma; geneva&comma; sans-serif;'>Visualizaci\u00f3n F\u00e1cil&comma; R\u00e1pida y Segura desde Hik-Connect.<\/h2>\n<p style='font-size: 14px; margin-bottom: 15px; text-align: justify; color: inherit;'><strong>Hik-Connect<\/strong> es la aplicaci\u00f3n para dispositivos m\u00f3viles&comma; tabletas y smartphones en los cuales usted puede visualizar sus c\u00e1maras en vivo&comma; grabaciones&comma; grabar eventos de p\u00e1nico&comma; tomar fotograf\u00edas.<\/p>\n<p style='font-size: 14px; margin-bottom: 0; text-align: justify; color: inherit;'><span style='font-family: verdana&comma; geneva&comma; sans-serif;'>Adem\u00e1s&comma; si lo combina con las otras soluciones de Hikvision como lo son <strong>control de acceso<\/strong>&comma; <strong>videoporteros<\/strong> y <strong>alarmas<\/strong>&comma; podr\u00e1 tener el control en una misma aplicaci\u00f3n&comma; y lo mejor es que la aplicaci\u00f3n es y seguir\u00e1 siendo <strong>gratuita<\/strong>. Dada las actualizaciones constantes que realiza Hikvision&comma; la app la puede descargar dando clic <\/span><a style='color: #005cb9; text-decoration: none;' href='https:\/\/appstore.hikvision.com\/' target='_blank' rel='noopener'>aqu\u00ed.<\/a><\/p>\n<\/p><\/div>\n<\/p><\/div>\n<\/p><\/div>\n<p> <!-- Secci\u00f3n de video y texto --> <\/p>\n<div style='margin: 30px 0;'>\n<div style='display: flex; flex-wrap: wrap; gap: 30px; align-items: flex-start;'>\n<div style='flex: 1 1 300px; min-width: 280px; height: 0; position: relative; padding-bottom: 56.25%; overflow: hidden;'>   <\/div>\n<div style='flex: 1 1 300px; min-width: 280px;'>\n<h2 style='font-size: 20px; margin-top: 0; margin-bottom: 15px; color: #3598db; text-align: center; font-family: verdana&comma; geneva&comma; sans-serif;'>Audio por Coaxitron en Todos los Canales.<\/h2>\n<p style='font-size: 14px; margin-bottom: 15px; text-align: justify; color: inherit;'><span style='font-family: verdana&comma; geneva&comma; sans-serif; color: inherit;'>Una de las m\u00faltiples ventajas de los nuevos sistemas de videovigilancia es el <strong>audio por coaxitron<\/strong>. Al realizar la combinaci\u00f3n de una c\u00e1mara con <strong>micr\u00f3fono interconstruido<\/strong> y un videograbador con audio por coaxitron&comma; usted podr\u00e1 <strong>almacenar video y audio<\/strong> sin tener que a\u00f1adir componentes extras&comma; ya que la instalaci\u00f3n de una c\u00e1mara con micr\u00f3fono interconstruido es exactamente igual a una que no tenga micr\u00f3fono interconstruido y s\u00ed&#8230; as\u00ed es usted puede a\u00f1adir c\u00e1maras con micr\u00f3fono interconstruido en <strong>todos los canales<\/strong> TurboHD (la funci\u00f3n de audio por coaxitron \u00fanicamente funciona en TVI\/TurboHD).<\/span><\/p>\n<p style='font-size: 14px; margin-bottom: 0; text-align: left; color: inherit;'><span style='font-family: verdana&comma; geneva&comma; sans-serif; color: inherit;'>Clic aqu\u00ed para <a style='color: #005cb9; text-decoration: none;' href='https:\/\/www.syscom.mx\/principal\/promociones\/camaras_con_audio_por_coaxitron_2_mp-5477.html?ordenar=Relevancia&#038;pag=1' target='_blank' rel='noopener'>(Ver modelos compatibles<\/a>) con Audio por Coaxitron en C\u00e1maras TurboHD.<\/span><\/p>\n<\/p><\/div>\n<\/p><\/div>\n<\/p><\/div>\n<p> <!-- Comparativo --> <\/p>\n<div style='margin: 30px 0;'>\n<h3 style='font-size: 1.5rem; font-weight: bold; margin-bottom: 15px; text-align: center; color: #3598db;'>Comparativo 3K Lite vs 3K Est\u00e1ndar<\/h3>\n<div style='overflow-x: auto;'>\n<table style='width: 100%; border-collapse: collapse; border: 1px solid rgba(53&comma;152&comma;219&comma;0.8);'>\n<thead>\n<tr>\n<th style='width: 33%; padding: 8px; border: 1px solid rgba(53&comma;152&comma;219&comma;0.8); background-color: #3598db; color: #fff; text-align: center;'>Caracter\u00edstica<\/th>\n<th style='width: 33%; padding: 8px; border: 1px solid rgba(53&comma;152&comma;219&comma;0.8); background-color: #3598db; color: #fff; text-align: center;'>3K Lite (2.5MP)<\/th>\n<th style='width: 33%; padding: 8px; border: 1px solid rgba(53&comma;152&comma;219&comma;0.8); background-color: #3598db; color: #fff; text-align: center;'>3K Est\u00e1ndar (5MP)<\/th>\n<\/tr>\n<\/thead>\n<tbody>\n<tr>\n<th style='padding: 8px; border: 1px solid rgba(53&comma;152&comma;219&comma;0.8); background-color: rgba(200&comma;200&comma;200&comma;0.1); text-align: center;'>Resoluci\u00f3n<\/th>\n<td style='padding: 8px; border: 1px solid rgba(53&comma;152&comma;219&comma;0.8); text-align: center; color: inherit;'>2560\u00d71440<\/td>\n<td style='padding: 8px; border: 1px solid rgba(53&comma;152&comma;219&comma;0.8); text-align: center; color: inherit;'>2880\u00d71620<\/td>\n<\/tr>\n<tr>\n<th style='padding: 8px; border: 1px solid rgba(53&comma;152&comma;219&comma;0.8); background-color: rgba(200&comma;200&comma;200&comma;0.1); text-align: center;'>Almacenamiento<\/th>\n<td style='padding: 8px; border: 1px solid rgba(53&comma;152&comma;219&comma;0.8); text-align: center; color: inherit;'>Optimizado (+30% duraci\u00f3n)<\/td>\n<td style='padding: 8px; border: 1px solid rgba(53&comma;152&comma;219&comma;0.8); text-align: center; color: inherit;'>Mayor espacio requerido<\/td>\n<\/tr>\n<tr>\n<th style='padding: 8px; border: 1px solid rgba(53&comma;152&comma;219&comma;0.8); background-color: rgba(200&comma;200&comma;200&comma;0.1); text-align: center;'>Uso recomendado<\/th>\n<td style='padding: 8px; border: 1px solid rgba(53&comma;152&comma;219&comma;0.8); text-align: center; color: inherit;'>\u00c1reas medianas\/Interiores<\/td>\n<td style='padding: 8px; border: 1px solid rgba(53&comma;152&comma;219&comma;0.8); text-align: center; color: inherit;'>\u00c1reas extensas\/Exteriores<\/td>\n<\/tr>\n<\/tbody>\n<\/table><\/div>\n<\/p><\/div>\n<p> <!-- Banner final --> <\/p>\n<div style='margin: 30px 0;'> <img style='width: 100%; height: auto; border: 1px solid rgba(150&comma;150&comma;150&comma;0.3); border-radius: 8px;' src='https:\/\/ftp3.syscom.mx\/usuarios\/yvalenzuela\/Hilook\/hiklook.jpg' alt='Banner final' \/> <\/div>\n<\/p><\/div>\n","protected":false},"excerpt":{"rendered":"<p>DVR 4 Canales TurboHD + 2 Canales IP \/ 5 Megapixel Lite &#8211; 3K Lite \/ Audio por Coaxitron \/ ACUSENSE Lite \/ 1 Bah\u00eda de Disco Duro \/ H.265+ \/ Salida en Full HD<\/p>\n","protected":false},"featured_media":95595,"comment_status":"open","ping_status":"closed","template":"","meta":[],"product_brand":[],"product_cat":[2254],"product_tag":[2255,715,2256],"class_list":{"0":"post-95596","1":"product","2":"type-product","3":"status-publish","4":"has-post-thumbnail","6":"product_cat-videograbadoras-analogicas-turbohd-tvi-ahd-cvi","7":"product_tag-camaras-y-dvrs-hd-turbohd-ahd-hd-tvi","8":"product_tag-hilook-by-hikvision","9":"product_tag-videograbadoras-analogicas-turbohd-tvi-ahd-cvi","11":"first","12":"outofstock","13":"sale","14":"shipping-taxable","15":"purchasable","16":"product-type-simple"},"_links":{"self":[{"href":"https:\/\/soydeaqui.ddns.net\/pachuca\/index.php\/wp-json\/wp\/v2\/product\/95596","targetHints":{"allow":["GET"]}}],"collection":[{"href":"https:\/\/soydeaqui.ddns.net\/pachuca\/index.php\/wp-json\/wp\/v2\/product"}],"about":[{"href":"https:\/\/soydeaqui.ddns.net\/pachuca\/index.php\/wp-json\/wp\/v2\/types\/product"}],"replies":[{"embeddable":true,"href":"https:\/\/soydeaqui.ddns.net\/pachuca\/index.php\/wp-json\/wp\/v2\/comments?post=95596"}],"wp:featuredmedia":[{"embeddable":true,"href":"https:\/\/soydeaqui.ddns.net\/pachuca\/index.php\/wp-json\/wp\/v2\/media\/95595"}],"wp:attachment":[{"href":"https:\/\/soydeaqui.ddns.net\/pachuca\/index.php\/wp-json\/wp\/v2\/media?parent=95596"}],"wp:term":[{"taxonomy":"product_brand","embeddable":true,"href":"https:\/\/soydeaqui.ddns.net\/pachuca\/index.php\/wp-json\/wp\/v2\/product_brand?post=95596"},{"taxonomy":"product_cat","embeddable":true,"href":"https:\/\/soydeaqui.ddns.net\/pachuca\/index.php\/wp-json\/wp\/v2\/product_cat?post=95596"},{"taxonomy":"product_tag","embeddable":true,"href":"https:\/\/soydeaqui.ddns.net\/pachuca\/index.php\/wp-json\/wp\/v2\/product_tag?post=95596"}],"curies":[{"name":"wp","href":"https:\/\/api.w.org\/{rel}","templated":true}]}}