{"id":95590,"date":"2026-03-20T07:35:38","date_gmt":"2026-03-20T07:35:38","guid":{"rendered":"https:\/\/soydeaqui.ddns.net\/pachuca\/index.php\/producto\/dvr-4-canales-turbohd-4-canales-ip-8-megapixel-4k-audio-por-coaxitron-acusense-lite-1-bahia-de-disco-duro-h-265-salida-en-full-hd\/"},"modified":"2026-03-20T07:35:51","modified_gmt":"2026-03-20T07:35:51","slug":"dvr-4-canales-turbohd-4-canales-ip-8-megapixel-4k-audio-por-coaxitron-acusense-lite-1-bahia-de-disco-duro-h-265-salida-en-full-hd","status":"publish","type":"product","link":"https:\/\/soydeaqui.ddns.net\/pachuca\/index.php\/producto\/dvr-4-canales-turbohd-4-canales-ip-8-megapixel-4k-audio-por-coaxitron-acusense-lite-1-bahia-de-disco-duro-h-265-salida-en-full-hd\/","title":{"rendered":"DVR  4 Canales TurboHD + 4 Canales IP \/ 8 Megap\u00edxel (4K) \/ Audio por Coaxitron \/ ACUSENSE Lite \/ 1 Bah\u00eda de Disco Duro \/ H.265+ \/ Salida en Full HD"},"content":{"rendered":"<div style='width: 100%; max-width: 1200px; margin: 0 auto; font-family: sans-serif; line-height: 1.6; color: inherit; background-color: transparent;'> <!-- Header --> <\/p>\n<div style='padding-top: 1.5rem; padding-bottom: 1.5rem; text-align: center;'> <img style='max-height: 6rem; width: auto; height: auto; border: 1px solid rgba(150&comma;150&comma;150&comma;0.3); border-radius: 8px;' src='https:\/\/ftp3.syscom.mx\/usuarios\/fotos\/logotipos\/hilook_by_hikvision.png' alt='Logo' \/> <\/p>\n<h1 style='font-size: 2.5rem; font-weight: bold; margin-top: 1rem; margin-bottom: 1rem; color: inherit;'>Controla y monitorea tus dispositivos de seguridad<\/h1>\n<p style='font-size: 1.25rem; margin-bottom: 1.5rem; color: inherit;'>Descarga la app oficial y aprovecha al m\u00e1ximo tu producto inteligente<\/p>\n<\/p><\/div>\n<p> <!-- Features --> <\/p>\n<div style='padding-top: 2rem; padding-bottom: 2rem; background-color: rgba(200&comma;200&comma;200&comma;0.05);'>\n<div style='text-align: center; margin-bottom: 2rem;'>\n<h2 style='font-size: 2rem; margin-bottom: 1.5rem; color: inherit;'>Beneficios principales<\/h2>\n<\/p><\/div>\n<div style='display: flex; flex-wrap: wrap; gap: 1.5rem; justify-content: center;'>\n<div style='flex: 1 1 200px; min-width: 180px; text-align: center;'>\n<div style='width: 60px; height: 60px; margin: 0 auto 1rem; border-radius: 50%; background-color: #0d6efd; opacity: 0.8;'><\/div>\n<h5 style='margin-bottom: 0.5rem; color: inherit;'>Control remoto<\/h5>\n<p style='font-size: 0.875rem; color: inherit;'>Controla tus dispositivos desde cualquier lugar<\/p>\n<\/p><\/div>\n<div style='flex: 1 1 200px; min-width: 180px; text-align: center;'>\n<div style='width: 60px; height: 60px; margin: 0 auto 1rem; border-radius: 50%; background-color: #198754; opacity: 0.8;'><\/div>\n<h5 style='margin-bottom: 0.5rem; color: inherit;'>Monitoreo en tiempo real<\/h5>\n<p style='font-size: 0.875rem; color: inherit;'>Visualiza tus dispositivos al instante<\/p>\n<\/p><\/div>\n<div style='flex: 1 1 200px; min-width: 180px; text-align: center;'>\n<div style='width: 60px; height: 60px; margin: 0 auto 1rem; border-radius: 50%; background-color: #0dcaf0; opacity: 0.8;'><\/div>\n<h5 style='margin-bottom: 0.5rem; color: inherit;'>Notificaciones<\/h5>\n<p style='font-size: 0.875rem; color: inherit;'>Recibe notificaciones y alertas de los eventos que registra tu dispositivo.<\/p>\n<\/p><\/div>\n<div style='flex: 1 1 200px; min-width: 180px; text-align: center;'>\n<div style='width: 60px; height: 60px; margin: 0 auto 1rem; border-radius: 50%; background-color: #ffc107; opacity: 0.8;'><\/div>\n<h5 style='margin-bottom: 0.5rem; color: inherit;'>Interfaz de usuario sencilla<\/h5>\n<p style='font-size: 0.875rem; color: inherit;'>Amigable para usuarios finales<\/p>\n<\/p><\/div>\n<\/p><\/div>\n<\/p><\/div>\n<p> <!-- Galer\u00eda de im\u00e1genes --> <\/p>\n<div style='padding-top: 2rem; padding-bottom: 2rem;'>\n<div style='display: flex; flex-wrap: wrap; gap: 1rem;'>\n<div style='flex: 1 1 20%; min-width: 250px;'> <img style='width: 100%; height: auto; border: 1px solid rgba(150&comma;150&comma;150&comma;0.3); border-radius: 8px;' src='https:\/\/ftp3.syscom.mx\/usuarios\/ftp\/single_page\/hilook\/interfaz.jpg' alt='Imagen 1' \/> <\/div>\n<div style='flex: 1 1 20%; min-width: 250px;'> <img style='width: 100%; height: auto; border: 1px solid rgba(150&comma;150&comma;150&comma;0.3); border-radius: 8px;' src='https:\/\/ftp3.syscom.mx\/usuarios\/ftp\/single_page\/hilook\/grabaciones.jpg' alt='Imagen 2' \/> <\/div>\n<div style='flex: 1 1 20%; min-width: 250px;'> <img style='width: 100%; height: auto; border: 1px solid rgba(150&comma;150&comma;150&comma;0.3); border-radius: 8px;' src='https:\/\/ftp3.syscom.mx\/usuarios\/ftp\/single_page\/hilook\/directo.jpg' alt='Imagen 3' \/> <\/div>\n<div style='flex: 1 1 20%; min-width: 250px;'> <img style='width: 100%; height: auto; border: 1px solid rgba(150&comma;150&comma;150&comma;0.3); border-radius: 8px;' src='https:\/\/ftp3.syscom.mx\/usuarios\/ftp\/single_page\/hilook\/notificaciones2.jpg' alt='Imagen 4' \/> <\/div>\n<\/p><\/div>\n<\/p><\/div>\n<p> <!-- Videos --> <\/p>\n<div style='padding-top: 2rem; padding-bottom: 2rem;'>\n<div style='display: flex; flex-wrap: wrap; gap: 2rem; justify-content: center;'> <!-- Video 1 --> <\/p>\n<div style='flex: 1 1 400px; min-width: 300px; position: relative; padding-bottom: 56.25%; height: 0; overflow: hidden;'>   <\/div>\n<p> <!-- Video 2 --> <\/p>\n<div style='flex: 1 1 400px; min-width: 300px; position: relative; padding-bottom: 56.25%; height: 0; overflow: hidden;'>   <\/div>\n<\/p><\/div>\n<\/p><\/div>\n<p> <!-- Especificaciones --> <\/p>\n<div style='display: flex; flex-wrap: wrap; gap: 2rem; margin-bottom: 2rem;'> <!-- Columna 1 --> <\/p>\n<div style='flex: 1 1 400px; min-width: 300px;'>\n<div style='border: 1px solid rgba(150&comma; 150&comma; 150&comma; 0.4); border-radius: 8px; overflow: hidden; display: flex; flex-direction: column; margin-bottom: 1.5rem;'>\n<div style='padding: 15px; border-bottom: 1px solid rgba(150&comma; 150&comma; 150&comma; 0.2); font-weight: bold; font-size: 18px; background-color: #3598db; color: white; opacity: 0.9;'>Caracter\u00edsticas Principales:<\/div>\n<div style='padding: 15px; color: inherit;'>\n<ul style='padding-left: 20px; margin: 0; font-size: 14px; list-style-type: disc;'>\n<li style='margin-bottom: 5px;'><span style='font-size: 12pt; font-family: verdana&comma; geneva&comma; sans-serif;'>Soporte de tecnolog\u00edas: HD-TVI \/ HD-CVI \/ AHD \/ Anal\u00f3gico (CVBS).<\/span><\/li>\n<li style='margin-bottom: 5px;'><span style='font-size: 12pt; font-family: verdana&comma; geneva&comma; sans-serif;'>Software cliente iVMS-4200 (gratuito).<\/span><\/li>\n<li style='margin-bottom: 5px;'><span style='font-size: 12pt; font-family: verdana&comma; geneva&comma; sans-serif;'>Compatible con app Hi-Look<\/span><\/li>\n<li style='margin-bottom: 5px;'><span style='font-size: 12pt; font-family: verdana&comma; geneva&comma; sans-serif;'>Soporta servicio Hik-connect Domain \/ DynDNS \/ NO-IP.<\/span><\/li>\n<li style='margin-bottom: 5px;'><span style='font-size: 12pt; font-family: verdana&comma; geneva&comma; sans-serif;'>Soporta 4 canales TURBOHD \/ anal\u00f3gicos + 4 canal IP = 8 canales en total.<\/span><\/li>\n<li style='margin-bottom: 5px;'><span style='font-size: 12pt; font-family: verdana&comma; geneva&comma; sans-serif;'>H.265+ \/ H.265 \/ H.264.<\/span><\/li>\n<li style='margin-bottom: 5px;'><span style='font-size: 12pt; font-family: verdana&comma; geneva&comma; sans-serif;'>HD-TVI: 8 Megapixel \/ 5 Megapixel \/ 2 Megapixel.<\/span><\/li>\n<li style='margin-bottom: 5px;'><span style='font-size: 12pt; font-family: verdana&comma; geneva&comma; sans-serif;'>HD-CVI: 8 Megapixel \/ 5 Megapixel \/ 2 Megapixel.<\/span><\/li>\n<li style='margin-bottom: 5px;'><span style='font-size: 12pt; font-family: verdana&comma; geneva&comma; sans-serif;'>AHD: 5 Megapixel \/ 2 Megapixel.<\/span><\/li>\n<li style='margin-bottom: 5px;'><span style='font-size: 12pt; font-family: verdana&comma; geneva&comma; sans-serif;'>IP: 8 Megapixel \/ 6 Megapixel \/ 5 Megapixel \/ 4 Megapixel \/ 2 Megapixel.<\/span><\/li>\n<li style='margin-bottom: 5px;'><span style='font-size: 12pt; font-family: verdana&comma; geneva&comma; sans-serif;'>No soporta canal cero.<\/span><\/li>\n<\/ul><\/div>\n<\/p><\/div>\n<\/p><\/div>\n<p> <!-- Columna 2 --> <\/p>\n<div style='flex: 1 1 400px; min-width: 300px;'>\n<div style='border: 1px solid rgba(150&comma; 150&comma; 150&comma; 0.4); border-radius: 8px; overflow: hidden; display: flex; flex-direction: column; margin-bottom: 1.5rem;'>\n<div style='padding: 15px; border-bottom: 1px solid rgba(150&comma; 150&comma; 150&comma; 0.2); font-weight: bold; font-size: 18px; background-color: #3598db; color: white; opacity: 0.9;'>Caracter\u00edsticas F\u00edsicas:<\/div>\n<div style='padding: 15px; color: inherit;'>\n<ul style='padding-left: 20px; margin: 0; font-size: 14px; list-style-type: disc;'>\n<li style='margin-bottom: 5px;'><span style='font-size: 12pt; font-family: verdana&comma; geneva&comma; sans-serif;'>Alimentaci\u00f3n: 12 Vcc.<\/span><\/li>\n<li style='margin-bottom: 5px;'><span style='font-size: 12pt; font-family: verdana&comma; geneva&comma; sans-serif;'>Consumo sin disco duro: 15 W.<\/span><\/li>\n<li style='margin-bottom: 5px;'><span style='font-size: 12pt; font-family: verdana&comma; geneva&comma; sans-serif;'>Temperatura de operaci\u00f3n: -10 \u00baC hasta 55 \u00baC<\/span><\/li>\n<li style='margin-bottom: 5px;'><span style='font-size: 12pt; font-family: verdana&comma; geneva&comma; sans-serif;'>Dimensiones: 260 \u00d7 222 \u00d7 45 mm (W \u00d7 D \u00d7 H)<\/span><\/li>\n<li style='margin-bottom: 5px;'><span style='font-size: 12pt; font-family: verdana&comma; geneva&comma; sans-serif;'>Peso: 1 Kg sin disco duro.<\/span><\/li>\n<\/ul><\/div>\n<\/p><\/div>\n<div style='border: 1px solid rgba(150&comma; 150&comma; 150&comma; 0.4); border-radius: 8px; overflow: hidden; display: flex; flex-direction: column; margin-bottom: 1.5rem;'>\n<div style='padding: 15px; border-bottom: 1px solid rgba(150&comma; 150&comma; 150&comma; 0.2); font-weight: bold; font-size: 18px; background-color: #3598db; color: white; opacity: 0.9;'>Entradas y Salidas de Audio \/ Alarmas \/ Red \/ Almacenamiento:<\/div>\n<div style='padding: 15px; color: inherit;'>\n<ul style='padding-left: 20px; margin: 0; font-size: 14px; list-style-type: disc;'>\n<li style='margin-bottom: 5px;'><span style='font-size: 12pt; font-family: verdana&comma; geneva&comma; sans-serif;'>Entrada audio: 1 (RCA&comma; 2.0 Vp-p&comma; 1K\u03a9).<\/span><\/li>\n<li style='margin-bottom: 5px;'><span style='font-size: 12pt; font-family: verdana&comma; geneva&comma; sans-serif;'>4 Entradas de audio por coaxitron.<\/span><\/li>\n<li style='margin-bottom: 5px;'><span style='font-size: 12pt; font-family: verdana&comma; geneva&comma; sans-serif;'>Salida audio: 1 (RCA&comma; 2.0 Vp-p&comma; 1K\u03a9).<\/span><\/li>\n<li style='margin-bottom: 5px;'><span style='font-size: 12pt; font-family: verdana&comma; geneva&comma; sans-serif;'>Entrada alarma: N\/A<\/span><\/li>\n<li style='margin-bottom: 5px;'><span style='font-size: 12pt; font-family: verdana&comma; geneva&comma; sans-serif;'>Salida alarma: N\/A<\/span><\/li>\n<li style='margin-bottom: 5px;'><span style='font-size: 12pt; font-family: verdana&comma; geneva&comma; sans-serif;'>Interfaz USB: 2 puerto (2.0) trasero.<\/span><\/li>\n<li style='margin-bottom: 5px;'><span style='font-size: 12pt; font-family: verdana&comma; geneva&comma; sans-serif;'>Interfaz red: 1 puetos (RJ-45 10\/100 Mbps).<\/span><\/li>\n<li style='margin-bottom: 5px;'><span style='font-size: 12pt; font-family: verdana&comma; geneva&comma; sans-serif;'>Capacidad de almacenamiento (HDD): 1 hasta 10 TB.<\/span><\/li>\n<\/ul><\/div>\n<\/p><\/div>\n<\/p><\/div>\n<\/p><\/div>\n<p> <!-- Caracter\u00edsticas Destacadas --> <\/p>\n<div style='border: 1px solid rgba(150&comma; 150&comma; 150&comma; 0.4); border-radius: 8px; overflow: hidden; display: flex; flex-direction: column; margin-bottom: 2rem;'>\n<div style='padding: 15px; border-bottom: 1px solid rgba(150&comma; 150&comma; 150&comma; 0.2); font-weight: bold; font-size: 18px; background-color: #3598db; color: white; opacity: 0.9;'>Caracter\u00edsticas Destacadas:<\/div>\n<div style='padding: 15px; color: inherit;'>\n<ul style='padding-left: 20px; margin: 0; font-size: 14px; list-style-type: disc;'>\n<li style='margin-bottom: 5px;'><span style='font-family: verdana&comma; geneva&comma; sans-serif;'>Permite apagar canales TURBOHD para poder agregar m\u00e1s canales IP (hasta 8 canales IP en total).<\/span><\/li>\n<li style='margin-bottom: 5px;'><span style='font-family: verdana&comma; geneva&comma; sans-serif;'>Para conectar las c\u00e1maras IP requiere utilizar un switch PoE (no incluido).<\/span><\/li>\n<li style='margin-bottom: 5px;'><span style='font-family: verdana&comma; geneva&comma; sans-serif;'>Soporta hasta 4 canales con la tecnolog\u00eda ACUSENSE Lite (humano y vehiculo pero con deteccion de movimiento&comma; no anal\u00edticos).<\/span><\/li>\n<li style='margin-bottom: 5px;'><span style='font-family: verdana&comma; geneva&comma; sans-serif;'>Si est\u00e1 habilitado el modo IP. Esta opci\u00f3n desactiva las funciones inteligentes&comma; como la detecci\u00f3n de movimiento. Esta configuraci\u00f3n prioriza la capacidad de canales IP sobre las funciones anal\u00edticas avanzadas<\/span><\/li>\n<\/ul><\/div>\n<\/p><\/div>\n<p> <!-- Imagen Coaxitron --> <\/p>\n<div style='margin-bottom: 2rem;'>\n<p style='text-align: center; margin: 0 0 1rem; font-weight: bold;'><span style='font-family: verdana&comma; geneva&comma; sans-serif;'>Audio&comma; Video y Datos por el Mismo Cable<\/span><\/p>\n<p> <img style='width: 100%; height: auto; border: 1px solid rgba(150&comma;150&comma;150&comma;0.3); border-radius: 8px;' src='https:\/\/ftp3.syscom.mx\/usuarios\/jsosa\/HIKVISION\/imagenes\/coaxitron\/coaxitron.jpg' alt='Audio&comma; Video y Datos por el Mismo Cable' \/> <\/div>\n<p> <!-- Secci\u00f3n Coaxitron --> <\/p>\n<div style='display: flex; flex-wrap: wrap; gap: 2rem; margin-bottom: 2rem;'>\n<div style='flex: 1 1 300px; min-width: 250px;'>\n<h2 style='font-size: 1.5rem; font-weight: 500; line-height: 1.1; margin-top: 1.25rem; margin-bottom: 0.75rem; color: #3598db; text-align: center;'>Audio por Coaxitron en Todos los Canales.<\/h2>\n<p style='text-align: justify; color: inherit;'> <span style='color: inherit; font-size: 14px; background-color: transparent;'>Una de las m\u00faltiples ventajas de los nuevos sistemas de videovigilancia es el&nbsp;<\/span> <strong style='color: inherit; font-size: 14px; background-color: transparent;'>audio por coaxitron<\/strong> <span style='color: inherit; font-size: 14px; background-color: transparent;'>. Al realizar la combinaci\u00f3n de una c\u00e1mara con&nbsp;<\/span> <strong style='color: inherit; font-size: 14px; background-color: transparent;'>micr\u00f3fono interconstruido<\/strong> <span style='color: inherit; font-size: 14px; background-color: transparent;'>&nbsp;y un videograbador con audio por coaxitron&comma; usted podr\u00e1&nbsp;<\/span> <strong style='color: inherit; font-size: 14px; background-color: transparent;'>almacenar video y audio<\/strong> <span style='color: inherit; font-size: 14px; background-color: transparent;'>&nbsp;sin tener que a\u00f1adir componentes extras&comma; ya que la instalaci\u00f3n de una c\u00e1mara con micr\u00f3fono interconstruido es exactamente igual a una que no tenga micr\u00f3fono interconstruido y s\u00ed&#8230; as\u00ed es usted puede a\u00f1adir c\u00e1maras con micr\u00f3fono interconstruido en&nbsp;<\/span> <strong style='color: inherit; font-size: 14px; background-color: transparent;'>todos los canales<\/strong> <span style='color: inherit; font-size: 14px; background-color: transparent;'>&nbsp;TurboHD (la funci\u00f3n de audio por coaxitron \u00fanicamente funciona en TVI\/TurboHD).<\/span> <\/p>\n<p> <span style='color: inherit; font-size: 14px; background-color: transparent;'>Clic aqu\u00ed para&nbsp;<\/span> <a style='color: #0d6efd; text-decoration: none;' href='https:\/\/www.syscom.mx\/principal\/promociones\/camaras_con_audio_por_coaxitron_2_mp-5477.html?ordenar=Relevancia&#038;pag=1' target='_blank' rel='noopener'> <span style='color: #0d6efd; font-size: 14px; background-color: transparent;'>(Ver modelos compatibles<\/span> <\/a> <span style='color: #0d6efd; font-size: 14px; background-color: transparent;'>&nbsp;con Audio por Coaxitron en C\u00e1maras TurboHD.<\/span> <\/p>\n<\/p><\/div>\n<div style='flex: 1 1 400px; min-width: 300px; position: relative; padding-bottom: 56.25%; height: 0; overflow: hidden;'>   <\/div>\n<\/p><\/div>\n<p> <!-- Banner final --> <\/p>\n<div style='margin-top: 2rem; margin-bottom: 2rem;'> <img style='width: 100%; height: auto; border: 1px solid rgba(150&comma;150&comma;150&comma;0.3); border-radius: 8px; display: block; margin: 0 auto;' src='https:\/\/ftp3.syscom.mx\/usuarios\/yvalenzuela\/Hilook\/hiklook.jpg' alt='Banner final' \/> <\/div>\n<\/p><\/div>\n","protected":false},"excerpt":{"rendered":"<p>DVR  4 Canales TurboHD + 4 Canales IP \/ 8 Megap\u00edxel (4K) \/ Audio por Coaxitron \/ ACUSENSE Lite \/ 1 Bah\u00eda de Disco Duro \/ H.265+ \/ Salida en Full HD<\/p>\n","protected":false},"featured_media":95589,"comment_status":"open","ping_status":"closed","template":"","meta":[],"product_brand":[],"product_cat":[2254],"product_tag":[2255,715,2256],"class_list":{"0":"post-95590","1":"product","2":"type-product","3":"status-publish","4":"has-post-thumbnail","6":"product_cat-videograbadoras-analogicas-turbohd-tvi-ahd-cvi","7":"product_tag-camaras-y-dvrs-hd-turbohd-ahd-hd-tvi","8":"product_tag-hilook-by-hikvision","9":"product_tag-videograbadoras-analogicas-turbohd-tvi-ahd-cvi","11":"first","12":"outofstock","13":"sale","14":"shipping-taxable","15":"purchasable","16":"product-type-simple"},"_links":{"self":[{"href":"https:\/\/soydeaqui.ddns.net\/pachuca\/index.php\/wp-json\/wp\/v2\/product\/95590","targetHints":{"allow":["GET"]}}],"collection":[{"href":"https:\/\/soydeaqui.ddns.net\/pachuca\/index.php\/wp-json\/wp\/v2\/product"}],"about":[{"href":"https:\/\/soydeaqui.ddns.net\/pachuca\/index.php\/wp-json\/wp\/v2\/types\/product"}],"replies":[{"embeddable":true,"href":"https:\/\/soydeaqui.ddns.net\/pachuca\/index.php\/wp-json\/wp\/v2\/comments?post=95590"}],"wp:featuredmedia":[{"embeddable":true,"href":"https:\/\/soydeaqui.ddns.net\/pachuca\/index.php\/wp-json\/wp\/v2\/media\/95589"}],"wp:attachment":[{"href":"https:\/\/soydeaqui.ddns.net\/pachuca\/index.php\/wp-json\/wp\/v2\/media?parent=95590"}],"wp:term":[{"taxonomy":"product_brand","embeddable":true,"href":"https:\/\/soydeaqui.ddns.net\/pachuca\/index.php\/wp-json\/wp\/v2\/product_brand?post=95590"},{"taxonomy":"product_cat","embeddable":true,"href":"https:\/\/soydeaqui.ddns.net\/pachuca\/index.php\/wp-json\/wp\/v2\/product_cat?post=95590"},{"taxonomy":"product_tag","embeddable":true,"href":"https:\/\/soydeaqui.ddns.net\/pachuca\/index.php\/wp-json\/wp\/v2\/product_tag?post=95590"}],"curies":[{"name":"wp","href":"https:\/\/api.w.org\/{rel}","templated":true}]}}