{"id":95584,"date":"2026-03-20T07:35:21","date_gmt":"2026-03-20T07:35:21","guid":{"rendered":"https:\/\/soydeaqui.ddns.net\/pachuca\/index.php\/producto\/dvr-8-canales-turbohd-8-canales-ip-8-megapixel-4k-audio-por-coaxitron-acusense-lite-1-bahia-de-disco-duro-h-265-salida-de-video-en-4k\/"},"modified":"2026-03-20T07:35:33","modified_gmt":"2026-03-20T07:35:33","slug":"dvr-8-canales-turbohd-8-canales-ip-8-megapixel-4k-audio-por-coaxitron-acusense-lite-1-bahia-de-disco-duro-h-265-salida-de-video-en-4k","status":"publish","type":"product","link":"https:\/\/soydeaqui.ddns.net\/pachuca\/index.php\/producto\/dvr-8-canales-turbohd-8-canales-ip-8-megapixel-4k-audio-por-coaxitron-acusense-lite-1-bahia-de-disco-duro-h-265-salida-de-video-en-4k\/","title":{"rendered":"DVR 8 Canales TurboHD + 8 Canales IP \/ 8 Megap\u00edxel (4K) \/ Audio por Coaxitron \/ ACUSENSE Lite \/ 1 Bah\u00eda de Disco Duro \/ H.265+ \/ Salida de Video en 4K"},"content":{"rendered":"<div style='width: 100%; max-width: 1200px; margin: 0 auto; font-family: sans-serif; line-height: 1.6; color: inherit; background-color: transparent;'> <!-- Header --> <\/p>\n<div style='padding: 1.5rem 0; text-align: center;'> <img style='max-height: 6rem; width: auto; margin-bottom: 1rem;' src='https:\/\/ftp3.syscom.mx\/usuarios\/fotos\/logotipos\/hilook_by_hikvision.png' alt='Logo'> <\/p>\n<h1 style='font-size: 2.5rem; font-weight: bold; margin-bottom: 1rem; color: inherit;'>Controla y monitorea tus dispositivos de seguridad<\/h1>\n<p style='font-size: 1.25rem; margin-bottom: 0; color: inherit; opacity: 0.8;'>Descarga la app oficial y aprovecha al m\u00e1ximo tu producto inteligente<\/p>\n<\/p><\/div>\n<p> <!-- Features --> <\/p>\n<div style='padding: 2rem 0;'>\n<h2 style='text-align: center; font-size: 2rem; margin-bottom: 2rem; color: inherit; opacity: 0.9;'>Beneficios principales<\/h2>\n<div style='display: flex; flex-wrap: wrap; gap: 1.5rem; justify-content: center;'>\n<div style='flex: 1 1 250px; min-width: 200px; text-align: center;'>\n<div style='width: 60px; height: 60px; margin: 0 auto 1rem; background-color: #007bff; border-radius: 50%;'><\/div>\n<h5 style='margin-bottom: 0.5rem; color: inherit;'>Control remoto<\/h5>\n<p style='color: inherit; opacity: 0.8;'>Controla tus dispositivos desde cualquier lugar<\/p>\n<\/p><\/div>\n<div style='flex: 1 1 250px; min-width: 200px; text-align: center;'>\n<div style='width: 60px; height: 60px; margin: 0 auto 1rem; background-color: #28a745; border-radius: 50%;'><\/div>\n<h5 style='margin-bottom: 0.5rem; color: inherit;'>Monitoreo en tiempo real<\/h5>\n<p style='color: inherit; opacity: 0.8;'>Visualiza tus dispositivos al instante<\/p>\n<\/p><\/div>\n<div style='flex: 1 1 250px; min-width: 200px; text-align: center;'>\n<div style='width: 60px; height: 60px; margin: 0 auto 1rem; background-color: #17a2b8; border-radius: 50%;'><\/div>\n<h5 style='margin-bottom: 0.5rem; color: inherit;'>Notificaciones<\/h5>\n<p style='color: inherit; opacity: 0.8;'>Recibe notificaciones y alertas de los eventos que registra tu dispositivo.<\/p>\n<\/p><\/div>\n<div style='flex: 1 1 250px; min-width: 200px; text-align: center;'>\n<div style='width: 60px; height: 60px; margin: 0 auto 1rem; background-color: #ffc107; border-radius: 50%;'><\/div>\n<h5 style='margin-bottom: 0.5rem; color: inherit;'>Interfaz de usuario sencilla<\/h5>\n<p style='color: inherit; opacity: 0.8;'>Amigable para usuarios finales<\/p>\n<\/p><\/div>\n<\/p><\/div>\n<\/p><\/div>\n<p> <!-- Galer\u00eda de im\u00e1genes --> <\/p>\n<div style='padding: 2rem 0;'>\n<div style='display: flex; flex-wrap: wrap; gap: 1.5rem;'>\n<div style='flex: 1 1 25%; min-width: 280px;'> <img style='width: 100%; height: auto; border: 1px solid rgba(150&comma;150&comma;150&comma;0.3); border-radius: 8px;' src='https:\/\/ftp3.syscom.mx\/usuarios\/ftp\/single_page\/hilook\/interfaz.jpg' alt='Imagen 1'> <\/div>\n<div style='flex: 1 1 25%; min-width: 280px;'> <img style='width: 100%; height: auto; border: 1px solid rgba(150&comma;150&comma;150&comma;0.3); border-radius: 8px;' src='https:\/\/ftp3.syscom.mx\/usuarios\/ftp\/single_page\/hilook\/grabaciones.jpg' alt='Imagen 2'> <\/div>\n<div style='flex: 1 1 25%; min-width: 280px;'> <img style='width: 100%; height: auto; border: 1px solid rgba(150&comma;150&comma;150&comma;0.3); border-radius: 8px;' src='https:\/\/ftp3.syscom.mx\/usuarios\/ftp\/single_page\/hilook\/directo.jpg' alt='Imagen 3'> <\/div>\n<div style='flex: 1 1 25%; min-width: 280px;'> <img style='width: 100%; height: auto; border: 1px solid rgba(150&comma;150&comma;150&comma;0.3); border-radius: 8px;' src='https:\/\/ftp3.syscom.mx\/usuarios\/ftp\/single_page\/hilook\/notificaciones2.jpg' alt='Imagen 4'> <\/div>\n<\/p><\/div>\n<\/p><\/div>\n<p> <!-- Videos --> <\/p>\n<div style='padding: 2rem 0;'>\n<div style='display: flex; flex-wrap: wrap; gap: 2rem; justify-content: center;'> <!-- Video 1 --> <\/p>\n<div style='flex: 1 1 45%; min-width: 300px;'>\n<div style='position: relative; padding-bottom: 56.25%; height: 0; overflow: hidden; border: 1px solid rgba(150&comma;150&comma;150&comma;0.3); border-radius: 8px;'>   <\/div>\n<\/p><\/div>\n<p> <!-- Video 2 --> <\/p>\n<div style='flex: 1 1 45%; min-width: 300px;'>\n<div style='position: relative; padding-bottom: 56.25%; height: 0; overflow: hidden; border: 1px solid rgba(150&comma;150&comma;150&comma;0.3); border-radius: 8px;'>   <\/div>\n<\/p><\/div>\n<\/p><\/div>\n<\/p><\/div>\n<p> <!-- Especificaciones --> <\/p>\n<div style='display: flex; flex-wrap: wrap; gap: 2rem; margin-bottom: 30px;'> <!-- Columna 1 --> <\/p>\n<div style='flex: 1 1 400px; min-width: 300px;'>\n<div style='border: 1px solid rgba(150&comma; 150&comma; 150&comma; 0.4); border-radius: 8px; overflow: hidden; margin-bottom: 1.5rem;'>\n<div style='padding: 15px; background: #3598db; font-weight: bold; font-size: 18px; color: #fff; border-bottom: 1px solid rgba(150&comma;150&comma;150&comma;0.2);'>Caracter\u00edsticas Principales:<\/div>\n<div style='padding: 15px; color: inherit;'>\n<ul style='padding-left: 20px; margin: 0; font-size: 14px; list-style-type: disc;'>\n<li style='margin-bottom: 5px;'><span style='font-size: 12pt; font-family: verdana&comma; geneva&comma; sans-serif;'>Soporte de tecnolog\u00edas: HD-TVI \/ HD-CVI \/ AHD \/ Anal\u00f3gico (CVBS).<\/span><\/li>\n<li style='margin-bottom: 5px;'><span style='font-size: 12pt; font-family: verdana&comma; geneva&comma; sans-serif;'>Software cliente iVMS-4200 (gratuito).<\/span><\/li>\n<li style='margin-bottom: 5px;'><span style='font-size: 12pt; font-family: verdana&comma; geneva&comma; sans-serif;'>Compatible con Hik-Connect (P2P).<\/span><\/li>\n<li style='margin-bottom: 5px;'><span style='font-size: 12pt; font-family: verdana&comma; geneva&comma; sans-serif;'>Soporta servicio Hik-connect Domain \/ DynDNS \/ NO-IP.<\/span><\/li>\n<li style='margin-bottom: 5px;'><span style='font-size: 12pt; font-family: verdana&comma; geneva&comma; sans-serif;'>Soporta 8 canales TURBOHD \/ anal\u00f3gicos + 8 canal IP = 16 canales en total.<\/span><\/li>\n<li style='margin-bottom: 5px;'><span style='font-size: 12pt; font-family: verdana&comma; geneva&comma; sans-serif;'>H.265+ \/ H.265 \/ H.264<\/span><\/li>\n<li style='margin-bottom: 5px;'><span style='font-size: 12pt; font-family: verdana&comma; geneva&comma; sans-serif;'>HD-TVI: 8 Megap\u00edxel &#8211; 15 IPS.<\/span><\/li>\n<li style='margin-bottom: 5px;'><span style='font-size: 12pt; font-family: verdana&comma; geneva&comma; sans-serif;'>HD-CVI: 8 Megap\u00edxel &#8211; 15 IPS.<\/span><\/li>\n<li style='margin-bottom: 5px;'><span style='font-size: 12pt; font-family: verdana&comma; geneva&comma; sans-serif;'>AHD: 5 Megap\u00edxel &#8211; 20 IPS.<\/span><\/li>\n<li style='margin-bottom: 5px;'><span style='font-size: 12pt; font-family: verdana&comma; geneva&comma; sans-serif;'>IP: 8 Megap\u00edxel.<\/span><\/li>\n<li style='margin-bottom: 5px;'><span style='font-size: 12pt; font-family: verdana&comma; geneva&comma; sans-serif;'>No soporta canal cero.<\/span><\/li>\n<\/ul><\/div>\n<\/p><\/div>\n<\/p><\/div>\n<p> <!-- Columna 2 --> <\/p>\n<div style='flex: 1 1 400px; min-width: 300px;'>\n<div style='border: 1px solid rgba(150&comma; 150&comma; 150&comma; 0.4); border-radius: 8px; overflow: hidden; margin-bottom: 1.5rem;'>\n<div style='padding: 15px; background: #3598db; font-weight: bold; font-size: 18px; color: #fff; border-bottom: 1px solid rgba(150&comma;150&comma;150&comma;0.2);'>Caracter\u00edsticas F\u00edsicas:<\/div>\n<div style='padding: 15px; color: inherit;'>\n<ul style='padding-left: 20px; margin: 0; font-size: 14px; list-style-type: disc;'>\n<li style='margin-bottom: 5px;'><span style='font-size: 12pt; font-family: verdana&comma; geneva&comma; sans-serif;'>Alimentaci\u00f3n: 12 Vcc.<\/span><\/li>\n<li style='margin-bottom: 5px;'><span style='font-size: 12pt; font-family: verdana&comma; geneva&comma; sans-serif;'>Consumo sin disco duro: 10 W.<\/span><\/li>\n<li style='margin-bottom: 5px;'><span style='font-size: 12pt; font-family: verdana&comma; geneva&comma; sans-serif;'>Temperatura de operaci\u00f3n: -10 \u00baC hasta 55 \u00baC<\/span><\/li>\n<li style='margin-bottom: 5px;'><span style='font-size: 12pt; font-family: verdana&comma; geneva&comma; sans-serif;'>Dimensiones: 265 \u00d7 225 \u00d7 48 mm (W \u00d7 D \u00d7 H)<\/span><\/li>\n<li style='margin-bottom: 5px;'><span style='font-size: 12pt; font-family: verdana&comma; geneva&comma; sans-serif;'>Peso: 1.6 Kg sin disco duro.<\/span><\/li>\n<\/ul><\/div>\n<\/p><\/div>\n<div style='border: 1px solid rgba(150&comma; 150&comma; 150&comma; 0.4); border-radius: 8px; overflow: hidden; margin-bottom: 1.5rem;'>\n<div style='padding: 15px; background: #3598db; font-weight: bold; font-size: 18px; color: #fff; border-bottom: 1px solid rgba(150&comma;150&comma;150&comma;0.2);'>Entradas y Salidas de Audio \/ Alarmas \/ Red \/ Almacenamiento:<\/div>\n<div style='padding: 15px; color: inherit;'>\n<ul style='padding-left: 20px; margin: 0; font-size: 14px; list-style-type: disc;'>\n<li style='margin-bottom: 5px;'><span style='font-size: 12pt; font-family: verdana&comma; geneva&comma; sans-serif;'>Entrada audio: 1 (RCA&comma; 2.0 Vp-p&comma; 1K\u03a9).<\/span><\/li>\n<li style='margin-bottom: 5px;'><span style='font-size: 12pt; font-family: verdana&comma; geneva&comma; sans-serif;'>4 Entradas de audio por coaxitron.<\/span><\/li>\n<li style='margin-bottom: 5px;'><span style='font-size: 12pt; font-family: verdana&comma; geneva&comma; sans-serif;'>Salida audio: 1 (RCA&comma; 2.0 Vp-p&comma; 1K\u03a9).<\/span><\/li>\n<li style='margin-bottom: 5px;'><span style='font-size: 12pt; font-family: verdana&comma; geneva&comma; sans-serif;'>Entrada alarma: N\/A<\/span><\/li>\n<li style='margin-bottom: 5px;'><span style='font-size: 12pt; font-family: verdana&comma; geneva&comma; sans-serif;'>Salida alarma: N\/A<\/span><\/li>\n<li style='margin-bottom: 5px;'><span style='font-size: 12pt; font-family: verdana&comma; geneva&comma; sans-serif;'>Interfaz USB: 2 puerto (2.0) trasero.<\/span><\/li>\n<li style='margin-bottom: 5px;'><span style='font-size: 12pt; font-family: verdana&comma; geneva&comma; sans-serif;'>Interfaz red: 1 puetos (RJ-45 10\/100 Mbps).<\/span><\/li>\n<li style='margin-bottom: 5px;'><span style='font-size: 12pt; font-family: verdana&comma; geneva&comma; sans-serif;'>Capacidad de almacenamiento (HDD): 1 hasta 10 TB.<\/span><\/li>\n<\/ul><\/div>\n<\/p><\/div>\n<\/p><\/div>\n<\/p><\/div>\n<p> <!-- Caracter\u00edsticas Destacadas --> <\/p>\n<div style='border: 1px solid rgba(150&comma; 150&comma; 150&comma; 0.4); border-radius: 8px; overflow: hidden; margin-bottom: 2rem;'>\n<div style='padding: 15px; background: #3598db; font-weight: bold; font-size: 18px; color: #fff; border-bottom: 1px solid rgba(150&comma;150&comma;150&comma;0.2);'>Caracter\u00edsticas Destacadas:<\/div>\n<div style='padding: 15px; color: inherit;'>\n<ul style='padding-left: 20px; margin: 0; font-size: 14px; list-style-type: disc;'>\n<li style='margin-bottom: 5px;'><span style='font-family: verdana&comma; geneva&comma; sans-serif;'>Permite apagar canales TURBOHD para poder agregar m\u00e1s canales IP (hasta 16 canales IP en total).<\/span><\/li>\n<li style='margin-bottom: 5px;'><span style='font-family: verdana&comma; geneva&comma; sans-serif;'>Para conectar las c\u00e1maras IP requiere utilizar un switch PoE (no incluido).<\/span><\/li>\n<li style='margin-bottom: 5px;'><span style='font-family: verdana&comma; geneva&comma; sans-serif;'>Soporta audio por coaxitr\u00f3n (c\u00e1maras que soporten microfono integrado).<\/span><\/li>\n<li style='margin-bottom: 5px;'><span style='font-family: verdana&comma; geneva&comma; sans-serif;'>Soporta hasta 8 canales con la tecnolog\u00eda ACUSENSE Lite (humano y vehiculo pero con deteccion de movimiento&comma; no anal\u00edticos).<\/span><\/li>\n<li style='margin-bottom: 5px;'><span style='font-family: verdana&comma; geneva&comma; sans-serif;'>Si est\u00e1 habilitado el modo IP. Esta opci\u00f3n desactiva las funciones inteligentes&comma; como la detecci\u00f3n de movimiento. Esta configuraci\u00f3n prioriza la capacidad de canales IP sobre las funciones anal\u00edticas avanzadas<\/span><\/li>\n<\/ul><\/div>\n<\/p><\/div>\n<p> <!-- Audio por Coaxitron --> <\/p>\n<div style='margin-bottom: 2rem;'>\n<p style='text-align: center; font-weight: bold; margin: 1rem 0;'><span style='font-family: verdana&comma; geneva&comma; sans-serif;'>Audio&comma; Video y Datos por el Mismo Cable<\/span><\/p>\n<p> <img style='width: 100%; height: auto; border: 1px solid rgba(150&comma;150&comma;150&comma;0.3); border-radius: 8px;' src='https:\/\/ftp3.syscom.mx\/usuarios\/jsosa\/HIKVISION\/imagenes\/coaxitron\/coaxitron.jpg' alt='Audio&comma; Video y Datos por el Mismo Cable'> <\/div>\n<p> <!-- Secci\u00f3n de detalles --> <\/p>\n<div style='display: flex; flex-wrap: wrap; gap: 2rem; margin-bottom: 2rem;'>\n<div style='flex: 1 1 50%; min-width: 300px;'>\n<h2 style='font-size: 1.5rem; margin-bottom: 1rem; color: #3598db; font-family: sans-serif; text-align: center;'>Audio por Coaxitron en Todos los Canales.<\/h2>\n<p style='text-align: justify; font-size: 14px; color: inherit;'> Una de las m\u00faltiples ventajas de los nuevos sistemas de videovigilancia es el <strong>audio por coaxitron<\/strong>. Al realizar la combinaci\u00f3n de una c\u00e1mara con <strong>micr\u00f3fono interconstruido<\/strong> y un videograbador con audio por coaxitron&comma; usted podr\u00e1 <strong>almacenar video y audio<\/strong> sin tener que a\u00f1adir componentes extras&comma; ya que la instalaci\u00f3n de una c\u00e1mara con micr\u00f3fono interconstruido es exactamente igual a una que no tenga micr\u00f3fono interconstruido y s\u00ed&#8230; as\u00ed es usted puede a\u00f1adir c\u00e1maras con micr\u00f3fono interconstruido en <strong>todos los canales<\/strong> TurboHD (la funci\u00f3n de audio por coaxitron \u00fanicamente funciona en TVI\/TurboHD). <\/p>\n<p> <\/p>\n<p style='text-align: center; margin-top: 1rem;'> <a href='https:\/\/www.syscom.mx\/principal\/promociones\/camaras_con_audio_por_coaxitron_2_mp-5477.html?ordenar=Relevancia&#038;pag=1' target='_blank' rel='noopener' style='color: #3598db; text-decoration: none; font-weight: bold;'>(Ver modelos compatibles con Audio por Coaxitron en C\u00e1maras TurboHD)<\/a> <\/p>\n<\/p><\/div>\n<div style='flex: 1 1 45%; min-width: 300px;'>\n<div style='position: relative; padding-bottom: 56.25%; height: 0; overflow: hidden; border: 1px solid rgba(150&comma;150&comma;150&comma;0.3); border-radius: 8px;'>   <\/div>\n<\/p><\/div>\n<\/p><\/div>\n<p> <!-- Banner final --> <\/p>\n<div style='margin: 2rem 0;'> <img style='width: 100%; height: auto; border: 1px solid rgba(150&comma;150&comma;150&comma;0.3); border-radius: 8px;' src='https:\/\/ftp3.syscom.mx\/usuarios\/yvalenzuela\/Hilook\/hiklook.jpg' alt='Banner final'> <\/div>\n<\/p><\/div>\n","protected":false},"excerpt":{"rendered":"<p>DVR 8 Canales TurboHD + 8 Canales IP \/ 8 Megap\u00edxel (4K) \/ Audio por Coaxitron \/ ACUSENSE Lite \/ 1 Bah\u00eda de Disco Duro \/ H.265+ \/ Salida de Video en 4K<\/p>\n","protected":false},"featured_media":95583,"comment_status":"open","ping_status":"closed","template":"","meta":[],"product_brand":[],"product_cat":[2254],"product_tag":[2255,715,2256],"class_list":{"0":"post-95584","1":"product","2":"type-product","3":"status-publish","4":"has-post-thumbnail","6":"product_cat-videograbadoras-analogicas-turbohd-tvi-ahd-cvi","7":"product_tag-camaras-y-dvrs-hd-turbohd-ahd-hd-tvi","8":"product_tag-hilook-by-hikvision","9":"product_tag-videograbadoras-analogicas-turbohd-tvi-ahd-cvi","11":"first","12":"instock","13":"sale","14":"shipping-taxable","15":"purchasable","16":"product-type-simple"},"_links":{"self":[{"href":"https:\/\/soydeaqui.ddns.net\/pachuca\/index.php\/wp-json\/wp\/v2\/product\/95584","targetHints":{"allow":["GET"]}}],"collection":[{"href":"https:\/\/soydeaqui.ddns.net\/pachuca\/index.php\/wp-json\/wp\/v2\/product"}],"about":[{"href":"https:\/\/soydeaqui.ddns.net\/pachuca\/index.php\/wp-json\/wp\/v2\/types\/product"}],"replies":[{"embeddable":true,"href":"https:\/\/soydeaqui.ddns.net\/pachuca\/index.php\/wp-json\/wp\/v2\/comments?post=95584"}],"wp:featuredmedia":[{"embeddable":true,"href":"https:\/\/soydeaqui.ddns.net\/pachuca\/index.php\/wp-json\/wp\/v2\/media\/95583"}],"wp:attachment":[{"href":"https:\/\/soydeaqui.ddns.net\/pachuca\/index.php\/wp-json\/wp\/v2\/media?parent=95584"}],"wp:term":[{"taxonomy":"product_brand","embeddable":true,"href":"https:\/\/soydeaqui.ddns.net\/pachuca\/index.php\/wp-json\/wp\/v2\/product_brand?post=95584"},{"taxonomy":"product_cat","embeddable":true,"href":"https:\/\/soydeaqui.ddns.net\/pachuca\/index.php\/wp-json\/wp\/v2\/product_cat?post=95584"},{"taxonomy":"product_tag","embeddable":true,"href":"https:\/\/soydeaqui.ddns.net\/pachuca\/index.php\/wp-json\/wp\/v2\/product_tag?post=95584"}],"curies":[{"name":"wp","href":"https:\/\/api.w.org\/{rel}","templated":true}]}}