{"id":95539,"date":"2026-03-20T07:33:26","date_gmt":"2026-03-20T07:33:26","guid":{"rendered":"https:\/\/soydeaqui.ddns.net\/pachuca\/index.php\/producto\/dual-light-colorvu-turret-turbohd-2-megapixel-1080p-lente-2-8-mm-20-mts-ir-20-mts-luz-blanca-gran-angular-105-exterior-ip67-microfono-integrado-dwdr-4-tecnologias-metal\/"},"modified":"2026-03-20T07:33:40","modified_gmt":"2026-03-20T07:33:40","slug":"dual-light-colorvu-turret-turbohd-2-megapixel-1080p-lente-2-8-mm-20-mts-ir-20-mts-luz-blanca-gran-angular-105-exterior-ip67-microfono-integrado-dwdr-4-tecnologias-metal","status":"publish","type":"product","link":"https:\/\/soydeaqui.ddns.net\/pachuca\/index.php\/producto\/dual-light-colorvu-turret-turbohd-2-megapixel-1080p-lente-2-8-mm-20-mts-ir-20-mts-luz-blanca-gran-angular-105-exterior-ip67-microfono-integrado-dwdr-4-tecnologias-metal\/","title":{"rendered":"[Dual Light + ColorVu] Turret TURBOHD 2 Megapixel (1080p) \/ Lente 2.8 mm \/ 20 mts IR + 20 mts Luz Blanca \/ Gran Angular 105\u00b0 \/ Exterior IP67 \/ Micr\u00f3fono Integrado \/ dWDR \/ 4 Tecnolog\u00edas \/ Metal"},"content":{"rendered":"<div style='width: 100%; max-width: 1200px; margin: 0 auto; font-family: sans-serif; line-height: 1.6; color: inherit; background-color: transparent;'> <!-- Imagen logo --> <\/p>\n<div style='width: 100%; text-align: center; margin: 20px 0;'> <img style='width: 100%; max-width: 583px; height: auto; border: 1px solid rgba(150&comma;150&comma;150&comma;0.3); border-radius: 8px;' src='https:\/\/ftp3.syscom.mx\/usuarios\/jsosa\/HIKVISION\/imagenes\/logo\/hikvision%20see%20far.png' alt='Logo Hikvision'> <\/div>\n<p> <!-- Imagen principal --> <\/p>\n<div style='width: 100%; margin: 20px 0;'> <img style='width: 100%; height: auto; border: 1px solid rgba(150&comma;150&comma;150&comma;0.3); border-radius: 8px;' src='https:\/\/ftp3.syscom.mx\/usuarios\/roberto.espino\/fotos\/DualLight.jpg' alt='Dual Light Camera'> <\/div>\n<p> <!-- Video y segunda imagen --> <\/p>\n<div style='display: flex; flex-wrap: wrap; gap: 20px; margin: 30px 0;'> <!-- Video --> <\/p>\n<div style='flex: 1 1 300px; min-width: 280px;'>\n<div style='position: relative; padding-bottom: 56.25%; height: 0; overflow: hidden;'>   <\/div>\n<\/p><\/div>\n<p> <!-- Imagen secundaria --> <\/p>\n<div style='flex: 1 1 300px; min-width: 280px;'> <img style='width: 100%; height: auto; border: 1px solid rgba(150&comma;150&comma;150&comma;0.3); border-radius: 8px;' src='https:\/\/ftp3.syscom.mx\/usuarios\/fotos\/DS2CE76D0TLMFS\/207844-dual_light.png' alt='Dual Light Camera'> <\/div>\n<\/p><\/div>\n<p> <!-- Imagen coaxitron --> <\/p>\n<div style='width: 100%; margin: 30px 0;'>\n<p style='text-align: center; margin-bottom: 10px; font-size: 14px; color: inherit; opacity: 0.8;'>Audio&comma; Video y Datos por el Mismo Cable<\/p>\n<p> <img style='width: 100%; height: auto; border: 1px solid rgba(150&comma;150&comma;150&comma;0.3); border-radius: 8px;' src='https:\/\/ftp3.syscom.mx\/usuarios\/jsosa\/HIKVISION\/imagenes\/coaxitron\/coaxitron.jpg' alt='Coaxitron'> <\/div>\n<p> <!-- Imagen adicional --> <\/p>\n<div style='width: 100%; margin: 30px 0;'> <img style='width: 100%; height: auto; border: 1px solid rgba(150&comma;150&comma;150&comma;0.3); border-radius: 8px;' src='https:\/\/ftp3.syscom.mx\/usuarios\/fotos\/DS2CE16D0TLFS\/207843-dual_light2.png' alt='Dual Light Camera'> <\/div>\n<p> <!-- Secci\u00f3n de caracter\u00edsticas --> <\/p>\n<div style='display: flex; flex-wrap: wrap; gap: 30px; margin: 30px 0;'> <!-- Caracter\u00edsticas principales --> <\/p>\n<div style='flex: 1 1 300px; min-width: 280px;'>\n<h3 style='font-size: 22px; border-bottom: 2px solid currentColor; padding-bottom: 5px; margin-top: 0; color: inherit; opacity: 0.8;'>Caracter\u00edsticas principales<\/h3>\n<ul style='padding-left: 20px; font-size: 15px; color: inherit;'>\n<li style='margin-bottom: 5px;'>Resoluci\u00f3n m\u00e1xima: <strong>2 Megapixel (1920 x 1080)<\/strong><\/li>\n<li style='margin-bottom: 5px;'>Lente fijo: <strong>2.8 mm (\u00e1ngulo de visi\u00f3n 105\u00b0)<\/strong><\/li>\n<li style='margin-bottom: 5px;'>Distancia IR: <strong>20 mts<\/strong><\/li>\n<li style='margin-bottom: 5px;'>Distancia Luz Blanca: <strong>20 mts<\/strong><\/li>\n<li style='margin-bottom: 5px;'>Tecnolog\u00edas compatibles: <strong>TVI \/ AHD \/ CVI \/ CVBS<\/strong><\/li>\n<li style='margin-bottom: 5px;'>Soporte para: <strong>dWDR<\/strong><\/li>\n<li style='margin-bottom: 5px;'>Soporta <strong>coaxitron<\/strong><\/li>\n<li style='margin-bottom: 5px;'><strong>Nota:<\/strong> El audio por coaxitron se env\u00eda \u00fanicamente por tecnolog\u00eda TVI<\/li>\n<\/ul><\/div>\n<p> <!-- Caracter\u00edsticas f\u00edsicas y el\u00e9ctricas --> <\/p>\n<div style='flex: 1 1 300px; min-width: 280px;'>\n<h3 style='font-size: 22px; border-bottom: 2px solid currentColor; padding-bottom: 5px; margin-top: 0; color: inherit; opacity: 0.8;'>Caracter\u00edsticas F\u00edsicas y El\u00e9ctricas<\/h3>\n<ul style='padding-left: 20px; font-size: 15px; color: inherit;'>\n<li style='margin-bottom: 5px;'>Alimentaci\u00f3n \/ Consumo: <strong>12 Vcc \/ 3.3 Watts<\/strong><\/li>\n<li style='margin-bottom: 5px;'>Protecci\u00f3n: <strong>IP67 (interior \/ exterior)<\/strong><\/li>\n<li style='margin-bottom: 5px;'>Material: <strong>Metal<\/strong><\/li>\n<li style='margin-bottom: 5px;'>Peso: <strong>320 gramos<\/strong><\/li>\n<\/ul>\n<h4 style='font-size: 18px; margin-top: 25px; margin-bottom: 15px; color: inherit; opacity: 0.8;'>Accesorios Opcionales<\/h4>\n<ul style='padding-left: 20px; font-size: 15px; color: inherit;'>\n<li style='margin-bottom: 5px;'>Caja de conexiones&comma; modelo: <a href='https:\/\/www.syscom.mx\/producto\/DS-1280ZJ-XS-HIKVISION-84491.html' target='_blank' rel='noopener' style='color: inherit; text-decoration: underline;'>DS-1280ZJ-XS<\/a><\/li>\n<li style='margin-bottom: 5px;'>Montaje de pared: <a href='https:\/\/www.syscom.mx\/producto\/DS-1272ZJ-110-TRS-HIKVISION-139817.html' target='_blank' rel='noopener' style='color: inherit; text-decoration: underline;'>DS-1272ZJ-110-TRS<\/a><\/li>\n<li style='margin-bottom: 5px;'>Montaje de pared: <a href='https:\/\/www.syscom.mx\/producto\/DS-2280ZJ-HIKVISION-156171.html' target='_blank' rel='noopener' style='color: inherit; text-decoration: underline;'>DS-2280ZJ<\/a><\/li>\n<li style='margin-bottom: 5px;'>Montaje de poste: <a href='https:\/\/www.syscom.mx\/producto\/DS-1275ZJ-SUS-HIKVISION-156172.html' target='_blank' rel='noopener' style='color: inherit; text-decoration: underline;'>DS-1275ZJ-SUS<\/a><\/li>\n<li style='margin-bottom: 5px;'>Montaje de esquina: <a href='https:\/\/www.syscom.mx\/producto\/DS-1276ZJ-SUS-HIKVISION-156173.html' target='_blank' rel='noopener' style='color: inherit; text-decoration: underline;'>DS-1276ZJ-SUS<\/a><\/li>\n<\/ul><\/div>\n<p> <!-- Caracter\u00edsticas destacadas --> <\/p>\n<div style='flex: 1 1 300px; min-width: 280px;'>\n<h3 style='font-size: 22px; border-bottom: 2px solid currentColor; padding-bottom: 5px; margin-top: 0; color: inherit; opacity: 0.8;'>Caracter\u00edsticas Destacadas<\/h3>\n<p style='font-size: 15px; color: inherit;'>La c\u00e1mara cuenta con un micr\u00f3fono interconstruido&comma; el cual no requiere cables adicionales para poder transmitir el audio.<\/p>\n<p style='font-size: 15px; color: inherit;'>La funci\u00f3n de Luz Dual (Dual Light) permite que la c\u00e1mara cuando este en modo noche (con IR encendido) pueda activar su luz blanca para grabar a color cuando ocurra un evento (detecci\u00f3n de movimiento&comma; cruce de l\u00ednea&comma; entrada de \u00e1rea). La comunicaci\u00f3n de activar luz blanca \u00fanicamente funciona en modo TVI (TURBOHD) y con grabadores con versiones de firmware 4.26 o superior.<\/p>\n<\/p><\/div>\n<\/p><\/div>\n<p> <!-- Consideraciones --> <\/p>\n<div style='width: 100%; margin: 30px 0;'>\n<h3 style='font-size: 22px; border-bottom: 2px solid currentColor; padding-bottom: 5px; margin-top: 0; color: inherit; opacity: 0.8;'>Consideraciones<\/h3>\n<ul style='padding-left: 20px; font-size: 15px; color: inherit;'>\n<li style='margin-bottom: 5px;'>La funci\u00f3n de Luz Dual (Dual Light) \u00fanicamente funciona en modo TVI (TURBOHD) y con grabadores con versiones de firmware 4.26 o superior<\/li>\n<li style='margin-bottom: 5px;'>El audio por coaxitron se env\u00eda \u00fanicamente por tecnolog\u00eda TVI<\/li>\n<\/ul><\/div>\n<p> <!-- Imagen de soluci\u00f3n completa --> <\/p>\n<div style='width: 100%; margin: 30px 0;'> <img style='width: 100%; height: auto; border: 1px solid rgba(150&comma;150&comma;150&comma;0.3); border-radius: 8px;' src='https:\/\/ftp3.syscom.mx\/usuarios\/jsosa\/HIKVISION\/imagenes\/banners\/solution%20complete.png' alt='Soluci\u00f3n completa'> <\/div>\n<\/p><\/div>\n","protected":false},"excerpt":{"rendered":"<p>[Dual Light + ColorVu] Turret TURBOHD 2 Megapixel (1080p) \/ Lente 2.8 mm \/ 20 mts IR + 20 mts Luz Blanca \/ Gran Angular 105\u00b0 \/ Exterior IP67 \/ Micr\u00f3fono Integrado \/ dWDR \/ 4 Tecnolog\u00edas \/ Metal<\/p>\n","protected":false},"featured_media":95538,"comment_status":"open","ping_status":"closed","template":"","meta":[],"product_brand":[],"product_cat":[2269],"product_tag":[2255,2057,54],"class_list":{"0":"post-95539","1":"product","2":"type-product","3":"status-publish","4":"has-post-thumbnail","6":"product_cat-domo-eyeball-turret-camaras-y-dvrs-hd-turbohd-ahd-hd-tvi","7":"product_tag-camaras-y-dvrs-hd-turbohd-ahd-hd-tvi","8":"product_tag-domo-eyeball-turret","9":"product_tag-hikvision","11":"first","12":"instock","13":"sale","14":"shipping-taxable","15":"purchasable","16":"product-type-simple"},"_links":{"self":[{"href":"https:\/\/soydeaqui.ddns.net\/pachuca\/index.php\/wp-json\/wp\/v2\/product\/95539","targetHints":{"allow":["GET"]}}],"collection":[{"href":"https:\/\/soydeaqui.ddns.net\/pachuca\/index.php\/wp-json\/wp\/v2\/product"}],"about":[{"href":"https:\/\/soydeaqui.ddns.net\/pachuca\/index.php\/wp-json\/wp\/v2\/types\/product"}],"replies":[{"embeddable":true,"href":"https:\/\/soydeaqui.ddns.net\/pachuca\/index.php\/wp-json\/wp\/v2\/comments?post=95539"}],"wp:featuredmedia":[{"embeddable":true,"href":"https:\/\/soydeaqui.ddns.net\/pachuca\/index.php\/wp-json\/wp\/v2\/media\/95538"}],"wp:attachment":[{"href":"https:\/\/soydeaqui.ddns.net\/pachuca\/index.php\/wp-json\/wp\/v2\/media?parent=95539"}],"wp:term":[{"taxonomy":"product_brand","embeddable":true,"href":"https:\/\/soydeaqui.ddns.net\/pachuca\/index.php\/wp-json\/wp\/v2\/product_brand?post=95539"},{"taxonomy":"product_cat","embeddable":true,"href":"https:\/\/soydeaqui.ddns.net\/pachuca\/index.php\/wp-json\/wp\/v2\/product_cat?post=95539"},{"taxonomy":"product_tag","embeddable":true,"href":"https:\/\/soydeaqui.ddns.net\/pachuca\/index.php\/wp-json\/wp\/v2\/product_tag?post=95539"}],"curies":[{"name":"wp","href":"https:\/\/api.w.org\/{rel}","templated":true}]}}