{"id":95533,"date":"2026-03-20T07:33:11","date_gmt":"2026-03-20T07:33:11","guid":{"rendered":"https:\/\/soydeaqui.ddns.net\/pachuca\/index.php\/producto\/dual-light-colorvu-bala-turbohd-2-megapixel-1080p-lente-2-8-mm-20-mts-ir-20-mts-luz-blanca-gran-angular-105-exterior-ip67-microfono-integrado-dwdr-4-tecnologias\/"},"modified":"2026-03-20T07:33:23","modified_gmt":"2026-03-20T07:33:23","slug":"dual-light-colorvu-bala-turbohd-2-megapixel-1080p-lente-2-8-mm-20-mts-ir-20-mts-luz-blanca-gran-angular-105-exterior-ip67-microfono-integrado-dwdr-4-tecnologias","status":"publish","type":"product","link":"https:\/\/soydeaqui.ddns.net\/pachuca\/index.php\/producto\/dual-light-colorvu-bala-turbohd-2-megapixel-1080p-lente-2-8-mm-20-mts-ir-20-mts-luz-blanca-gran-angular-105-exterior-ip67-microfono-integrado-dwdr-4-tecnologias\/","title":{"rendered":"[Dual Light + ColorVu] Bala TURBOHD 2 Megapixel (1080p) \/ Lente 2.8 mm \/ 20 mts IR + 20 mts Luz Blanca \/ Gran Angular 105\u00b0 \/ Exterior IP67 \/ Micr\u00f3fono Integrado \/ dWDR \/ 4 Tecnolog\u00edas"},"content":{"rendered":"<div style='width: 100%; max-width: 1200px; margin: 0 auto; font-family: sans-serif; line-height: 1.6; color: inherit; background-color: transparent;'> <!-- Logos y banners --> <\/p>\n<div style='display: flex; flex-wrap: wrap; gap: 15px; justify-content: center; margin-bottom: 30px;'> <img style='width: 100%; max-width: 583px; height: auto; border: 1px solid rgba(150&comma;150&comma;150&comma;0.3); border-radius: 8px;' src='https:\/\/ftp3.syscom.mx\/usuarios\/jsosa\/HIKVISION\/imagenes\/logo\/hikvision%20see%20far.png' alt='Logo Hikvision'> <img style='width: 100%; height: auto; border: 1px solid rgba(150&comma;150&comma;150&comma;0.3); border-radius: 8px;' src='https:\/\/ftp3.syscom.mx\/usuarios\/roberto.espino\/fotos\/DualLight.jpg' alt='Dual Light'> <\/div>\n<p> <!-- Video y imagen destacada --> <\/p>\n<div style='display: flex; flex-wrap: wrap; gap: 30px; margin-bottom: 30px;'>\n<div style='width: 100%; text-align: center;'>\n<p style='margin: 0; padding: 10px; background-color: rgba(51&comma;51&comma;51&comma;0.05); border-left: 4px solid rgba(255&comma;0&comma;0&comma;0.8); font-weight: bold; color: inherit; font-size: 14px;'>Audio&comma; Video y Datos por el Mismo Cable<\/p>\n<\/p><\/div>\n<\/p><\/div>\n<p> <img style='width: 100%; height: auto; border: 1px solid rgba(150&comma;150&comma;150&comma;0.3); border-radius: 8px; margin-bottom: 30px;' src='https:\/\/ftp3.syscom.mx\/usuarios\/jsosa\/HIKVISION\/imagenes\/coaxitron\/coaxitron.jpg' alt='Coaxitron'> <!-- Video YouTube y imagen adicional --> <\/p>\n<div style='display: flex; flex-wrap: wrap; gap: 30px; margin-bottom: 30px;'>\n<div style='width: 100%; position: relative; padding-bottom: 56.25%; height: 0; overflow: hidden;'>   <\/div>\n<p> <img style='width: 100%; max-width: 720px; height: auto; border: 1px solid rgba(150&comma;150&comma;150&comma;0.3); border-radius: 8px;' src='https:\/\/ftp3.syscom.mx\/usuarios\/fotos\/DS2CE76D0TLMFS\/207844-dual_light.png' alt='Dual Light 2'> <\/div>\n<p> <!-- Imagen de fondo --> <img style='width: 100%; height: auto; border: 1px solid rgba(150&comma;150&comma;150&comma;0.3); border-radius: 8px; margin-bottom: 30px;' src='https:\/\/ftp3.syscom.mx\/usuarios\/fotos\/DS2CE16D0TLFS\/207843-dual_light2.png' alt='Dual Light 3'> <!-- Secci\u00f3n de contenido con flex\/grid --> <\/p>\n<div style='display: flex; flex-wrap: wrap; gap: 30px; margin-bottom: 30px;'> <!-- Caracter\u00edsticas principales --> <\/p>\n<div style='flex: 1 1 300px; min-width: 280px;'>\n<h3 style='font-size: 22px; border-bottom: 2px solid currentColor; padding-bottom: 5px; margin-top: 0; color: inherit; opacity: 0.8;'>Caracter\u00edsticas principales<\/h3>\n<ul style='padding-left: 20px; font-size: 15px; color: inherit;'>\n<li style='margin-bottom: 5px;'><strong>Resoluci\u00f3n:<\/strong> 2 Megapixel (1920 x 1080)<\/li>\n<li style='margin-bottom: 5px;'><strong>Lente:<\/strong> 2.8 mm (\u00e1ngulo de visi\u00f3n 105\u00b0)<\/li>\n<li style='margin-bottom: 5px;'><strong>Visi\u00f3n nocturna IR:<\/strong> 20 mts<\/li>\n<li style='margin-bottom: 5px;'><strong>Luz blanca:<\/strong> 20 mts<\/li>\n<li style='margin-bottom: 5px;'><strong>Compatibilidad:<\/strong> TVI \/ AHD \/ CVI \/ CVBS<\/li>\n<li style='margin-bottom: 5px;'><strong>Mejora de imagen:<\/strong> dWDR<\/li>\n<li style='margin-bottom: 5px;'><strong>Audio:<\/strong> Micr\u00f3fono integrado<\/li>\n<li style='margin-bottom: 5px;'><strong>Nota:<\/strong> El audio por coaxitron se env\u00eda \u00fanicamente por tecnolog\u00eda TVI<\/li>\n<\/ul><\/div>\n<p> <!-- Caracter\u00edsticas f\u00edsicas --> <\/p>\n<div style='flex: 1 1 300px; min-width: 280px;'>\n<h3 style='font-size: 22px; border-bottom: 2px solid currentColor; padding-bottom: 5px; margin-top: 0; color: inherit; opacity: 0.8;'>Caracter\u00edsticas F\u00edsicas y El\u00e9ctricas<\/h3>\n<ul style='padding-left: 20px; font-size: 15px; color: inherit;'>\n<li style='margin-bottom: 5px;'><strong>Alimentaci\u00f3n:<\/strong> 12 Vcc \/ 3.3 Watts<\/li>\n<li style='margin-bottom: 5px;'><strong>Protecci\u00f3n:<\/strong> IP67 (interior \/ exterior)<\/li>\n<li style='margin-bottom: 5px;'><strong>Material:<\/strong> Metal<\/li>\n<li style='margin-bottom: 5px;'><strong>Peso:<\/strong> 395 gramos<\/li>\n<\/ul>\n<h4 style='font-size: 18px; margin-top: 25px; margin-bottom: 15px; color: inherit; opacity: 0.85;'>Accesorios Opcionales<\/h4>\n<ul style='padding-left: 20px; font-size: 15px; color: inherit;'>\n<li style='margin-bottom: 5px;'><strong>Caja de conexiones:<\/strong> <a href='https:\/\/www.syscom.mx\/producto\/DS-1280ZJ-XS-HIKVISION-84491.html' target='_blank' rel='noopener' style='color: inherit; text-decoration: underline; opacity: 0.9; font-weight: normal;'>DS-1280ZJ-XS<\/a><\/li>\n<\/ul><\/div>\n<p> <!-- Caracter\u00edsticas destacadas --> <\/p>\n<div style='flex: 1 1 300px; min-width: 280px;'>\n<h3 style='font-size: 22px; border-bottom: 2px solid currentColor; padding-bottom: 5px; margin-top: 0; color: inherit; opacity: 0.8;'>Caracter\u00edsticas Destacadas<\/h3>\n<p style='font-size: 15px; color: inherit; margin-bottom: 15px;'>La c\u00e1mara cuenta con un micr\u00f3fono interconstruido&comma; el cual no requiere cables adicionales para poder transmitir el audio&comma; funciona inclusive con UTP y un balun tradicional.<\/p>\n<p style='font-size: 15px; color: inherit; margin-bottom: 15px;'>La funci\u00f3n de Luz Dual (Dual Light) permite que la c\u00e1mara cuando este en modo noche (con IR encendido) pueda activar su luz blanca para grabar a color cuando ocurra un evento (detecci\u00f3n de movimiento&comma; cruce de l\u00ednea&comma; entrada de \u00e1rea). La comunicaci\u00f3n de activar luz blanca \u00fanicamente funciona en modo TVI (TURBOHD) y con grabadores con versiones de firmware 4.26 o superior.<\/p>\n<\/p><\/div>\n<\/p><\/div>\n<p> <!-- Consideraciones --> <\/p>\n<div style='border-left: 5px solid rgba(255&comma;0&comma;0&comma;0.8); padding: 15px; margin-bottom: 30px; background-color: rgba(51&comma;51&comma;51&comma;0.05); border-radius: 8px;'>\n<h3 style='font-size: 22px; margin-top: 0; margin-bottom: 15px; color: inherit; opacity: 0.8;'>Consideraciones<\/h3>\n<ul style='padding-left: 20px; font-size: 15px; color: inherit;'>\n<li style='margin-bottom: 5px;'>La funci\u00f3n de audio integrado requiere grabador compatible para su correcta transmisi\u00f3n.<\/li>\n<li style='margin-bottom: 5px;'>La activaci\u00f3n de luz blanca por eventos solo funciona con tecnolog\u00eda TVI y firmware 4.26 o superior en grabadores.<\/li>\n<\/ul><\/div>\n<p> <!-- Recursos --> <\/p>\n<div style='margin-bottom: 30px;'>\n<h2 style='font-size: 24px; text-align: center; margin-bottom: 25px; color: inherit; opacity: 0.85;'>Recursos<\/h2>\n<div style='display: flex; flex-wrap: wrap; gap: 20px; justify-content: center;'> <!-- IVMS4200 --> <a href='https:\/\/www.hikvision.com\/es-la\/support\/download\/software\/ivms4200-series\/?q=serie%20ivms4200&#038;position=1' target='_blank' rel='noopener' style='text-decoration: none; color: inherit; flex: 1 1 250px; min-width: 220px;'> <\/p>\n<div style='border: 1px solid rgba(150&comma;150&comma;150&comma;0.3); border-radius: 8px; overflow: hidden; transition: all 0.3s ease;'> <img style='width: 100%; height: auto; display: block;' src='https:\/\/ftp3.syscom.mx\/usuarios\/gmagos\/HIK\/IP\/IPC\/Imagenes%20pagina\/Descargas%20IVMS4200.jpg' alt='IVMS4200'> <\/p>\n<div style='padding: 15px;'>\n<h4 style='font-size: 18px; margin: 0 0 10px; color: inherit; opacity: 0.85;'>IVMS4200<\/h4>\n<p style='margin: 0; font-size: 14px; color: inherit; opacity: 0.85;'>Software de gesti\u00f3n de video<\/p>\n<\/p><\/div>\n<\/p><\/div>\n<p> <\/a> <!-- App Hikvision --> <a href='https:\/\/appstore.hikvision.com\/' target='_blank' rel='noopener' style='text-decoration: none; color: inherit; flex: 1 1 250px; min-width: 220px;'> <\/p>\n<div style='border: 1px solid rgba(150&comma;150&comma;150&comma;0.3); border-radius: 8px; overflow: hidden; transition: all 0.3s ease;'> <img style='width: 100%; height: auto; display: block;' src='https:\/\/ftp3.syscom.mx\/usuarios\/gmagos\/HIK\/IP\/IPC\/Imagenes%20pagina\/Descargas%20de%20app.jpg' alt='App Hikvision'> <\/p>\n<div style='padding: 15px;'>\n<h4 style='font-size: 18px; margin: 0 0 10px; color: inherit; opacity: 0.85;'>Aplicaci\u00f3n m\u00f3vil<\/h4>\n<p style='margin: 0; font-size: 14px; color: inherit; opacity: 0.85;'>Descargas de aplicaciones<\/p>\n<\/p><\/div>\n<\/p><\/div>\n<p> <\/a> <!-- Datasheet --> <a href='https:\/\/ftp3.syscom.mx\/usuarios\/aberumen\/Turbo%20Hikvision\/Specs\/DS2CE16D0TLFS%20\/Datasheet%2Bof%2BDS-2CE16D0T-LFS_20220414.pdf' target='_blank' rel='noopener' style='text-decoration: none; color: inherit; flex: 1 1 250px; min-width: 220px;'> <\/p>\n<div style='border: 1px solid rgba(150&comma;150&comma;150&comma;0.3); border-radius: 8px; overflow: hidden; transition: all 0.3s ease;'> <img style='width: 100%; height: auto; display: block;' src='https:\/\/ftp3.syscom.mx\/usuarios\/gmagos\/HIK\/IP\/IPC\/Imagenes%20pagina\/Descarga%20de%20PDF.jpg' alt='Datasheet'> <\/p>\n<div style='padding: 15px;'>\n<h4 style='font-size: 18px; margin: 0 0 10px; color: inherit; opacity: 0.85;'>Ficha t\u00e9cnica<\/h4>\n<p style='margin: 0; font-size: 14px; color: inherit; opacity: 0.85;'>Descarga el datasheet PDF<\/p>\n<\/p><\/div>\n<\/p><\/div>\n<p> <\/a> <\/div>\n<\/p><\/div>\n<p> <!-- Banner final --> <img style='width: 100%; height: auto; border: 1px solid rgba(150&comma;150&comma;150&comma;0.3); border-radius: 8px; margin-bottom: 30px;' src='https:\/\/ftp3.syscom.mx\/usuarios\/jsosa\/HIKVISION\/imagenes\/banners\/solution%20complete.png' alt='Soluci\u00f3n completa'> <!-- Separador final --> <\/p>\n<hr style='border: 0; border-top: 1px solid rgba(150&comma; 150&comma; 150&comma; 0.3); margin: 30px 0;'> <\/div>\n","protected":false},"excerpt":{"rendered":"<p>[Dual Light + ColorVu] Bala TURBOHD 2 Megapixel (1080p) \/ Lente 2.8 mm \/ 20 mts IR + 20 mts Luz Blanca \/ Gran Angular 105\u00b0 \/ Exterior IP67 \/ Micr\u00f3fono Integrado \/ dWDR \/ 4 Tecnolog\u00edas<\/p>\n","protected":false},"featured_media":95532,"comment_status":"open","ping_status":"closed","template":"","meta":[],"product_brand":[],"product_cat":[2268],"product_tag":[439,2255,54],"class_list":{"0":"post-95533","1":"product","2":"type-product","3":"status-publish","4":"has-post-thumbnail","6":"product_cat-bala-camaras-y-dvrs-hd-turbohd-ahd-hd-tvi","7":"product_tag-bala","8":"product_tag-camaras-y-dvrs-hd-turbohd-ahd-hd-tvi","9":"product_tag-hikvision","11":"first","12":"instock","13":"sale","14":"shipping-taxable","15":"purchasable","16":"product-type-simple"},"_links":{"self":[{"href":"https:\/\/soydeaqui.ddns.net\/pachuca\/index.php\/wp-json\/wp\/v2\/product\/95533","targetHints":{"allow":["GET"]}}],"collection":[{"href":"https:\/\/soydeaqui.ddns.net\/pachuca\/index.php\/wp-json\/wp\/v2\/product"}],"about":[{"href":"https:\/\/soydeaqui.ddns.net\/pachuca\/index.php\/wp-json\/wp\/v2\/types\/product"}],"replies":[{"embeddable":true,"href":"https:\/\/soydeaqui.ddns.net\/pachuca\/index.php\/wp-json\/wp\/v2\/comments?post=95533"}],"wp:featuredmedia":[{"embeddable":true,"href":"https:\/\/soydeaqui.ddns.net\/pachuca\/index.php\/wp-json\/wp\/v2\/media\/95532"}],"wp:attachment":[{"href":"https:\/\/soydeaqui.ddns.net\/pachuca\/index.php\/wp-json\/wp\/v2\/media?parent=95533"}],"wp:term":[{"taxonomy":"product_brand","embeddable":true,"href":"https:\/\/soydeaqui.ddns.net\/pachuca\/index.php\/wp-json\/wp\/v2\/product_brand?post=95533"},{"taxonomy":"product_cat","embeddable":true,"href":"https:\/\/soydeaqui.ddns.net\/pachuca\/index.php\/wp-json\/wp\/v2\/product_cat?post=95533"},{"taxonomy":"product_tag","embeddable":true,"href":"https:\/\/soydeaqui.ddns.net\/pachuca\/index.php\/wp-json\/wp\/v2\/product_tag?post=95533"}],"curies":[{"name":"wp","href":"https:\/\/api.w.org\/{rel}","templated":true}]}}