{"id":95506,"date":"2026-03-20T07:32:01","date_gmt":"2026-03-20T07:32:01","guid":{"rendered":"https:\/\/soydeaqui.ddns.net\/pachuca\/index.php\/producto\/memoria-microsd-clase-10-de-64gb-especializada-para-videovigilancia-uso-24-7-compatibles-con-camaras-hikvision-y-otras-marcas-95-mb-s-lectura-40-mb-s-escritura\/"},"modified":"2026-03-20T07:32:15","modified_gmt":"2026-03-20T07:32:15","slug":"memoria-microsd-clase-10-de-64gb-especializada-para-videovigilancia-uso-24-7-compatibles-con-camaras-hikvision-y-otras-marcas-95-mb-s-lectura-40-mb-s-escritura","status":"publish","type":"product","link":"https:\/\/soydeaqui.ddns.net\/pachuca\/index.php\/producto\/memoria-microsd-clase-10-de-64gb-especializada-para-videovigilancia-uso-24-7-compatibles-con-camaras-hikvision-y-otras-marcas-95-mb-s-lectura-40-mb-s-escritura\/","title":{"rendered":"Memoria microSD \/ Clase 10 de 64GB \/ Especializada Para Videovigilancia (Uso 24\/7) \/ Compatibles con c\u00e1maras HIKVISION y Otras Marcas \/ 95 MB\/s Lectura \/ 40 MB\/s Escritura"},"content":{"rendered":"<div style='width: 100%; max-width: 1200px; margin: 0 auto; font-family: sans-serif; line-height: 1.6; color: inherit; background-color: transparent;'> <!-- Banner --> <\/p>\n<div style='width: 100%; text-align: center; margin-bottom: 30px;'> <img style='width: 100%; max-width: 1200px; height: auto; border: 1px solid rgba(150&comma;150&comma;150&comma;0.3); border-radius: 8px;' src='https:\/\/ftp3.syscom.mx\/usuarios\/gmagos\/HIK\/storage\/Vaners\/hiksemi.png' alt='Banner HIKSEMI'> <\/div>\n<p> <!-- Especificaciones --> <\/p>\n<div style='display: flex; flex-wrap: wrap; gap: 30px; margin-bottom: 30px;'>\n<div style='flex: 1 1 300px; min-width: 280px;'>\n<h3 style='font-size: 22px; border-bottom: 2px solid currentColor; padding-bottom: 5px; margin-top: 0; color: inherit; opacity: 0.8;'>Especificaciones<\/h3>\n<ul style='padding-left: 20px; font-size: 15px; color: inherit;'>\n<li style='margin-bottom: 5px;'><strong>Formato:<\/strong> Micro SDXC<\/li>\n<li style='margin-bottom: 5px;'><strong>Capacidad:<\/strong> 64GB<\/li>\n<li style='margin-bottom: 5px;'><strong>Velocidad de Lectura:<\/strong> 95 M\/s<\/li>\n<li style='margin-bottom: 5px;'><strong>Velocidad de Escritura:<\/strong> 40 MB\/s<\/li>\n<li style='margin-bottom: 5px;'><strong>Sistema de Archivos:<\/strong> exFAT<\/li>\n<li style='margin-bottom: 5px;'><strong>Velocidad:<\/strong> Clase 10&comma; U3<\/li>\n<li style='margin-bottom: 5px;'><strong>Memoria Flash NAND:<\/strong> TLC (Triple-Level Cell)<\/li>\n<li style='margin-bottom: 5px;'><strong>Dimensiones:<\/strong> 14.99 x 10.92 x 1.02 mm (0.59 x 0.43 x 0.04 in)<\/li>\n<li style='margin-bottom: 5px;'><strong>Temperatura de Operaci\u00f3n:<\/strong> 0 \u00b0C a 70 \u00b0C (32 \u00b0F to 158 \u00b0F)<\/li>\n<\/ul><\/div>\n<\/p><\/div>\n<p> <!-- Videos --> <\/p>\n<div style='display: flex; flex-wrap: wrap; gap: 30px; margin-bottom: 30px;'>\n<div style='flex: 1 1 500px; min-width: 300px;'>\n<h3 style='font-size: 18px; margin: 0 0 15px 0; color: inherit; text-align: center;'><strong>\u00bfQui\u00e9n es HIKSEMI?<\/strong><\/h3>\n<div style='position: relative; padding-bottom: 56.25%; height: 0; overflow: hidden; margin-bottom: 30px;'>   <\/div>\n<\/p><\/div>\n<div style='flex: 1 1 500px; min-width: 300px;'>\n<h3 style='font-size: 18px; margin: 0 0 15px 0; color: inherit; text-align: center;'><strong>Unidades de Estado S\u00f3lido<\/strong><\/h3>\n<div style='position: relative; padding-bottom: 56.25%; height: 0; overflow: hidden; margin-bottom: 30px;'>   <\/div>\n<\/p><\/div>\n<\/p><\/div>\n<p> <!-- Imagen con texto superpuesto --> <\/p>\n<div style='position: relative; width: 100%; min-height: 400px; margin: 30px 0; overflow: hidden;'> <img style='width: 100%; height: auto; border: 1px solid rgba(150&comma;150&comma;150&comma;0.3); border-radius: 8px;' src='https:\/\/ftp3.syscom.mx\/usuarios\/gmagos\/HIK\/storage\/Pagina%20WEB\/E1\/NEO-Plus_02.jpg' alt='Imagen de Fondo'> <\/p>\n<div style='position: absolute; top: 50%; right: 0; transform: translateY(-50%); padding: 30px; text-align: right; max-width: 50%;'>\n<h1 style='font-size: 35px; color: inherit; margin: 0 0 10px 0;'><strong>Gran capacidad de almacenamiento<\/strong><\/h1>\n<h2 style='font-size: 35px; color: inherit; margin: 0 0 15px 0;'><strong>para afrontar cualquier reto<\/strong><\/h2>\n<h3 style='font-size: 20px; color: inherit; margin: 0 0 10px 0;'>Las memorias micro SD NEO PLUS de Hiksemi ofrecen<\/h3>\n<h4 style='font-size: 20px; color: inherit; margin: 0 0 10px 0;'>una amplia gama de capacidades&comma; desde 32GB hasta 512GB&comma;<\/h4>\n<h5 style='font-size: 20px; color: inherit; margin: 0 0 10px 0;'>para satisfacer las demandas m\u00e1s exigentes en video seguridad.<\/h5>\n<\/p><\/div>\n<\/p><\/div>\n<p> <!-- Informaci\u00f3n 1 --> <\/p>\n<div style='display: flex; flex-wrap: wrap; gap: 30px; margin-bottom: 30px;'>\n<div style='flex: 1 1 300px; min-width: 280px;'> <img style='width: 100%; height: auto; border: 1px solid rgba(150&comma;150&comma;150&comma;0.3); border-radius: 8px;' src='https:\/\/ftp3.syscom.mx\/usuarios\/gmagos\/HIK\/storage\/Pagina%20WEB\/E1\/NEO-Plus_01.jpg' alt='NEO Plus Image'> <\/div>\n<div style='flex: 1 1 300px; min-width: 280px;'>\n<h3 style='font-size: 22px; margin: 0 0 15px 0; color: inherit;'><strong>Performance Superior<\/strong><\/h3>\n<p style='font-size: 15px; color: inherit; margin: 0;'> Las memorias micro SD NEO PLUS de Hiksemi ofrecen un rendimiento excepcional con alta velocidad de transferencia de datos. Permiten almacenar hasta 512GB de archivos&comma; brindando amplia capacidad para fotos&comma; videos y documentos. Son resistentes a ambientes agresivos&comma; ideales para uso en situaciones exigentes al aire libre. Adem\u00e1s&comma; son compatibles con una amplia gama de c\u00e1maras&comma; asegurando su versatilidad y utilidad en m\u00faltiples escenarios. <\/p>\n<\/p><\/div>\n<\/p><\/div>\n<p> <!-- Informaci\u00f3n 2 --> <\/p>\n<div style='display: flex; flex-wrap: wrap; gap: 30px; margin-bottom: 30px;'>\n<div style='flex: 1 1 300px; min-width: 280px;'>\n<h3 style='font-size: 18px; margin: 0 0 15px 0; color: inherit;'><strong>\u00a1Hecha para Soportar de Todo!<\/strong><\/h3>\n<p style='font-size: 15px; color: inherit; margin: 0;'> La memoria micro SD NEO PLUS de HIKSEMI es resistente al agua&comma; golpes y electricidad est\u00e1tica&comma; garantizando la m\u00e1xima seguridad durante su instalaci\u00f3n. <\/p>\n<\/p><\/div>\n<div style='flex: 1 1 300px; min-width: 280px; text-align: center;'> <img style='width: 100%; height: auto; border: 1px solid rgba(150&comma;150&comma;150&comma;0.3); border-radius: 8px;' src='https:\/\/ftp3.syscom.mx\/usuarios\/gmagos\/HIK\/storage\/Pagina%20WEB\/E1\/NEO-Plus_03-1365-681.png' alt='NEO Plus Image 2'> <\/div>\n<\/p><\/div>\n<p> <!-- Imagen final --> <\/p>\n<div style='width: 100%; text-align: center; margin: 30px 0;'> <img style='width: 100%; max-width: 1200px; height: auto; border: 1px solid rgba(150&comma;150&comma;150&comma;0.3); border-radius: 8px;' src='https:\/\/ftp3.syscom.mx\/usuarios\/gmagos\/HIK\/storage\/Pagina%20WEB\/E1\/NEO-Plus-EDM.jpg' alt='Imagen final'> <\/div>\n<p> <!-- Banner final --> <\/p>\n<div style='width: 100%; text-align: center; margin: 30px 0;'> <img style='width: 100%; max-width: 1200px; height: auto; border: 1px solid rgba(150&comma;150&comma;150&comma;0.3); border-radius: 8px;' src='https:\/\/ftp3.syscom.mx\/usuarios\/gmagos\/HIK\/storage\/Vaners\/HIKSEMI-banner1.jpg' alt='Banner final'> <\/div>\n<\/p><\/div>\n","protected":false},"excerpt":{"rendered":"<p>Memoria microSD \/ Clase 10 de 64GB \/ Especializada Para Videovigilancia (Uso 24\/7) \/ Compatibles con c\u00e1maras HIKVISION y Otras Marcas \/ 95 MB\/s Lectura \/ 40 MB\/s Escritura<\/p>\n","protected":false},"featured_media":95505,"comment_status":"open","ping_status":"closed","template":"","meta":[],"product_brand":[],"product_cat":[2155],"product_tag":[2129,2156,2065],"class_list":{"0":"post-95506","1":"product","2":"type-product","3":"status-publish","4":"has-post-thumbnail","6":"product_cat-memorias-sd-memorias-micro-sd","7":"product_tag-hiksemi-by-hikvision","8":"product_tag-memorias-sd-memorias-micro-sd","9":"product_tag-servidores-almacenamiento","11":"first","12":"instock","13":"sale","14":"shipping-taxable","15":"purchasable","16":"product-type-simple"},"_links":{"self":[{"href":"https:\/\/soydeaqui.ddns.net\/pachuca\/index.php\/wp-json\/wp\/v2\/product\/95506","targetHints":{"allow":["GET"]}}],"collection":[{"href":"https:\/\/soydeaqui.ddns.net\/pachuca\/index.php\/wp-json\/wp\/v2\/product"}],"about":[{"href":"https:\/\/soydeaqui.ddns.net\/pachuca\/index.php\/wp-json\/wp\/v2\/types\/product"}],"replies":[{"embeddable":true,"href":"https:\/\/soydeaqui.ddns.net\/pachuca\/index.php\/wp-json\/wp\/v2\/comments?post=95506"}],"wp:featuredmedia":[{"embeddable":true,"href":"https:\/\/soydeaqui.ddns.net\/pachuca\/index.php\/wp-json\/wp\/v2\/media\/95505"}],"wp:attachment":[{"href":"https:\/\/soydeaqui.ddns.net\/pachuca\/index.php\/wp-json\/wp\/v2\/media?parent=95506"}],"wp:term":[{"taxonomy":"product_brand","embeddable":true,"href":"https:\/\/soydeaqui.ddns.net\/pachuca\/index.php\/wp-json\/wp\/v2\/product_brand?post=95506"},{"taxonomy":"product_cat","embeddable":true,"href":"https:\/\/soydeaqui.ddns.net\/pachuca\/index.php\/wp-json\/wp\/v2\/product_cat?post=95506"},{"taxonomy":"product_tag","embeddable":true,"href":"https:\/\/soydeaqui.ddns.net\/pachuca\/index.php\/wp-json\/wp\/v2\/product_tag?post=95506"}],"curies":[{"name":"wp","href":"https:\/\/api.w.org\/{rel}","templated":true}]}}