{"id":95472,"date":"2026-03-20T07:30:41","date_gmt":"2026-03-20T07:30:41","guid":{"rendered":"https:\/\/soydeaqui.ddns.net\/pachuca\/index.php\/producto\/servidor-de-almacenamiento-en-red-soporta-24-discos-duros-no-incluye-discos-soporta-hasta-512-canales-ip-controlador-simple\/"},"modified":"2026-03-20T07:30:44","modified_gmt":"2026-03-20T07:30:44","slug":"servidor-de-almacenamiento-en-red-soporta-24-discos-duros-no-incluye-discos-soporta-hasta-512-canales-ip-controlador-simple","status":"publish","type":"product","link":"https:\/\/soydeaqui.ddns.net\/pachuca\/index.php\/producto\/servidor-de-almacenamiento-en-red-soporta-24-discos-duros-no-incluye-discos-soporta-hasta-512-canales-ip-controlador-simple\/","title":{"rendered":"Servidor de Almacenamiento en Red \/ Soporta 24 Discos Duros (No Incluye Discos) \/ Soporta Hasta 512 Canales IP \/ Controlador Simple"},"content":{"rendered":"<div style='width: 100%; max-width: 1200px; margin: 0 auto; font-family: sans-serif; line-height: 1.6; color: inherit; background-color: transparent;'>\n<p style='text-align: center; margin: 0 0 15px;'><img style='width: 100%; max-width: 400px; height: auto; border: 1px solid rgba(150&comma;150&comma;150&comma;0.3); border-radius: 8px;' src='https:\/\/ftp3.syscom.mx\/usuarios\/jsosa\/HIKVISION\/imagenes\/logo\/hikvision%20see%20far.png' alt='Logo Hikvision' \/><\/p>\n<div style='display: flex; flex-wrap: wrap; gap: 30px; margin: 30px 0;'>\n<div style='flex: 1 1 300px; min-width: 280px;'>\n<div style='border-left: 5px solid #ff0000; border-radius: 8px; overflow: hidden; box-shadow: 0 2px 8px rgba(0&comma;0&comma;0&comma;0.1);'>\n<div style='padding: 12px; background-color: rgba(255&comma; 0&comma; 0&comma; 0.05); font-weight: bold; font-size: 18px; color: inherit;'>Caracter\u00edsticas principales:<\/div>\n<div style='padding: 15px; color: inherit;'>\n<ul style='padding-left: 20px; margin: 0; font-size: 14px; list-style-type: disc;'>\n<li style='margin-bottom: 8px;'>Compatible con DVR \/ NVR Epcom y HIKVISION.<\/li>\n<li style='margin-bottom: 8px;'>Compatible con sistemas de Hik-Central (no requiere licencias adicionales para grabar solo las de video).<\/li>\n<li style='margin-bottom: 8px;'>Soporta hasta 24 HDD internos de hasta 16 TB c \/ u. (384 TB en total).<\/li>\n<li style='margin-bottom: 8px;'>Soporta compresi\u00f3n H.265+ \/ H.265 \/ H.264.<\/li>\n<li style='margin-bottom: 8px;'>Soporta Hot Swap.<\/li>\n<li style='margin-bottom: 8px;'>Soporta 1 controlador (64 bit procesador multi-core).<\/li>\n<li style='margin-bottom: 8px;'>Cuenta con 4 tarjetas de red 10\/100\/1000.<\/li>\n<li style='margin-bottom: 8px;'>Cuenta con fuente de alimentaci\u00f3n redundante.<\/li>\n<li style='margin-bottom: 8px;'>Puede grabar hasta 512 c\u00e1maras IP (usando 2 Mbps por c\u00e1mara).<\/li>\n<li style='margin-bottom: 8px;'>Maneja protocolos iSCSI \/ RTSP \/ ONVIF \/ PSIA.<\/li>\n<li style='margin-bottom: 8px;'>Soporta arreglo RAID 0 \/ 1 \/ 3 \/ 5 \/ 6 \/ 10 \/ 50 \/ VRAID \/ JBOD \/ Hot-Spare.<\/li>\n<li style='margin-bottom: 8px;'>El modelo del HDD a usar es: <a style='color: #1155cc; text-decoration: none; font-weight: 600;' href='https:\/\/www.syscom.mx\/principal\/searchcont?route=HK7216AH\/16T-SEAGATE-215135&#038;autodetect=DS-A81024S' target='_blank' rel='noopener'>HK7216AH\/16T<\/a><\/li>\n<\/ul><\/div>\n<\/p><\/div>\n<\/p><\/div>\n<div style='flex: 1 1 300px; min-width: 280px;'>\n<div style='border-left: 5px solid #ff0000; border-radius: 8px; overflow: hidden; box-shadow: 0 2px 8px rgba(0&comma;0&comma;0&comma;0.1);'>\n<div style='padding: 12px; background-color: rgba(255&comma; 0&comma; 0&comma; 0.05); font-weight: bold; font-size: 18px; color: inherit;'>Caracter\u00edsticas F\u00edsicas y El\u00e9ctricas:<\/div>\n<div style='padding: 15px; color: inherit;'>\n<ul style='padding-left: 20px; margin: 0; font-size: 14px; list-style-type: disc;'>\n<li style='margin-bottom: 8px;'>Dimensiones: 440 x 132 x 495 mm<\/li>\n<li style='margin-bottom: 8px;'>Peso: 40 Kg (sin HDD).<\/li>\n<li style='margin-bottom: 8px;'>Ocupa 4 unidades de rack (19&#8242;).<\/li>\n<li style='margin-bottom: 8px;'>Alimentaci\u00f3n: 550 W.<\/li>\n<\/ul><\/div>\n<\/p><\/div>\n<\/p><\/div>\n<\/p><\/div>\n<div style='margin: 30px 0;'>\n<div style='padding: 15px; border: 1px solid rgba(150&comma;150&comma;150&comma;0.3); border-radius: 8px; background-color: rgba(255&comma;0&comma;0&comma;0.02);'>\n<p style='margin: 0 0 15px; font-size: 15px; color: inherit;'>La serie DS-A81 es una estructura controladora de almacenamiento en red para proyectos a gran escala con altas demandas de seguridad de los datos.<\/p>\n<p style='margin: 0 0 15px; font-size: 15px; color: inherit;'>El Hybrid SAN crea una red con acceso a servidores de almacenamiento de datos e integra la tecnolog\u00eda \u00fanica de trasnmision directa de video de Hikvsion&comma; asi como tambi\u00e9n es compatible con IPSAN.<\/p>\n<p style='margin: 0; font-size: 15px; color: inherit;'>Los sistemas Hybird SAN de Hikvision realmente hace que las aplicaciones sean simples&comma; flexibles y econ\u00f3micas.<\/p>\n<\/p><\/div>\n<\/p><\/div>\n<div style='margin: 30px 0;'> <img style='width: 100%; height: auto; border: 1px solid rgba(150&comma;150&comma;150&comma;0.3); border-radius: 8px;' src='http:\/\/ftp3.syscom.mx\/usuarios\/yalvarado\/hikvision\/CVR\/CVR.PNG' alt='Diagrama del sistema' \/> <\/div>\n<\/p><\/div>\n","protected":false},"excerpt":{"rendered":"<p>Servidor de Almacenamiento en Red \/ Soporta 24 Discos Duros (No Incluye Discos) \/ Soporta Hasta 512 Canales IP \/ Controlador Simple<\/p>\n","protected":false},"featured_media":95471,"comment_status":"open","ping_status":"closed","template":"","meta":[],"product_brand":[],"product_cat":[2064],"product_tag":[2066,54,2065],"class_list":{"0":"post-95472","1":"product","2":"type-product","3":"status-publish","4":"has-post-thumbnail","6":"product_cat-almacenamiento-nas-san-esata","7":"product_tag-almacenamiento-nas-san-esata","8":"product_tag-hikvision","9":"product_tag-servidores-almacenamiento","11":"first","12":"instock","13":"sale","14":"shipping-taxable","15":"purchasable","16":"product-type-simple"},"_links":{"self":[{"href":"https:\/\/soydeaqui.ddns.net\/pachuca\/index.php\/wp-json\/wp\/v2\/product\/95472","targetHints":{"allow":["GET"]}}],"collection":[{"href":"https:\/\/soydeaqui.ddns.net\/pachuca\/index.php\/wp-json\/wp\/v2\/product"}],"about":[{"href":"https:\/\/soydeaqui.ddns.net\/pachuca\/index.php\/wp-json\/wp\/v2\/types\/product"}],"replies":[{"embeddable":true,"href":"https:\/\/soydeaqui.ddns.net\/pachuca\/index.php\/wp-json\/wp\/v2\/comments?post=95472"}],"wp:featuredmedia":[{"embeddable":true,"href":"https:\/\/soydeaqui.ddns.net\/pachuca\/index.php\/wp-json\/wp\/v2\/media\/95471"}],"wp:attachment":[{"href":"https:\/\/soydeaqui.ddns.net\/pachuca\/index.php\/wp-json\/wp\/v2\/media?parent=95472"}],"wp:term":[{"taxonomy":"product_brand","embeddable":true,"href":"https:\/\/soydeaqui.ddns.net\/pachuca\/index.php\/wp-json\/wp\/v2\/product_brand?post=95472"},{"taxonomy":"product_cat","embeddable":true,"href":"https:\/\/soydeaqui.ddns.net\/pachuca\/index.php\/wp-json\/wp\/v2\/product_cat?post=95472"},{"taxonomy":"product_tag","embeddable":true,"href":"https:\/\/soydeaqui.ddns.net\/pachuca\/index.php\/wp-json\/wp\/v2\/product_tag?post=95472"}],"curies":[{"name":"wp","href":"https:\/\/api.w.org\/{rel}","templated":true}]}}