{"id":95462,"date":"2026-03-20T07:30:13","date_gmt":"2026-03-20T07:30:13","guid":{"rendered":"https:\/\/soydeaqui.ddns.net\/pachuca\/index.php\/producto\/switch-poe-administrable-48-puertos-1000-mbps-poe-2-puertos-1000-mbps-uplink-2-puertos-sfp-470-watts\/"},"modified":"2026-03-20T07:30:26","modified_gmt":"2026-03-20T07:30:26","slug":"switch-poe-administrable-48-puertos-1000-mbps-poe-2-puertos-1000-mbps-uplink-2-puertos-sfp-470-watts","status":"publish","type":"product","link":"https:\/\/soydeaqui.ddns.net\/pachuca\/index.php\/producto\/switch-poe-administrable-48-puertos-1000-mbps-poe-2-puertos-1000-mbps-uplink-2-puertos-sfp-470-watts\/","title":{"rendered":"Switch PoE+ \/ Administrable \/ 48 Puertos 1000 Mbps PoE+ \/ 2 Puertos 1000 Mbps Uplink \/ 2 Puertos SFP \/ 470 Watts"},"content":{"rendered":"<div style='width: 100%; max-width: 1200px; margin: 0 auto; font-family: sans-serif; line-height: 1.6; color: inherit; background-color: transparent;'> <!-- Imagen del logo --> <\/p>\n<div style='text-align: center; width: 100%; margin-bottom: 20px;'> <img style='width: 45%; height: auto; border: 1px solid rgba(150&comma;150&comma;150&comma;0.3); border-radius: 8px;' src='http:\/\/ftp3.syscom.mx\/usuarios\/jdelafuente\/HIKVISION\/hikvision%20logo%20complete.png' alt='Logo HIKVISION'> <\/div>\n<p> <!-- Secci\u00f3n de caracter\u00edsticas --> <\/p>\n<div style='display: flex; flex-wrap: wrap; gap: 30px; margin-bottom: 30px;'>\n<div style='flex: 1 1 300px; min-width: 280px;'>\n<h3 style='font-size: 22px; border-bottom: 2px solid currentColor; padding-bottom: 5px; margin-top: 0; color: inherit; opacity: 0.8;'>Caracter\u00edsticas principales<\/h3>\n<ul style='padding-left: 20px; font-size: 15px; color: inherit;'>\n<li style='margin-bottom: 5px;'>Monitoreo y control de datos en puertos importantes<\/li>\n<li style='margin-bottom: 5px;'>Optimizaci\u00f3n de buffer para garantizar la transmisi\u00f3n de video<\/li>\n<li style='margin-bottom: 5px;'>PoE Watchdog&comma; STP\/RSTP&comma; VLAN&comma; SNMP&comma; QoS<\/li>\n<\/ul><\/div>\n<div style='flex: 1 1 300px; min-width: 280px;'>\n<h3 style='font-size: 22px; border-bottom: 2px solid currentColor; padding-bottom: 5px; margin-top: 0; color: inherit; opacity: 0.8;'>Caracter\u00edsticas F\u00edsicas y El\u00e9ctricas<\/h3>\n<ul style='padding-left: 20px; font-size: 15px; color: inherit;'>\n<li style='margin-bottom: 5px;'><strong>Capacidad m\u00e1xima de Watts:<\/strong> 470 W<\/li>\n<li style='margin-bottom: 5px;'><strong>Administraci\u00f3n m\u00e1xima de Watts por puerto:<\/strong> 30 W<\/li>\n<li style='margin-bottom: 5px;'><strong>Puertos PoE:<\/strong> 48 puertos 802.3af\/at<\/li>\n<li style='margin-bottom: 5px;'><strong>Alimentaci\u00f3n:<\/strong> 110 a 240 VAC<\/li>\n<li style='margin-bottom: 5px;'><strong>Dimensiones:<\/strong> 440.00 mm \u00d7 44.00 mm \u00d7 323.80 mm<\/li>\n<li style='margin-bottom: 5px;'><strong>Peso:<\/strong> 4.35 Kg<\/li>\n<\/ul><\/div>\n<\/p><\/div>\n<p> <!-- Separador --> <\/p>\n<hr style='border: 0; border-top: 1px solid rgba(150&comma; 150&comma; 150&comma; 0.3); margin: 30px 0;'> <\/div>\n","protected":false},"excerpt":{"rendered":"<p>Switch PoE+ \/ Administrable \/ 48 Puertos 1000 Mbps PoE+ \/ 2 Puertos 1000 Mbps Uplink \/ 2 Puertos SFP \/ 470 Watts<\/p>\n","protected":false},"featured_media":95461,"comment_status":"open","ping_status":"closed","template":"","meta":[],"product_brand":[],"product_cat":[1986],"product_tag":[54,664,1987],"class_list":{"0":"post-95462","1":"product","2":"type-product","3":"status-publish","4":"has-post-thumbnail","6":"product_cat-switches-poe","7":"product_tag-hikvision","8":"product_tag-networking","9":"product_tag-switches-poe","11":"first","12":"instock","13":"sale","14":"shipping-taxable","15":"purchasable","16":"product-type-simple"},"_links":{"self":[{"href":"https:\/\/soydeaqui.ddns.net\/pachuca\/index.php\/wp-json\/wp\/v2\/product\/95462","targetHints":{"allow":["GET"]}}],"collection":[{"href":"https:\/\/soydeaqui.ddns.net\/pachuca\/index.php\/wp-json\/wp\/v2\/product"}],"about":[{"href":"https:\/\/soydeaqui.ddns.net\/pachuca\/index.php\/wp-json\/wp\/v2\/types\/product"}],"replies":[{"embeddable":true,"href":"https:\/\/soydeaqui.ddns.net\/pachuca\/index.php\/wp-json\/wp\/v2\/comments?post=95462"}],"wp:featuredmedia":[{"embeddable":true,"href":"https:\/\/soydeaqui.ddns.net\/pachuca\/index.php\/wp-json\/wp\/v2\/media\/95461"}],"wp:attachment":[{"href":"https:\/\/soydeaqui.ddns.net\/pachuca\/index.php\/wp-json\/wp\/v2\/media?parent=95462"}],"wp:term":[{"taxonomy":"product_brand","embeddable":true,"href":"https:\/\/soydeaqui.ddns.net\/pachuca\/index.php\/wp-json\/wp\/v2\/product_brand?post=95462"},{"taxonomy":"product_cat","embeddable":true,"href":"https:\/\/soydeaqui.ddns.net\/pachuca\/index.php\/wp-json\/wp\/v2\/product_cat?post=95462"},{"taxonomy":"product_tag","embeddable":true,"href":"https:\/\/soydeaqui.ddns.net\/pachuca\/index.php\/wp-json\/wp\/v2\/product_tag?post=95462"}],"curies":[{"name":"wp","href":"https:\/\/api.w.org\/{rel}","templated":true}]}}