{"id":95435,"date":"2026-03-20T07:28:59","date_gmt":"2026-03-20T07:28:59","guid":{"rendered":"https:\/\/soydeaqui.ddns.net\/pachuca\/index.php\/producto\/bobina-de-cable-utp-de-4-pares-vari-matrix-cat6a-23-awg-lszh-libre-de-gases-txicos-color-rojo-305-metros-1000-pies\/"},"modified":"2026-03-20T07:29:10","modified_gmt":"2026-03-20T07:29:10","slug":"bobina-de-cable-utp-de-4-pares-vari-matrix-cat6a-23-awg-lszh-libre-de-gases-txicos-color-rojo-305-metros-1000-pies","status":"publish","type":"product","link":"https:\/\/soydeaqui.ddns.net\/pachuca\/index.php\/producto\/bobina-de-cable-utp-de-4-pares-vari-matrix-cat6a-23-awg-lszh-libre-de-gases-txicos-color-rojo-305-metros-1000-pies\/","title":{"rendered":"Bobina de Cable UTP de 4 Pares, Vari-MaTriX, Cat6A, 23 AWG, LSZH (Libre de Gases T?xicos), Color Rojo, 305 Metros (1000 Pies)"},"content":{"rendered":"<div style='width: 100%; max-width: 1200px; margin: 0 auto; font-family: sans-serif; line-height: 1.6; color: inherit; background-color: transparent;'> <!-- Descripci\u00f3n principal --> <\/p>\n<div style='margin-bottom: 30px; font-size: 15px; color: inherit;'> El cable de cobre TX6A\u2122 Cat 6A U\/UTP est\u00e1 fabricado con conductores de cobre de 23 AWG con aislamiento de HDPE. Los conductores de cobre est\u00e1n trenzados en pares y separados por un divisor plano. Los cuatro pares est\u00e1n rodeados por una cinta Vari-MaTriX y una cubierta ign\u00edfuga de HDPE ign\u00edfuga. El cable es color rojo y LSZH (IEC 60332-3). Se suministra a 305 metros (1000 pies) por carrete. <\/div>\n<p> <!-- Secci\u00f3n de aplicaciones --> <\/p>\n<div style='margin-bottom: 30px;'>\n<h3 style='font-size: 22px; border-bottom: 2px solid currentColor; padding-bottom: 5px; margin-top: 0; margin-bottom: 15px; color: inherit; opacity: 0.8;'>Aplicaciones<\/h3>\n<ul style='padding-left: 20px; font-size: 15px; color: inherit; list-style-type: disc;'>\n<li style='margin-bottom: 5px;'>Redes de Voz\/Datos y V\u00eddeo de Alta Velocidad<\/li>\n<li style='margin-bottom: 5px;'>Instalaciones de CCTV IP Megapixel<\/li>\n<li style='margin-bottom: 5px;'>Redes inal\u00e1mbricas<\/li>\n<li style='margin-bottom: 5px;'>Aplicaciones Power Over Ethernet IEEE 802.3af y 802.3at<\/li>\n<li style='margin-bottom: 5px;'>Aplicaciones en 10BASE-T&comma; 100BASE-T&comma; 1000BASE-T y 10GBASE-T<\/li>\n<\/ul><\/div>\n<p> <!-- Secci\u00f3n de especificaciones --> <\/p>\n<div style='margin-bottom: 30px;'>\n<h3 style='font-size: 22px; border-bottom: 2px solid currentColor; padding-bottom: 5px; margin-top: 0; margin-bottom: 15px; color: inherit; opacity: 0.8;'>Especificaciones T\u00e9cnicas<\/h3>\n<ul style='padding-left: 20px; font-size: 15px; color: inherit; list-style-type: disc;'>\n<li style='margin-bottom: 5px;'>Rendimiento: Canal certificado en una configuraci\u00f3n de 4 conectores de hasta 100 metros y excede los requisitos de los est\u00e1ndares ANSI \/ TIA-568.2-D Categor\u00eda 6A e ISO 11801 Clase EA barridos hasta 650 MHz para soportar la transmisi\u00f3n 10GBASE-T sobre sistemas de cableado de par trenzado como parte del sistema de cableado de cobre Panduit \u00ae TX6A \u2122 10Gig UTP<\/li>\n<li style='margin-bottom: 5px;'>Di\u00e1metro nominal: 6.2 mm<\/li>\n<li style='margin-bottom: 5px;'>Conductor: 23 AWG de cobre s\u00f3lido aislado con HDPE (LSZH)<\/li>\n<li style='margin-bottom: 5px;'>Clasificaci\u00f3n de flama: LSZH (Dca): IEC 60332-3-22&comma; 60754-2&comma; 61034-2; EN 50575: EuroClass Dca-s2&comma;d2&comma;a<\/li>\n<li style='margin-bottom: 5px;'>Cumplimiento PoE: Cumple con IEEE 802.3af&comma; IEEE 802.3at&comma; IEEE 802.3bt para aplicaciones PoE con certificaci\u00f3n UL PoH seg\u00fan UL4299<\/li>\n<li style='margin-bottom: 5px;'>Tensi\u00f3n m\u00e1xima: 25 lbf (110 N) m\u00e1ximo<\/li>\n<li style='margin-bottom: 5px;'>Temperatura de instalaci\u00f3n: 0\u00b0C a 60\u00b0C<\/li>\n<li style='margin-bottom: 5px;'>Temperatura de operaci\u00f3n: -20\u00baC a 75\u00baC<\/li>\n<\/ul><\/div>\n<p> <!-- Separador --> <\/p>\n<hr style='border: 0; border-top: 1px solid rgba(150&comma; 150&comma; 150&comma; 0.3); margin: 30px 0;'> <\/div>\n","protected":false},"excerpt":{"rendered":"<p>Bobina de Cable UTP de 4 Pares, Vari-MaTriX, Cat6A, 23 AWG, LSZH (Libre de Gases T?xicos), Color Rojo, 305 Metros (1000 Pies)<\/p>\n","protected":false},"featured_media":95434,"comment_status":"open","ping_status":"closed","template":"","meta":[],"product_brand":[],"product_cat":[668],"product_tag":[488,669,445],"class_list":{"0":"post-95435","1":"product","2":"type-product","3":"status-publish","4":"has-post-thumbnail","6":"product_cat-categoria-6a","7":"product_tag-cables-y-conectores","8":"product_tag-categoria-6a","9":"product_tag-panduit","11":"first","12":"outofstock","13":"sale","14":"shipping-taxable","15":"purchasable","16":"product-type-simple"},"_links":{"self":[{"href":"https:\/\/soydeaqui.ddns.net\/pachuca\/index.php\/wp-json\/wp\/v2\/product\/95435","targetHints":{"allow":["GET"]}}],"collection":[{"href":"https:\/\/soydeaqui.ddns.net\/pachuca\/index.php\/wp-json\/wp\/v2\/product"}],"about":[{"href":"https:\/\/soydeaqui.ddns.net\/pachuca\/index.php\/wp-json\/wp\/v2\/types\/product"}],"replies":[{"embeddable":true,"href":"https:\/\/soydeaqui.ddns.net\/pachuca\/index.php\/wp-json\/wp\/v2\/comments?post=95435"}],"wp:featuredmedia":[{"embeddable":true,"href":"https:\/\/soydeaqui.ddns.net\/pachuca\/index.php\/wp-json\/wp\/v2\/media\/95434"}],"wp:attachment":[{"href":"https:\/\/soydeaqui.ddns.net\/pachuca\/index.php\/wp-json\/wp\/v2\/media?parent=95435"}],"wp:term":[{"taxonomy":"product_brand","embeddable":true,"href":"https:\/\/soydeaqui.ddns.net\/pachuca\/index.php\/wp-json\/wp\/v2\/product_brand?post=95435"},{"taxonomy":"product_cat","embeddable":true,"href":"https:\/\/soydeaqui.ddns.net\/pachuca\/index.php\/wp-json\/wp\/v2\/product_cat?post=95435"},{"taxonomy":"product_tag","embeddable":true,"href":"https:\/\/soydeaqui.ddns.net\/pachuca\/index.php\/wp-json\/wp\/v2\/product_tag?post=95435"}],"curies":[{"name":"wp","href":"https:\/\/api.w.org\/{rel}","templated":true}]}}