{"id":95360,"date":"2026-03-20T07:25:45","date_gmt":"2026-03-20T07:25:45","guid":{"rendered":"https:\/\/soydeaqui.ddns.net\/pachuca\/index.php\/producto\/nvr-32-megapixel-8k-reconocimiento-facial-base-de-datos-8-canales-ip-2-bahias-de-disco-duro-8-puertos-poe-hdmi-en-8k-acusense-soporta-pos-deepin-mind-acusearch\/"},"modified":"2026-03-20T07:25:46","modified_gmt":"2026-03-20T07:25:46","slug":"nvr-32-megapixel-8k-reconocimiento-facial-base-de-datos-8-canales-ip-2-bahias-de-disco-duro-8-puertos-poe-hdmi-en-8k-acusense-soporta-pos-deepin-mind-acusearch","status":"publish","type":"product","link":"https:\/\/soydeaqui.ddns.net\/pachuca\/index.php\/producto\/nvr-32-megapixel-8k-reconocimiento-facial-base-de-datos-8-canales-ip-2-bahias-de-disco-duro-8-puertos-poe-hdmi-en-8k-acusense-soporta-pos-deepin-mind-acusearch\/","title":{"rendered":"NVR 32 Megapixel (8K) \/ Reconocimiento Facial (Base de Datos) \/ 8 Canales IP \/ 2 Bah\u00edas de Disco Duro \/ 8 Puertos PoE+ \/ HDMI en 8K \/ ACUSENSE \/ Soporta POS \/ Deepin Mind \/ AcuSearch"},"content":{"rendered":"<div style='width: 100%; max-width: 1200px; margin: 0 auto; font-family: sans-serif; line-height: 1.6; color: inherit; background-color: transparent;'> <!-- Banner inicial --> <\/p>\n<p style='text-align: center; margin: 0 0 20px 0;'><img style='width: 45%; height: auto; border: 1px solid rgba(150&comma;150&comma;150&comma;0.3); border-radius: 8px;' src='https:\/\/ftp3.syscom.mx\/usuarios\/jsosa\/HIKVISION\/imagenes\/logo\/hikvision%20see%20far.png' alt='Hikvision See Far'><\/p>\n<p> <!-- Videos --> <\/p>\n<div style='display: flex; flex-wrap: wrap; gap: 30px; margin-bottom: 30px;'>\n<div style='flex: 1 1 45%; min-width: 300px;'>\n<h3 style='font-size: 22px; border-bottom: 2px solid currentColor; padding-bottom: 5px; margin-top: 0; color: inherit; opacity: 0.8;'>Smart Search + Acusense<\/h3>\n<div style='position: relative; padding-bottom: 56.25%; height: 0; overflow: hidden; margin-bottom: 30px;'>   <\/div>\n<\/p><\/div>\n<div style='flex: 1 1 45%; min-width: 300px;'>\n<h3 style='font-size: 22px; border-bottom: 2px solid currentColor; padding-bottom: 5px; margin-top: 0; color: inherit; opacity: 0.8;'>Enlace de audio y video para una respuesta instant\u00e1nea!<\/h3>\n<div style='position: relative; padding-bottom: 56.25%; height: 0; overflow: hidden; margin-bottom: 30px;'>   <\/div>\n<\/p><\/div>\n<\/p><\/div>\n<p> <!-- Secci\u00f3n principal --> <\/p>\n<div style='display: flex; flex-wrap: wrap; gap: 30px; margin-bottom: 30px;'> <!-- Columna 1 --> <\/p>\n<div style='flex: 1 1 45%; min-width: 300px;'> <!-- Caracter\u00edsticas Principales --> <\/p>\n<div style='border: 1px solid rgba(150&comma; 150&comma; 150&comma; 0.4); border-radius: 8px; overflow: hidden; margin-bottom: 20px;'>\n<div style='padding: 15px; border-bottom: 1px solid rgba(150&comma; 150&comma; 150&comma; 0.2); font-weight: bold; font-size: 18px; color: inherit; background-color: #df001e; color: white;'>Caracter\u00edsticas Principales<\/div>\n<div style='padding: 15px; color: inherit;'>\n<ul style='padding-left: 20px; margin: 0; font-size: 14px; list-style-type: disc;'>\n<li style='margin-bottom: 5px;'><span style='color: inherit; font-family: sans-serif;'>Compresi\u00f3n de video: H.265+ \/ H.265 \/ H.264+ \/ H.264.<\/span><\/li>\n<li style='margin-bottom: 5px;'><span style='color: inherit; font-family: sans-serif;'>Soporta mouse USB para operar (incluido).<\/span><\/li>\n<li style='margin-bottom: 5px;'><span style='color: inherit; font-family: sans-serif;'>Soporta 2 HDD\u00b4s de hasta 16 TB. (no incluido).<\/span><\/li>\n<li style='margin-bottom: 5px;'><span style='color: inherit; font-family: sans-serif;'>Soporta DDNS (Hik-Connect&comma; DynDNS&comma; No-IP&comma; etc).<\/span><\/li>\n<li style='margin-bottom: 5px;'><span style='color: inherit; font-family: sans-serif;'>Soporta Hik-Connect (P2P) (<a style='color: inherit; text-decoration: none;' href='https:\/\/appstore.hikvision.com\/' target='_blank' rel='noopener'>https:\/\/appstore.hikvision.com\/<\/a>).<\/span><\/li>\n<li style='margin-bottom: 5px;'><span style='color: inherit; font-family: sans-serif;'>Acceso remoto v\u00eda tel\u00e9fono: Android&comma; iPhone&comma; iPad (Hik-Connect).<\/span><\/li>\n<li style='margin-bottom: 5px;'><span style='color: inherit; font-family: sans-serif;'>Software cliente IVMS-4200 (gratuito).<\/span><\/li>\n<\/ul><\/div>\n<\/p><\/div>\n<p> <!-- Interfaces Entradas y Salidas --> <\/p>\n<div style='border: 1px solid rgba(150&comma; 150&comma; 150&comma; 0.4); border-radius: 8px; overflow: hidden; margin-bottom: 20px;'>\n<div style='padding: 15px; border-bottom: 1px solid rgba(150&comma; 150&comma; 150&comma; 0.2); font-weight: bold; font-size: 18px; color: inherit; background-color: #df001e; color: white;'>Interfaces Entradas y Salidas<\/div>\n<div style='padding: 15px; color: inherit;'>\n<ul style='padding-left: 20px; margin: 0; font-size: 14px; list-style-type: disc;'>\n<li style='margin-bottom: 5px;'><strong style='color: inherit; font-family: sans-serif;'>Salida independiente HDMI y VGA.<\/strong><\/li>\n<li style='margin-bottom: 5px;'><span style='color: inherit; font-family: sans-serif;'>Resoluci\u00f3n HDMI: 8K \/ 4K \/ 1080p.<\/span><\/li>\n<li style='margin-bottom: 5px;'><span style='color: inherit; font-family: sans-serif;'>Resoluci\u00f3n VGA: 1080p.<\/span><\/li>\n<li style='margin-bottom: 5px;'><span style='color: inherit; font-family: sans-serif;'>Entrada de Audio: 1.<\/span><\/li>\n<li style='margin-bottom: 5px;'><span style='color: inherit; font-family: sans-serif;'>Salida de Audio: 1.<\/span><\/li>\n<li style='margin-bottom: 5px;'><span style='color: inherit; font-family: sans-serif;'>Entrada de Alarma: 4<\/span><\/li>\n<li style='margin-bottom: 5px;'><span style='color: inherit; font-family: sans-serif;'>Salida de Alarma: 1<\/span><\/li>\n<li style='margin-bottom: 5px;'><span style='color: inherit; font-family: sans-serif;'>Soporta audio bidireccional (audio de dos v\u00edas).<\/span><\/li>\n<\/ul><\/div>\n<\/p><\/div>\n<p> <!-- Capacidad de procesamiento y funciones de red --> <\/p>\n<div style='border: 1px solid rgba(150&comma; 150&comma; 150&comma; 0.4); border-radius: 8px; overflow: hidden; margin-bottom: 20px;'>\n<div style='padding: 15px; border-bottom: 1px solid rgba(150&comma; 150&comma; 150&comma; 0.2); font-weight: bold; font-size: 18px; color: inherit; background-color: #df001e; color: white;'>Capacidad de procesamiento y funciones de red<\/div>\n<div style='padding: 15px; color: inherit;'>\n<ul style='padding-left: 20px; margin: 0; font-size: 14px; list-style-type: disc;'>\n<li style='margin-bottom: 5px;'><span style='color: inherit; font-family: sans-serif;'>Throughput entrada: 128 Mbps.<\/span><\/li>\n<li style='margin-bottom: 5px;'><span style='color: inherit; font-family: sans-serif;'>Throughput salida: 256 Mbps.<\/span><\/li>\n<li style='margin-bottom: 5px;'><span style='color: inherit; font-family: sans-serif;'>1 puerto red RJ-45: 10 \/ 100 \/ 1000 Mbps. (LAN)<\/span><\/li>\n<\/ul><\/div>\n<\/p><\/div>\n<\/p><\/div>\n<p> <!-- Columna 2 --> <\/p>\n<div style='flex: 1 1 45%; min-width: 300px;'> <!-- Caracter\u00edsticas F\u00edsicas y El\u00e9ctricas --> <\/p>\n<div style='border: 1px solid rgba(150&comma; 150&comma; 150&comma; 0.4); border-radius: 8px; overflow: hidden; margin-bottom: 20px;'>\n<div style='padding: 15px; border-bottom: 1px solid rgba(150&comma; 150&comma; 150&comma; 0.2); font-weight: bold; font-size: 18px; color: inherit; background-color: #df001e; color: white;'>Caracter\u00edsticas F\u00edsicas y El\u00e9ctricas<\/div>\n<div style='padding: 15px; color: inherit;'>\n<ul style='padding-left: 20px; margin: 0; font-size: 14px; list-style-type: disc;'>\n<li style='margin-bottom: 5px;'><span style='color: inherit; font-family: sans-serif;'>Dimensiones: 385 x 317 x 52mm.<\/span><\/li>\n<li style='margin-bottom: 5px;'><span style='color: inherit; font-family: sans-serif;'>Alimentaci\u00f3n: 100 a 240 VCA \/ 50 W.<\/span><\/li>\n<li style='margin-bottom: 5px;'><span style='color: inherit; font-family: sans-serif;'>Temperatura de operaci\u00f3n: -10\u00b0C a 55\u00b0C.<\/span><\/li>\n<li style='margin-bottom: 5px;'><span style='color: inherit; font-family: sans-serif;'>Peso: 3 Kg sin HDD.<\/span><\/li>\n<\/ul><\/div>\n<\/p><\/div>\n<p> <!-- Funci\u00f3n de Grabaci\u00f3n y Visualizaci\u00f3n --> <\/p>\n<div style='border: 1px solid rgba(150&comma; 150&comma; 150&comma; 0.4); border-radius: 8px; overflow: hidden; margin-bottom: 20px;'>\n<div style='padding: 15px; border-bottom: 1px solid rgba(150&comma; 150&comma; 150&comma; 0.2); font-weight: bold; font-size: 18px; color: inherit; background-color: #df001e; color: white;'>Funci\u00f3n de Grabaci\u00f3n y Visualizaci\u00f3n<\/div>\n<div style='padding: 15px; color: inherit;'>\n<ul style='padding-left: 20px; margin: 0; font-size: 14px; list-style-type: disc;'>\n<li style='margin-bottom: 5px;'><span style='color: inherit; font-family: sans-serif;'>Detecci\u00f3n de movimiento multizona.<\/span><\/li>\n<li style='margin-bottom: 5px;'><span style='color: inherit; font-family: sans-serif;'>Zoom digital en visualizaci\u00f3n y grabaci\u00f3n.<\/span><\/li>\n<li style='margin-bottom: 5px;'><span style='color: inherit; font-family: sans-serif;'>Dual stream (main stream y sub stream).<\/span><\/li>\n<li style='margin-bottom: 5px;'><span style='color: inherit; font-family: sans-serif;'>Soporta avance r\u00e1pido&comma; lento&comma; cuadro a cuadro&comma; etc.<\/span><\/li>\n<li style='margin-bottom: 5px;'><span style='color: inherit; font-family: sans-serif;'>Soporta tecnolog\u00eda de discos duros S.M.A.R.T.<\/span><\/li>\n<li style='margin-bottom: 5px;'><span style='color: inherit; font-family: sans-serif;'>Soporta m\u00faltiples tipos de grabaci\u00f3n&comma; incluyendo tiempo real&comma; grabaci\u00f3n manual&comma; videosensor&comma; videosensor y alarma&comma; videosensor o alarma.<\/span><\/li>\n<li style='margin-bottom: 5px;'><span style='color: inherit; font-family: sans-serif;'>Soporta grabaci\u00f3n c\u00edclica (sobreescritura) y no c\u00edclica.<\/span><\/li>\n<\/ul><\/div>\n<\/p><\/div>\n<p> <!-- Resoluci\u00f3n de Grabaci\u00f3n por Canal --> <\/p>\n<div style='border: 1px solid rgba(150&comma; 150&comma; 150&comma; 0.4); border-radius: 8px; overflow: hidden; margin-bottom: 20px;'>\n<div style='padding: 15px; border-bottom: 1px solid rgba(150&comma; 150&comma; 150&comma; 0.2); font-weight: bold; font-size: 18px; color: inherit; background-color: #df001e; color: white;'>Resoluci\u00f3n de Grabaci\u00f3n por Canal (recomendado con H.265)<\/div>\n<div style='padding: 15px; color: inherit;'>\n<ul style='padding-left: 20px; margin: 0; font-size: 14px; list-style-type: disc;'>\n<li style='margin-bottom: 5px;'><span style='color: inherit; font-family: sans-serif;'>2 MP (1080P): 8 Canales &#8211; 30 IPS.<\/span><\/li>\n<li style='margin-bottom: 5px;'><span style='color: inherit; font-family: sans-serif;'>4 MP: 8 Canales &#8211; 30 IPS.<\/span><\/li>\n<li style='margin-bottom: 5px;'><span style='color: inherit; font-family: sans-serif;'>5 MP: 8 Canales &#8211; 30 IPS.<\/span><\/li>\n<li style='margin-bottom: 5px;'><span style='color: inherit; font-family: sans-serif;'>6 MP: 8 Canales &#8211; 30 IPS.<\/span><\/li>\n<li style='margin-bottom: 5px;'><span style='color: inherit; font-family: sans-serif;'>4K (8 MP): 8 Canales &#8211; 30 IPS.<\/span><\/li>\n<li style='margin-bottom: 5px;'><span style='color: inherit; font-family: sans-serif;'>4K (12 MP): 8 Canales &#8211; 30 IPS.<\/span><\/li>\n<li style='margin-bottom: 5px;'><span style='color: inherit; font-family: sans-serif;'>Reproducci\u00f3n s\u00edncrona en canales: 8 Canales.<\/span><\/li>\n<\/ul><\/div>\n<\/p><\/div>\n<\/p><\/div>\n<\/p><\/div>\n<p> <!-- Caracter\u00edsticas destacadas --> <\/p>\n<div style='border: 1px solid rgba(150&comma; 150&comma; 150&comma; 0.4); border-radius: 8px; overflow: hidden; margin-bottom: 30px;'>\n<div style='padding: 15px; border-bottom: 1px solid rgba(150&comma; 150&comma; 150&comma; 0.2); font-weight: bold; font-size: 18px; color: inherit; background-color: #df001e; color: white;'>Caracter\u00edsticas destacadas<\/div>\n<div style='padding: 15px; color: inherit;'>\n<h4 style='margin-top: 0; font-size: 16px; color: inherit;'><strong style='color: inherit;'>Reconocimiento Facial:<\/strong><\/h4>\n<ul style='padding-left: 20px; margin: 0 0 20px 0; font-size: 14px; list-style-type: disc;'>\n<li style='margin-bottom: 5px;'><span style='color: inherit; font-family: sans-serif;'>Hasta 16 librer\u00edas con un m\u00e1ximo de 100&comma;000 rostros en total.<\/span><\/li>\n<li style='margin-bottom: 5px;'><span style='color: inherit; font-family: sans-serif;'>Cada fotograf\u00eda debe de pesar m\u00e1ximo 20 GB.<\/span><\/li>\n<li style='margin-bottom: 5px;'><span style='color: inherit; font-family: sans-serif;'>Cuando la c\u00e1mara detecta un rostro y coincidente con la base de datos&comma; se puede: activar la grabaci\u00f3n&comma; notificar al software remoto (iVMS-4200)&comma; enviar un email&comma; activar una salida de alarma&comma; etc.<\/span><\/li>\n<li style='margin-bottom: 5px;'><span style='color: inherit; font-family: sans-serif;'>Soporta 8 canales de video con reconocimiento facial&comma; podemos usar c\u00e1maras: IDS-2CD7 (que soporte Reconocimiento facial).<\/span><\/li>\n<li style='margin-bottom: 5px;'><span style='color: inherit; font-family: sans-serif;'>Soporta 8 canales de video con reconocimiento facial&comma; podemos usar c\u00e1maras: DS-2CD3XXG2 \/ DS-2CD3XX7G2 (que soporte captura facial).<\/span><\/li>\n<\/ul>\n<h4 style='margin-top: 0; font-size: 16px; color: inherit;'><strong style='color: inherit;'>ACUSENSE (Filtro de Falsas Alarmas):<\/strong><\/h4>\n<ul style='padding-left: 20px; margin: 0 0 20px 0; font-size: 14px; list-style-type: disc;'>\n<li style='margin-bottom: 5px;'><span style='color: inherit; font-family: sans-serif;'>Con tecnolog\u00eda ACUSENSE podemos evitar falsas alarmas como movimiento de \u00e1rboles&comma; animales&comma; etc.<\/span><\/li>\n<li style='margin-bottom: 5px;'><span style='color: inherit; font-family: sans-serif;'>Al activar la tecnolog\u00eda ACUSENSE solo detecta cuerpo humano y veh\u00edculos para detectar realmente eventos importantes y as\u00ed eliminar falsas alarmas.<\/span><\/li>\n<li style='margin-bottom: 5px;'><span style='color: inherit; font-family: sans-serif;'>Soporta hasta 8 canales con ACUSENSE utilizando c\u00e1maras: DS-2CD2XX7G2 \/ DS-2CD2XX3G2 \/ IDS-2CD7 \/ DS-2CD3XXG2 \/ DS-2CD3XX7G2 (que soporte ACUSENSE).<\/span><\/li>\n<li style='margin-bottom: 5px;'><span style='color: inherit; font-family: sans-serif;'>Soporta hasta 8 canales con la tecnolog\u00eda ACUSENSE Lite (humano y veh\u00edculo pero con detecci\u00f3n de movimiento&comma; no anal\u00edticos) usando c\u00e1maras DS-2CD1XX3G2 y DS-2CD1XX3G7G2 (que soporte ACUSENSE Lite).<\/span><\/li>\n<\/ul>\n<h4 style='margin-top: 0; font-size: 16px; color: inherit;'><strong style='color: inherit;'>Soporta POS (Punto de Venta):<\/strong><\/h4>\n<ul style='padding-left: 20px; margin: 0 0 20px 0; font-size: 14px; list-style-type: disc;'>\n<li style='margin-bottom: 5px;'><span style='color: inherit; font-family: sans-serif;'>Soporta 4 canales con la integraci\u00f3n POS. El sistema de POS a integrar se recomienda que soporte dos impresiones&comma; una f\u00edsica (ticket de la compra) y una digital (para mandar el texto al NVR).<\/span><\/li>\n<\/ul>\n<h4 style='margin-top: 0; font-size: 16px; color: inherit;'><strong style='color: inherit;'>People Counting (Conteo de Personas):<\/strong><\/h4>\n<ul style='padding-left: 20px; margin: 0 0 20px 0; font-size: 14px; list-style-type: disc;'>\n<li style='margin-bottom: 5px;'><span style='color: inherit; font-family: sans-serif;'>Usando c\u00e1maras IP con anal\u00edtica de conteo de personas (base de datos) podemos realizar un conteo de personas por medio de la captura facial&comma; esto hace que nos permita tener una efectividad mayor para evitar posibles duplicaciones. Podemos tener diferentes tipos de an\u00e1lisis como entradas&comma; salidas y duplicados (varias veces entran y salen). Podemos tener excepciones de rostros que no cuenten por ser miembros o personas dentro del mismo local.<\/span><\/li>\n<\/ul>\n<p style='margin: 0; color: inherit;'><strong style='color: inherit;'>Nota:<\/strong> Solo es posible habilitar reconocimiento facial o ACUSENSE (no se puede tener ambos al mismo tiempo).<\/p>\n<\/p><\/div>\n<\/p><\/div>\n<p> <!-- Videos adicionales --> <\/p>\n<div style='display: flex; flex-wrap: wrap; gap: 30px; margin-bottom: 30px;'>\n<div style='flex: 1 1 45%; min-width: 300px;'>\n<h3 style='font-size: 22px; border-bottom: 2px solid currentColor; padding-bottom: 5px; margin-top: 0; color: inherit; opacity: 0.8;'>Gesti\u00f3n de entradas y salidas<\/h3>\n<div style='position: relative; padding-bottom: 56.25%; height: 0; overflow: hidden; margin-bottom: 30px;'>   <\/div>\n<\/p><\/div>\n<div style='flex: 1 1 45%; min-width: 300px;'>\n<h3 style='font-size: 22px; border-bottom: 2px solid currentColor; padding-bottom: 5px; margin-top: 0; color: inherit; opacity: 0.8;'>Configuraci\u00f3n de eventos<\/h3>\n<div style='position: relative; padding-bottom: 56.25%; height: 0; overflow: hidden; margin-bottom: 30px;'>   <\/div>\n<\/p><\/div>\n<\/p><\/div>\n<p> <!-- Banner final --> <\/p>\n<p style='margin: 30px 0 0 0;'><img style='width: 100%; height: auto; border: 1px solid rgba(150&comma;150&comma;150&comma;0.3); border-radius: 8px;' src='https:\/\/ftp3.syscom.mx\/usuarios\/jsosa\/HIKVISION\/imagenes\/banners\/solution%20complete.png' alt='Soluci\u00f3n completa Hikvision'><\/p>\n<\/p><\/div>\n","protected":false},"excerpt":{"rendered":"<p>NVR 32 Megapixel (8K) \/ Reconocimiento Facial (Base de Datos) \/ 8 Canales IP \/ 2 Bah\u00edas de Disco Duro \/ 8 Puertos PoE+ \/ HDMI en 8K \/ ACUSENSE \/ Soporta POS \/ Deepin Mind \/ AcuSearch<\/p>\n","protected":false},"featured_media":95359,"comment_status":"open","ping_status":"closed","template":"","meta":[],"product_brand":[],"product_cat":[2234],"product_tag":[122,54,2235],"class_list":{"0":"post-95360","1":"product","2":"type-product","3":"status-publish","4":"has-post-thumbnail","6":"product_cat-nvrs-network-video-recorders","7":"product_tag-camaras-ip-y-nvrs","8":"product_tag-hikvision","9":"product_tag-nvrs-network-video-recorders","11":"first","12":"instock","13":"sale","14":"shipping-taxable","15":"purchasable","16":"product-type-simple"},"_links":{"self":[{"href":"https:\/\/soydeaqui.ddns.net\/pachuca\/index.php\/wp-json\/wp\/v2\/product\/95360","targetHints":{"allow":["GET"]}}],"collection":[{"href":"https:\/\/soydeaqui.ddns.net\/pachuca\/index.php\/wp-json\/wp\/v2\/product"}],"about":[{"href":"https:\/\/soydeaqui.ddns.net\/pachuca\/index.php\/wp-json\/wp\/v2\/types\/product"}],"replies":[{"embeddable":true,"href":"https:\/\/soydeaqui.ddns.net\/pachuca\/index.php\/wp-json\/wp\/v2\/comments?post=95360"}],"wp:featuredmedia":[{"embeddable":true,"href":"https:\/\/soydeaqui.ddns.net\/pachuca\/index.php\/wp-json\/wp\/v2\/media\/95359"}],"wp:attachment":[{"href":"https:\/\/soydeaqui.ddns.net\/pachuca\/index.php\/wp-json\/wp\/v2\/media?parent=95360"}],"wp:term":[{"taxonomy":"product_brand","embeddable":true,"href":"https:\/\/soydeaqui.ddns.net\/pachuca\/index.php\/wp-json\/wp\/v2\/product_brand?post=95360"},{"taxonomy":"product_cat","embeddable":true,"href":"https:\/\/soydeaqui.ddns.net\/pachuca\/index.php\/wp-json\/wp\/v2\/product_cat?post=95360"},{"taxonomy":"product_tag","embeddable":true,"href":"https:\/\/soydeaqui.ddns.net\/pachuca\/index.php\/wp-json\/wp\/v2\/product_tag?post=95360"}],"curies":[{"name":"wp","href":"https:\/\/api.w.org\/{rel}","templated":true}]}}