{"id":95284,"date":"2026-03-20T07:22:35","date_gmt":"2026-03-20T07:22:35","guid":{"rendered":"https:\/\/soydeaqui.ddns.net\/pachuca\/index.php\/producto\/pantalla-profesional-led-de-65-uhd-4k-3840x2160p-entradas-de-video-hdmi-displayport-bocinas-integradas-de-10-w-compatible-vesa-modo-de-simulacion-dicom\/"},"modified":"2026-03-20T07:22:47","modified_gmt":"2026-03-20T07:22:47","slug":"pantalla-profesional-led-de-65-uhd-4k-3840x2160p-entradas-de-video-hdmi-displayport-bocinas-integradas-de-10-w-compatible-vesa-modo-de-simulacion-dicom","status":"publish","type":"product","link":"https:\/\/soydeaqui.ddns.net\/pachuca\/index.php\/producto\/pantalla-profesional-led-de-65-uhd-4k-3840x2160p-entradas-de-video-hdmi-displayport-bocinas-integradas-de-10-w-compatible-vesa-modo-de-simulacion-dicom\/","title":{"rendered":"Pantalla Profesional LED de 65&#8243;, UHD 4K (3840x2160p), Entradas de Video HDMI\/DisplayPort, Bocinas Integradas de 10 W. Compatible VESA. Modo de Simulaci\u00f3n DICOM"},"content":{"rendered":"<div style='width: 100%; max-width: 1200px; margin: 0 auto; font-family: sans-serif; line-height: 1.6; color: inherit; background-color: transparent;'> <!-- Imagen 1 --> <\/p>\n<div style='margin-bottom: 30px;'> <img style='width: 100%; height: auto; border: 1px solid rgba(150&comma;150&comma;150&comma;0.3); border-radius: 8px;' src='https:\/\/ftp3.syscom.mx\/usuarios\/fotos\/QM43B\/207717-captura_de_pantalla_2022-04-11_a_la(s)_9.54.20.png' alt=''> <\/div>\n<p> <!-- Texto de Antireflejo --> <\/p>\n<div style='text-align: center; margin-bottom: 30px;'>\n<p style='margin: 0; color: inherit; font-size: 14px;'>Convencional Antireflejo (Non Glare)<\/p>\n<\/p><\/div>\n<p> <!-- Secci\u00f3n de Garant\u00eda --> <\/p>\n<div style='margin-bottom: 30px;'>\n<h3 style='font-size: 22px; border-bottom: 2px solid currentColor; padding-bottom: 5px; margin-top: 0; margin-bottom: 15px; color: inherit; opacity: 0.8;'>Pol\u00edtica de Garant\u00eda<\/h3>\n<p style='margin: 0 0 10px 0; color: inherit; font-size: 14px;'>SYSCOM se apega a las pol\u00edticas de garant\u00eda de cada proveedor de la marca y\/o f\u00e1brica.<\/p>\n<p style='margin: 0 0 10px 0; color: inherit; font-size: 14px;'>La cobertura de garant\u00eda por defecto de f\u00e1brica y\/o mal funcionamiento es de 90 d\u00edas con Syscom. Posterior a este periodo&comma; la garant\u00eda es directa con el fabricante.<\/p>\n<p style='margin: 0; color: inherit; font-size: 14px;'>En quebraduras&comma; da\u00f1os f\u00edsicos de equipo y\/o empaque da\u00f1ado&comma; reportarlo dentro de las 24 horas posteriores a la fecha de recepci\u00f3n para el reclamo a paqueter\u00eda.<\/p>\n<\/p><\/div>\n<p> <!-- Secci\u00f3n de caracter\u00edsticas en 3 columnas --> <\/p>\n<div style='display: flex; flex-wrap: wrap; gap: 30px; margin-bottom: 30px;'> <!-- Caracter\u00edsticas principales --> <\/p>\n<div style='flex: 1 1 300px; min-width: 280px;'>\n<h3 style='font-size: 22px; border-bottom: 2px solid currentColor; padding-bottom: 5px; margin-top: 0; margin-bottom: 15px; color: inherit; opacity: 0.8;'>Caracter\u00edsticas principales<\/h3>\n<ul style='padding-left: 20px; font-size: 15px; color: inherit;'>\n<li style='margin-bottom: 5px;'><strong>Tama\u00f1o diagonal:<\/strong> 65&#8242;<\/li>\n<li style='margin-bottom: 5px;'><strong>Resoluci\u00f3n:<\/strong> 4K (3840 x 2160 pix.)<\/li>\n<li style='margin-bottom: 5px;'><strong>Relaci\u00f3n de aspecto:<\/strong> 16:9<\/li>\n<li style='margin-bottom: 5px;'><strong>Brillo:<\/strong> 500 nit.<\/li>\n<li style='margin-bottom: 5px;'><strong>Bisel:<\/strong> 9.2 (arriba&comma; lados) x 11.2 (abajo) mm<\/li>\n<li style='margin-bottom: 5px;'><strong>Relaci\u00f3n de contraste:<\/strong> 4000:1<\/li>\n<li style='margin-bottom: 5px;'><strong>Bocinas integradas:<\/strong> 10 W.<\/li>\n<li style='margin-bottom: 5px;'>Aplicable para video solamente<\/li>\n<li style='margin-bottom: 5px;'>Compatible con Samsung VXT (licencia <a style='color: inherit; text-decoration: underline;' href='https:\/\/www.syscom.mx\/principal\/searchcont?route=VXT-P-SAMSUNG-ELECTRONICS-241706&#038;autodetect=VXT-P'>VXT-P<\/a>)<\/li>\n<li style='margin-bottom: 5px;'>Compatible con Magicinfo<\/li>\n<li style='margin-bottom: 5px;'>Operaci\u00f3n 24\/7<\/li>\n<\/ul>\n<div style='margin-top: 20px;'>\n<p style='margin: 0 0 10px 0; font-weight: bold; color: inherit;'>3 A\u00f1os de garant\u00eda con fabricante<\/p>\n<p style='margin: 0; font-weight: bold; color: inherit;'>Informaci\u00f3n de soporte y garant\u00eda: <a style='color: inherit; text-decoration: underline;' href='https:\/\/www.samsung.com\/mx\/support\/warranty\/'>GARANT\u00cdA<\/a><\/p>\n<\/p><\/div>\n<\/p><\/div>\n<p> <!-- Conectividad y Funciones especiales --> <\/p>\n<div style='flex: 1 1 300px; min-width: 280px;'>\n<h3 style='font-size: 22px; border-bottom: 2px solid currentColor; padding-bottom: 5px; margin-top: 0; margin-bottom: 15px; color: inherit; opacity: 0.8;'>Conectividad<\/h3>\n<ul style='padding-left: 20px; font-size: 15px; color: inherit;'>\n<li style='margin-bottom: 5px;'><strong>Entradas de Video:<\/strong> Display port 1.2&comma; HDMI 2.0 (3)<\/li>\n<li style='margin-bottom: 5px;'><strong>Entrada de Audio:<\/strong> mini Jack Est\u00e9reo<\/li>\n<li style='margin-bottom: 5px;'><strong>Puerto:<\/strong> x2 USB 2.0<\/li>\n<li style='margin-bottom: 5px;'><strong>Salidas de Audio:<\/strong> mini Jack Est\u00e9reo<\/li>\n<li style='margin-bottom: 5px;'><strong>Puerto LAN:<\/strong> RJ45 10\/100 Mbps<\/li>\n<\/ul>\n<h3 style='font-size: 22px; border-bottom: 2px solid currentColor; padding-bottom: 5px; margin-top: 25px; margin-bottom: 15px; color: inherit; opacity: 0.8;'>Funciones especiales<\/h3>\n<ul style='padding-left: 20px; font-size: 15px; color: inherit;'>\n<li style='margin-bottom: 5px;'>Aplicaci\u00f3n de Videollamada (C\u00e1mara web no incluida)<\/li>\n<li style='margin-bottom: 5px;'>Modo de Simulaci\u00f3n DICOM con 100% en escalas de grises (para im\u00e1genes m\u00e9dicas como rayos X).<\/li>\n<li style='margin-bottom: 5px;'>Antireflejo de luz<\/li>\n<\/ul><\/div>\n<p> <!-- Control externo y Caracter\u00edsticas f\u00edsicas --> <\/p>\n<div style='flex: 1 1 300px; min-width: 280px;'>\n<h3 style='font-size: 22px; border-bottom: 2px solid currentColor; padding-bottom: 5px; margin-top: 0; margin-bottom: 15px; color: inherit; opacity: 0.8;'>Control externo<\/h3>\n<ul style='padding-left: 20px; font-size: 15px; color: inherit;'>\n<li style='margin-bottom: 5px;'>Puerto RS-232C<\/li>\n<li style='margin-bottom: 5px;'>Puerto RJ45<\/li>\n<li style='margin-bottom: 5px;'>Sensor externo IR<\/li>\n<\/ul>\n<h3 style='font-size: 22px; border-bottom: 2px solid currentColor; padding-bottom: 5px; margin-top: 25px; margin-bottom: 15px; color: inherit; opacity: 0.8;'>Caracter\u00edsticas f\u00edsicas y el\u00e9ctricas<\/h3>\n<ul style='padding-left: 20px; font-size: 15px; color: inherit;'>\n<li style='margin-bottom: 5px;'><strong>Temperatura de operaci\u00f3n:<\/strong> 0 a 40 \u00b0C<\/li>\n<li style='margin-bottom: 5px;'><strong>Alimentaci\u00f3n:<\/strong> 100-240 Vca&comma; 182 W.<\/li>\n<li style='margin-bottom: 5px;'><strong>Compatible con VESA:<\/strong> 400 x 400 mm. No incluye Torniller\u00eda.<\/li>\n<li style='margin-bottom: 5px;'><strong>Dimensiones:<\/strong> 1453.9 x 831 x 46.3 mm.<\/li>\n<li style='margin-bottom: 5px;'><strong>Peso:<\/strong> 24.9 Kg.<\/li>\n<li style='margin-bottom: 5px;'>No incluye montajes de pared ni de escritorio<\/li>\n<\/ul><\/div>\n<\/p><\/div>\n<p> <!-- Imagen 2 --> <\/p>\n<div style='margin-bottom: 30px;'> <img style='width: 100%; height: auto; border: 1px solid rgba(150&comma;150&comma;150&comma;0.3); border-radius: 8px;' src='https:\/\/ftp3.syscom.mx\/usuarios\/fotos\/QM43B\/207717-captura_de_pantalla_2022-04-11_a_la(s)_9.46.18.png' alt=''> <\/div>\n<p> <!-- Secci\u00f3n de Modo DICOM --> <\/p>\n<div style='margin-bottom: 30px;'>\n<h3 style='font-size: 22px; border-bottom: 2px solid currentColor; padding-bottom: 5px; margin-top: 0; margin-bottom: 15px; color: inherit; opacity: 0.8;'>Modo DICOM (Im\u00e1genes M\u00e9dicas)<\/h3>\n<\/p><\/div>\n<\/p><\/div>\n","protected":false},"excerpt":{"rendered":"<p>Pantalla Profesional LED de 65&#8243;, UHD 4K (3840x2160p), Entradas de Video HDMI\/DisplayPort, Bocinas Integradas de 10 W. Compatible VESA. Modo de Simulaci\u00f3n DICOM<\/p>\n","protected":false},"featured_media":95283,"comment_status":"open","ping_status":"closed","template":"","meta":[],"product_brand":[],"product_cat":[2191],"product_tag":[2089,2192,2193],"class_list":{"0":"post-95284","1":"product","2":"type-product","3":"status-publish","4":"has-post-thumbnail","6":"product_cat-pantallas-monitores-monitores-pantallas-y-mobiliario","7":"product_tag-monitores-pantallas-y-mobiliario","8":"product_tag-pantallas-monitores-2","9":"product_tag-samsung-electronics","11":"first","12":"instock","13":"sale","14":"shipping-taxable","15":"purchasable","16":"product-type-simple"},"_links":{"self":[{"href":"https:\/\/soydeaqui.ddns.net\/pachuca\/index.php\/wp-json\/wp\/v2\/product\/95284","targetHints":{"allow":["GET"]}}],"collection":[{"href":"https:\/\/soydeaqui.ddns.net\/pachuca\/index.php\/wp-json\/wp\/v2\/product"}],"about":[{"href":"https:\/\/soydeaqui.ddns.net\/pachuca\/index.php\/wp-json\/wp\/v2\/types\/product"}],"replies":[{"embeddable":true,"href":"https:\/\/soydeaqui.ddns.net\/pachuca\/index.php\/wp-json\/wp\/v2\/comments?post=95284"}],"wp:featuredmedia":[{"embeddable":true,"href":"https:\/\/soydeaqui.ddns.net\/pachuca\/index.php\/wp-json\/wp\/v2\/media\/95283"}],"wp:attachment":[{"href":"https:\/\/soydeaqui.ddns.net\/pachuca\/index.php\/wp-json\/wp\/v2\/media?parent=95284"}],"wp:term":[{"taxonomy":"product_brand","embeddable":true,"href":"https:\/\/soydeaqui.ddns.net\/pachuca\/index.php\/wp-json\/wp\/v2\/product_brand?post=95284"},{"taxonomy":"product_cat","embeddable":true,"href":"https:\/\/soydeaqui.ddns.net\/pachuca\/index.php\/wp-json\/wp\/v2\/product_cat?post=95284"},{"taxonomy":"product_tag","embeddable":true,"href":"https:\/\/soydeaqui.ddns.net\/pachuca\/index.php\/wp-json\/wp\/v2\/product_tag?post=95284"}],"curies":[{"name":"wp","href":"https:\/\/api.w.org\/{rel}","templated":true}]}}