{"id":95278,"date":"2026-03-20T07:22:19","date_gmt":"2026-03-20T07:22:19","guid":{"rendered":"https:\/\/soydeaqui.ddns.net\/pachuca\/index.php\/producto\/dual-light-domo-ip-8-megapixel-4k-lente-2-8-mm-30-mts-ir-30-mts-luz-blanca-microfono-integrado-ik08-acusense-lite-exterior-ip67-h-265-poe-onvif\/"},"modified":"2026-03-20T07:22:25","modified_gmt":"2026-03-20T07:22:25","slug":"dual-light-domo-ip-8-megapixel-4k-lente-2-8-mm-30-mts-ir-30-mts-luz-blanca-microfono-integrado-ik08-acusense-lite-exterior-ip67-h-265-poe-onvif","status":"publish","type":"product","link":"https:\/\/soydeaqui.ddns.net\/pachuca\/index.php\/producto\/dual-light-domo-ip-8-megapixel-4k-lente-2-8-mm-30-mts-ir-30-mts-luz-blanca-microfono-integrado-ik08-acusense-lite-exterior-ip67-h-265-poe-onvif\/","title":{"rendered":"[Dual Light] Domo IP 8 Megapixel (4K) \/ Lente 2.8 mm \/ 30 mts IR + 30 mts Luz Blanca \/ Micr\u00f3fono Integrado \/ IK08 \/ ACUSENSE Lite \/ Exterior IP67 \/ H.265 \/ PoE \/ ONVIF"},"content":{"rendered":"<div style='width: 100%; max-width: 1200px; margin: 0 auto; font-family: sans-serif; line-height: 1.6; color: inherit; background-color: transparent;'> <!-- Imagen principal --> <\/p>\n<div style='margin: 20px 0;'> <img style='width: 100%; height: auto; border: 1px solid rgba(150&comma;150&comma;150&comma;0.3); border-radius: 8px;' src='https:\/\/ftp3.syscom.mx\/usuarios\/ftp\/single_page\/HIKVISION\/_smart-hybrid-colorvuLite.jpg' alt=''> <\/div>\n<p> <!-- Contenedor principal --> <\/p>\n<div style='display: flex; flex-wrap: wrap; gap: 30px; margin-top: 30px;'>\n<div style='flex: 1 1 300px; min-width: 280px;'>\n<div style='width: 100%; border: 1px solid rgba(150&comma;150&comma;150&comma;0.3); border-radius: 8px; overflow: hidden;'>\n<div style='padding: 15px; border-bottom: 1px solid rgba(150&comma;150&comma;150&comma;0.2); font-weight: bold; font-size: 18px; color: inherit; background-color: #df001e; color: white;'> Caracter\u00edsticas Principales <\/div>\n<div style='padding: 15px; color: inherit;'>\n<ul style='padding-left: 20px; margin: 0; font-size: 14px; list-style-type: disc;'>\n<li style='margin-bottom: 5px;'><span style='color: inherit; font-family: verdana&comma; geneva&comma; sans-serif;'>Resoluci\u00f3n m\u00e1xima: 8 Megapixel (3840 \u00d7 2160).<\/span><\/li>\n<li style='margin-bottom: 5px;'><span style='color: inherit; font-family: verdana&comma; geneva&comma; sans-serif;'>Lente fijo: 2.8 mm (\u00e1ngulo de apertura 113\u00b0).<\/span><\/li>\n<li style='margin-bottom: 5px;'><span style='color: inherit; font-family: verdana&comma; geneva&comma; sans-serif;'>Micr\u00f3fono integrado.<\/span><\/li>\n<li style='margin-bottom: 5px;'><span style='color: inherit; font-family: verdana&comma; geneva&comma; sans-serif;'>30 mts IR EXIR (visi\u00f3n nocturna).<\/span><\/li>\n<li style='margin-bottom: 5px;'><span style='color: inherit; font-family: verdana&comma; geneva&comma; sans-serif;'>30 mts de luz blanca (ayuda a iluminar el sitio para mantener la imagen siempre a color).<\/span><\/li>\n<li style='margin-bottom: 5px;'><span style='color: inherit; font-family: verdana&comma; geneva&comma; sans-serif;'>Compresi\u00f3n: H.265+\/H.265\/H.264+\/H.264.<\/span><\/li>\n<li style='margin-bottom: 5px;'><span style='color: inherit; font-family: verdana&comma; geneva&comma; sans-serif;'>dWDR \/ 3D DNR \/ BLC.<\/span><\/li>\n<li style='margin-bottom: 5px;'><span style='color: inherit; font-family: verdana&comma; geneva&comma; sans-serif;'>Compatible con plataforma Hik-Connect P2P (<a href='https:\/\/appstore.hikvision.com\/' target='_blank' rel='noopener' style='color: #0066cc; text-decoration: underline;'>https:\/\/appstore.hikvision.com\/<\/a>).<\/span><\/li>\n<\/ul><\/div>\n<\/p><\/div>\n<div style='width: 100%; border: 1px solid rgba(150&comma;150&comma;150&comma;0.3); border-radius: 8px; overflow: hidden; margin-top: 20px;'>\n<div style='padding: 15px; border-bottom: 1px solid rgba(150&comma;150&comma;150&comma;0.2); font-weight: bold; font-size: 18px; color: inherit; background-color: #df001e; color: white;'> Entradas y Salidas de Audio \/ Alarmas \/ Red \/ Almacenamiento <\/div>\n<div style='padding: 15px; color: inherit;'>\n<ul style='padding-left: 20px; margin: 0; font-size: 14px; list-style-type: disc;'>\n<li style='margin-bottom: 5px;'><span style='color: inherit; font-family: verdana&comma; geneva&comma; sans-serif;'>Entradas de alarmas: N\/A.<\/span><\/li>\n<li style='margin-bottom: 5px;'><span style='color: inherit; font-family: verdana&comma; geneva&comma; sans-serif;'>Salida de alarma: N\/A.<\/span><\/li>\n<li style='margin-bottom: 5px;'><span style='color: inherit; font-family: verdana&comma; geneva&comma; sans-serif;'>Entrada de audio: N\/A.<\/span><\/li>\n<li style='margin-bottom: 5px;'><span style='color: inherit; font-family: verdana&comma; geneva&comma; sans-serif;'>Salida de Audio: N\/A.<\/span><\/li>\n<li style='margin-bottom: 5px;'><span style='color: inherit; font-family: verdana&comma; geneva&comma; sans-serif;'>Puerto de Red: 1(10\/100 Mbps \/ PoE 802.3af).<\/span><\/li>\n<li style='margin-bottom: 5px;'><span style='color: inherit; font-family: verdana&comma; geneva&comma; sans-serif;'>Soporta ONVIF (Profile S) \/ ISAPI.<\/span><\/li>\n<\/ul><\/div>\n<\/p><\/div>\n<\/p><\/div>\n<div style='flex: 1 1 300px; min-width: 280px;'>\n<div style='width: 100%; border: 1px solid rgba(150&comma;150&comma;150&comma;0.3); border-radius: 8px; overflow: hidden;'>\n<div style='padding: 15px; border-bottom: 1px solid rgba(150&comma;150&comma;150&comma;0.2); font-weight: bold; font-size: 18px; color: inherit; background-color: #df001e; color: white;'> Caracter\u00edsticas F\u00edsicas y El\u00e9ctricas <\/div>\n<div style='padding: 15px; color: inherit;'>\n<ul style='padding-left: 20px; margin: 0; font-size: 14px; list-style-type: disc;'>\n<li style='margin-bottom: 5px;'><span style='color: inherit; font-family: verdana&comma; geneva&comma; sans-serif;'>Alimentaci\u00f3n: 12 Vcc \/ PoE (802.3 af).<\/span><\/li>\n<li style='margin-bottom: 5px;'><span style='color: inherit; font-family: verdana&comma; geneva&comma; sans-serif;'>Protecci\u00f3n: IP67 (interior \/ exterior).<\/span><\/li>\n<li style='margin-bottom: 5px;'><span style='color: inherit; font-family: verdana&comma; geneva&comma; sans-serif;'>Antivand\u00e1lica IK08.<\/span><\/li>\n<li style='margin-bottom: 5px;'><span style='color: inherit; font-family: verdana&comma; geneva&comma; sans-serif;'>Material: policarbonato y metal.<\/span><\/li>\n<li style='margin-bottom: 5px;'><span style='color: inherit; font-family: verdana&comma; geneva&comma; sans-serif;'>Dimensiones: \u00d8121.5 mm \u00d7 97.6 mm.<\/span><\/li>\n<li style='margin-bottom: 5px;'><span style='color: inherit; font-family: verdana&comma; geneva&comma; sans-serif;'>Peso: 550 g.<\/span><\/li>\n<\/ul><\/div>\n<\/p><\/div>\n<div style='width: 100%; border: 1px solid rgba(150&comma;150&comma;150&comma;0.3); border-radius: 8px; overflow: hidden; margin-top: 20px;'>\n<div style='padding: 15px; border-bottom: 1px solid rgba(150&comma;150&comma;150&comma;0.2); font-weight: bold; font-size: 18px; color: inherit; background-color: #df001e; color: white;'> Accesorios Compatibles <\/div>\n<div style='padding: 15px; color: inherit;'>\n<ul style='padding-left: 20px; margin: 0; font-size: 14px; list-style-type: disc;'>\n<li style='margin-bottom: 5px;'><span style='color: inherit; font-family: verdana&comma; geneva&comma; sans-serif; font-size: 14pt;'><strong>Consulte la ficha t\u00e9cnica para validar los accesorios compatibles&comma; de clic <a href='https:\/\/ftp3.syscom.mx\/usuarios\/emendoza\/elesbanmch\/HIKVISON\/SPECS\/Especificaciones%20Tecnicas%20-%20DS-2CD1183G2-LIU.pdf?_gl=1*vcx24k*_gcl_aw*R0NMLjE3NTM5ODg0NzkuQ2p3S0NBandxS3pFQmhBTkVpd0FlUWFQVlFXWFJid3V3RDhRanVEY1ZSa1pQcUFoQ1NvNG1YR085MmdzV2JzTktibUx3RXZnOFFTM3RCb0NvMThRQXZEX0J3RQ..*_gcl_au*NTA4MzI1MjQ1LjE3NTMxMjEwMDI.' target='_blank' rel='noopener' style='color: #0066cc; text-decoration: underline;'>Aqu\u00ed<\/a><\/strong><\/span><\/li>\n<\/ul><\/div>\n<\/p><\/div>\n<\/p><\/div>\n<div style='flex: 1 1 100%;'>\n<div style='width: 100%; border: 1px solid rgba(150&comma;150&comma;150&comma;0.3); border-radius: 8px; overflow: hidden;'>\n<div style='padding: 15px; border-bottom: 1px solid rgba(150&comma;150&comma;150&comma;0.2); font-weight: bold; font-size: 18px; color: inherit; background-color: #df001e; color: white;'> Caracter\u00edsticas Destacadas <\/div>\n<div style='padding: 15px; color: inherit;'>\n<ul style='padding-left: 20px; margin: 0; font-size: 14px; list-style-type: disc;'>\n<li style='margin-bottom: 5px;'><span style='color: inherit; font-family: verdana&comma; geneva&comma; sans-serif;'>La c\u00e1mara soporta micr\u00f3fono integrado (interconstruido) para enviar el video y el audio por el mismo cable de red sin tener que a\u00f1adir nada m\u00e1s.<\/span><\/li>\n<li style='margin-bottom: 5px;'><span style='color: inherit; font-family: verdana&comma; geneva&comma; sans-serif;'>Compatible con la plataforma de Hik-Connect para una conexi\u00f3n m\u00e1s r\u00e1pida y sencilla.<\/span><\/li>\n<li style='margin-bottom: 5px;'><span style='color: inherit; font-family: verdana&comma; geneva&comma; sans-serif;'>Soporta anal\u00edtico de ACUSENSE Lite para con anal\u00edticos como filtro de humano y veh\u00edculos por medio de detecci\u00f3n de movimiento (no por cruce de l\u00ednea o intrusi\u00f3n).<\/span><\/li>\n<li style='margin-bottom: 5px;'><span style='color: inherit; font-family: verdana&comma; geneva&comma; sans-serif;'>Soporta la tecnolog\u00eda Dual Light&comma; podemos tener en la noche la imagen de B\/N con los IR encendidos y cuando detecte movimiento por medio del anal\u00edtico de ACUSENSE Lite (filtro de humanos y veh\u00edculos) encender\u00e1 la luz blanca para poder tener el evento a color&comma; cuando pase el evento se vuelve a colocar la imagen en B\/N.<\/span><\/li>\n<\/ul><\/div>\n<\/p><\/div>\n<\/p><\/div>\n<div style='flex: 1 1 100%; margin-top: 30px;'>\n<div style='width: 100%; border: 1px solid rgba(150&comma;150&comma;150&comma;0.3); border-radius: 8px; overflow: hidden;'>\n<div style='padding: 15px; border-bottom: 1px solid rgba(150&comma;150&comma;150&comma;0.2); font-weight: bold; font-size: 18px; color: inherit; background-color: #df001e; color: white;'> Distancias DORI <\/div>\n<div style='padding: 15px; color: inherit;'>\n<p style='margin-bottom: 15px;'><span style='color: inherit; font-family: verdana&comma; geneva&comma; sans-serif;'>DORI es un est\u00e1ndar utilizado para definir la distancia a la cual se puede detectar&comma; observar&comma; reconocer e identificar personas y objetos con claridad utilizando una c\u00e1mara de vigilancia.<\/span><\/p>\n<div style='overflow-x: auto;'>\n<table style='width: 100%; border-collapse: collapse; margin: 15px 0; color: inherit; font-family: verdana&comma; geneva&comma; sans-serif;'>\n<thead>\n<tr style='background-color: #df001e; color: white;'>\n<th style='border: 1px solid rgba(150&comma;150&comma;150&comma;0.3); padding: 10px; min-width: 100px;'>Distancia Focal<\/th>\n<th style='border: 1px solid rgba(150&comma;150&comma;150&comma;0.3); padding: 10px; min-width: 80px;'>Detectar<\/th>\n<th style='border: 1px solid rgba(150&comma;150&comma;150&comma;0.3); padding: 10px; min-width: 80px;'>Observar<\/th>\n<th style='border: 1px solid rgba(150&comma;150&comma;150&comma;0.3); padding: 10px; min-width: 90px;'>Reconocer<\/th>\n<th style='border: 1px solid rgba(150&comma;150&comma;150&comma;0.3); padding: 10px; min-width: 90px;'>Identificar<\/th>\n<\/tr>\n<\/thead>\n<tbody>\n<tr>\n<td style='border: 1px solid rgba(150&comma;150&comma;150&comma;0.3); padding: 10px;'>Distancia (2.8mm)<\/td>\n<td style='border: 1px solid rgba(150&comma;150&comma;150&comma;0.3); padding: 10px;'>79 m<\/td>\n<td style='border: 1px solid rgba(150&comma;150&comma;150&comma;0.3); padding: 10px;'>31 m<\/td>\n<td style='border: 1px solid rgba(150&comma;150&comma;150&comma;0.3); padding: 10px;'>15 m<\/td>\n<td style='border: 1px solid rgba(150&comma;150&comma;150&comma;0.3); padding: 10px;'>7 m<\/td>\n<\/tr>\n<\/tbody>\n<\/table><\/div>\n<\/p><\/div>\n<\/p><\/div>\n<\/p><\/div>\n<div style='flex: 1 1 100%; margin-top: 30px;'>\n<div style='display: flex; flex-wrap: wrap; gap: 20px;'>\n<div style='flex: 1 1 300px; min-width: 280px;'> <img style='width: 100%; height: auto; border: 1px solid rgba(150&comma;150&comma;150&comma;0.3); border-radius: 8px;' src='https:\/\/ftp3.syscom.mx\/usuarios\/ftp\/single_page\/HIKVISION\/acusense-colorvu.png' alt=''> <\/div>\n<div style='flex: 1 1 300px; min-width: 280px; display: flex; align-items: center;'>\n<div style='color: inherit; font-family: verdana&comma; geneva&comma; sans-serif; font-size: 14px;'> Soporta anal\u00edtico de ACUSENSE Lite distingue personas y veh\u00edculos de otros objetos en el entorno&comma; enfoc\u00e1ndose en amenazas de seguridad reales con b\u00fasquedas de video eficientes. <\/div>\n<\/p><\/div>\n<\/p><\/div>\n<\/p><\/div>\n<div style='flex: 1 1 100%; margin-top: 30px;'>\n<div style='display: flex; flex-wrap: wrap; gap: 20px;'>\n<div style='flex: 1 1 300px; min-width: 280px;'> <img style='width: 100%; height: auto; border: 1px solid rgba(150&comma;150&comma;150&comma;0.3); border-radius: 8px;' src='https:\/\/ftp3.syscom.mx\/usuarios\/ftp\/single_page\/HIKVISION\/IR-PON-1.png' alt=''> <\/p>\n<div style='padding: 15px; border: 1px solid rgba(150&comma;150&comma;150&comma;0.3); border-top: none; border-radius: 0 0 8px 8px;'>\n<h4 style='margin-top: 0; font-size: 18px; color: inherit;'>Luz IR Encendida<\/h4>\n<p style='margin-bottom: 0; color: inherit; font-size: 14px;'>En ausencia de veh\u00edculo o persona&comma; la c\u00e1mara utiliza s\u00f3lo luz IR.<\/p>\n<\/p><\/div>\n<\/p><\/div>\n<div style='flex: 1 1 300px; min-width: 280px;'> <img style='width: 100%; height: auto; border: 1px solid rgba(150&comma;150&comma;150&comma;0.3); border-radius: 8px;' src='https:\/\/ftp3.syscom.mx\/usuarios\/ftp\/single_page\/HIKVISION\/LED-ON-1.jpg' alt=''> <\/p>\n<div style='padding: 15px; border: 1px solid rgba(150&comma;150&comma;150&comma;0.3); border-top: none; border-radius: 0 0 8px 8px;'>\n<h4 style='margin-top: 0; font-size: 18px; color: inherit;'>Luz LED Encendida<\/h4>\n<p style='margin-bottom: 0; color: inherit; font-size: 14px;'>Cuando se detecta un veh\u00edculo o una persona&comma; la luz blanca se activa autom\u00e1ticamente encendido&comma; lo que produce im\u00e1genes en colores vivos con detalles claros.<\/p>\n<\/p><\/div>\n<\/p><\/div>\n<div style='flex: 1 1 300px; min-width: 280px;'> <img style='width: 100%; height: auto; border: 1px solid rgba(150&comma;150&comma;150&comma;0.3); border-radius: 8px;' src='https:\/\/ftp3.syscom.mx\/usuarios\/ftp\/single_page\/HIKVISION\/IR-PON-2.png' alt=''> <\/p>\n<div style='padding: 15px; border: 1px solid rgba(150&comma;150&comma;150&comma;0.3); border-top: none; border-radius: 0 0 8px 8px;'>\n<h4 style='margin-top: 0; font-size: 18px; color: inherit;'>Luz IR Encendida<\/h4>\n<p style='margin-bottom: 0; color: inherit; font-size: 14px;'>Una vez que el veh\u00edculo o la persona sale&comma; las c\u00e1maras vuelven a la luz IR autom\u00e1ticamente.<\/p>\n<\/p><\/div>\n<\/p><\/div>\n<\/p><\/div>\n<\/p><\/div>\n<div style='flex: 1 1 100%; margin-top: 30px;'>\n<div style='position: relative; padding-bottom: 56.25%; height: 0; overflow: hidden; margin-bottom: 30px;'>   <\/div>\n<\/p><\/div>\n<div style='flex: 1 1 100%; margin-top: 30px;'> <img style='width: 100%; height: auto; border: 1px solid rgba(150&comma;150&comma;150&comma;0.3); border-radius: 8px;' src='https:\/\/ftp3.syscom.mx\/usuarios\/ftp\/single_page\/HIKVISION\/ICONOS-SMART-HYBRID-COLORVULITE.jpg' alt=''> <\/div>\n<\/p><\/div>\n<\/p><\/div>\n","protected":false},"excerpt":{"rendered":"<p>[Dual Light] Domo IP 8 Megapixel (4K) \/ Lente 2.8 mm \/ 30 mts IR + 30 mts Luz Blanca \/ Micr\u00f3fono Integrado \/ IK08 \/ ACUSENSE Lite \/ Exterior IP67 \/ H.265 \/ PoE \/ ONVIF<\/p>\n","protected":false},"featured_media":95277,"comment_status":"open","ping_status":"closed","template":"","meta":[],"product_brand":[],"product_cat":[2056],"product_tag":[122,2057,54],"class_list":{"0":"post-95278","1":"product","2":"type-product","3":"status-publish","4":"has-post-thumbnail","6":"product_cat-domo-eyeball-turret","7":"product_tag-camaras-ip-y-nvrs","8":"product_tag-domo-eyeball-turret","9":"product_tag-hikvision","11":"first","12":"instock","13":"sale","14":"shipping-taxable","15":"purchasable","16":"product-type-simple"},"_links":{"self":[{"href":"https:\/\/soydeaqui.ddns.net\/pachuca\/index.php\/wp-json\/wp\/v2\/product\/95278","targetHints":{"allow":["GET"]}}],"collection":[{"href":"https:\/\/soydeaqui.ddns.net\/pachuca\/index.php\/wp-json\/wp\/v2\/product"}],"about":[{"href":"https:\/\/soydeaqui.ddns.net\/pachuca\/index.php\/wp-json\/wp\/v2\/types\/product"}],"replies":[{"embeddable":true,"href":"https:\/\/soydeaqui.ddns.net\/pachuca\/index.php\/wp-json\/wp\/v2\/comments?post=95278"}],"wp:featuredmedia":[{"embeddable":true,"href":"https:\/\/soydeaqui.ddns.net\/pachuca\/index.php\/wp-json\/wp\/v2\/media\/95277"}],"wp:attachment":[{"href":"https:\/\/soydeaqui.ddns.net\/pachuca\/index.php\/wp-json\/wp\/v2\/media?parent=95278"}],"wp:term":[{"taxonomy":"product_brand","embeddable":true,"href":"https:\/\/soydeaqui.ddns.net\/pachuca\/index.php\/wp-json\/wp\/v2\/product_brand?post=95278"},{"taxonomy":"product_cat","embeddable":true,"href":"https:\/\/soydeaqui.ddns.net\/pachuca\/index.php\/wp-json\/wp\/v2\/product_cat?post=95278"},{"taxonomy":"product_tag","embeddable":true,"href":"https:\/\/soydeaqui.ddns.net\/pachuca\/index.php\/wp-json\/wp\/v2\/product_tag?post=95278"}],"curies":[{"name":"wp","href":"https:\/\/api.w.org\/{rel}","templated":true}]}}