{"id":95270,"date":"2026-03-20T07:21:59","date_gmt":"2026-03-20T07:21:59","guid":{"rendered":"https:\/\/soydeaqui.ddns.net\/pachuca\/index.php\/producto\/dual-light-domo-ip-6-megapixel-lente-2-8-mm-30-mts-ir-30-mts-luz-blanca-microfono-integrado-antivandalico-ik08-acusense-lite-exterior-ip67-h-265-poe-onvif-micro-sd\/"},"modified":"2026-03-20T07:22:05","modified_gmt":"2026-03-20T07:22:05","slug":"dual-light-domo-ip-6-megapixel-lente-2-8-mm-30-mts-ir-30-mts-luz-blanca-microfono-integrado-antivandalico-ik08-acusense-lite-exterior-ip67-h-265-poe-onvif-micro-sd","status":"publish","type":"product","link":"https:\/\/soydeaqui.ddns.net\/pachuca\/index.php\/producto\/dual-light-domo-ip-6-megapixel-lente-2-8-mm-30-mts-ir-30-mts-luz-blanca-microfono-integrado-antivandalico-ik08-acusense-lite-exterior-ip67-h-265-poe-onvif-micro-sd\/","title":{"rendered":"[Dual Light] Domo IP 6 Megapixel \/ Lente 2.8 mm \/ 30 mts IR + 30 mts Luz Blanca \/ Micr\u00f3fono Integrado \/ Antivand\u00e1lico IK08 \/ ACUSENSE Lite \/ Exterior IP67 \/ H.265 \/ PoE \/ ONVIF \/ Micro SD"},"content":{"rendered":"<div style='width: 100%; max-width: 1200px; margin: 0 auto; font-family: sans-serif; line-height: 1.6; color: inherit; background-color: transparent;'> <!-- Imagen principal --> <\/p>\n<div style='margin-bottom: 30px;'> <img style='width: 100%; height: auto; border: 1px solid rgba(150&comma;150&comma;150&comma;0.3); border-radius: 8px;' src='https:\/\/ftp3.syscom.mx\/usuarios\/ftp\/single_page\/HIKVISION\/_smart-hybrid-colorvuLite.jpg' alt=''> <\/div>\n<p> <!-- Imagen de iconos --> <\/p>\n<div style='margin-bottom: 30px;'> <img style='width: 100%; height: auto; border: 1px solid rgba(150&comma;150&comma;150&comma;0.3); border-radius: 8px;' src='https:\/\/ftp3.syscom.mx\/usuarios\/ftp\/single_page\/HIKVISION\/ICONOS-SMART-HYBRID-COLORVULITE.jpg' alt=''> <\/div>\n<p> <!-- T\u00edtulo de especificaciones --> <\/p>\n<div style='text-align: center; margin: 30px 0 20px;'>\n<h1 style='font-size: 28px; border-bottom: 2px solid currentColor; padding-bottom: 10px; margin: 0; color: inherit; opacity: 0.8;'>Especificaciones<\/h1>\n<\/p><\/div>\n<p> <!-- Secci\u00f3n de caracter\u00edsticas --> <\/p>\n<div style='display: flex; flex-wrap: wrap; gap: 30px; margin-bottom: 30px;'> <!-- Caracter\u00edsticas Principales --> <\/p>\n<div style='flex: 1 1 300px; min-width: 280px;'>\n<h3 style='font-size: 22px; border-bottom: 2px solid currentColor; padding-bottom: 5px; margin-top: 0; color: inherit; opacity: 0.8;'>Caracter\u00edsticas Principales<\/h3>\n<ul style='padding-left: 20px; font-size: 15px; color: inherit;'>\n<li style='margin-bottom: 5px;'><strong>Resoluci\u00f3n m\u00e1xima:<\/strong> 6 Megapixel (3200 \u00d7 1800)<\/li>\n<li style='margin-bottom: 5px;'><strong>Iluminaci\u00f3n m\u00ednima (color):<\/strong> 0.005 Lux @ (F1.6&comma; AGC ON)<\/li>\n<li style='margin-bottom: 5px;'><strong>Iluminaci\u00f3n m\u00ednima (B\/N):<\/strong> 0 Lux con IR<\/li>\n<li style='margin-bottom: 5px;'><strong>D\u00eda \/ Noche:<\/strong> Real (filtro ICR)<\/li>\n<li style='margin-bottom: 5px;'><strong>Distancia focal:<\/strong> 2.8 mm (\u00e1ngulo de visi\u00f3n 105\u00b0)<\/li>\n<li style='margin-bottom: 5px;'><strong>Distancia Luz Blanca:<\/strong> 30 mts<\/li>\n<li style='margin-bottom: 5px;'><strong>Micr\u00f3fono:<\/strong> Integrado<\/li>\n<li style='margin-bottom: 5px;'><strong>Funciones:<\/strong> WDR 120dB \/ D3 DNR \/ BLC<\/li>\n<li style='margin-bottom: 5px;'><strong>Compresi\u00f3n:<\/strong> H.265+ \/ H.265 \/ H.264+ \/ H.264<\/li>\n<li style='margin-bottom: 5px;'><strong>Plataforma compatible:<\/strong> Hik-Connect (<a href='https:\/\/appstore.hikvision.com\/' target='_blank' rel='noopener' style='color: inherit; text-decoration: underline;'>https:\/\/appstore.hikvision.com\/<\/a>)<\/li>\n<\/ul><\/div>\n<p> <!-- Entradas y Salidas --> <\/p>\n<div style='flex: 1 1 300px; min-width: 280px;'>\n<h3 style='font-size: 22px; border-bottom: 2px solid currentColor; padding-bottom: 5px; margin-top: 0; color: inherit; opacity: 0.8;'>Entradas y Salidas<\/h3>\n<ul style='padding-left: 20px; font-size: 15px; color: inherit;'>\n<li style='margin-bottom: 5px;'><strong>Entradas de alarma:<\/strong> No aplica<\/li>\n<li style='margin-bottom: 5px;'><strong>Salidas de alarma:<\/strong> No aplica<\/li>\n<li style='margin-bottom: 5px;'><strong>Entradas de audio:<\/strong> No aplica<\/li>\n<li style='margin-bottom: 5px;'><strong>Salidas de audio:<\/strong> No aplica<\/li>\n<li style='margin-bottom: 5px;'><strong>Micr\u00f3fono:<\/strong> Integrado<\/li>\n<li style='margin-bottom: 5px;'><strong>Puerto de red:<\/strong> 1 (10\/100 Mbps \/ PoE 802.3af)<\/li>\n<li style='margin-bottom: 5px;'><strong>Protocolos:<\/strong> ONVIF (PROFILE S y G) \/ ISAPI<\/li>\n<li style='margin-bottom: 5px;'><strong>Almacenamiento:<\/strong> Micro SD hasta 512 GB (no incluida)<\/li>\n<\/ul><\/div>\n<p> <!-- Caracter\u00edsticas F\u00edsicas --> <\/p>\n<div style='flex: 1 1 300px; min-width: 280px;'>\n<h3 style='font-size: 22px; border-bottom: 2px solid currentColor; padding-bottom: 5px; margin-top: 0; color: inherit; opacity: 0.8;'>Caracter\u00edsticas F\u00edsicas y El\u00e9ctricas<\/h3>\n<ul style='padding-left: 20px; font-size: 15px; color: inherit;'>\n<li style='margin-bottom: 5px;'><strong>Alimentaci\u00f3n:<\/strong> 12 Vcc \/ PoE 802.3af \/ 6 W<\/li>\n<li style='margin-bottom: 5px;'><strong>Temperatura operaci\u00f3n:<\/strong> -30\u00b0C a 60\u00b0C \/ Humedad al 95% m\u00e1ximo<\/li>\n<li style='margin-bottom: 5px;'><strong>Protecci\u00f3n:<\/strong> Exterior IP67<\/li>\n<li style='margin-bottom: 5px;'><strong>Dimensiones:<\/strong> 121.4 \u00d7 97.7 mm<\/li>\n<li style='margin-bottom: 5px;'><strong>Peso:<\/strong> 550 grs<\/li>\n<\/ul><\/div>\n<\/p><\/div>\n<p> <!-- Caracter\u00edsticas Destacadas --> <\/p>\n<div style='margin-bottom: 30px;'>\n<h3 style='font-size: 22px; border-bottom: 2px solid currentColor; padding-bottom: 5px; margin-top: 0; color: inherit; opacity: 0.8;'>Caracter\u00edsticas Destacadas<\/h3>\n<ul style='padding-left: 20px; font-size: 15px; color: inherit;'>\n<li style='margin-bottom: 10px;'>La c\u00e1mara soporta micr\u00f3fono integrado (interconstruido) para enviar el video y el audio por el mismo cable de red sin tener que a\u00f1adir nada m\u00e1s<\/li>\n<li style='margin-bottom: 10px;'>Compatible con la plataforma de Hik-Connect para una conexi\u00f3n m\u00e1s r\u00e1pida y sencilla<\/li>\n<li style='margin-bottom: 10px;'>Soporta anal\u00edtico de ACUSENSE Lite para con anal\u00edticos como filtro de humano y veh\u00edculos por medio de detecci\u00f3n de movimiento (no por cruce de l\u00ednea o intrusi\u00f3n)<\/li>\n<li style='margin-bottom: 10px;'>Soporta la tecnolog\u00eda Dual Light&comma; podemos tener en la noche la imagen de B\/N con los IR encendidos y cuando detecte movimiento por medio del anal\u00edtico de ACUSENSE Lite (filtro de humanos y veh\u00edculos) encender\u00e1 la luz blanca para poder tener el evento a color&comma; cuando pase el evento se vuelve a colocar la imagen en B\/N<\/li>\n<\/ul><\/div>\n<p> <!-- Tabla DORI --> <\/p>\n<div style='margin-bottom: 30px;'>\n<h3 style='font-size: 22px; border-bottom: 2px solid currentColor; padding-bottom: 5px; margin-top: 0; color: inherit; opacity: 0.8;'>Distancias DORI<\/h3>\n<p style='font-size: 15px; color: inherit;'>DORI es un est\u00e1ndar utilizado para definir la distancia a la cual se puede detectar&comma; observar&comma; reconocer e identificar personas y objetos con claridad utilizando una c\u00e1mara de vigilancia.<\/p>\n<div style='overflow-x: auto; margin: 20px 0;'>\n<table style='width: 100%; border-collapse: collapse; font-size: 15px; color: inherit;'>\n<thead>\n<tr>\n<th style='border: 1px solid rgba(150&comma;150&comma;150&comma;0.3); padding: 12px; text-align: left; background-color: rgba(150&comma;150&comma;150&comma;0.1);'>Distancia Focal<\/th>\n<th style='border: 1px solid rgba(150&comma;150&comma;150&comma;0.3); padding: 12px; text-align: left; background-color: rgba(150&comma;150&comma;150&comma;0.1);'>Detectar<\/th>\n<th style='border: 1px solid rgba(150&comma;150&comma;150&comma;0.3); padding: 12px; text-align: left; background-color: rgba(150&comma;150&comma;150&comma;0.1);'>Observar<\/th>\n<th style='border: 1px solid rgba(150&comma;150&comma;150&comma;0.3); padding: 12px; text-align: left; background-color: rgba(150&comma;150&comma;150&comma;0.1);'>Reconocer<\/th>\n<th style='border: 1px solid rgba(150&comma;150&comma;150&comma;0.3); padding: 12px; text-align: left; background-color: rgba(150&comma;150&comma;150&comma;0.1);'>Identificar<\/th>\n<\/tr>\n<\/thead>\n<tbody>\n<tr>\n<td style='border: 1px solid rgba(150&comma;150&comma;150&comma;0.3); padding: 10px;'>Distancia (2.8mm)<\/td>\n<td style='border: 1px solid rgba(150&comma;150&comma;150&comma;0.3); padding: 10px;'>76 m<\/td>\n<td style='border: 1px solid rgba(150&comma;150&comma;150&comma;0.3); padding: 10px;'>30 m<\/td>\n<td style='border: 1px solid rgba(150&comma;150&comma;150&comma;0.3); padding: 10px;'>15 m<\/td>\n<td style='border: 1px solid rgba(150&comma;150&comma;150&comma;0.3); padding: 10px;'>7 m<\/td>\n<\/tr>\n<\/tbody>\n<\/table><\/div>\n<\/p><\/div>\n<p> <!-- Video de YouTube --> <\/p>\n<div style='margin-bottom: 30px;'>\n<div style='position: relative; padding-bottom: 56.25%; height: 0; overflow: hidden;'>   <\/div>\n<\/p><\/div>\n<p> <!-- Im\u00e1genes adicionales --> <\/p>\n<div style='display: flex; flex-wrap: wrap; gap: 20px; margin-bottom: 30px;'>\n<div style='flex: 1 1 300px; min-width: 280px;'> <img style='width: 100%; height: auto; border: 1px solid rgba(150&comma;150&comma;150&comma;0.3); border-radius: 8px;' src='https:\/\/ftp3.syscom.mx\/usuarios\/ftp\/single_page\/HIKVISION\/acusense-colorvu.png' alt=''> <\/div>\n<div style='flex: 1 1 300px; min-width: 280px; display: flex; align-items: center;'>\n<div>\n<p style='font-size: 15px; color: inherit;'>Soporta analitico de ACUSENSE Lite distingue personas y veh\u00edculos de otros objetos en el entorno&comma; enfoc\u00e1ndose en amenazas de seguridad reales con b\u00fasquedas de video eficientes.<\/p>\n<\/p><\/div>\n<\/p><\/div>\n<\/p><\/div>\n<p> <!-- Galer\u00eda de im\u00e1genes de funcionamiento --> <\/p>\n<div style='display: flex; flex-wrap: wrap; gap: 20px; margin-bottom: 30px;'>\n<div style='flex: 1 1 300px; min-width: 280px;'>\n<div style='border: 1px solid rgba(150&comma;150&comma;150&comma;0.4); border-radius: 8px; overflow: hidden; display: flex; flex-direction: column; height: 100%;'> <img style='width: 100%; height: auto; flex-grow: 1;' src='https:\/\/ftp3.syscom.mx\/usuarios\/ftp\/single_page\/HIKVISION\/IR-PON-1.png' alt=''> <\/p>\n<div style='padding: 15px; border-top: 1px solid rgba(150&comma;150&comma;150&comma;0.2);'>\n<h4 style='margin-top: 0; margin-bottom: 10px; font-size: 18px; color: inherit;'>Luz IR Encendida<\/h4>\n<p style='margin: 0; font-size: 14px; color: inherit;'>En ausencia de veh\u00edculo o persona&comma; la c\u00e1mara utiliza s\u00f3lo luz IR<\/p>\n<\/p><\/div>\n<\/p><\/div>\n<\/p><\/div>\n<div style='flex: 1 1 300px; min-width: 280px;'>\n<div style='border: 1px solid rgba(150&comma;150&comma;150&comma;0.4); border-radius: 8px; overflow: hidden; display: flex; flex-direction: column; height: 100%;'> <img style='width: 100%; height: auto; flex-grow: 1;' src='https:\/\/ftp3.syscom.mx\/usuarios\/ftp\/single_page\/HIKVISION\/LED-ON-1.jpg' alt=''> <\/p>\n<div style='padding: 15px; border-top: 1px solid rgba(150&comma;150&comma;150&comma;0.2);'>\n<h4 style='margin-top: 0; margin-bottom: 10px; font-size: 18px; color: inherit;'>Luz LED Encendida<\/h4>\n<p style='margin: 0; font-size: 14px; color: inherit;'>Cuando se detecta un veh\u00edculo o una persona&comma; la luz blanca se activa autom\u00e1ticamente encendido&comma; lo que produce im\u00e1genes en colores vivos con detalles claros<\/p>\n<\/p><\/div>\n<\/p><\/div>\n<\/p><\/div>\n<div style='flex: 1 1 300px; min-width: 280px;'>\n<div style='border: 1px solid rgba(150&comma;150&comma;150&comma;0.4); border-radius: 8px; overflow: hidden; display: flex; flex-direction: column; height: 100%;'> <img style='width: 100%; height: auto; flex-grow: 1;' src='https:\/\/ftp3.syscom.mx\/usuarios\/ftp\/single_page\/HIKVISION\/IR-PON-2.png' alt=''> <\/p>\n<div style='padding: 15px; border-top: 1px solid rgba(150&comma;150&comma;150&comma;0.2);'>\n<h4 style='margin-top: 0; margin-bottom: 10px; font-size: 18px; color: inherit;'>Luz IR Encendida<\/h4>\n<p style='margin: 0; font-size: 14px; color: inherit;'>Una vez que el veh\u00edculo o la persona sale&comma; las c\u00e1maras vuelven a la luz IR autom\u00e1ticamente<\/p>\n<\/p><\/div>\n<\/p><\/div>\n<\/p><\/div>\n<\/p><\/div>\n<p> <!-- Accesorios compatibles --> <\/p>\n<div style='margin-bottom: 30px;'>\n<h3 style='font-size: 22px; border-bottom: 2px solid currentColor; padding-bottom: 5px; margin-top: 0; color: inherit; opacity: 0.8;'>Accesorios Compatibles<\/h3>\n<p style='font-size: 15px; color: inherit;'>Consulte la ficha t\u00e9cnica para validar los accesorios compatibles&comma; de clic <a href='https:\/\/ftp3.syscom.mx\/usuarios\/emendoza\/elesbanmch\/HIKVISON\/SPECS\/Especificaciones%20tecnicas%20DS-2CD1163G2-LIUF.pdf' target='_blank' rel='noopener' style='color: inherit; text-decoration: underline;'>Aqu\u00ed<\/a><\/p>\n<\/p><\/div>\n<\/p><\/div>\n","protected":false},"excerpt":{"rendered":"<p>[Dual Light] Domo IP 6 Megapixel \/ Lente 2.8 mm \/ 30 mts IR + 30 mts Luz Blanca \/ Micr\u00f3fono Integrado \/ Antivand\u00e1lico IK08 \/ ACUSENSE Lite \/ Exterior IP67 \/ H.265 \/ PoE \/ ONVIF \/ Micro SD<\/p>\n","protected":false},"featured_media":95269,"comment_status":"open","ping_status":"closed","template":"","meta":[],"product_brand":[],"product_cat":[2056],"product_tag":[122,2057,54],"class_list":{"0":"post-95270","1":"product","2":"type-product","3":"status-publish","4":"has-post-thumbnail","6":"product_cat-domo-eyeball-turret","7":"product_tag-camaras-ip-y-nvrs","8":"product_tag-domo-eyeball-turret","9":"product_tag-hikvision","11":"first","12":"instock","13":"sale","14":"shipping-taxable","15":"purchasable","16":"product-type-simple"},"_links":{"self":[{"href":"https:\/\/soydeaqui.ddns.net\/pachuca\/index.php\/wp-json\/wp\/v2\/product\/95270","targetHints":{"allow":["GET"]}}],"collection":[{"href":"https:\/\/soydeaqui.ddns.net\/pachuca\/index.php\/wp-json\/wp\/v2\/product"}],"about":[{"href":"https:\/\/soydeaqui.ddns.net\/pachuca\/index.php\/wp-json\/wp\/v2\/types\/product"}],"replies":[{"embeddable":true,"href":"https:\/\/soydeaqui.ddns.net\/pachuca\/index.php\/wp-json\/wp\/v2\/comments?post=95270"}],"wp:featuredmedia":[{"embeddable":true,"href":"https:\/\/soydeaqui.ddns.net\/pachuca\/index.php\/wp-json\/wp\/v2\/media\/95269"}],"wp:attachment":[{"href":"https:\/\/soydeaqui.ddns.net\/pachuca\/index.php\/wp-json\/wp\/v2\/media?parent=95270"}],"wp:term":[{"taxonomy":"product_brand","embeddable":true,"href":"https:\/\/soydeaqui.ddns.net\/pachuca\/index.php\/wp-json\/wp\/v2\/product_brand?post=95270"},{"taxonomy":"product_cat","embeddable":true,"href":"https:\/\/soydeaqui.ddns.net\/pachuca\/index.php\/wp-json\/wp\/v2\/product_cat?post=95270"},{"taxonomy":"product_tag","embeddable":true,"href":"https:\/\/soydeaqui.ddns.net\/pachuca\/index.php\/wp-json\/wp\/v2\/product_tag?post=95270"}],"curies":[{"name":"wp","href":"https:\/\/api.w.org\/{rel}","templated":true}]}}