{"id":95216,"date":"2026-03-20T07:19:40","date_gmt":"2026-03-20T07:19:40","guid":{"rendered":"https:\/\/soydeaqui.ddns.net\/pachuca\/index.php\/producto\/bx20-camara-termografica-portatil-antiexplosion-atex-iecex-resolucion-ir-256-x-192-rango-de-20c-a-550c-pantalla-lcd-3-2-camara-visual-2mp-memoria-16gb\/"},"modified":"2026-03-20T07:19:50","modified_gmt":"2026-03-20T07:19:50","slug":"bx20-camara-termografica-portatil-antiexplosion-atex-iecex-resolucion-ir-256-x-192-rango-de-20c-a-550c-pantalla-lcd-3-2-camara-visual-2mp-memoria-16gb","status":"publish","type":"product","link":"https:\/\/soydeaqui.ddns.net\/pachuca\/index.php\/producto\/bx20-camara-termografica-portatil-antiexplosion-atex-iecex-resolucion-ir-256-x-192-rango-de-20c-a-550c-pantalla-lcd-3-2-camara-visual-2mp-memoria-16gb\/","title":{"rendered":"BX20 &#8211; C\u00e1mara Termogr\u00e1fica Port\u00e1til Antiexplosi\u00f3n (ATEX\/IECEx) \/ Resoluci\u00f3n IR 256 x 192 \/ Rango de -20\u00b0C a 550\u00b0C \/ Pantalla LCD 3.2&#8243; \/ C\u00e1mara Visual 2MP \/ Memoria 16GB"},"content":{"rendered":"<div style='width: 100%; max-width: 1200px; margin: 0 auto; font-family: sans-serif; line-height: 1.6; color: inherit; background-color: transparent;'> <!-- Logo HIKMICRO --> <\/p>\n<div style='text-align: center; margin: 30px 0;'> <img style='width: 45%; height: auto; border: 1px solid rgba(150&comma;150&comma;150&comma;0.3); border-radius: 8px;' src='https:\/\/ftp3.syscom.mx\/usuarios\/fotos\/HMTP2310VF\/WM30\/200759-logo-hikmicro.png' alt='Logo HIKMICRO'> <\/div>\n<p> <!-- Secci\u00f3n de videos --> <\/p>\n<div style='display: flex; flex-wrap: wrap; gap: 30px; margin: 40px 0;'>\n<div style='flex: 1 1 400px; min-width: 300px;'>\n<h3 style='font-size: 20px; border-bottom: 2px solid currentColor; padding-bottom: 8px; margin-top: 0; margin-bottom: 15px; color: inherit; opacity: 0.8; text-align: center;'>Video How to Serie M<\/h3>\n<div style='position: relative; padding-bottom: 56.25%; height: 0; overflow: hidden;'> <video style='position: absolute; top: 0; left: 0; width: 100%; height: 100%; border: none; border-radius: 8px;' src='https:\/\/ftp3.syscom.mx\/usuarios\/fcarrillo\/Hikvision\/videos\/Howto%20video-%20M%20series-%20%28DESCRIPCION%29.mp4' loop muted controls><\/video> <\/div>\n<\/p><\/div>\n<div style='flex: 1 1 400px; min-width: 300px;'>\n<h3 style='font-size: 20px; border-bottom: 2px solid currentColor; padding-bottom: 8px; margin-top: 0; margin-bottom: 15px; color: inherit; opacity: 0.8; text-align: center;'>Puntos clave Serie M<\/h3>\n<div style='position: relative; padding-bottom: 56.25%; height: 0; overflow: hidden;'> <video style='position: absolute; top: 0; left: 0; width: 100%; height: 100%; border: none; border-radius: 8px;' src='https:\/\/ftp3.syscom.mx\/usuarios\/fcarrillo\/Hikvision\/videos\/M%20series-Welcome%20Guide%20Video%20%28UNBOXING%29.mp4' loop muted controls><\/video> <\/div>\n<\/p><\/div>\n<\/p><\/div>\n<p> <!-- Especificaciones principales --> <\/p>\n<div style='display: flex; flex-wrap: wrap; gap: 30px; margin: 40px 0;'>\n<div style='flex: 1 1 400px; min-width: 300px;'>\n<div style='border: 1px solid rgba(150&comma; 150&comma; 150&comma; 0.4); border-left: 5px solid #ff0000; border-radius: 8px; padding: 15px; box-shadow: 0 2px 10px rgba(0&comma;0&comma;0&comma;0.05);'>\n<h3 style='font-size: 18px; margin-top: 0; margin-bottom: 15px; color: inherit; font-weight: bold;'>Caracter\u00edsticas principales:<\/h3>\n<ul style='padding-left: 20px; margin: 0; font-size: 14px; color: inherit; list-style-type: disc;'>\n<li style='margin-bottom: 8px;'><strong>Resoluci\u00f3n M\u00e1xima:<\/strong> 256 \u00d7 192<\/li>\n<li style='margin-bottom: 8px;'><strong>Lente fijo:<\/strong> 6.9 mm<\/li>\n<li style='margin-bottom: 8px;'><strong>Enfoque:<\/strong> Manual<\/li>\n<li style='margin-bottom: 8px;'><strong>Resoluci\u00f3n M\u00e1xima Optica:<\/strong> 3264 x 2448<\/li>\n<li style='margin-bottom: 8px;'><strong>Memoria Extraible:<\/strong> microSD hasta 64G<\/li>\n<li style='margin-bottom: 8px;'><strong>Almacenamiento de Imagenes:<\/strong> hasta 60&comma;000 imagenes (JPEG)<\/li>\n<li style='margin-bottom: 8px;'><strong>Almacenamiento de Video:<\/strong> hasta 54 horas (MP4)<\/li>\n<li style='margin-bottom: 8px;'><strong>Rango de Lectura de Temperatura:<\/strong> -20 \u00b0C a 550 \u00b0C<\/li>\n<li style='margin-bottom: 8px;'><strong>Soporta Wi-fi:<\/strong> 802.11 b\/g\/n (2.4 y 5 GHz)<\/li>\n<li style='margin-bottom: 8px;'><strong>Soporta Bluetooth<\/strong><\/li>\n<li style='margin-bottom: 8px;'><strong>Puntero l\u00e1ser<\/strong><\/li>\n<\/ul><\/div>\n<\/p><\/div>\n<div style='flex: 1 1 400px; min-width: 300px;'>\n<div style='border: 1px solid rgba(150&comma; 150&comma; 150&comma; 0.4); border-left: 5px solid #ff0000; border-radius: 8px; padding: 15px; box-shadow: 0 2px 10px rgba(0&comma;0&comma;0&comma;0.05);'>\n<h3 style='font-size: 18px; margin-top: 0; margin-bottom: 15px; color: inherit; font-weight: bold;'>Caracter\u00edsticas F\u00edsicas y El\u00e9ctricas:<\/h3>\n<ul style='padding-left: 20px; margin: 0; font-size: 14px; color: inherit; list-style-type: disc;'>\n<li style='margin-bottom: 8px;'><strong>Temperatura de Operaci\u00f3n:<\/strong> -20 \u00b0C a 50 \u00b0C<\/li>\n<li style='margin-bottom: 8px;'><strong>Alimentaci\u00f3n:<\/strong> 12Vcc \/ 4.2 Watts<\/li>\n<li style='margin-bottom: 8px;'><strong>Carga v\u00eda USB:<\/strong> 5V DC\/2A<\/li>\n<li style='margin-bottom: 8px;'><strong>Hasta 6 horas continuas de uso<\/strong><\/li>\n<li style='margin-bottom: 8px;'><strong>Display:<\/strong> 3.5&#8242; Tactil con una resoluci\u00f3n de 640 x 480<\/li>\n<li style='margin-bottom: 8px;'><strong>Bater\u00eda integrada:<\/strong> Li-ion<\/li>\n<li style='margin-bottom: 8px;'><strong>Protecci\u00f3n:<\/strong> IP54<\/li>\n<li style='margin-bottom: 8px;'><strong>Certificaci\u00f3n:<\/strong> ATEX: II 3 G Ex ic IIC T6 Gc \/ ATEX: II 3 D Ex ic IIIC T85\u00b0C Dc \/ IECEx: Ex ic IIC T6 Gc \/ IECEx: Ex ic IIIC T85\u00b0C Dc<\/li>\n<li style='margin-bottom: 8px;'><strong>Dimensiones:<\/strong> 244 mm \u00d7 100 mm \u00d7 104 mm<\/li>\n<li style='margin-bottom: 8px;'><strong>Peso:<\/strong> 660 gramos<\/li>\n<\/ul><\/div>\n<\/p><\/div>\n<\/p><\/div>\n<p> <!-- Im\u00e1genes adicionales --> <\/p>\n<div style='display: flex; flex-wrap: wrap; gap: 20px; margin: 40px 0;'>\n<div style='flex: 1 1 300px; min-width: 280px;'> <img style='width: 100%; height: auto; border: 1px solid rgba(150&comma;150&comma;150&comma;0.3); border-radius: 8px;' src='https:\/\/ftp3.syscom.mx\/usuarios\/fotos\/HMTP216VF\/WM10\/200760-13.png' alt='Especificaci\u00f3n adicional 1'> <\/div>\n<div style='flex: 1 1 300px; min-width: 280px;'> <img style='width: 100%; height: auto; border: 1px solid rgba(150&comma;150&comma;150&comma;0.3); border-radius: 8px;' src='https:\/\/ftp3.syscom.mx\/usuarios\/fotos\/HMTP216VF\/WM10\/200760-14.png' alt='Especificaci\u00f3n adicional 2'> <\/div>\n<\/p><\/div>\n<p> <!-- Secci\u00f3n de caracter\u00edsticas destacadas --> <\/p>\n<div style='display: flex; flex-wrap: wrap; gap: 30px; margin: 40px 0;'>\n<div style='flex: 1 1 300px; min-width: 280px;'> <img style='width: 100%; height: auto; border: 1px solid rgba(150&comma;150&comma;150&comma;0.3); border-radius: 8px; margin-bottom: 15px;' src='http:\/\/ftp3.syscom.mx\/usuarios\/ftp\/single_page\/hiktermica\/Sep-15-2021 16-55-01.gif' alt='Medici\u00f3n R\u00e1pida de Temperatura'> <\/p>\n<h3 style='font-size: 20px; margin-top: 0; margin-bottom: 10px; color: inherit; opacity: 0.8; text-align: center;'>Medici\u00f3n R\u00e1pida de la Temperatura<\/h3>\n<p style='margin: 0; font-size: 15px; color: inherit; text-align: center;'>En pantalla completa puede seleccionar diferentes ajustes para hacer la medici\u00f3n los cuales pueden ser: Center Spot&comma; Hot Spot&comma; Cold Spot&comma; Custom Point&comma; Line&comma; Box.<\/p>\n<\/p><\/div>\n<div style='flex: 1 1 300px; min-width: 280px;'> <img style='width: 100%; height: auto; border: 1px solid rgba(150&comma;150&comma;150&comma;0.3); border-radius: 8px; margin-bottom: 15px;' src='http:\/\/ftp3.syscom.mx\/usuarios\/ftp\/single_page\/hiktermica\/Sep-15-2021 17-46-24-2.gif' alt='Conectividad Wi-Fi'> <\/p>\n<h3 style='font-size: 20px; margin-top: 0; margin-bottom: 10px; color: inherit; opacity: 0.8; text-align: center;'>Conectividad Wi-Fi<\/h3>\n<p style='margin: 0; font-size: 15px; color: inherit; text-align: center;'>Se conecta mediante la App HIKMICRO Viewer a trav\u00e9s del Wi-Fi y puede compartir la imagen de manera f\u00e1cil y r\u00e1pida.<\/p>\n<\/p><\/div>\n<div style='flex: 1 1 300px; min-width: 280px;'> <img style='width: 100%; height: auto; border: 1px solid rgba(150&comma;150&comma;150&comma;0.3); border-radius: 8px; margin-bottom: 15px;' src='http:\/\/ftp3.syscom.mx\/usuarios\/ftp\/single_page\/hiktermica\/Sep-15-2021 17-49-50-3.gif' alt='Enfoque Manual'> <\/p>\n<h3 style='font-size: 20px; margin-top: 0; margin-bottom: 10px; color: inherit; opacity: 0.8; text-align: center;'>Enfoque Manual<\/h3>\n<p style='margin: 0; font-size: 15px; color: inherit; text-align: center;'>El ajuste del anillo de enfoque manual permite ver con claridad los objetos a corta o larga distancia.<\/p>\n<\/p><\/div>\n<\/p><\/div>\n<p> <!-- Banner final --> <\/p>\n<div style='margin: 40px 0; text-align: center;'> <img style='width: 100%; height: auto; border: 1px solid rgba(150&comma;150&comma;150&comma;0.3); border-radius: 8px;' src='https:\/\/ftp3.syscom.mx\/usuarios\/emendoza\/elesbanmch\/HikMicro\/HIKMICRO.png' alt='Banner HIKMICRO'> <\/div>\n<\/p><\/div>\n","protected":false},"excerpt":{"rendered":"<p>BX20 &#8211; C\u00e1mara Termogr\u00e1fica Port\u00e1til Antiexplosi\u00f3n (ATEX\/IECEx) \/ Resoluci\u00f3n IR 256 x 192 \/ Rango de -20\u00b0C a 550\u00b0C \/ Pantalla LCD 3.2&#8243; \/ C\u00e1mara Visual 2MP \/ Memoria 16GB<\/p>\n","protected":false},"featured_media":95215,"comment_status":"open","ping_status":"closed","template":"","meta":[],"product_brand":[],"product_cat":[1049],"product_tag":[122,158,1050],"class_list":{"0":"post-95216","1":"product","2":"type-product","3":"status-publish","4":"has-post-thumbnail","6":"product_cat-termicas","7":"product_tag-camaras-ip-y-nvrs","8":"product_tag-hikmicro","9":"product_tag-termicas","11":"first","12":"instock","13":"sale","14":"shipping-taxable","15":"purchasable","16":"product-type-simple"},"_links":{"self":[{"href":"https:\/\/soydeaqui.ddns.net\/pachuca\/index.php\/wp-json\/wp\/v2\/product\/95216","targetHints":{"allow":["GET"]}}],"collection":[{"href":"https:\/\/soydeaqui.ddns.net\/pachuca\/index.php\/wp-json\/wp\/v2\/product"}],"about":[{"href":"https:\/\/soydeaqui.ddns.net\/pachuca\/index.php\/wp-json\/wp\/v2\/types\/product"}],"replies":[{"embeddable":true,"href":"https:\/\/soydeaqui.ddns.net\/pachuca\/index.php\/wp-json\/wp\/v2\/comments?post=95216"}],"wp:featuredmedia":[{"embeddable":true,"href":"https:\/\/soydeaqui.ddns.net\/pachuca\/index.php\/wp-json\/wp\/v2\/media\/95215"}],"wp:attachment":[{"href":"https:\/\/soydeaqui.ddns.net\/pachuca\/index.php\/wp-json\/wp\/v2\/media?parent=95216"}],"wp:term":[{"taxonomy":"product_brand","embeddable":true,"href":"https:\/\/soydeaqui.ddns.net\/pachuca\/index.php\/wp-json\/wp\/v2\/product_brand?post=95216"},{"taxonomy":"product_cat","embeddable":true,"href":"https:\/\/soydeaqui.ddns.net\/pachuca\/index.php\/wp-json\/wp\/v2\/product_cat?post=95216"},{"taxonomy":"product_tag","embeddable":true,"href":"https:\/\/soydeaqui.ddns.net\/pachuca\/index.php\/wp-json\/wp\/v2\/product_tag?post=95216"}],"curies":[{"name":"wp","href":"https:\/\/api.w.org\/{rel}","templated":true}]}}