{"id":95202,"date":"2026-03-20T07:19:10","date_gmt":"2026-03-20T07:19:10","guid":{"rendered":"https:\/\/soydeaqui.ddns.net\/pachuca\/index.php\/producto\/bala-ip-2-megapixel-lente-2-8-mm-30-mts-ir-exterior-ip66-wi-fi-dwdr-h-265-microfono-y-bocina-interconstruido-microsd\/"},"modified":"2026-03-20T07:19:11","modified_gmt":"2026-03-20T07:19:11","slug":"bala-ip-2-megapixel-lente-2-8-mm-30-mts-ir-exterior-ip66-wi-fi-dwdr-h-265-microfono-y-bocina-interconstruido-microsd","status":"publish","type":"product","link":"https:\/\/soydeaqui.ddns.net\/pachuca\/index.php\/producto\/bala-ip-2-megapixel-lente-2-8-mm-30-mts-ir-exterior-ip66-wi-fi-dwdr-h-265-microfono-y-bocina-interconstruido-microsd\/","title":{"rendered":"Bala IP 2 Megapixel \/ Lente 2.8 mm \/ 30 mts IR \/ Exterior IP66 \/ Wi-Fi \/ dWDR \/ H.265+ \/ Micr\u00f3fono y Bocina Interconstruido \/  MicroSD"},"content":{"rendered":"<div style='width: 100%; max-width: 1200px; margin: 0 auto; font-family: sans-serif; line-height: 1.6; color: inherit; background-color: transparent;'> <!-- Logo Hikvision --> <\/p>\n<p style='text-align: center; margin: 20px 0;'> <img style='width: 45%; max-width: 500px; height: auto; border: 1px solid rgba(150&comma;150&comma;150&comma;0.3); border-radius: 8px;' src='https:\/\/ftp3.syscom.mx\/usuarios\/jsosa\/HIKVISION\/imagenes\/logo\/hikvision%20see%20far.png' alt='Logo Hikvision'> <\/p>\n<p> <!-- Grid de contenido --> <\/p>\n<div style='display: flex; flex-wrap: wrap; gap: 30px; margin-bottom: 30px;'> <!-- Columna izquierda --> <\/p>\n<div style='flex: 1 1 300px; min-width: 280px;'> <!-- Caracter\u00edsticas principales --> <\/p>\n<div style='border: 1px solid rgba(150&comma;150&comma;150&comma;0.4); border-radius: 8px; overflow: hidden; margin-bottom: 20px;'>\n<div style='padding: 15px; background: #df001e; border-bottom: 1px solid #a80000; font-weight: bold; font-size: 18px; color: white;'> Caracter\u00edsticas Principales: <\/div>\n<div style='padding: 15px; color: inherit;'>\n<ul style='padding-left: 20px; margin: 0; font-size: 14px; list-style-type: disc;'>\n<li style='margin-bottom: 8px;'><strong>Resoluci\u00f3n m\u00e1xima:<\/strong> 2 Megapixel (2560 x 1440)<\/li>\n<li style='margin-bottom: 8px;'><strong>Iluminaci\u00f3n m\u00ednima:<\/strong> color 0.018 lux @ (F1.6; AGC ON)<\/li>\n<li style='margin-bottom: 8px;'><strong>Modo Dia\/Noche:<\/strong> Real (filtro ICR)<\/li>\n<li style='margin-bottom: 8px;'><strong>Lente:<\/strong> 2.8 mm (\u00c1ngulo de apertura 112\u00b0)<\/li>\n<li style='margin-bottom: 8px;'><strong>Conectividad:<\/strong> WiFi<\/li>\n<li style='margin-bottom: 8px;'><strong>Distancia IR:<\/strong> 30 mts EXIR<\/li>\n<li style='margin-bottom: 8px;'><strong>Funciones:<\/strong> dWDR \/ BLC \/ HLC \/ 3D DNR<\/li>\n<li style='margin-bottom: 8px;'><strong>Compresi\u00f3n:<\/strong> H.265 \/ H.264<\/li>\n<\/ul><\/div>\n<\/p><\/div>\n<p> <!-- Entradas y salidas --> <\/p>\n<div style='border: 1px solid rgba(150&comma;150&comma;150&comma;0.4); border-radius: 8px; overflow: hidden; margin-bottom: 20px;'>\n<div style='padding: 15px; background: #df001e; border-bottom: 1px solid #a80000; font-weight: bold; font-size: 18px; color: white;'> Entradas y Salidas de Audio \/ Alarmas \/ Red \/ Almacenamiento: <\/div>\n<div style='padding: 15px; color: inherit;'>\n<ul style='padding-left: 20px; margin: 0; font-size: 14px; list-style-type: disc;'>\n<li style='margin-bottom: 8px;'><strong>Entradas de alarma:<\/strong> N\/A<\/li>\n<li style='margin-bottom: 8px;'><strong>Salidas de alarma:<\/strong> N\/A<\/li>\n<li style='margin-bottom: 8px;'><strong>Entradas de audio:<\/strong> N\/A<\/li>\n<li style='margin-bottom: 8px;'><strong>Salidas de audio:<\/strong> N\/A<\/li>\n<li style='margin-bottom: 8px;'><strong>Micr\u00f3fono y altavoz integrado:<\/strong> Audio de 2 V\u00edas<\/li>\n<li style='margin-bottom: 8px;'><strong>Puerto de red:<\/strong> 1 (10 \/ 100 Mbps)<\/li>\n<li style='margin-bottom: 8px;'><strong>Almacenamiento:<\/strong> MicroSD de hasta 256 GB (memoria no incluida)<\/li>\n<li style='margin-bottom: 8px;'><strong>Compatibilidad:<\/strong> ONVIF \/ ISAPI \/ CGI<\/li>\n<\/ul><\/div>\n<\/p><\/div>\n<\/p><\/div>\n<p> <!-- Columna derecha --> <\/p>\n<div style='flex: 1 1 300px; min-width: 280px;'> <!-- Caracter\u00edsticas f\u00edsicas --> <\/p>\n<div style='border: 1px solid rgba(150&comma;150&comma;150&comma;0.4); border-radius: 8px; overflow: hidden; margin-bottom: 20px;'>\n<div style='padding: 15px; background: #df001e; border-bottom: 1px solid #a80000; font-weight: bold; font-size: 18px; color: white;'> Caracter\u00edsticas F\u00edsicas y El\u00e9ctricas: <\/div>\n<div style='padding: 15px; color: inherit;'>\n<ul style='padding-left: 20px; margin: 0; font-size: 14px; list-style-type: disc;'>\n<li style='margin-bottom: 8px;'><strong>Alimentaci\u00f3n:<\/strong> 12 Vcc \/ 7.2 W (No soporta PoE)<\/li>\n<li style='margin-bottom: 8px;'><strong>Incluye:<\/strong> Fuente de alimentaci\u00f3n (12 VCD a 1 Amp)<\/li>\n<li style='margin-bottom: 8px;'><strong>Temperatura de operaci\u00f3n:<\/strong> -30\u00b0C a 60\u00b0C<\/li>\n<li style='margin-bottom: 8px;'><strong>Protecci\u00f3n:<\/strong> Exterior IP66<\/li>\n<li style='margin-bottom: 8px;'><strong>Dimensiones:<\/strong> 175.6 x 73.0 x 89.1 mm<\/li>\n<li style='margin-bottom: 8px;'><strong>Peso:<\/strong> 450 gramos<\/li>\n<\/ul><\/div>\n<\/p><\/div>\n<p> <!-- Accesorios --> <\/p>\n<div style='border: 1px solid rgba(150&comma;150&comma;150&comma;0.4); border-radius: 8px; overflow: hidden; margin-bottom: 20px;'>\n<div style='padding: 15px; background: #df001e; border-bottom: 1px solid #a80000; font-weight: bold; font-size: 18px; color: white;'> Accesorios Opcionales: <\/div>\n<div style='padding: 15px; color: inherit;'>\n<ul style='padding-left: 20px; margin: 0; font-size: 14px; list-style-type: disc;'>\n<li style='margin-bottom: 8px;'> Montaje para poste: <a href='https:\/\/www.syscom.mx\/producto\/DS-1275ZJ-SUS-HIKVISION-156172.html' style='color: #005cb9; text-decoration: none; font-weight: bold;'>DS-1275ZJ-SUS<\/a> <\/li>\n<li style='margin-bottom: 8px;'> Montaje de esquina: <a href='https:\/\/www.syscom.mx\/producto\/DS-1276ZJ-SUS-HIKVISION-156173.html' style='color: #005cb9; text-decoration: none; font-weight: bold;'>DS-1276ZJ-SUS<\/a> <\/li>\n<li style='margin-bottom: 8px;'> Caja de conexiones: <a href='https:\/\/www.syscom.mx\/producto\/DS-1280ZJ-XS-HIKVISION-84491.html' style='color: #005cb9; text-decoration: none; font-weight: bold;'>DS-1280ZJ-XS<\/a> <\/li>\n<\/ul><\/div>\n<\/p><\/div>\n<\/p><\/div>\n<\/p><\/div>\n<p> <!-- Caracter\u00edsticas destacadas --> <\/p>\n<div style='border: 1px solid rgba(150&comma;150&comma;150&comma;0.4); border-radius: 8px; overflow: hidden; margin-bottom: 30px;'>\n<div style='padding: 15px; background: #df001e; border-bottom: 1px solid #a80000; font-weight: bold; font-size: 18px; color: white;'> Caracter\u00edsticas Destacadas: <\/div>\n<div style='padding: 15px; color: inherit;'>\n<ul style='padding-left: 20px; margin: 0; font-size: 14px; list-style-type: disc;'>\n<li style='margin-bottom: 15px;'> <strong>No se puede agregar directamente a la plataforma de Hik-Connect (WiFi)&comma; requiere un NVR\/DVR.<\/strong> Se puede agregar de manera directa a Hik-Connect de manera cableada (LAN). <\/li>\n<li style='margin-bottom: 15px;'> <strong>Para obtener audio de dos v\u00edas se recomienda:<\/strong>\n<ul style='margin-top: 8px; margin-bottom: 8px; padding-left: 25px;'>\n<li style='margin-bottom: 8px;'> Usar NVR serie NXI-K&comma; NXI-M&comma; NXI-Q (ejemplo DS-76&comma; DS-77 y DS-96) si la c\u00e1mara estar\u00e1 por WiFi. <\/li>\n<li style='margin-bottom: 8px;'> Usar la c\u00e1mara de manera cableada (LAN) a Hik-Connect. <\/li>\n<\/ul>\n<\/li>\n<li style='margin-bottom: 15px;'> <strong>No soporta modo repetidor (extendido).<\/strong> <\/li>\n<li> <strong>Para mejor desempe\u00f1o con los modelos DS-7104NI-K1\/W\/M(C)&comma; DS-7108NI-K1\/W\/M(C):<\/strong>\n<ul style='margin-top: 8px; margin-bottom: 8px; padding-left: 25px;'>\n<li> Se recomienda actualizar las c\u00e1maras a la versi\u00f3n de firmware <a href='https:\/\/ftp3.syscom.mx\/usuarios\/fcarrillo\/Hikvision\/FW\/IPCKR_G3_EN_STD_5.5.800_210719%28DS-2CV2XX1G2-IDW%28D%29%29.zip' style='color: #005cb9; text-decoration: none; font-weight: bold;'>V.5.5.800<\/a> <\/li>\n<\/ul>\n<\/li>\n<\/ul><\/div>\n<\/p><\/div>\n<p> <!-- Banner soluci\u00f3n completa --> <\/p>\n<p style='margin: 20px 0; text-align: center;'> <img style='width: 100%; max-width: 800px; height: auto; border: 1px solid rgba(150&comma;150&comma;150&comma;0.3); border-radius: 8px;' src='https:\/\/ftp3.syscom.mx\/usuarios\/jsosa\/HIKVISION\/imagenes\/banners\/solution%20complete.png' alt='Soluci\u00f3n completa Hikvision'> <\/p>\n<\/p><\/div>\n","protected":false},"excerpt":{"rendered":"<p>Bala IP 2 Megapixel \/ Lente 2.8 mm \/ 30 mts IR \/ Exterior IP66 \/ Wi-Fi \/ dWDR \/ H.265+ \/ Micr\u00f3fono y Bocina Interconstruido \/  MicroSD<\/p>\n","protected":false},"featured_media":95201,"comment_status":"open","ping_status":"closed","template":"","meta":[],"product_brand":[],"product_cat":[121],"product_tag":[122,54,123],"class_list":{"0":"post-95202","1":"product","2":"type-product","3":"status-publish","4":"has-post-thumbnail","6":"product_cat-wifi-4g-inalambricas","7":"product_tag-camaras-ip-y-nvrs","8":"product_tag-hikvision","9":"product_tag-wifi-4g-inalambricas","11":"first","12":"outofstock","13":"sale","14":"shipping-taxable","15":"purchasable","16":"product-type-simple"},"_links":{"self":[{"href":"https:\/\/soydeaqui.ddns.net\/pachuca\/index.php\/wp-json\/wp\/v2\/product\/95202","targetHints":{"allow":["GET"]}}],"collection":[{"href":"https:\/\/soydeaqui.ddns.net\/pachuca\/index.php\/wp-json\/wp\/v2\/product"}],"about":[{"href":"https:\/\/soydeaqui.ddns.net\/pachuca\/index.php\/wp-json\/wp\/v2\/types\/product"}],"replies":[{"embeddable":true,"href":"https:\/\/soydeaqui.ddns.net\/pachuca\/index.php\/wp-json\/wp\/v2\/comments?post=95202"}],"wp:featuredmedia":[{"embeddable":true,"href":"https:\/\/soydeaqui.ddns.net\/pachuca\/index.php\/wp-json\/wp\/v2\/media\/95201"}],"wp:attachment":[{"href":"https:\/\/soydeaqui.ddns.net\/pachuca\/index.php\/wp-json\/wp\/v2\/media?parent=95202"}],"wp:term":[{"taxonomy":"product_brand","embeddable":true,"href":"https:\/\/soydeaqui.ddns.net\/pachuca\/index.php\/wp-json\/wp\/v2\/product_brand?post=95202"},{"taxonomy":"product_cat","embeddable":true,"href":"https:\/\/soydeaqui.ddns.net\/pachuca\/index.php\/wp-json\/wp\/v2\/product_cat?post=95202"},{"taxonomy":"product_tag","embeddable":true,"href":"https:\/\/soydeaqui.ddns.net\/pachuca\/index.php\/wp-json\/wp\/v2\/product_tag?post=95202"}],"curies":[{"name":"wp","href":"https:\/\/api.w.org\/{rel}","templated":true}]}}