{"id":95194,"date":"2026-03-20T07:18:47","date_gmt":"2026-03-20T07:18:47","guid":{"rendered":"https:\/\/soydeaqui.ddns.net\/pachuca\/index.php\/producto\/domo-ip-4-megapixel-lente-2-8-mm-30-mts-ir-exterior-ip66-wi-fi-wdr-120-db-soporta-micro-sd-h-265-microfono-y-bocina-interconstruido\/"},"modified":"2026-03-20T07:18:48","modified_gmt":"2026-03-20T07:18:48","slug":"domo-ip-4-megapixel-lente-2-8-mm-30-mts-ir-exterior-ip66-wi-fi-wdr-120-db-soporta-micro-sd-h-265-microfono-y-bocina-interconstruido","status":"publish","type":"product","link":"https:\/\/soydeaqui.ddns.net\/pachuca\/index.php\/producto\/domo-ip-4-megapixel-lente-2-8-mm-30-mts-ir-exterior-ip66-wi-fi-wdr-120-db-soporta-micro-sd-h-265-microfono-y-bocina-interconstruido\/","title":{"rendered":"Domo IP 4 Megapixel \/ Lente 2.8 mm \/ 30 mts IR \/ Exterior IP66 \/ Wi-Fi \/ WDR 120 dB \/ Soporta Micro SD \/ H.265+ \/ Micr\u00f3fono y Bocina Interconstruido"},"content":{"rendered":"<div style='width: 100%; max-width: 1200px; margin: 0 auto; font-family: sans-serif; line-height: 1.6; color: inherit; background-color: transparent;'>\n<div style='display: flex; flex-direction: column; align-items: center; margin-bottom: 30px;'> <img style='width: 45%; height: auto; border: 1px solid rgba(150&comma;150&comma;150&comma;0.3); border-radius: 8px;' src='https:\/\/ftp3.syscom.mx\/usuarios\/jsosa\/HIKVISION\/imagenes\/logo\/hikvision%20see%20far.png' alt='Logo Hikvision'> <\/div>\n<div style='display: flex; flex-wrap: wrap; gap: 30px;'>\n<div style='flex: 1 1 300px; min-width: 280px;'>\n<h3 style='font-size: 22px; border-bottom: 2px solid currentColor; padding-bottom: 5px; margin-top: 0; color: inherit; opacity: 0.8;'>Caracter\u00edsticas Principales<\/h3>\n<ul style='padding-left: 20px; font-size: 15px; color: inherit;'>\n<li style='margin-bottom: 5px;'>Resoluci\u00f3n m\u00e1xima: 4 Megapixel (2560 x 1440)<\/li>\n<li style='margin-bottom: 5px;'>Iluminaci\u00f3n m\u00ednima: color 0.005 lux @ (F1.6; AGC ON)<\/li>\n<li style='margin-bottom: 5px;'>Dia \/ Noche Real (filtro ICR)<\/li>\n<li style='margin-bottom: 5px;'>Lente 2.8 mm (\u00e1ngulo de apertura 95\u00b0)<\/li>\n<li style='margin-bottom: 5px;'>Cuenta con antena WiFi<\/li>\n<li style='margin-bottom: 5px;'>Distancia de infrarrojos: 30 mts IR EXIR<\/li>\n<li style='margin-bottom: 5px;'>Funciones normales: WDR 120 dB \/ BLC \/ HLC \/ 3D DNR<\/li>\n<li style='margin-bottom: 5px;'>Compresi\u00f3n: H.265+ \/ H.265 \/ H.264+ \/ H.264<\/li>\n<\/ul><\/div>\n<div style='flex: 1 1 300px; min-width: 280px;'>\n<h3 style='font-size: 22px; border-bottom: 2px solid currentColor; padding-bottom: 5px; margin-top: 0; color: inherit; opacity: 0.8;'>Entradas y Salidas de Audio \/ Alarmas \/ Red \/ Almacenamiento<\/h3>\n<ul style='padding-left: 20px; font-size: 15px; color: inherit;'>\n<li style='margin-bottom: 5px;'>Entradas de alarma: N\/A<\/li>\n<li style='margin-bottom: 5px;'>Salidas de alarma: N\/A<\/li>\n<li style='margin-bottom: 5px;'>Entradas de audio: cuenta con micr\u00f3fono y bocina interconstruido<\/li>\n<li style='margin-bottom: 5px;'>Salidas de audio: N\/A<\/li>\n<li style='margin-bottom: 5px;'>Puerto de red: 1 (10 \/ 100 Mbps)<\/li>\n<li style='margin-bottom: 5px;'>Almacenamiento micro SD de hasta 256 GB (memoria no incluida)<\/li>\n<li style='margin-bottom: 5px;'>Soporta ONVIF \/ ISAPI \/ CGI<\/li>\n<\/ul><\/div>\n<div style='flex: 1 1 300px; min-width: 280px;'>\n<h3 style='font-size: 22px; border-bottom: 2px solid currentColor; padding-bottom: 5px; margin-top: 0; color: inherit; opacity: 0.8;'>Caracter\u00edsticas F\u00edsicas y El\u00e9ctricas<\/h3>\n<ul style='padding-left: 20px; font-size: 15px; color: inherit;'>\n<li style='margin-bottom: 5px;'>Alimentaci\u00f3n: 12 Vcc \/ 7 W (No soporta PoE)<\/li>\n<li style='margin-bottom: 5px;'>Fuente incluida (12 Vcc)<\/li>\n<li style='margin-bottom: 5px;'>Temperatura de operaci\u00f3n: -30\u00b0C a 60\u00b0C<\/li>\n<li style='margin-bottom: 5px;'>Uso en exterior IP66<\/li>\n<li style='margin-bottom: 5px;'>Dimensiones: 126.0 x 96.1 mm<\/li>\n<li style='margin-bottom: 5px;'>Peso: 590 gramos<\/li>\n<\/ul><\/div>\n<div style='flex: 1 1 300px; min-width: 280px;'>\n<h3 style='font-size: 22px; border-bottom: 2px solid currentColor; padding-bottom: 5px; margin-top: 0; color: inherit; opacity: 0.8;'>Acesorios Compatibles<\/h3>\n<ul style='padding-left: 20px; font-size: 15px; color: inherit;'>\n<li style='margin-bottom: 5px;'>Consulte la ficha t\u00e9cnica para validar los accesorios compatibles&comma; de clic <a href='https:\/\/ftp3.syscom.mx\/usuarios\/ftp\/2023\/11\/09\/12ff5\/Especificaci%C3%B3nesa%20T%C3%A9cnicas%20-%20DS-2CV2141G2-IDW-E_Datasheet_V5.7.20_20230221.pdf?_gl=1*1hkmg24*_gcl_au*MTc3NjMxMDk4MS4xNzUwMTgxMDMx' target='_blank' rel='noopener' style='color: inherit; text-decoration: underline;'>Aqui<\/a><\/li>\n<\/ul><\/div>\n<div style='flex: 1 1 300px; min-width: 280px;'>\n<h3 style='font-size: 22px; border-bottom: 2px solid currentColor; padding-bottom: 5px; margin-top: 0; color: inherit; opacity: 0.8;'>Caracter\u00edsticas Destacadas<\/h3>\n<ul style='padding-left: 20px; font-size: 15px; color: inherit;'>\n<li style='margin-bottom: 5px; font-weight: bold;'>No se puede agregar directamente a la plataforma de Hik-Connect (WiFi)&comma; requiere un NVR. Se puede agregar de manera directa a Hik-Connect de manera cableada (LAN)<\/li>\n<li style='margin-bottom: 5px; font-weight: bold;'>Para obtener audio de dos v\u00edas se recomienda:\n<ul style='margin-top: 5px; margin-bottom: 5px; padding-left: 20px;'>\n<li style='margin-bottom: 5px;'>Usar NVR serie NXI-K&comma; NXI-M&comma; NI-Q (DS-76&comma; DS-77 y DS-96) si la c\u00e1mara estar\u00e1 por WiFi<\/li>\n<li style='margin-bottom: 5px;'>Usar la c\u00e1mara de manera cableada (LAN) a Hik-Connect<\/li>\n<\/ul>\n<\/li>\n<li style='margin-bottom: 5px; font-weight: bold;'>No soporta modo repetidor (extendido)<\/li>\n<li style='margin-bottom: 5px; font-weight: bold;'>Para un mejor desempe\u00f1o con los modelos DS-7104NI-K1\/W\/M(C)&comma; DS-7108NI-K1\/W\/M(C) se recomienda actualizar las c\u00e1maras a la versi\u00f3n de firmware <a href='https:\/\/ftp3.syscom.mx\/usuarios\/fcarrillo\/Hikvision\/FW\/IPCKR_G3_EN_STD_5.5.800_210719%28DS-2CV2XX1G2-IDW%28D%29%29.zip' target='_blank' rel='noopener' style='color: inherit; text-decoration: underline;'>V.5.5.800<\/a><\/li>\n<\/ul><\/div>\n<\/p><\/div>\n<div style='display: flex; flex-direction: column; align-items: center; margin-top: 30px;'> <img style='width: 100%; height: auto; border: 1px solid rgba(150&comma;150&comma;150&comma;0.3); border-radius: 8px;' src='https:\/\/ftp3.syscom.mx\/usuarios\/jsosa\/HIKVISION\/imagenes\/banners\/solution%20complete.png' alt='Banner Hikvision'> <\/div>\n<\/p><\/div>\n","protected":false},"excerpt":{"rendered":"<p>Domo IP 4 Megapixel \/ Lente 2.8 mm \/ 30 mts IR \/ Exterior IP66 \/ Wi-Fi \/ WDR 120 dB \/ Soporta Micro SD \/ H.265+ \/ Micr\u00f3fono y Bocina Interconstruido<\/p>\n","protected":false},"featured_media":95193,"comment_status":"open","ping_status":"closed","template":"","meta":[],"product_brand":[],"product_cat":[121],"product_tag":[122,54,123],"class_list":{"0":"post-95194","1":"product","2":"type-product","3":"status-publish","4":"has-post-thumbnail","6":"product_cat-wifi-4g-inalambricas","7":"product_tag-camaras-ip-y-nvrs","8":"product_tag-hikvision","9":"product_tag-wifi-4g-inalambricas","11":"first","12":"outofstock","13":"sale","14":"shipping-taxable","15":"purchasable","16":"product-type-simple"},"_links":{"self":[{"href":"https:\/\/soydeaqui.ddns.net\/pachuca\/index.php\/wp-json\/wp\/v2\/product\/95194","targetHints":{"allow":["GET"]}}],"collection":[{"href":"https:\/\/soydeaqui.ddns.net\/pachuca\/index.php\/wp-json\/wp\/v2\/product"}],"about":[{"href":"https:\/\/soydeaqui.ddns.net\/pachuca\/index.php\/wp-json\/wp\/v2\/types\/product"}],"replies":[{"embeddable":true,"href":"https:\/\/soydeaqui.ddns.net\/pachuca\/index.php\/wp-json\/wp\/v2\/comments?post=95194"}],"wp:featuredmedia":[{"embeddable":true,"href":"https:\/\/soydeaqui.ddns.net\/pachuca\/index.php\/wp-json\/wp\/v2\/media\/95193"}],"wp:attachment":[{"href":"https:\/\/soydeaqui.ddns.net\/pachuca\/index.php\/wp-json\/wp\/v2\/media?parent=95194"}],"wp:term":[{"taxonomy":"product_brand","embeddable":true,"href":"https:\/\/soydeaqui.ddns.net\/pachuca\/index.php\/wp-json\/wp\/v2\/product_brand?post=95194"},{"taxonomy":"product_cat","embeddable":true,"href":"https:\/\/soydeaqui.ddns.net\/pachuca\/index.php\/wp-json\/wp\/v2\/product_cat?post=95194"},{"taxonomy":"product_tag","embeddable":true,"href":"https:\/\/soydeaqui.ddns.net\/pachuca\/index.php\/wp-json\/wp\/v2\/product_tag?post=95194"}],"curies":[{"name":"wp","href":"https:\/\/api.w.org\/{rel}","templated":true}]}}