{"id":95175,"date":"2026-03-20T07:17:55","date_gmt":"2026-03-20T07:17:55","guid":{"rendered":"https:\/\/soydeaqui.ddns.net\/pachuca\/index.php\/producto\/hik-central-professional-licencia-base-para-rsm-incluye-2-sitios-servidor-dell-e-2124g-incluye-s-o-windows-server-2019\/"},"modified":"2026-03-20T07:18:05","modified_gmt":"2026-03-20T07:18:05","slug":"hik-central-professional-licencia-base-para-rsm-incluye-2-sitios-servidor-dell-e-2124g-incluye-s-o-windows-server-2019","status":"publish","type":"product","link":"https:\/\/soydeaqui.ddns.net\/pachuca\/index.php\/producto\/hik-central-professional-licencia-base-para-rsm-incluye-2-sitios-servidor-dell-e-2124g-incluye-s-o-windows-server-2019\/","title":{"rendered":"Hik-Central Professional \/ Licencia Base para RSM \/ Incluye 2 Sitios + Servidor DELL E-2124G \/ Incluye S.O Windows Server 2019"},"content":{"rendered":"<div style='width: 100%; max-width: 1200px; margin: 0 auto; font-family: sans-serif; line-height: 1.6; color: inherit; background-color: transparent;'> <!-- Logo Hikvision --> <\/p>\n<div style='text-align: center; margin: 30px 0;'> <img style='width: 45%; max-width: 500px; height: auto; border: 1px solid rgba(150&comma;150&comma;150&comma;0.3); border-radius: 8px;' src='https:\/\/ftp3.syscom.mx\/usuarios\/jsosa\/HIKVISION\/imagenes\/logo\/hikvision%20see%20far.png' alt='Logo Hikvision'> <\/div>\n<p> <!-- Informaci\u00f3n destacada --> <\/p>\n<div style='margin: 30px 0;'>\n<div style='border-left: 5px solid #ff0000; border-radius: 5px; padding: 15px; box-shadow: 2px 2px 10px rgba(216&comma;216&comma;216&comma;0.5); background-color: rgba(255&comma;255&comma;255&comma;0.03);'>\n<h2 style='font-size: 18px; margin: 0 0 15px 0; color: inherit;'> <span style='font-weight: bolder; font-family: verdana&comma; geneva&comma; sans-serif;'>Este servidor DELL con CPU Xeon E-2324G incluye licencia base para RSM y 2 sitios para administraci\u00f3n.<\/span> <\/h2>\n<ul style='padding-left: 20px; margin: 15px 0; font-size: 15px; color: inherit;'>\n<li style='margin-bottom: 8px;'><strong>Nota:<\/strong> No hay devoluciones en licencias.<\/li>\n<li><strong>Incluye:<\/strong> Sistema operativo Windows Server 2019<\/li>\n<\/ul><\/div>\n<\/p><\/div>\n<p> <!-- Imagen principal --> <\/p>\n<div style='margin: 30px 0;'> <img style='width: 100%; max-width: 1190px; height: auto; border: 1px solid rgba(150&comma;150&comma;150&comma;0.3); border-radius: 8px;' src='http:\/\/ftp3.syscom.mx\/usuarios\/yalvarado\/hikvision\/HCP\/fotos\/HikCentral-professional-license.jpg' alt='HikCentral Professional License'> <\/div>\n<p> <!-- Descripci\u00f3n general --> <\/p>\n<div style='margin: 30px 0;'>\n<p style='font-size: 15px; color: inherit; text-align: justify;'> <strong>HikCentral Professional<\/strong>&comma; es el software de Hikvision para integrar sistemas de seguridad&comma; est\u00e1 dise\u00f1ado para afrontar los diferentes retos de seguridad en una plataforma intuitiva. Desde la gesti\u00f3n de sistemas individuales&comma; como la videovigilancia&comma; el control de accesos&comma; las alarmas de seguridad&comma; etc.&comma; hasta la combinaci\u00f3n de varios sistemas en una \u00fanica estructura unificada. Consigue que las operaciones diarias sean m\u00e1s eficientes sin perder de vista la protecci\u00f3n de las personas y las propiedades&comma; adem\u00e1s de ayudar a todo tipo de usuarios a tomar decisiones m\u00e1s inteligentes. <\/p>\n<\/p><\/div>\n<p> <!-- Secci\u00f3n 1: Sistema de seguridad unificado --> <\/p>\n<div style='margin: 30px 0;'>\n<div style='display: flex; flex-wrap: wrap; gap: 30px; align-items: flex-start;'>\n<div style='flex: 1 1 400px; min-width: 300px;'>\n<h3 style='font-size: 20px; border-bottom: 2px solid currentColor; padding-bottom: 5px; margin-top: 0; color: inherit; opacity: 0.8;'>Un sistema de seguridad unificado que mejora las operaciones de gesti\u00f3n<\/h3>\n<ul style='padding-left: 20px; margin-top: 15px; font-size: 15px; color: inherit;'>\n<li style='margin-bottom: 10px; text-align: justify;'>Creado sobre una estructura unificada&comma; el software proporciona aplicaciones conectadas e interactivas para mejorar su eficiencia operativa; por ejemplo&comma; alarma de intrusos y control de acceso con verificaci\u00f3n por v\u00eddeo&comma; o control de visitantes con registro previo de veh\u00edculos. Al acceder a m\u00faltiples subsistemas&comma; ampl\u00eda el conocimiento de los usuarios y los dota de enfoques de gesti\u00f3n optimizados.<\/li>\n<\/ul><\/div>\n<div style='flex: 1 1 400px; min-width: 300px;'> <img style='width: 100%; max-width: 650px; height: auto; border: 1px solid rgba(150&comma;150&comma;150&comma;0.3); border-radius: 8px;' src='http:\/\/ftp3.syscom.mx\/usuarios\/yalvarado\/hikvision\/HCP\/fotos\/HikCentral-Professional-Overview.png' alt='HikCentral Professional Overview'> <\/div>\n<\/p><\/div>\n<\/p><\/div>\n<p> <!-- Secci\u00f3n 2: Personalizaci\u00f3n --> <\/p>\n<div style='margin: 30px 0;'>\n<div style='display: flex; flex-wrap: wrap; gap: 30px; align-items: flex-start; flex-direction: row-reverse;'>\n<div style='flex: 1 1 400px; min-width: 300px;'>\n<h3 style='font-size: 20px; border-bottom: 2px solid currentColor; padding-bottom: 5px; margin-top: 0; color: inherit; opacity: 0.8;'>Personalice su sistema de seguridad<\/h3>\n<ul style='padding-left: 20px; margin-top: 15px; font-size: 15px; color: inherit;'>\n<li style='margin-bottom: 10px; text-align: justify;'>Sea cual sea su funci\u00f3n \u2013ya sea gestor&comma; responsable de la toma de decisiones&comma; personal de recursos humanos&comma; recepcionista&comma; personal de seguridad o empleado de mantenimiento\u2013&comma; el software le ayudar\u00e1 a estar preparado con modos configurados previamente.<\/li>\n<li style='margin-bottom: 10px; text-align: justify;'>El software tambi\u00e9n le permite personalizar su propio sistema con las aplicaciones que necesita bas\u00e1ndose en los escenarios que maneja.<\/li>\n<li style='text-align: justify;'>Los usuarios pueden crear su propio panel de control en funci\u00f3n de sus tareas y rutinas&comma; mejorando la concienciaci\u00f3n y capacit\u00e1ndolos con enfoques de gesti\u00f3n optimizados y personalizados.<\/li>\n<\/ul><\/div>\n<div style='flex: 1 1 400px; min-width: 300px;'> <img style='width: 100%; max-width: 650px; height: auto; border: 1px solid rgba(150&comma;150&comma;150&comma;0.3); border-radius: 8px;' src='https:\/\/ftp3.syscom.mx\/usuarios\/fotos\/HCVSSB\/4C\/160061-personalizado650x365.gif' alt='Personalizaci\u00f3n del sistema'> <\/div>\n<\/p><\/div>\n<\/p><\/div>\n<p> <!-- Secci\u00f3n 3: Visualizaci\u00f3n de sistemas --> <\/p>\n<div style='margin: 30px 0;'>\n<div style='display: flex; flex-wrap: wrap; gap: 30px; align-items: flex-start;'>\n<div style='flex: 1 1 400px; min-width: 300px;'>\n<h3 style='font-size: 20px; border-bottom: 2px solid currentColor; padding-bottom: 5px; margin-top: 0; color: inherit; opacity: 0.8;'>Sistemas&comma; datos y mantenimiento visualizados<\/h3>\n<ul style='padding-left: 20px; margin-top: 15px; font-size: 15px; color: inherit;'>\n<li style='margin-bottom: 10px; text-align: justify;'>La recopilaci\u00f3n de datos de varias aplicaciones es f\u00e1cil de entender a trav\u00e9s de informes din\u00e1micos y pr\u00e1cticos tableros intuitivos.<\/li>\n<li style='margin-bottom: 10px; text-align: justify;'>El tablero de operaciones y gesti\u00f3n personalizado muestra la informaci\u00f3n m\u00e1s necesaria para usted.<\/li>\n<li style='text-align: justify;'>El mapa electr\u00f3nico interactivo e intuitivo permite una localizaci\u00f3n y gesti\u00f3n r\u00e1pida de los incidentes.<\/li>\n<\/ul><\/div>\n<div style='flex: 1 1 400px; min-width: 300px;'> <img style='width: 100%; max-width: 650px; height: auto; border: 1px solid rgba(150&comma;150&comma;150&comma;0.3); border-radius: 8px;' src='http:\/\/ftp3.syscom.mx\/usuarios\/yalvarado\/hikvision\/HCP\/fotos\/Visualized-systems%2C-data%2C-and-maintenance.png' alt='Visualizaci\u00f3n de sistemas'> <\/div>\n<\/p><\/div>\n<\/p><\/div>\n<p> <!-- Secci\u00f3n 4: F\u00e1cil instalaci\u00f3n y uso --> <\/p>\n<div style='margin: 30px 0;'>\n<div style='display: flex; flex-wrap: wrap; gap: 30px; align-items: flex-start; flex-direction: row-reverse;'>\n<div style='flex: 1 1 400px; min-width: 300px;'>\n<h3 style='font-size: 20px; border-bottom: 2px solid currentColor; padding-bottom: 5px; margin-top: 0; color: inherit; opacity: 0.8;'>F\u00e1cil de instalar y usar<\/h3>\n<ul style='padding-left: 20px; margin-top: 15px; font-size: 15px; color: inherit;'>\n<li style='margin-bottom: 10px; text-align: justify;'>Requisitos m\u00ednimos del sistema para el HikCentral Professional: i3&comma; 8 GB RAM<\/li>\n<li style='margin-bottom: 10px; text-align: justify;'>Buen funcionamiento del sistema incluso en entornos con mala conexi\u00f3n gracias a la tecnolog\u00eda de adaptaci\u00f3n a la red.<\/li>\n<li style='margin-bottom: 10px; text-align: justify;'>Asistencia a la gu\u00eda de funcionamiento.<\/li>\n<li style='text-align: justify;'>Se integra f\u00e1cilmente y funciona con otros dispositivos Hikvision.<\/li>\n<\/ul><\/div>\n<div style='flex: 1 1 400px; min-width: 300px;'> <img style='width: 100%; max-width: 650px; height: auto; border: 1px solid rgba(150&comma;150&comma;150&comma;0.3); border-radius: 8px;' src='http:\/\/ftp3.syscom.mx\/usuarios\/yalvarado\/hikvision\/HCP\/fotos\/Easy-to-deploy-and-use.png' alt='F\u00e1cil instalaci\u00f3n y uso'> <\/div>\n<\/p><\/div>\n<\/p><\/div>\n<\/p><\/div>\n","protected":false},"excerpt":{"rendered":"<p>Hik-Central Professional \/ Licencia Base para RSM \/ Incluye 2 Sitios + Servidor DELL E-2124G \/ Incluye S.O Windows Server 2019<\/p>\n","protected":false},"featured_media":95174,"comment_status":"open","ping_status":"closed","template":"","meta":[],"product_brand":[],"product_cat":[2262],"product_tag":[54,2263],"class_list":{"0":"post-95175","1":"product","2":"type-product","3":"status-publish","4":"has-post-thumbnail","6":"product_cat-hikvision-software-vms-y-analiticas","7":"product_tag-hikvision","8":"product_tag-software-vms-y-analiticas","10":"first","11":"outofstock","12":"sale","13":"shipping-taxable","14":"purchasable","15":"product-type-simple"},"_links":{"self":[{"href":"https:\/\/soydeaqui.ddns.net\/pachuca\/index.php\/wp-json\/wp\/v2\/product\/95175","targetHints":{"allow":["GET"]}}],"collection":[{"href":"https:\/\/soydeaqui.ddns.net\/pachuca\/index.php\/wp-json\/wp\/v2\/product"}],"about":[{"href":"https:\/\/soydeaqui.ddns.net\/pachuca\/index.php\/wp-json\/wp\/v2\/types\/product"}],"replies":[{"embeddable":true,"href":"https:\/\/soydeaqui.ddns.net\/pachuca\/index.php\/wp-json\/wp\/v2\/comments?post=95175"}],"wp:featuredmedia":[{"embeddable":true,"href":"https:\/\/soydeaqui.ddns.net\/pachuca\/index.php\/wp-json\/wp\/v2\/media\/95174"}],"wp:attachment":[{"href":"https:\/\/soydeaqui.ddns.net\/pachuca\/index.php\/wp-json\/wp\/v2\/media?parent=95175"}],"wp:term":[{"taxonomy":"product_brand","embeddable":true,"href":"https:\/\/soydeaqui.ddns.net\/pachuca\/index.php\/wp-json\/wp\/v2\/product_brand?post=95175"},{"taxonomy":"product_cat","embeddable":true,"href":"https:\/\/soydeaqui.ddns.net\/pachuca\/index.php\/wp-json\/wp\/v2\/product_cat?post=95175"},{"taxonomy":"product_tag","embeddable":true,"href":"https:\/\/soydeaqui.ddns.net\/pachuca\/index.php\/wp-json\/wp\/v2\/product_tag?post=95175"}],"curies":[{"name":"wp","href":"https:\/\/api.w.org\/{rel}","templated":true}]}}