{"id":95148,"date":"2026-03-20T07:16:50","date_gmt":"2026-03-20T07:16:50","guid":{"rendered":"https:\/\/soydeaqui.ddns.net\/pachuca\/index.php\/producto\/kit-extensor-inalambrico-4k60hz-transmision-hasta-50m-transferencia-ir-emparejamiento-ssid\/"},"modified":"2026-03-20T07:17:10","modified_gmt":"2026-03-20T07:17:10","slug":"kit-extensor-inalambrico-4k60hz-transmision-hasta-50m-transferencia-ir-emparejamiento-ssid","status":"publish","type":"product","link":"https:\/\/soydeaqui.ddns.net\/pachuca\/index.php\/producto\/kit-extensor-inalambrico-4k60hz-transmision-hasta-50m-transferencia-ir-emparejamiento-ssid\/","title":{"rendered":"Kit Extensor Inal\u00e1mbrico | 4K@60Hz | Transmisi\u00f3n hasta 50m | Transferencia IR | Emparejamiento SSID"},"content":{"rendered":"<div style='width: 100%; max-width: 1200px; margin: 0 auto; font-family: sans-serif; line-height: 1.6; color: inherit; background-color: transparent;'> <!-- Imagen 1 --> <\/p>\n<div style='width: 100%; margin-bottom: 20px;'> <img style='width: 100%; height: auto; border: 1px solid rgba(150&comma;150&comma;150&comma;0.3); border-radius: 8px;' src='https:\/\/ftp3.syscom.mx\/usuarios\/luis.vargas\/EpcomTitanium\/titaniumup.jpg' alt=''> <\/div>\n<p> <!-- T\u00edtulo y descripci\u00f3n --> <\/p>\n<div style='display: flex; flex-direction: column; align-items: center; margin: 0 0 30px 0;'>\n<h1 style='font-size: 28px; margin: 0 0 15px 0; color: inherit; text-align: center;'>TT699KVM<\/h1>\n<p style='font-size: 15px; color: inherit; text-align: center; max-width: 800px; margin: 0 auto; padding: 0 20px;'> Este extensor HDMI inal\u00e1mbrico 4K@60Hz parece ser una excelente opci\u00f3n para aquellos que desean transmitir video sin la molestia de lidiar con cables largos y desordenados. La banda de frecuencia inal\u00e1mbrica 5G proporciona un rendimiento estable y antiinterferencias&comma; lo que significa que el usuario puede estar seguro de una transmisi\u00f3n de alta calidad. Adem\u00e1s&comma; la distancia de transmisi\u00f3n de hasta 50 metros es impresionante y brinda una gran flexibilidad en t\u00e9rminos de configuraci\u00f3n. En general&comma; parece ser una soluci\u00f3n confiable para una variedad de aplicaciones AV. <\/p>\n<\/p><\/div>\n<p> <!-- Caracter\u00edsticas --> <\/p>\n<div style='margin: 30px 0;'>\n<h2 style='text-align: center; font-size: 22px; color: inherit; margin-bottom: 20px;'>Caracter\u00edsticas<\/h2>\n<div style='display: flex; flex-wrap: wrap; gap: 20px;'> <!-- Caracter\u00edsticas 1 --> <\/p>\n<div style='flex: 1 1 300px; min-width: 280px; border-left: 5px solid #439cc7; border-radius: 5px; padding: 0 10px; margin-bottom: 25px; min-height: 225px;'>\n<ul style='padding-left: 20px; margin: 0; font-size: 14px; color: inherit; list-style-type: disc;'>\n<li><strong>HDMI:<\/strong> 2.0<\/li>\n<li><strong>HDCP:<\/strong> 2.2<\/li>\n<li><strong>M\u00e9todo de Transmisi\u00f3n:<\/strong> transmision inalambrica 5.1-5.2 GHz<\/li>\n<li><strong>Latencia:<\/strong> 130-180ms<\/li>\n<li><strong>Distancia de transmisi\u00f3n:<\/strong> m\u00e1x. 50m (l\u00ednea de vista)<\/li>\n<li><strong>Tasa de Transferencia m\u00e1xima:<\/strong> 18G<\/li>\n<\/ul><\/div>\n<p> <!-- Caracter\u00edsticas 2 --> <\/p>\n<div style='flex: 1 1 300px; min-width: 280px; border-left: 5px solid #439cc7; border-radius: 5px; padding: 0 10px; margin-bottom: 25px; min-height: 225px;'>\n<ul style='padding-left: 20px; margin: 0; font-size: 14px; color: inherit; list-style-type: disc;'>\n<li><strong>Soporte de Resoluci\u00f3n:<\/strong> 3840&#215;2160@24\/30\/50\/60Hz&comma; 1080P@50\/60Hz&comma; 720P@50\/60Hz 1920&#215;1200&comma; 2560&#215;1440&comma; 2560&#215;1600<\/li>\n<li><strong>Soporte de Audio:<\/strong> LPCM<\/li>\n<li><strong>SSID:<\/strong> S\u00ed<\/li>\n<li><strong>1080P 3D:<\/strong> S\u00ed<\/li>\n<li><strong>Frecuencia infrarroja:<\/strong> 20-60KHz<\/li>\n<li><strong>Distancia de recepci\u00f3n infrarroja:<\/strong> \u2264 5 metros<\/li>\n<\/ul><\/div>\n<p> <!-- Caracter\u00edsticas 3 --> <\/p>\n<div style='flex: 1 1 300px; min-width: 280px; border-left: 5px solid #439cc7; border-radius: 5px; padding: 0 10px; margin-bottom: 25px; min-height: 225px;'>\n<ul style='padding-left: 20px; margin: 0; font-size: 14px; color: inherit; list-style-type: disc;'>\n<li><strong>Dimensiones:<\/strong> TX: 115(W) x 125(L) x 20.6(H)mm<\/li>\n<li><strong>Peso neto:<\/strong> TX: 353g RX:346g<\/li>\n<li><strong>Fuente de alimentaci\u00f3n:<\/strong> 5V\/2A<\/li>\n<li><strong>Consumo:<\/strong> TX:6W RX:4W<\/li>\n<li><strong>Temperatura de operaci\u00f3n:<\/strong> 0-60\u00ba<\/li>\n<li><strong>Incluye:<\/strong>\n<ul style='padding-left: 20px; margin: 5px 0; color: inherit;'>\n<li>1x Unidad Tx + 1x Unidad RX<\/li>\n<li>2x Fuente de 5V\/2A<\/li>\n<li>1x Manual de usuario<\/li>\n<li>1x RX IR + 1x TX IR<\/li>\n<li>4x Antena<\/li>\n<\/ul>\n<\/li>\n<\/ul><\/div>\n<\/p><\/div>\n<\/p><\/div>\n<p> <!-- Video --> <\/p>\n<div style='position: relative; padding-bottom: 56.25%; height: 0; overflow: hidden; margin: 30px 0;'>   <\/div>\n<p> <!-- Imagenes adicionales --> <\/p>\n<div style='display: flex; flex-direction: column; gap: 20px; margin: 30px 0;'>\n<div style='width: 100%;'> <img style='width: 100%; height: auto; border: 1px solid rgba(150&comma;150&comma;150&comma;0.3); border-radius: 8px;' src='http:\/\/ftp3.syscom.mx\/usuarios\/ftp\/2025\/08\/29\/2807\/WirelessHDMIExtender.jpg_froala_68b2089b812d7' alt=''> <\/div>\n<div style='width: 100%;'> <img style='width: 100%; height: auto; border: 1px solid rgba(150&comma;150&comma;150&comma;0.3); border-radius: 8px;' src='https:\/\/ftp3.syscom.mx\/usuarios\/luis.vargas\/EpcomTitanium\/TT699\/TT699.jpg' alt=''> <\/div>\n<\/p><\/div>\n<p> <!-- PDF --> <\/p>\n<div style='margin: 30px 0;'>   <\/div>\n<\/p><\/div>\n","protected":false},"excerpt":{"rendered":"<p>Kit Extensor Inal\u00e1mbrico | 4K@60Hz | Transmisi\u00f3n hasta 50m | Transferencia IR | Emparejamiento SSID<\/p>\n","protected":false},"featured_media":95147,"comment_status":"open","ping_status":"closed","template":"","meta":[],"product_brand":[],"product_cat":[2073,2074,2077,2075,2072,2076],"product_tag":[417,2079,2080,2083,507,2081,2078,2082],"class_list":{"0":"post-95148","1":"product","2":"type-product","3":"status-publish","4":"has-post-thumbnail","6":"product_cat-convertidores","7":"product_cat-divisores","8":"product_cat-dvi","9":"product_cat-hdmi","10":"product_cat-kits-extensores","11":"product_cat-vga","12":"product_tag-accesorios-generales","13":"product_tag-convertidores","14":"product_tag-divisores","15":"product_tag-dvi","16":"product_tag-epcom-titanium","17":"product_tag-hdmi","18":"product_tag-kits-extensores","19":"product_tag-vga","21":"first","22":"instock","23":"sale","24":"shipping-taxable","25":"purchasable","26":"product-type-simple"},"_links":{"self":[{"href":"https:\/\/soydeaqui.ddns.net\/pachuca\/index.php\/wp-json\/wp\/v2\/product\/95148","targetHints":{"allow":["GET"]}}],"collection":[{"href":"https:\/\/soydeaqui.ddns.net\/pachuca\/index.php\/wp-json\/wp\/v2\/product"}],"about":[{"href":"https:\/\/soydeaqui.ddns.net\/pachuca\/index.php\/wp-json\/wp\/v2\/types\/product"}],"replies":[{"embeddable":true,"href":"https:\/\/soydeaqui.ddns.net\/pachuca\/index.php\/wp-json\/wp\/v2\/comments?post=95148"}],"wp:featuredmedia":[{"embeddable":true,"href":"https:\/\/soydeaqui.ddns.net\/pachuca\/index.php\/wp-json\/wp\/v2\/media\/95147"}],"wp:attachment":[{"href":"https:\/\/soydeaqui.ddns.net\/pachuca\/index.php\/wp-json\/wp\/v2\/media?parent=95148"}],"wp:term":[{"taxonomy":"product_brand","embeddable":true,"href":"https:\/\/soydeaqui.ddns.net\/pachuca\/index.php\/wp-json\/wp\/v2\/product_brand?post=95148"},{"taxonomy":"product_cat","embeddable":true,"href":"https:\/\/soydeaqui.ddns.net\/pachuca\/index.php\/wp-json\/wp\/v2\/product_cat?post=95148"},{"taxonomy":"product_tag","embeddable":true,"href":"https:\/\/soydeaqui.ddns.net\/pachuca\/index.php\/wp-json\/wp\/v2\/product_tag?post=95148"}],"curies":[{"name":"wp","href":"https:\/\/api.w.org\/{rel}","templated":true}]}}