{"id":95128,"date":"2026-03-20T07:16:01","date_gmt":"2026-03-20T07:16:01","guid":{"rendered":"https:\/\/soydeaqui.ddns.net\/pachuca\/index.php\/producto\/suscripcion-anual-epcom-cloud-grabacion-en-la-nube-para-1-canal-de-video-a-8mp-con-40-dias-de-retencion-grabacion-continua\/"},"modified":"2026-03-20T07:16:02","modified_gmt":"2026-03-20T07:16:02","slug":"suscripcion-anual-epcom-cloud-grabacion-en-la-nube-para-1-canal-de-video-a-8mp-con-40-dias-de-retencion-grabacion-continua","status":"publish","type":"product","link":"https:\/\/soydeaqui.ddns.net\/pachuca\/index.php\/producto\/suscripcion-anual-epcom-cloud-grabacion-en-la-nube-para-1-canal-de-video-a-8mp-con-40-dias-de-retencion-grabacion-continua\/","title":{"rendered":"Suscripci\u00f3n Anual Epcom Cloud \/ Grabaci\u00f3n en la nube para 1 canal de video a 8MP con 40 d\u00edas de retenci\u00f3n \/ Grabaci\u00f3n continua"},"content":{"rendered":"<div style='width: 100%; max-width: 1200px; margin: 0 auto; font-family: sans-serif; line-height: 1.6; color: inherit; background-color: transparent;'> <!-- Banner --> <\/p>\n<div style='margin-bottom: 30px;'> <img style='width: 100%; height: auto; border: 1px solid rgba(150&comma;150&comma;150&comma;0.3); border-radius: 8px;' src='https:\/\/ftp3.syscom.mx\/usuarios\/xguereque\/epcomcloud\/junio2024\/banner.jpeg' alt='Banner EPCOM Cloud'> <\/div>\n<p> <!-- Secciones de contenido --> <\/p>\n<div style='display: flex; flex-direction: column; gap: 30px;'> <!-- Secci\u00f3n 1 --> <\/p>\n<div style='border: 1px solid rgba(150&comma;150&comma;150&comma;0.3); border-radius: 8px; overflow: hidden;'>\n<div style='background-color: #282739; color: white; padding: 15px; font-size: 18px; font-weight: bold; border-bottom: 1px solid rgba(150&comma;150&comma;150&comma;0.3);'> Videovigilancia en la nube <\/div>\n<div style='padding: 20px; display: flex; flex-wrap: wrap; gap: 20px; align-items: center;'>\n<div style='flex: 1 1 300px; min-width: 280px;'>\n<h2 style='font-size: 20px; margin-top: 0; margin-bottom: 15px; color: inherit;'>Videovigilancia en la nube<\/h2>\n<p style='margin-bottom: 15px; color: inherit;'>EPCOM Cloud es una plataforma de videovigilancia en la nube que ofrece una manera simple&comma; segura y asequible de a\u00f1adir almacenamiento en la nube a sistemas de CCTV compatibles.<\/p>\n<p style='color: inherit;'>La app y el visor web de EPCOM Cloud permiten a los usuarios recuperar&comma; reproducir&comma; compartir y descargar grabaciones sin esfuerzo&comma; y ver transmisiones en vivo de las c\u00e1maras con una sola autenticaci\u00f3n.<\/p>\n<\/p><\/div>\n<div style='flex: 1 1 300px; min-width: 280px;'> <img style='width: 100%; height: auto; border: 1px solid rgba(150&comma;150&comma;150&comma;0.3); border-radius: 8px;' src='https:\/\/ftp3.syscom.mx\/usuarios\/xguereque\/epcomcloud\/junio2024\/acordeon\/img1.jpg' alt='Videovigilancia en la nube'> <\/div>\n<\/p><\/div>\n<\/p><\/div>\n<p> <!-- Secci\u00f3n 2 --> <\/p>\n<div style='border: 1px solid rgba(150&comma;150&comma;150&comma;0.3); border-radius: 8px; overflow: hidden;'>\n<div style='background-color: #282739; color: white; padding: 15px; font-size: 18px; font-weight: bold; border-bottom: 1px solid rgba(150&comma;150&comma;150&comma;0.3);'> Almacenamiento seguro <\/div>\n<div style='padding: 20px; display: flex; flex-wrap: wrap; gap: 20px; align-items: center;'>\n<div style='flex: 1 1 300px; min-width: 280px;'>\n<h2 style='font-size: 20px; margin-top: 0; margin-bottom: 15px; color: inherit;'>Almacenamiento seguro<\/h2>\n<p style='margin-bottom: 15px; color: inherit;'>Epcom Cloud ofrece una soluci\u00f3n avanzada para la videovigilancia en la nube mediante adaptadores.<\/p>\n<p style='color: inherit;'>Compatible con una amplia gama de marcas y dispositivos&comma; permite la integraci\u00f3n de c\u00e1maras IP&comma; DVR y NVR&comma; incluyendo modelos de <strong style='color: inherit;'>HIKVISION<\/strong>&comma; <strong style='color: inherit;'>epcom<\/strong>&comma; <strong style='color: inherit;'>HiLook<\/strong>&comma; <strong style='color: inherit;'>ONVIF<\/strong>&comma; <strong style='color: inherit;'>Dahua<\/strong>&comma; <strong style='color: inherit;'>Vivotek<\/strong> y <strong style='color: inherit;'>Axis<\/strong>.<\/p>\n<\/p><\/div>\n<div style='flex: 1 1 300px; min-width: 280px;'> <img style='width: 100%; height: auto; border: 1px solid rgba(150&comma;150&comma;150&comma;0.3); border-radius: 8px;' src='https:\/\/ftp3.syscom.mx\/usuarios\/xguereque\/epcomcloud\/junio2024\/acordeon\/img2.jpg' alt='Almacenamiento seguro'> <\/div>\n<\/p><\/div>\n<\/p><\/div>\n<p> <!-- Secci\u00f3n 3 --> <\/p>\n<div style='border: 1px solid rgba(150&comma;150&comma;150&comma;0.3); border-radius: 8px; overflow: hidden;'>\n<div style='background-color: #282739; color: white; padding: 15px; font-size: 18px; font-weight: bold; border-bottom: 1px solid rgba(150&comma;150&comma;150&comma;0.3);'> Monitoreo de video multi-sitio <\/div>\n<div style='padding: 20px; display: flex; flex-wrap: wrap; gap: 20px; align-items: center;'>\n<div style='flex: 1 1 300px; min-width: 280px;'>\n<h2 style='font-size: 20px; margin-top: 0; margin-bottom: 15px; color: inherit;'>Monitoreo de video multi-sitio<\/h2>\n<p style='margin-bottom: 15px; color: inherit;'>Mejora tu seguridad con una potente videovigilancia en la nube dise\u00f1ada para organizaciones con m\u00faltiples sitios.<\/p>\n<ul style='padding-left: 20px; color: inherit;'>\n<li style='margin-bottom: 5px; color: inherit;'>Sitios&comma; c\u00e1maras y usuarios ilimitados.<\/li>\n<li style='margin-bottom: 5px; color: inherit;'>Respaldo seguro en la nube fuera del sitio.<\/li>\n<li style='margin-bottom: 5px; color: inherit;'>Amplia compatibilidad con sistemas de seguridad existentes.<\/li>\n<li style='color: inherit;'>Simple&comma; fiable y asequible.<\/li>\n<\/ul><\/div>\n<div style='flex: 1 1 300px; min-width: 280px;'> <img style='width: 100%; height: auto; border: 1px solid rgba(150&comma;150&comma;150&comma;0.3); border-radius: 8px;' src='https:\/\/ftp3.syscom.mx\/usuarios\/xguereque\/epcomcloud\/junio2024\/acordeon\/img3.jpg' alt='Monitoreo de video multi-sitio'> <\/div>\n<\/p><\/div>\n<\/p><\/div>\n<p> <!-- Secci\u00f3n 4 --> <\/p>\n<div style='border: 1px solid rgba(150&comma;150&comma;150&comma;0.3); border-radius: 8px; overflow: hidden;'>\n<div style='background-color: #282739; color: white; padding: 15px; font-size: 18px; font-weight: bold; border-bottom: 1px solid rgba(150&comma;150&comma;150&comma;0.3);'> Planes de nube flexibles <\/div>\n<div style='padding: 20px; display: flex; flex-wrap: wrap; gap: 20px; align-items: center;'>\n<div style='flex: 1 1 300px; min-width: 280px;'>\n<h2 style='font-size: 20px; margin-top: 0; margin-bottom: 15px; color: inherit;'>Planes de nube flexibles<\/h2>\n<p style='margin-bottom: 15px; color: inherit;'>Desbloquea el poder de la nube con planes flexibles.<\/p>\n<ul style='padding-left: 20px; color: inherit;'>\n<li style='margin-bottom: 5px; color: inherit;'><strong style='color: inherit;'>Control Total<\/strong>: Decide qu\u00e9 c\u00e1maras grabar en la nube&comma; cu\u00e1nto tiempo guardar el video&comma; su modo de grabaci\u00f3n y resoluci\u00f3n.<\/li>\n<li style='margin-bottom: 5px; color: inherit;'><strong style='color: inherit;'>Mejoras Continuas<\/strong>: Nos dedicamos a la mejora continua&comma; actualizando regularmente nuestro software con funciones innovadoras.<\/li>\n<li style='color: inherit;'><strong style='color: inherit;'>Precios Sencillos<\/strong>: Paga solo por las licencias de c\u00e1maras o grabadores que necesites. No se cobran usuarios adicionales.<\/li>\n<\/ul><\/div>\n<div style='flex: 1 1 300px; min-width: 280px;'> <img style='width: 100%; height: auto; border: 1px solid rgba(150&comma;150&comma;150&comma;0.3); border-radius: 8px;' src='https:\/\/ftp3.syscom.mx\/usuarios\/xguereque\/epcomcloud\/junio2024\/acordeon\/img4.jpg' alt='Planes de nube flexibles'> <\/div>\n<\/p><\/div>\n<\/p><\/div>\n<p> <!-- Secci\u00f3n 5 --> <\/p>\n<div style='border: 1px solid rgba(150&comma;150&comma;150&comma;0.3); border-radius: 8px; overflow: hidden;'>\n<div style='background-color: #282739; color: white; padding: 15px; font-size: 18px; font-weight: bold; border-bottom: 1px solid rgba(150&comma;150&comma;150&comma;0.3);'> Aplicaciones en diferentes industrias <\/div>\n<div style='padding: 20px; display: flex; flex-wrap: wrap; gap: 20px; align-items: center;'>\n<div style='flex: 1 1 300px; min-width: 280px;'>\n<h2 style='font-size: 20px; margin-top: 0; margin-bottom: 15px; color: inherit;'>Aplicaciones en diferentes industrias<\/h2>\n<p style='margin-bottom: 15px; color: inherit;'>Explora c\u00f3mo el VMS en la nube de EPCOM Cloud se aplica en diversas industrias y aplicaciones alrededor del mundo.<\/p>\n<ul style='padding-left: 20px; color: inherit;'>\n<li style='margin-bottom: 5px; color: inherit;'><strong style='color: inherit;'>Educaci\u00f3n<\/strong>: Mejora la seguridad en el campus y monitorea la actividad en tiempo real. Responde r\u00e1pidamente a los eventos desde una plataforma f\u00e1cil de usar.<\/li>\n<li style='margin-bottom: 5px; color: inherit;'><strong style='color: inherit;'>Retail<\/strong>: Protege tus tiendas y visualiza todas tus c\u00e1maras en un solo lugar&comma; utilizando la app o el visor web de EPCOM Cloud<\/li>\n<li style='margin-bottom: 5px; color: inherit;'><strong style='color: inherit;'>Hospitalidad<\/strong>: Monitorea las c\u00e1maras de restaurantes en m\u00faltiples sitios desde un solo lugar y asegura que tus grabaciones siempre est\u00e9n disponibles cuando las necesites<\/li>\n<li style='margin-bottom: 5px; color: inherit;'><strong style='color: inherit;'>Gesti\u00f3n de Residuos<\/strong>: Soluci\u00f3n de CCTV basada en la nube para empresas de gesti\u00f3n de residuos&comma; asegurando el cumplimiento de los requisitos de seguros.<\/li>\n<li style='color: inherit;'><strong style='color: inherit;'>Autoalmacenamiento<\/strong>: Perfecto para organizaciones de autoalmacenamiento&comma; EPCOM Cloud te permite monitorear tu negocio 24\/7.<\/li>\n<\/ul><\/div>\n<div style='flex: 1 1 300px; min-width: 280px;'> <img style='width: 100%; height: auto; border: 1px solid rgba(150&comma;150&comma;150&comma;0.3); border-radius: 8px;' src='https:\/\/ftp3.syscom.mx\/usuarios\/xguereque\/epcomcloud\/junio2024\/acordeon\/img5.jpg' alt='Aplicaciones en diferentes industrias'> <\/div>\n<\/p><\/div>\n<\/p><\/div>\n<p> <!-- Secci\u00f3n 6 --> <\/p>\n<div style='border: 1px solid rgba(150&comma;150&comma;150&comma;0.3); border-radius: 8px; overflow: hidden;'>\n<div style='background-color: #282739; color: white; padding: 15px; font-size: 18px; font-weight: bold; border-bottom: 1px solid rgba(150&comma;150&comma;150&comma;0.3);'> Confiado por miles de organizaciones a nivel mundial <\/div>\n<div style='padding: 20px; display: flex; flex-wrap: wrap; gap: 20px; align-items: center;'>\n<div style='flex: 1 1 300px; min-width: 280px;'>\n<h2 style='font-size: 20px; margin-top: 0; margin-bottom: 15px; color: inherit;'>Confiado por miles de organizaciones a nivel mundial<\/h2>\n<p style='margin-bottom: 15px; color: inherit;'>EPCOM Cloud es una plataforma de videovigilancia en la nube rica en funciones.<\/p>\n<p style='margin-bottom: 15px; color: inherit;'>Todas tus c\u00e1maras en un solo lugar: S\u00e9 los ojos y o\u00eddos de tu organizaci\u00f3n&comma; accediendo a todas tus c\u00e1maras desde una plataforma central.<\/p>\n<p style='margin-bottom: 15px; color: inherit;'>Actualiza&comma; no reemplaces: Prep\u00e1rate para el futuro transformando tu sistema existente en un VMS basado en la nube sin el costo de reemplazar tu hardware.<\/p>\n<ul style='padding-left: 20px; color: inherit;'>\n<li style='margin-bottom: 5px; color: inherit;'><strong style='color: inherit;'>Compatibilidad con Marcas<\/strong>: EPCOM Cloud ofrece una amplia compatibilidad con marcas existentes.<\/li>\n<li style='margin-bottom: 5px; color: inherit;'><strong style='color: inherit;'>Permisos de Usuario<\/strong>: Proporciona acceso a un n\u00famero ilimitado de usuarios adicionales y elige sus niveles de permiso.<\/li>\n<li style='margin-bottom: 5px; color: inherit;'><strong style='color: inherit;'>Protecci\u00f3n de Grabaciones<\/strong>: Protege contra fallos de grabadores&comma; da\u00f1os o robos&comma; con la tranquilidad de que tus grabaciones est\u00e1n respaldadas de manera segura en la nube.<\/li>\n<li style='margin-bottom: 5px; color: inherit;'><strong style='color: inherit;'>Eficiencia en el Uso de Datos<\/strong>: La videovigilancia en la nube de EPCOM Cloud no necesita ser intensiva en datos. Ha sido optimizada para redes del mundo real&comma; usando la menor cantidad de ancho de banda posible.<\/li>\n<li style='color: inherit;'><strong style='color: inherit;'>Acceso Instant\u00e1neo<\/strong>: Accede a tus c\u00e1maras en cualquier momento y desde cualquier lugar con la app m\u00f3vil de EPCOM Cloud y el VMS basado en web&comma; o ve las transmisiones en vivo en un monitor local.<\/li>\n<\/ul><\/div>\n<div style='flex: 1 1 300px; min-width: 280px;'> <img style='width: 100%; height: auto; border: 1px solid rgba(150&comma;150&comma;150&comma;0.3); border-radius: 8px;' src='https:\/\/ftp3.syscom.mx\/usuarios\/xguereque\/epcomcloud\/junio2024\/acordeon\/img6.jpg' alt='Confiado por miles de organizaciones a nivel mundial'> <\/div>\n<\/p><\/div>\n<\/p><\/div>\n<p> <!-- Especificaciones --> <\/p>\n<div style='border: 1px solid rgba(150&comma;150&comma;150&comma;0.3); border-radius: 8px; overflow: hidden;'>\n<div style='background-color: #282739; color: white; padding: 15px; font-size: 18px; font-weight: bold; border-bottom: 1px solid rgba(150&comma;150&comma;150&comma;0.3);'> Caracter\u00edsticas <\/div>\n<div style='padding: 20px; color: inherit;'>\n<ul style='padding-left: 20px; margin-bottom: 20px; color: inherit;'>\n<li style='margin-bottom: 10px; color: inherit;'><strong style='color: inherit;'>Calidad de video<\/strong>\n<ul style='padding-left: 20px; margin-top: 8px; color: inherit;'>\n<li style='margin-bottom: 5px; color: inherit;'>&#8211; <strong style='color: inherit;'>Video SD (definici\u00f3n est\u00e1ndar)<\/strong>\n<ul style='padding-left: 20px; margin-top: 5px; color: inherit;'>\n<li style='margin-bottom: 5px; color: inherit;'>&#8211; Flujo secundario utilizado para visualizar en directo y grabar en la nube.<\/li>\n<li style='color: inherit;'>&#8211; Flujo principal no se modifica y est\u00e1 reservado para NVR\/DVR locales&comma; si corresponde.<\/li>\n<\/ul>\n<\/li>\n<li style='color: inherit;'>&#8211; <strong style='color: inherit;'>Video 8MP<\/strong>\n<ul style='padding-left: 20px; margin-top: 5px; color: inherit;'>\n<li style='margin-bottom: 5px; color: inherit;'>&#8211; Flujo secundario utilizado para visualizar en directo (definici\u00f3n est\u00e1ndar).<\/li>\n<li style='margin-bottom: 5px; color: inherit;'>&#8211; Flujo principal utilizado para la grabaci\u00f3n en la nube a <strong style='color: inherit;'>8MP a m\u00e1ximo 10 IPS y 1800 bitrate<\/strong>.<\/li>\n<li style='color: inherit;'><em style='color: inherit;'>(esto anular\u00e1 la configuraci\u00f3n principal en el NVR\/DVR&comma; si corresponde)<\/em><\/li>\n<\/ul>\n<\/li>\n<\/ul>\n<\/li>\n<li style='margin-bottom: 10px; color: inherit;'><strong style='color: inherit;'>Grabaci\u00f3n continua <\/strong>y por detecci\u00f3n de movimiento (seleccionable&comma; por defecto)<\/li>\n<li style='margin-bottom: 10px; color: inherit;'>Notificaciones por correo electr\u00f3nico y pop-up<\/li>\n<li style='margin-bottom: 10px; color: inherit;'>App m\u00f3vil e interfaz web (<a style='color: #007bff; text-decoration: none;' href='https:\/\/cloud.epcom.net' target='_blank' rel='noopener'>https:\/\/cloud.epcom.net<\/a>)<\/li>\n<li style='margin-bottom: 10px; color: inherit;'>Descargar&comma; eliminar y compartir clips de video.<\/li>\n<li style='margin-bottom: 10px; color: inherit;'>Configuraci\u00f3n f\u00e1cil y remota.<\/li>\n<li style='margin-bottom: 10px; color: inherit;'>Logotipo personalizable.<\/li>\n<li style='color: inherit;'>Gesti\u00f3n y uso compartido con usuarios.<\/li>\n<\/ul><\/div>\n<\/p><\/div>\n<p> <!-- Notas --> <\/p>\n<div style='border: 1px solid rgba(150&comma;150&comma;150&comma;0.3); border-radius: 8px; overflow: hidden;'>\n<div style='background-color: #282739; color: white; padding: 15px; font-size: 18px; font-weight: bold; border-bottom: 1px solid rgba(150&comma;150&comma;150&comma;0.3);'> Notas <\/div>\n<div style='padding: 20px; color: inherit;'>\n<ul style='padding-left: 20px; margin-bottom: 10px; color: inherit;'>\n<li style='margin-bottom: 10px; color: red;'><strong style='color: red;'>Para un correcto desempe\u00f1o deber\u00e1 <strong style='color: red;'>desactivar<\/strong> la encriptaci\u00f3n\/codificaci\u00f3n de imagen en Hik-Connect<\/strong><\/li>\n<li style='margin-bottom: 10px; color: red;'><strong style='color: red;'>No<\/strong> es posible combinar licencias de diferentes d\u00edas de retenci\u00f3n.<\/li>\n<li style='margin-bottom: 10px; color: red;'><strong style='color: red;'>Ancho de banda m\u00ednimo requerido por canal de video: 1800 kbps<\/strong><\/li>\n<li style='color: red;'><strong style='color: red;'>Cotice un adaptador modelo <a style='color: #007bff; text-decoration: none;' href='https:\/\/www.syscom.mx\/producto\/ADAPTERCLOUD-16-EPCOM-220835.html' target='_blank' rel='noopener'>ADAPTERCLOUD16<\/a> cada 16 canales de video<\/strong><\/li>\n<\/ul><\/div>\n<\/p><\/div>\n<p> <!-- C\u00f3mo ver un demo en vivo --> <\/p>\n<div style='border: 1px solid rgba(150&comma;150&comma;150&comma;0.3); border-radius: 8px; overflow: hidden;'>\n<div style='background-color: #282739; color: white; padding: 15px; font-size: 18px; font-weight: bold; border-bottom: 1px solid rgba(150&comma;150&comma;150&comma;0.3);'> \u00bfC\u00f3mo ver un demo en vivo? <\/div>\n<div style='padding: 20px; color: inherit;'>\n<ul style='padding-left: 20px; margin-bottom: 20px; color: inherit;'>\n<li style='margin-bottom: 15px; color: inherit;'>Desde su aplicaci\u00f3n m\u00f3vil:\n<ul style='padding-left: 20px; margin-top: 8px; color: inherit;'>\n<li style='margin-bottom: 5px; color: inherit;'>&#8211; Descargar la app <strong style='color: inherit;'>Epcom Cloud<\/strong> en App Store o Play Store<\/li>\n<li style='color: inherit;'>&#8211; Dar clic en el bot\u00f3n <strong style='color: inherit;'>Ver Demo<\/strong><\/li>\n<\/ul>\n<\/li>\n<li style='color: inherit;'>Desde su interfaz web:\n<ul style='padding-left: 20px; margin-top: 8px; color: inherit;'>\n<li style='color: inherit;'>&#8211; Entrar a la p\u00e1gina <a style='color: #007bff; text-decoration: none;' href='https:\/\/cloud.epcom.net\/demo' target='_blank' rel='noopener'><strong style='color: inherit;'>https:\/\/cloud.epcom.net\/demo<\/strong><\/a><\/li>\n<\/ul>\n<\/li>\n<\/ul><\/div>\n<\/p><\/div>\n<p> <!-- Galer\u00eda de im\u00e1genes de la app --> <\/p>\n<div style='margin-top: 30px;'>\n<h3 style='font-size: 20px; margin-bottom: 15px; color: inherit; opacity: 0.8; border-bottom: 2px solid currentColor; padding-bottom: 5px;'>Capturas de pantalla de la aplicaci\u00f3n<\/h3>\n<div style='display: flex; flex-wrap: wrap; gap: 15px;'>\n<div style='flex: 1 1 20%; min-width: 200px;'> <img style='width: 100%; height: auto; border: 1px solid rgba(150&comma;150&comma;150&comma;0.3); border-radius: 8px;' src='https:\/\/ftp3.syscom.mx\/usuarios\/xguereque\/epcomcloud\/junio2024\/app\/img1.jpeg' alt='Captura de pantalla 1'> <\/div>\n<div style='flex: 1 1 20%; min-width: 200px;'> <img style='width: 100%; height: auto; border: 1px solid rgba(150&comma;150&comma;150&comma;0.3); border-radius: 8px;' src='https:\/\/ftp3.syscom.mx\/usuarios\/xguereque\/epcomcloud\/junio2024\/app\/img2.jpeg' alt='Captura de pantalla 2'> <\/div>\n<div style='flex: 1 1 20%; min-width: 200px;'> <img style='width: 100%; height: auto; border: 1px solid rgba(150&comma;150&comma;150&comma;0.3); border-radius: 8px;' src='https:\/\/ftp3.syscom.mx\/usuarios\/xguereque\/epcomcloud\/junio2024\/app\/img3.jpeg' alt='Captura de pantalla 3'> <\/div>\n<div style='flex: 1 1 20%; min-width: 200px;'> <img style='width: 100%; height: auto; border: 1px solid rgba(150&comma;150&comma;150&comma;0.3); border-radius: 8px;' src='https:\/\/ftp3.syscom.mx\/usuarios\/xguereque\/epcomcloud\/junio2024\/app\/img4.jpeg' alt='Captura de pantalla 4'> <\/div>\n<\/p><\/div>\n<div style='display: flex; flex-wrap: wrap; gap: 15px; margin-top: 15px;'>\n<div style='flex: 1 1 20%; min-width: 200px;'> <img style='width: 100%; height: auto; border: 1px solid rgba(150&comma;150&comma;150&comma;0.3); border-radius: 8px;' src='https:\/\/ftp3.syscom.mx\/usuarios\/xguereque\/epcomcloud\/junio2024\/app\/img5.jpeg' alt='Captura de pantalla 5'> <\/div>\n<div style='flex: 1 1 20%; min-width: 200px;'> <img style='width: 100%; height: auto; border: 1px solid rgba(150&comma;150&comma;150&comma;0.3); border-radius: 8px;' src='https:\/\/ftp3.syscom.mx\/usuarios\/xguereque\/epcomcloud\/junio2024\/app\/img6.jpeg' alt='Captura de pantalla 6'> <\/div>\n<div style='flex: 1 1 20%; min-width: 200px;'> <img style='width: 100%; height: auto; border: 1px solid rgba(150&comma;150&comma;150&comma;0.3); border-radius: 8px;' src='https:\/\/ftp3.syscom.mx\/usuarios\/xguereque\/epcomcloud\/junio2024\/app\/img7.jpeg' alt='Captura de pantalla 7'> <\/div>\n<div style='flex: 1 1 20%; min-width: 200px;'> <img style='width: 100%; height: auto; border: 1px solid rgba(150&comma;150&comma;150&comma;0.3); border-radius: 8px;' src='https:\/\/ftp3.syscom.mx\/usuarios\/xguereque\/epcomcloud\/junio2024\/app\/img8.jpeg' alt='Captura de pantalla 8'> <\/div>\n<\/p><\/div>\n<\/p><\/div>\n<p> <!-- Galer\u00eda de im\u00e1genes web --> <\/p>\n<div style='margin-top: 30px;'>\n<h3 style='font-size: 20px; margin-bottom: 15px; color: inherit; opacity: 0.8; border-bottom: 2px solid currentColor; padding-bottom: 5px;'>Capturas de pantalla de la interfaz web<\/h3>\n<div style='display: flex; flex-wrap: wrap; gap: 15px; margin-bottom: 30px;'>\n<div style='flex: 1 1 45%; min-width: 300px;'> <img style='width: 100%; height: auto; border: 1px solid rgba(150&comma;150&comma;150&comma;0.3); border-radius: 8px;' src='https:\/\/ftp3.syscom.mx\/usuarios\/xguereque\/epcomcloud\/junio2024\/web\/img1.png' alt='Captura web 1'> <\/div>\n<div style='flex: 1 1 45%; min-width: 300px;'> <img style='width: 100%; height: auto; border: 1px solid rgba(150&comma;150&comma;150&comma;0.3); border-radius: 8px;' src='https:\/\/ftp3.syscom.mx\/usuarios\/xguereque\/epcomcloud\/junio2024\/web\/img2.png' alt='Captura web 2'> <\/div>\n<\/p><\/div>\n<div style='display: flex; flex-wrap: wrap; gap: 15px; margin-bottom: 30px;'>\n<div style='flex: 1 1 45%; min-width: 300px;'> <img style='width: 100%; height: auto; border: 1px solid rgba(150&comma;150&comma;150&comma;0.3); border-radius: 8px;' src='https:\/\/ftp3.syscom.mx\/usuarios\/xguereque\/epcomcloud\/junio2024\/web\/img3.png' alt='Captura web 3'> <\/div>\n<div style='flex: 1 1 45%; min-width: 300px;'> <img style='width: 100%; height: auto; border: 1px solid rgba(150&comma;150&comma;150&comma;0.3); border-radius: 8px;' src='https:\/\/ftp3.syscom.mx\/usuarios\/xguereque\/epcomcloud\/junio2024\/web\/img4.png' alt='Captura web 4'> <\/div>\n<\/p><\/div>\n<div style='display: flex; flex-wrap: wrap; gap: 15px; margin-bottom: 30px;'>\n<div style='flex: 1 1 45%; min-width: 300px;'> <img style='width: 100%; height: auto; border: 1px solid rgba(150&comma;150&comma;150&comma;0.3); border-radius: 8px;' src='https:\/\/ftp3.syscom.mx\/usuarios\/xguereque\/epcomcloud\/junio2024\/web\/img5.png' alt='Captura web 5'> <\/div>\n<div style='flex: 1 1 45%; min-width: 300px;'> <img style='width: 100%; height: auto; border: 1px solid rgba(150&comma;150&comma;150&comma;0.3); border-radius: 8px;' src='https:\/\/ftp3.syscom.mx\/usuarios\/xguereque\/epcomcloud\/junio2024\/web\/img6.png' alt='Captura web 6'> <\/div>\n<\/p><\/div>\n<div style='display: flex; flex-wrap: wrap; gap: 15px;'>\n<div style='flex: 1 1 45%; min-width: 300px;'> <img style='width: 100%; height: auto; border: 1px solid rgba(150&comma;150&comma;150&comma;0.3); border-radius: 8px;' src='https:\/\/ftp3.syscom.mx\/usuarios\/xguereque\/epcomcloud\/junio2024\/web\/img7.png' alt='Captura web 7'> <\/div>\n<div style='flex: 1 1 45%; min-width: 300px;'> <img style='width: 100%; height: auto; border: 1px solid rgba(150&comma;150&comma;150&comma;0.3); border-radius: 8px;' src='https:\/\/ftp3.syscom.mx\/usuarios\/xguereque\/epcomcloud\/junio2024\/web\/img8.png' alt='Captura web 8'> <\/div>\n<\/p><\/div>\n<\/p><\/div>\n<p> <!-- Videos --> <\/p>\n<div style='margin-top: 30px; display: flex; flex-wrap: wrap; gap: 30px;'>\n<div style='flex: 1 1 45%; min-width: 300px;'>\n<div style='position: relative; padding-bottom: 56.25%; height: 0; overflow: hidden;'>   <\/div>\n<\/p><\/div>\n<div style='flex: 1 1 45%; min-width: 300px;'>\n<div style='position: relative; padding-bottom: 56.25%; height: 0; overflow: hidden;'>   <\/div>\n<\/p><\/div>\n<\/p><\/div>\n<\/p><\/div>\n<\/p><\/div>\n","protected":false},"excerpt":{"rendered":"<p>Suscripci\u00f3n Anual Epcom Cloud \/ Grabaci\u00f3n en la nube para 1 canal de video a 8MP con 40 d\u00edas de retenci\u00f3n \/ Grabaci\u00f3n continua<\/p>\n","protected":false},"featured_media":95127,"comment_status":"open","ping_status":"closed","template":"","meta":[],"product_brand":[],"product_cat":[2296],"product_tag":[935,2297,2263],"class_list":{"0":"post-95128","1":"product","2":"type-product","3":"status-publish","4":"has-post-thumbnail","6":"product_cat-epcom-cloud","7":"product_tag-epcom","8":"product_tag-epcom-cloud","9":"product_tag-software-vms-y-analiticas","11":"first","12":"instock","13":"sale","14":"shipping-taxable","15":"purchasable","16":"product-type-simple"},"_links":{"self":[{"href":"https:\/\/soydeaqui.ddns.net\/pachuca\/index.php\/wp-json\/wp\/v2\/product\/95128","targetHints":{"allow":["GET"]}}],"collection":[{"href":"https:\/\/soydeaqui.ddns.net\/pachuca\/index.php\/wp-json\/wp\/v2\/product"}],"about":[{"href":"https:\/\/soydeaqui.ddns.net\/pachuca\/index.php\/wp-json\/wp\/v2\/types\/product"}],"replies":[{"embeddable":true,"href":"https:\/\/soydeaqui.ddns.net\/pachuca\/index.php\/wp-json\/wp\/v2\/comments?post=95128"}],"wp:featuredmedia":[{"embeddable":true,"href":"https:\/\/soydeaqui.ddns.net\/pachuca\/index.php\/wp-json\/wp\/v2\/media\/95127"}],"wp:attachment":[{"href":"https:\/\/soydeaqui.ddns.net\/pachuca\/index.php\/wp-json\/wp\/v2\/media?parent=95128"}],"wp:term":[{"taxonomy":"product_brand","embeddable":true,"href":"https:\/\/soydeaqui.ddns.net\/pachuca\/index.php\/wp-json\/wp\/v2\/product_brand?post=95128"},{"taxonomy":"product_cat","embeddable":true,"href":"https:\/\/soydeaqui.ddns.net\/pachuca\/index.php\/wp-json\/wp\/v2\/product_cat?post=95128"},{"taxonomy":"product_tag","embeddable":true,"href":"https:\/\/soydeaqui.ddns.net\/pachuca\/index.php\/wp-json\/wp\/v2\/product_tag?post=95128"}],"curies":[{"name":"wp","href":"https:\/\/api.w.org\/{rel}","templated":true}]}}