{"id":95126,"date":"2026-03-20T07:15:57","date_gmt":"2026-03-20T07:15:57","guid":{"rendered":"https:\/\/soydeaqui.ddns.net\/pachuca\/index.php\/producto\/suscripcion-anual-epcom-cloud-grabacion-en-la-nube-para-1-canal-de-video-a-8mp-con-60-dias-de-retencion-grabacion-continua\/"},"modified":"2026-03-20T07:15:58","modified_gmt":"2026-03-20T07:15:58","slug":"suscripcion-anual-epcom-cloud-grabacion-en-la-nube-para-1-canal-de-video-a-8mp-con-60-dias-de-retencion-grabacion-continua","status":"publish","type":"product","link":"https:\/\/soydeaqui.ddns.net\/pachuca\/index.php\/producto\/suscripcion-anual-epcom-cloud-grabacion-en-la-nube-para-1-canal-de-video-a-8mp-con-60-dias-de-retencion-grabacion-continua\/","title":{"rendered":"Suscripci\u00f3n Anual Epcom Cloud \/ Grabaci\u00f3n en la nube para 1 canal de video a 8MP con 60 d\u00edas de retenci\u00f3n \/ Grabaci\u00f3n continua"},"content":{"rendered":"<div style='width: 100%; max-width: 1200px; margin: 0 auto; font-family: sans-serif; line-height: 1.6; color: inherit;'> <!-- Banner principal --> <\/p>\n<div style='margin-bottom: 30px;'> <img style='width: 100%; height: auto; border: 1px solid rgba(150&comma;150&comma;150&comma;0.3); border-radius: 8px;' src='https:\/\/ftp3.syscom.mx\/usuarios\/xguereque\/epcomcloud\/junio2024\/banner.jpeg' alt='Banner principal'> <\/div>\n<p> <!-- Secci\u00f3n de acordeones --> <\/p>\n<div style='margin-bottom: 30px;'>\n<div style='margin-bottom: 20px;'>\n<h3 style='font-size: 22px; border-bottom: 2px solid currentColor; padding-bottom: 5px; margin-top: 0; color: inherit; opacity: 0.8;'>Videovigilancia en la nube<\/h3>\n<div style='display: flex; flex-wrap: wrap; gap: 20px; align-items: center;'>\n<div style='flex: 1 1 300px;'>\n<p>EPCOM Cloud es una plataforma de videovigilancia en la nube que ofrece una manera simple&comma; segura y asequible de a\u00f1adir almacenamiento en la nube a sistemas de CCTV compatibles.<\/p>\n<p>La app y el visor web de EPCOM Cloud permiten a los usuarios recuperar&comma; reproducir&comma; compartir y descargar grabaciones sin esfuerzo&comma; y ver transmisiones en vivo de las c\u00e1maras con una sola autenticaci\u00f3n.<\/p>\n<\/p><\/div>\n<div style='flex: 0 0 auto; width: 100%; max-width: 500px;'> <img style='width: 100%; height: auto; border: 1px solid rgba(150&comma;150&comma;150&comma;0.3); border-radius: 8px;' src='https:\/\/ftp3.syscom.mx\/usuarios\/xguereque\/epcomcloud\/junio2024\/acordeon\/img1.jpg' alt='Videovigilancia en la nube'> <\/div>\n<\/p><\/div>\n<\/p><\/div>\n<div style='margin-bottom: 20px;'>\n<h3 style='font-size: 22px; border-bottom: 2px solid currentColor; padding-bottom: 5px; margin-top: 0; color: inherit; opacity: 0.8;'>Almacenamiento seguro<\/h3>\n<div style='display: flex; flex-wrap: wrap; gap: 20px; align-items: center;'>\n<div style='flex: 1 1 300px;'>\n<p>Epcom Cloud ofrece una soluci\u00f3n avanzada para la videovigilancia en la nube mediante adaptadores.<\/p>\n<p>Compatible con una amplia gama de marcas y dispositivos&comma; permite la integraci\u00f3n de c\u00e1maras IP&comma; DVR y NVR&comma; incluyendo modelos de <strong>HIKVISION<\/strong>&comma; <strong>epcom<\/strong>&comma; <strong>HiLook<\/strong>&comma; <strong>ONVIF<\/strong>&comma; <strong>Dahua<\/strong>&comma; <strong>Vivotek<\/strong> y <strong>Axis<\/strong>.<\/p>\n<\/p><\/div>\n<div style='flex: 0 0 auto; width: 100%; max-width: 500px;'> <img style='width: 100%; height: auto; border: 1px solid rgba(150&comma;150&comma;150&comma;0.3); border-radius: 8px;' src='https:\/\/ftp3.syscom.mx\/usuarios\/xguereque\/epcomcloud\/junio2024\/acordeon\/img2.jpg' alt='Almacenamiento seguro'> <\/div>\n<\/p><\/div>\n<\/p><\/div>\n<div style='margin-bottom: 20px;'>\n<h3 style='font-size: 22px; border-bottom: 2px solid currentColor; padding-bottom: 5px; margin-top: 0; color: inherit; opacity: 0.8;'>Monitoreo de video multi-sitio<\/h3>\n<div style='display: flex; flex-wrap: wrap; gap: 20px; align-items: center;'>\n<div style='flex: 1 1 300px;'>\n<p>Mejora tu seguridad con una potente videovigilancia en la nube dise\u00f1ada para organizaciones con m\u00faltiples sitios.<\/p>\n<ul style='padding-left: 20px; font-size: 14px; color: inherit;'>\n<li style='margin-bottom: 5px;'>Sitios&comma; c\u00e1maras y usuarios ilimitados.<\/li>\n<li style='margin-bottom: 5px;'>Respaldo seguro en la nube fuera del sitio.<\/li>\n<li style='margin-bottom: 5px;'>Amplia compatibilidad con sistemas de seguridad existentes.<\/li>\n<li style='margin-bottom: 5px;'>Simple&comma; fiable y asequible.<\/li>\n<\/ul><\/div>\n<div style='flex: 0 0 auto; width: 100%; max-width: 500px;'> <img style='width: 100%; height: auto; border: 1px solid rgba(150&comma;150&comma;150&comma;0.3); border-radius: 8px;' src='https:\/\/ftp3.syscom.mx\/usuarios\/xguereque\/epcomcloud\/junio2024\/acordeon\/img3.jpg' alt='Monitoreo de video multi-sitio'> <\/div>\n<\/p><\/div>\n<\/p><\/div>\n<div style='margin-bottom: 20px;'>\n<h3 style='font-size: 22px; border-bottom: 2px solid currentColor; padding-bottom: 5px; margin-top: 0; color: inherit; opacity: 0.8;'>Planes de nube flexibles<\/h3>\n<div style='display: flex; flex-wrap: wrap; gap: 20px; align-items: center;'>\n<div style='flex: 1 1 300px;'>\n<p>Desbloquea el poder de la nube con planes flexibles.<\/p>\n<ul style='padding-left: 20px; font-size: 14px; color: inherit;'>\n<li style='margin-bottom: 5px;'><strong>Control Total<\/strong>: Decide qu\u00e9 c\u00e1maras grabar en la nube&comma; cu\u00e1nto tiempo guardar el video&comma; su modo de grabaci\u00f3n y resoluci\u00f3n.<\/li>\n<li style='margin-bottom: 5px;'><strong>Mejoras Continuas<\/strong>: Nos dedicamos a la mejora continua&comma; actualizando regularmente nuestro software con funciones innovadoras.<\/li>\n<li style='margin-bottom: 5px;'><strong>Precios Sencillos<\/strong>: Paga solo por las licencias de c\u00e1maras o grabadores que necesites. No se cobran usuarios adicionales.<\/li>\n<\/ul><\/div>\n<div style='flex: 0 0 auto; width: 100%; max-width: 500px;'> <img style='width: 100%; height: auto; border: 1px solid rgba(150&comma;150&comma;150&comma;0.3); border-radius: 8px;' src='https:\/\/ftp3.syscom.mx\/usuarios\/xguereque\/epcomcloud\/junio2024\/acordeon\/img4.jpg' alt='Planes de nube flexibles'> <\/div>\n<\/p><\/div>\n<\/p><\/div>\n<div style='margin-bottom: 20px;'>\n<h3 style='font-size: 22px; border-bottom: 2px solid currentColor; padding-bottom: 5px; margin-top: 0; color: inherit; opacity: 0.8;'>Aplicaciones en diferentes industrias<\/h3>\n<div style='display: flex; flex-wrap: wrap; gap: 20px; align-items: center;'>\n<div style='flex: 1 1 300px;'>\n<p>Explora c\u00f3mo el VMS en la nube de EPCOM Cloud se aplica en diversas industrias y aplicaciones alrededor del mundo.<\/p>\n<ul style='padding-left: 20px; font-size: 14px; color: inherit;'>\n<li style='margin-bottom: 5px;'><strong>Educaci\u00f3n<\/strong>: Mejora la seguridad en el campus y monitorea la actividad en tiempo real. Responde r\u00e1pidamente a los eventos desde una plataforma f\u00e1cil de usar.<\/li>\n<li style='margin-bottom: 5px;'><strong>Retail<\/strong>: Protege tus tiendas y visualiza todas tus c\u00e1maras en un solo lugar&comma; utilizando la app o el visor web de EPCOM Cloud<\/li>\n<li style='margin-bottom: 5px;'><strong>Hospitalidad<\/strong>: Monitorea las c\u00e1maras de restaurantes en m\u00faltiples sitios desde un solo lugar y asegura que tus grabaciones siempre est\u00e9n disponibles cuando las necesites<\/li>\n<li style='margin-bottom: 5px;'><strong>Gesti\u00f3n de Residuos<\/strong>: Soluci\u00f3n de CCTV basada en la nube para empresas de gesti\u00f3n de residuos&comma; asegurando el cumplimiento de los requisitos de seguros.<\/li>\n<li style='margin-bottom: 5px;'><strong>Autoalmacenamiento<\/strong>: Perfecto para organizaciones de autoalmacenamiento&comma; EPCOM Cloud te permite monitorear tu negocio 24\/7.<\/li>\n<\/ul><\/div>\n<div style='flex: 0 0 auto; width: 100%; max-width: 500px;'> <img style='width: 100%; height: auto; border: 1px solid rgba(150&comma;150&comma;150&comma;0.3); border-radius: 8px;' src='https:\/\/ftp3.syscom.mx\/usuarios\/xguereque\/epcomcloud\/junio2024\/acordeon\/img5.jpg' alt='Aplicaciones en diferentes industrias'> <\/div>\n<\/p><\/div>\n<\/p><\/div>\n<div style='margin-bottom: 20px;'>\n<h3 style='font-size: 22px; border-bottom: 2px solid currentColor; padding-bottom: 5px; margin-top: 0; color: inherit; opacity: 0.8;'>Confiado por miles de organizaciones a nivel mundial<\/h3>\n<div style='display: flex; flex-wrap: wrap; gap: 20px; align-items: center;'>\n<div style='flex: 1 1 300px;'>\n<p>EPCOM Cloud es una plataforma de videovigilancia en la nube rica en funciones.<\/p>\n<p>Todas tus c\u00e1maras en un solo lugar: S\u00e9 los ojos y o\u00eddos de tu organizaci\u00f3n&comma; accediendo a todas tus c\u00e1maras desde una plataforma central.<\/p>\n<p>Actualiza&comma; no reemplaces: Prep\u00e1rate para el futuro transformando tu sistema existente en un VMS basado en la nube sin el costo de reemplazar tu hardware.<\/p>\n<ul style='padding-left: 20px; font-size: 14px; color: inherit;'>\n<li style='margin-bottom: 5px;'><strong>Compatibilidad con Marcas<\/strong>: EPCOM Cloud ofrece una amplia compatibilidad con marcas existentes.<\/li>\n<li style='margin-bottom: 5px;'><strong>Permisos de Usuario<\/strong>: Proporciona acceso a un n\u00famero ilimitado de usuarios adicionales y elige sus niveles de permiso.<\/li>\n<li style='margin-bottom: 5px;'><strong>Protecci\u00f3n de Grabaciones<\/strong>: Protege contra fallos de grabadores&comma; da\u00f1os o robos&comma; con la tranquilidad de que tus grabaciones est\u00e1n respaldadas de manera segura en la nube.<\/li>\n<li style='margin-bottom: 5px;'><strong>Eficiencia en el Uso de Datos<\/strong>: La videovigilancia en la nube de EPCOM Cloud no necesita ser intensiva en datos. Ha sido optimizada para redes del mundo real&comma; usando la menor cantidad de ancho de banda posible.<\/li>\n<li style='margin-bottom: 5px;'><strong>Acceso Instant\u00e1neo<\/strong>: Accede a tus c\u00e1maras en cualquier momento y desde cualquier lugar con la app m\u00f3vil de EPCOM Cloud y el VMS basado en web&comma; o ve las transmisiones en vivo en un monitor local.<\/li>\n<\/ul><\/div>\n<div style='flex: 0 0 auto; width: 100%; max-width: 500px;'> <img style='width: 100%; height: auto; border: 1px solid rgba(150&comma;150&comma;150&comma;0.3); border-radius: 8px;' src='https:\/\/ftp3.syscom.mx\/usuarios\/xguereque\/epcomcloud\/junio2024\/acordeon\/img6.jpg' alt='Confiado por miles de organizaciones a nivel mundial'> <\/div>\n<\/p><\/div>\n<\/p><\/div>\n<\/p><\/div>\n<p> <!-- Secci\u00f3n de especificaciones --> <\/p>\n<div style='margin-bottom: 30px;'>\n<div style='border: 1px solid rgba(150&comma;150&comma;150&comma;0.4); border-radius: 8px; overflow: hidden; margin-bottom: 20px;'>\n<div style='padding: 15px; border-bottom: 1px solid rgba(150&comma;150&comma;150&comma;0.2); font-weight: bold; font-size: 18px; background-color: #282739; color: white;'>Caracter\u00edsticas<\/div>\n<div style='padding: 15px; color: inherit;'>\n<ul style='padding-left: 20px; margin: 0; font-size: 14px; list-style-type: disc; color: inherit;'>\n<li style='margin-bottom: 5px;'><strong>Calidad de video<\/strong><\/li>\n<li style='margin-bottom: 5px;'> &#8211; <strong>Video SD (definici\u00f3n est\u00e1ndar)<\/strong><\/li>\n<li style='margin-bottom: 5px;'> &#8211; Flujo secundario utilizado para visualizar en directo y grabar en la nube.<\/li>\n<li style='margin-bottom: 5px;'> &#8211; Flujo principal no se modifica y est\u00e1 reservado para NVR\/DVR locales&comma; si corresponde.<\/li>\n<li style='margin-bottom: 5px;'> &#8211; <strong>Video 8MP<\/strong><\/li>\n<li style='margin-bottom: 5px;'> &#8211; Flujo secundario utilizado para visualizar en directo (definici\u00f3n est\u00e1ndar).<\/li>\n<li style='margin-bottom: 5px;'> &#8211; Flujo principal utilizado para la grabaci\u00f3n en la nube a <strong>8MP a m\u00e1ximo 10 IPS y 1800 bitrate<\/strong>.<\/li>\n<li style='margin-bottom: 5px;'> <em> (esto anular\u00e1 la configuraci\u00f3n principal en el NVR\/DVR&comma; si corresponde)<\/em><\/li>\n<li style='margin-bottom: 5px;'><strong>Grabaci\u00f3n continua<\/strong> y por detecci\u00f3n de movimiento (seleccionable&comma; por defecto)<\/li>\n<li style='margin-bottom: 5px;'>Notificaciones por correo electr\u00f3nico y pop-up<\/li>\n<li style='margin-bottom: 5px;'>App m\u00f3vil e interfaz web (<a href='https:\/\/cloud.epcom.net' target='_blank' rel='noopener' style='color: inherit; text-decoration: underline;'>https:\/\/cloud.epcom.net<\/a>)<\/li>\n<li style='margin-bottom: 5px;'>Descargar&comma; eliminar y compartir clips de video.<\/li>\n<li style='margin-bottom: 5px;'>Configuraci\u00f3n f\u00e1cil y remota.<\/li>\n<li style='margin-bottom: 5px;'>Logotipo personalizable.<\/li>\n<li style='margin-bottom: 5px;'>Gesti\u00f3n y uso compartido con usuarios.<\/li>\n<\/ul><\/div>\n<\/p><\/div>\n<div style='border: 1px solid rgba(150&comma;150&comma;150&comma;0.4); border-radius: 8px; overflow: hidden; margin-bottom: 20px;'>\n<div style='padding: 15px; border-bottom: 1px solid rgba(150&comma;150&comma;150&comma;0.2); font-weight: bold; font-size: 18px; background-color: #282739; color: white;'>Notas<\/div>\n<div style='padding: 15px; color: inherit;'>\n<ul style='padding-left: 20px; margin: 0; font-size: 14px; list-style-type: disc; color: inherit;'>\n<li style='margin-bottom: 5px; color: #e74c3c;'><strong>Para un correcto desempe\u00f1o deber\u00e1 desactivar<\/strong> la encriptaci\u00f3n\/codificaci\u00f3n de imagen en Hik-Connect<\/li>\n<li style='margin-bottom: 5px; color: #e74c3c;'><strong>No<\/strong> es posible combinar licencias de diferentes d\u00edas de retenci\u00f3n.<\/li>\n<li style='margin-bottom: 5px; color: #e74c3c;'><strong>Ancho de banda m\u00ednimo requerido por canal de video: 1800 kbps<\/strong><\/li>\n<li style='margin-bottom: 5px; color: #e74c3c;'>Cotice un adaptador modelo <a href='https:\/\/www.syscom.mx\/producto\/ADAPTERCLOUD-16-EPCOM-220835.html' target='_blank' rel='noopener' style='color: #e74c3c; text-decoration: underline;'>ADAPTERCLOUD16<\/a> cada 16 canales de video<\/li>\n<\/ul><\/div>\n<\/p><\/div>\n<div style='border: 1px solid rgba(150&comma;150&comma;150&comma;0.4); border-radius: 8px; overflow: hidden; margin-bottom: 20px;'>\n<div style='padding: 15px; border-bottom: 1px solid rgba(150&comma;150&comma;150&comma;0.2); font-weight: bold; font-size: 18px; background-color: #282739; color: white;'>\u00bfC\u00f3mo ver un demo en vivo?<\/div>\n<div style='padding: 15px; color: inherit;'>\n<ul style='padding-left: 20px; margin: 0; font-size: 14px; list-style-type: disc; color: inherit;'>\n<li style='margin-bottom: 5px;'><strong>Desde su aplicaci\u00f3n m\u00f3vil:<\/strong><\/li>\n<li style='margin-bottom: 5px;'> &#8211; Descargar la app <strong>Epcom Cloud<\/strong> en App Store o Play Store<\/li>\n<li style='margin-bottom: 5px;'> &#8211; Dar clic en el bot\u00f3n <strong>Ver Demo<\/strong><\/li>\n<li style='margin-bottom: 5px;'><strong>Desde su interfaz web:<\/strong><\/li>\n<li style='margin-bottom: 5px;'> &#8211; Entrar a la p\u00e1gina <a href='https:\/\/cloud.epcom.net\/demo' target='_blank' rel='noopener' style='color: inherit; text-decoration: underline;'><strong>https:\/\/cloud.epcom.net\/demo<\/strong><\/a><\/li>\n<\/ul><\/div>\n<\/p><\/div>\n<\/p><\/div>\n<p> <!-- Galer\u00eda de im\u00e1genes de la app --> <\/p>\n<div style='margin-bottom: 30px;'>\n<h3 style='font-size: 22px; border-bottom: 2px solid currentColor; padding-bottom: 5px; margin-top: 0; color: inherit; opacity: 0.8;'>Capturas de pantalla de la aplicaci\u00f3n<\/h3>\n<div style='display: grid; grid-template-columns: repeat(auto-fill&comma; minmax(180px&comma; 1fr)); gap: 15px; margin-top: 15px;'>\n<div style='width: 100%;'><img style='width: 100%; height: auto; border: 1px solid rgba(150&comma;150&comma;150&comma;0.3); border-radius: 8px;' src='https:\/\/ftp3.syscom.mx\/usuarios\/xguereque\/epcomcloud\/junio2024\/app\/img1.jpeg' alt='Captura de pantalla 1'><\/div>\n<div style='width: 100%;'><img style='width: 100%; height: auto; border: 1px solid rgba(150&comma;150&comma;150&comma;0.3); border-radius: 8px;' src='https:\/\/ftp3.syscom.mx\/usuarios\/xguereque\/epcomcloud\/junio2024\/app\/img2.jpeg' alt='Captura de pantalla 2'><\/div>\n<div style='width: 100%;'><img style='width: 100%; height: auto; border: 1px solid rgba(150&comma;150&comma;150&comma;0.3); border-radius: 8px;' src='https:\/\/ftp3.syscom.mx\/usuarios\/xguereque\/epcomcloud\/junio2024\/app\/img3.jpeg' alt='Captura de pantalla 3'><\/div>\n<div style='width: 100%;'><img style='width: 100%; height: auto; border: 1px solid rgba(150&comma;150&comma;150&comma;0.3); border-radius: 8px;' src='https:\/\/ftp3.syscom.mx\/usuarios\/xguereque\/epcomcloud\/junio2024\/app\/img4.jpeg' alt='Captura de pantalla 4'><\/div>\n<div style='width: 100%;'><img style='width: 100%; height: auto; border: 1px solid rgba(150&comma;150&comma;150&comma;0.3); border-radius: 8px;' src='https:\/\/ftp3.syscom.mx\/usuarios\/xguereque\/epcomcloud\/junio2024\/app\/img5.jpeg' alt='Captura de pantalla 5'><\/div>\n<div style='width: 100%;'><img style='width: 100%; height: auto; border: 1px solid rgba(150&comma;150&comma;150&comma;0.3); border-radius: 8px;' src='https:\/\/ftp3.syscom.mx\/usuarios\/xguereque\/epcomcloud\/junio2024\/app\/img6.jpeg' alt='Captura de pantalla 6'><\/div>\n<div style='width: 100%;'><img style='width: 100%; height: auto; border: 1px solid rgba(150&comma;150&comma;150&comma;0.3); border-radius: 8px;' src='https:\/\/ftp3.syscom.mx\/usuarios\/xguereque\/epcomcloud\/junio2024\/app\/img7.jpeg' alt='Captura de pantalla 7'><\/div>\n<div style='width: 100%;'><img style='width: 100%; height: auto; border: 1px solid rgba(150&comma;150&comma;150&comma;0.3); border-radius: 8px;' src='https:\/\/ftp3.syscom.mx\/usuarios\/xguereque\/epcomcloud\/junio2024\/app\/img8.jpeg' alt='Captura de pantalla 8'><\/div>\n<\/p><\/div>\n<\/p><\/div>\n<p> <!-- Galer\u00eda de im\u00e1genes de la web --> <\/p>\n<div style='margin-bottom: 30px;'>\n<h3 style='font-size: 22px; border-bottom: 2px solid currentColor; padding-bottom: 5px; margin-top: 0; color: inherit; opacity: 0.8;'>Capturas de pantalla de la interfaz web<\/h3>\n<div style='display: grid; grid-template-columns: repeat(auto-fill&comma; minmax(300px&comma; 1fr)); gap: 15px; margin-top: 15px;'>\n<div style='width: 100%;'><img style='width: 100%; height: auto; border: 1px solid rgba(150&comma;150&comma;150&comma;0.3); border-radius: 8px;' src='https:\/\/ftp3.syscom.mx\/usuarios\/xguereque\/epcomcloud\/junio2024\/web\/img1.png' alt='Interfaz web 1'><\/div>\n<div style='width: 100%;'><img style='width: 100%; height: auto; border: 1px solid rgba(150&comma;150&comma;150&comma;0.3); border-radius: 8px;' src='https:\/\/ftp3.syscom.mx\/usuarios\/xguereque\/epcomcloud\/junio2024\/web\/img2.png' alt='Interfaz web 2'><\/div>\n<div style='width: 100%;'><img style='width: 100%; height: auto; border: 1px solid rgba(150&comma;150&comma;150&comma;0.3); border-radius: 8px;' src='https:\/\/ftp3.syscom.mx\/usuarios\/xguereque\/epcomcloud\/junio2024\/web\/img3.png' alt='Interfaz web 3'><\/div>\n<div style='width: 100%;'><img style='width: 100%; height: auto; border: 1px solid rgba(150&comma;150&comma;150&comma;0.3); border-radius: 8px;' src='https:\/\/ftp3.syscom.mx\/usuarios\/xguereque\/epcomcloud\/junio2024\/web\/img4.png' alt='Interfaz web 4'><\/div>\n<div style='width: 100%;'><img style='width: 100%; height: auto; border: 1px solid rgba(150&comma;150&comma;150&comma;0.3); border-radius: 8px;' src='https:\/\/ftp3.syscom.mx\/usuarios\/xguereque\/epcomcloud\/junio2024\/web\/img5.png' alt='Interfaz web 5'><\/div>\n<div style='width: 100%;'><img style='width: 100%; height: auto; border: 1px solid rgba(150&comma;150&comma;150&comma;0.3); border-radius: 8px;' src='https:\/\/ftp3.syscom.mx\/usuarios\/xguereque\/epcomcloud\/junio2024\/web\/img6.png' alt='Interfaz web 6'><\/div>\n<div style='width: 100%;'><img style='width: 100%; height: auto; border: 1px solid rgba(150&comma;150&comma;150&comma;0.3); border-radius: 8px;' src='https:\/\/ftp3.syscom.mx\/usuarios\/xguereque\/epcomcloud\/junio2024\/web\/img7.png' alt='Interfaz web 7'><\/div>\n<div style='width: 100%;'><img style='width: 100%; height: auto; border: 1px solid rgba(150&comma;150&comma;150&comma;0.3); border-radius: 8px;' src='https:\/\/ftp3.syscom.mx\/usuarios\/xguereque\/epcomcloud\/junio2024\/web\/img8.png' alt='Interfaz web 8'><\/div>\n<\/p><\/div>\n<\/p><\/div>\n<p> <!-- Videos --> <\/p>\n<div style='margin-bottom: 30px;'>\n<h3 style='font-size: 22px; border-bottom: 2px solid currentColor; padding-bottom: 5px; margin-top: 0; color: inherit; opacity: 0.8;'>Videos explicativos<\/h3>\n<div style='display: flex; flex-wrap: wrap; gap: 20px; margin-top: 15px;'>\n<div style='flex: 1 1 400px; min-width: 300px;'>\n<div style='position: relative; padding-bottom: 56.25%; height: 0; overflow: hidden;'>   <\/div>\n<\/p><\/div>\n<div style='flex: 1 1 400px; min-width: 300px;'>\n<div style='position: relative; padding-bottom: 56.25%; height: 0; overflow: hidden;'>   <\/div>\n<\/p><\/div>\n<\/p><\/div>\n<\/p><\/div>\n<p> <!-- Separador final --> <\/p>\n<hr style='border: 0; border-top: 1px solid rgba(150&comma;150&comma;150&comma;0.3); margin: 30px 0;'> <\/div>\n","protected":false},"excerpt":{"rendered":"<p>Suscripci\u00f3n Anual Epcom Cloud \/ Grabaci\u00f3n en la nube para 1 canal de video a 8MP con 60 d\u00edas de retenci\u00f3n \/ Grabaci\u00f3n continua<\/p>\n","protected":false},"featured_media":95125,"comment_status":"open","ping_status":"closed","template":"","meta":[],"product_brand":[],"product_cat":[2296],"product_tag":[935,2297,2263],"class_list":{"0":"post-95126","1":"product","2":"type-product","3":"status-publish","4":"has-post-thumbnail","6":"product_cat-epcom-cloud","7":"product_tag-epcom","8":"product_tag-epcom-cloud","9":"product_tag-software-vms-y-analiticas","11":"first","12":"outofstock","13":"sale","14":"shipping-taxable","15":"purchasable","16":"product-type-simple"},"_links":{"self":[{"href":"https:\/\/soydeaqui.ddns.net\/pachuca\/index.php\/wp-json\/wp\/v2\/product\/95126","targetHints":{"allow":["GET"]}}],"collection":[{"href":"https:\/\/soydeaqui.ddns.net\/pachuca\/index.php\/wp-json\/wp\/v2\/product"}],"about":[{"href":"https:\/\/soydeaqui.ddns.net\/pachuca\/index.php\/wp-json\/wp\/v2\/types\/product"}],"replies":[{"embeddable":true,"href":"https:\/\/soydeaqui.ddns.net\/pachuca\/index.php\/wp-json\/wp\/v2\/comments?post=95126"}],"wp:featuredmedia":[{"embeddable":true,"href":"https:\/\/soydeaqui.ddns.net\/pachuca\/index.php\/wp-json\/wp\/v2\/media\/95125"}],"wp:attachment":[{"href":"https:\/\/soydeaqui.ddns.net\/pachuca\/index.php\/wp-json\/wp\/v2\/media?parent=95126"}],"wp:term":[{"taxonomy":"product_brand","embeddable":true,"href":"https:\/\/soydeaqui.ddns.net\/pachuca\/index.php\/wp-json\/wp\/v2\/product_brand?post=95126"},{"taxonomy":"product_cat","embeddable":true,"href":"https:\/\/soydeaqui.ddns.net\/pachuca\/index.php\/wp-json\/wp\/v2\/product_cat?post=95126"},{"taxonomy":"product_tag","embeddable":true,"href":"https:\/\/soydeaqui.ddns.net\/pachuca\/index.php\/wp-json\/wp\/v2\/product_tag?post=95126"}],"curies":[{"name":"wp","href":"https:\/\/api.w.org\/{rel}","templated":true}]}}