{"id":95115,"date":"2026-03-20T07:15:30","date_gmt":"2026-03-20T07:15:30","guid":{"rendered":"https:\/\/soydeaqui.ddns.net\/pachuca\/index.php\/producto\/mini-punta-de-poste-ip-dual-termica-25-mm-384-x-288-optico-32x-4-megapixel-800-mts-ir-ip66-deteccion-de-temperatura-microsd\/"},"modified":"2026-03-20T07:15:31","modified_gmt":"2026-03-20T07:15:31","slug":"mini-punta-de-poste-ip-dual-termica-25-mm-384-x-288-optico-32x-4-megapixel-800-mts-ir-ip66-deteccion-de-temperatura-microsd","status":"publish","type":"product","link":"https:\/\/soydeaqui.ddns.net\/pachuca\/index.php\/producto\/mini-punta-de-poste-ip-dual-termica-25-mm-384-x-288-optico-32x-4-megapixel-800-mts-ir-ip66-deteccion-de-temperatura-microsd\/","title":{"rendered":"Mini Punta de Poste IP Dual \/ T\u00e9rmica 25 mm (384 X 288) + \u00d3ptico 32X (4 Megapixel) \/ 800 mts IR \/ IP66 \/ Detecci\u00f3n de Temperatura \/ microSD"},"content":{"rendered":"<div style='width: 100%; max-width: 1200px; margin: 0 auto; font-family: sans-serif; line-height: 1.6; color: inherit; background-color: transparent;'> <!-- Logo --> <\/p>\n<p style='text-align: center; margin: 30px 0 15px;'> <img style='width: 45%; height: auto; border: 1px solid rgba(150&comma;150&comma;150&comma;0.3); border-radius: 8px;' src='https:\/\/ftp3.syscom.mx\/usuarios\/jsosa\/HIKVISION\/imagenes\/logo\/hikvision%20see%20far.png' alt='Logo Hikvision'> <\/p>\n<p> <!-- Videos --> <\/p>\n<div style='display: flex; flex-wrap: wrap; gap: 30px; justify-content: center; margin: 30px 0;'>\n<div style='flex: 1 1 300px; min-width: 280px; position: relative; padding-bottom: 56.25%; height: 0; overflow: hidden;'>   <\/div>\n<div style='flex: 1 1 300px; min-width: 280px; position: relative; padding-bottom: 56.25%; height: 0; overflow: hidden;'>   <\/div>\n<\/p><\/div>\n<p> <!-- Secci\u00f3n de contenido --> <\/p>\n<div style='display: flex; flex-wrap: wrap; gap: 30px; margin-bottom: 30px;'> <!-- Columna 1 --> <\/p>\n<div style='flex: 1 1 300px; min-width: 280px;'>\n<div style='border-left: 5px solid #ff0000; border-radius: 8px; padding: 15px; box-shadow: 0 2px 8px rgba(200&comma;200&comma;200&comma;0.2);'>\n<h3 style='font-size: 18px; margin-top: 0; margin-bottom: 15px; color: inherit; font-family: sans-serif;'><strong>Caracter\u00edsticas del lente t\u00e9rmico:<\/strong><\/h3>\n<ul style='padding-left: 20px; font-size: 14px; color: inherit; list-style-type: disc;'>\n<li style='margin-bottom: 8px;'><span style='font-family: sans-serif;'>Lente fijo: 25 mm.<\/span><\/li>\n<li style='margin-bottom: 8px;'><span style='font-family: sans-serif;'>Resoluci\u00f3n: 384 x 288.<\/span><\/li>\n<li style='margin-bottom: 8px;'><span style='font-family: sans-serif;'>Sensor de imagen: oxido de vanadio&comma; detector de plano focal no refrigerado.<\/span><\/li>\n<li style='margin-bottom: 8px;'><span style='font-family: sans-serif;'>Identificaci\u00f3n de personas: 92 mts aproximado.<\/span><\/li>\n<li style='margin-bottom: 8px;'><span style='font-family: sans-serif;'>Identificaci\u00f3n de veh\u00edculos: 282 mts aproximado.<\/span><\/li>\n<\/ul>\n<h3 style='font-size: 18px; margin-top: 25px; margin-bottom: 15px; color: inherit; font-family: sans-serif;'><strong>Caracter\u00edsticas del lente \u00f3ptico:<\/strong><\/h3>\n<ul style='padding-left: 20px; font-size: 14px; color: inherit; list-style-type: disc;'>\n<li style='margin-bottom: 8px;'><span style='font-family: sans-serif;'>Distancia focal: 4.8 a 153 mm \/ 32X optico \/ 16X digital.<\/span><\/li>\n<li style='margin-bottom: 8px;'><span style='font-family: sans-serif;'>Resoluci\u00f3n: 4 Megapixel (2688 \u00d7 1520).<\/span><\/li>\n<li style='margin-bottom: 8px;'><span style='font-family: sans-serif;'>Sensor de imagen: 1\/1.8 CMOS Scan Progresivo.<\/span><\/li>\n<li style='margin-bottom: 8px;'><span style='font-family: sans-serif;'>Iluminaci\u00f3n m\u00ednima: Color: 0.005 Lux @ (F1.5&comma; AGC ON)&comma; B\/N: 0.0001 Lux @ (F1.5&comma; AGC ON).<\/span><\/li>\n<li style='margin-bottom: 8px;'><span style='font-family: sans-serif;'>WDR real 120 dB \/ 3D-DNR.<\/span><\/li>\n<li style='margin-bottom: 8px;'><span style='font-family: sans-serif;'>800 mts IR (visi\u00f3n nocturna).<\/span><\/li>\n<\/ul><\/div>\n<\/p><\/div>\n<p> <!-- Columna 2 --> <\/p>\n<div style='flex: 1 1 300px; min-width: 280px;'>\n<div style='border-left: 5px solid #ff0000; border-radius: 8px; padding: 15px; box-shadow: 0 2px 8px rgba(200&comma;200&comma;200&comma;0.2);'>\n<h3 style='font-size: 18px; margin-top: 0; margin-bottom: 15px; color: inherit; font-family: sans-serif;'><strong>Caracter\u00edsticas F\u00edsicas y El\u00e9ctricas:<\/strong><\/h3>\n<ul style='padding-left: 20px; font-size: 14px; color: inherit; list-style-type: disc;'>\n<li style='margin-bottom: 8px;'><span style='font-family: sans-serif;'>Alimentaci\u00f3n: 24 VDC \/ 20 watts.<\/span><\/li>\n<li style='margin-bottom: 8px;'><span style='font-family: sans-serif;'>Temperatura de operaci\u00f3n: -40\u00baC a 60\u00baC.<\/span><\/li>\n<li style='margin-bottom: 8px;'><span style='font-family: sans-serif;'>Protecci\u00f3n: IP66<\/span><\/li>\n<li style='margin-bottom: 8px;'><span style='font-family: sans-serif;'>Dimensiones: 321 X 194 X 153 mm<\/span><\/li>\n<li style='margin-bottom: 8px;'><span style='font-family: sans-serif;'>Peso: 4.5 Kg.<\/span><\/li>\n<li style='margin-bottom: 8px;'><span style='font-family: sans-serif;'>Garant\u00eda: 5 a\u00f1os.<\/span><\/li>\n<\/ul>\n<h3 style='font-size: 18px; margin-top: 25px; margin-bottom: 15px; color: inherit; font-family: sans-serif;'><strong>Funciones avanzadas:<\/strong><\/h3>\n<ul style='padding-left: 20px; font-size: 14px; color: inherit; list-style-type: disc;'>\n<li style='margin-bottom: 8px;'><span style='font-family: sans-serif;'>4 Videoanaliticos integrados (Cruce de linea&comma; Intrusi\u00f3n de \u00e1rea&comma; Regi\u00f3n de entrada \/ Regi\u00f3n de salida).<\/span><\/li>\n<li style='margin-bottom: 8px;'><span style='font-family: sans-serif;'>Rango de temperatura: -20\u00baC a 150\u00baC (-4\u00baF a 302\u00baF).<\/span><\/li>\n<li style='margin-bottom: 8px;'><span style='font-family: sans-serif;'>Eficiencia de rango: 8\u00baC.<\/span><\/li>\n<li style='margin-bottom: 8px;'><span style='font-family: sans-serif;'>Detecci\u00f3n de fuego: Detecci\u00f3n din\u00e1mico de incendio&comma; hasta 10 puntos de incendio detectables.<\/span><\/li>\n<li style='margin-bottom: 8px;'><span style='font-family: sans-serif;'>Muestra la temperatura del escenario a visualizar.<\/span><\/li>\n<\/ul><\/div>\n<\/p><\/div>\n<p> <!-- Columna 3 --> <\/p>\n<div style='flex: 1 1 300px; min-width: 280px;'>\n<div style='border-left: 5px solid #ff0000; border-radius: 8px; padding: 15px; box-shadow: 0 2px 8px rgba(200&comma;200&comma;200&comma;0.2);'>\n<h3 style='font-size: 18px; margin-top: 0; margin-bottom: 15px; color: inherit; font-family: sans-serif;'><strong>Imagen y compresi\u00f3n:<\/strong><\/h3>\n<ul style='padding-left: 20px; font-size: 14px; color: inherit; list-style-type: disc;'>\n<li style='margin-bottom: 8px;'><span style='font-family: sans-serif;'>Lente \u00f3ptico: 60Hz: 30 fps (2688 \u00d7 1520) \/ 30 fps (1920 x 1080) \/ 30fps (1280 x 960) \/ 30fps (1280 \u00d7 720).<\/span><\/li>\n<li style='margin-bottom: 8px;'><span style='font-family: sans-serif;'>Lente t\u00e9rmico: 50fps (384 X 288).<\/span><\/li>\n<li style='margin-bottom: 8px;'><span style='font-family: sans-serif;'>Compresi\u00f3n: H.265+\/ H.264+ \/ H.265 \/ H.264 \/ MJPEG.<\/span><\/li>\n<li style='margin-bottom: 8px;'><span style='font-family: sans-serif;'>Soporta hasta 20 usuarios simult\u00e1neos.<\/span><\/li>\n<\/ul>\n<h3 style='font-size: 18px; margin-top: 25px; margin-bottom: 15px; color: inherit; font-family: sans-serif;'><strong>Integraci\u00f3n:<\/strong><\/h3>\n<ul style='padding-left: 20px; font-size: 14px; color: inherit; list-style-type: disc;'>\n<li style='margin-bottom: 8px;'><span style='font-family: sans-serif;'>7 entradas de alarma (0 &#8211; 5 Vcc).<\/span><\/li>\n<li style='margin-bottom: 8px;'><span style='font-family: sans-serif;'>2 salidas de alarma.<\/span><\/li>\n<li style='margin-bottom: 8px;'><span style='font-family: sans-serif;'>1 entrada de audio.<\/span><\/li>\n<li style='margin-bottom: 8px;'><span style='font-family: sans-serif;'>1 salidas de audio.<\/span><\/li>\n<li style='margin-bottom: 8px;'><span style='font-family: sans-serif;'>1 puerto de red (10 \/ 100 Mbps).<\/span><\/li>\n<li style='margin-bottom: 8px;'><span style='font-family: sans-serif;'>Soporta memoria micro SD de hasta 64 Gb).<\/span><\/li>\n<li style='margin-bottom: 8px;'><span style='font-family: sans-serif;'>Soporta salida de video anal\u00f3gica \/ 75 \u03a9.<\/span><\/li>\n<li style='margin-bottom: 8px;'><span style='font-family: sans-serif;'>Cuenta con limpiaparabrisas<\/span><\/li>\n<\/ul><\/div>\n<\/p><\/div>\n<\/p><\/div>\n<p> <!-- Banner final --> <\/p>\n<hr style='border: 0; border-top: 1px solid rgba(150&comma; 150&comma; 150&comma; 0.3); margin: 30px 0;'>\n<p style='margin: 30px 0 15px; text-align: center;'> <img style='width: 100%; height: auto; border: 1px solid rgba(150&comma;150&comma;150&comma;0.3); border-radius: 8px;' src='https:\/\/ftp3.syscom.mx\/usuarios\/jsosa\/banners\/solucion-termica.jpg' alt='Soluci\u00f3n t\u00e9rmica'> <\/p>\n<\/p><\/div>\n","protected":false},"excerpt":{"rendered":"<p>Mini Punta de Poste IP Dual \/ T\u00e9rmica 25 mm (384 X 288) + \u00d3ptico 32X (4 Megapixel) \/ 800 mts IR \/ IP66 \/ Detecci\u00f3n de Temperatura \/ microSD<\/p>\n","protected":false},"featured_media":95114,"comment_status":"open","ping_status":"closed","template":"","meta":[],"product_brand":[],"product_cat":[1049],"product_tag":[122,158,1050],"class_list":{"0":"post-95115","1":"product","2":"type-product","3":"status-publish","4":"has-post-thumbnail","6":"product_cat-termicas","7":"product_tag-camaras-ip-y-nvrs","8":"product_tag-hikmicro","9":"product_tag-termicas","11":"first","12":"outofstock","13":"sale","14":"shipping-taxable","15":"purchasable","16":"product-type-simple"},"_links":{"self":[{"href":"https:\/\/soydeaqui.ddns.net\/pachuca\/index.php\/wp-json\/wp\/v2\/product\/95115","targetHints":{"allow":["GET"]}}],"collection":[{"href":"https:\/\/soydeaqui.ddns.net\/pachuca\/index.php\/wp-json\/wp\/v2\/product"}],"about":[{"href":"https:\/\/soydeaqui.ddns.net\/pachuca\/index.php\/wp-json\/wp\/v2\/types\/product"}],"replies":[{"embeddable":true,"href":"https:\/\/soydeaqui.ddns.net\/pachuca\/index.php\/wp-json\/wp\/v2\/comments?post=95115"}],"wp:featuredmedia":[{"embeddable":true,"href":"https:\/\/soydeaqui.ddns.net\/pachuca\/index.php\/wp-json\/wp\/v2\/media\/95114"}],"wp:attachment":[{"href":"https:\/\/soydeaqui.ddns.net\/pachuca\/index.php\/wp-json\/wp\/v2\/media?parent=95115"}],"wp:term":[{"taxonomy":"product_brand","embeddable":true,"href":"https:\/\/soydeaqui.ddns.net\/pachuca\/index.php\/wp-json\/wp\/v2\/product_brand?post=95115"},{"taxonomy":"product_cat","embeddable":true,"href":"https:\/\/soydeaqui.ddns.net\/pachuca\/index.php\/wp-json\/wp\/v2\/product_cat?post=95115"},{"taxonomy":"product_tag","embeddable":true,"href":"https:\/\/soydeaqui.ddns.net\/pachuca\/index.php\/wp-json\/wp\/v2\/product_tag?post=95115"}],"curies":[{"name":"wp","href":"https:\/\/api.w.org\/{rel}","templated":true}]}}