{"id":95040,"date":"2026-03-20T07:12:12","date_gmt":"2026-03-20T07:12:12","guid":{"rendered":"https:\/\/soydeaqui.ddns.net\/pachuca\/index.php\/producto\/cable-usb-a-a-lightning-1-metro-certificado-mfi-carga-rapida-5v-2-4-a-480-mbps-pd-conector-c89-adecuado-para-iphone-ipad-y-ipod-proteccion-integrada-caja-de-abs-cubierta-de-tpe-c\/"},"modified":"2026-03-20T07:12:19","modified_gmt":"2026-03-20T07:12:19","slug":"cable-usb-a-a-lightning-1-metro-certificado-mfi-carga-rapida-5v-2-4-a-480-mbps-pd-conector-c89-adecuado-para-iphone-ipad-y-ipod-proteccion-integrada-caja-de-abs-cubierta-de-tpe-c","status":"publish","type":"product","link":"https:\/\/soydeaqui.ddns.net\/pachuca\/index.php\/producto\/cable-usb-a-a-lightning-1-metro-certificado-mfi-carga-rapida-5v-2-4-a-480-mbps-pd-conector-c89-adecuado-para-iphone-ipad-y-ipod-proteccion-integrada-caja-de-abs-cubierta-de-tpe-c\/","title":{"rendered":"Cable USB-A a Lightning | 1 Metro | Certificado MFi | Carga R\u00e1pida 5V\/2.4 A| 480 Mbps | PD | Conector C89 | Adecuado para iPhone, iPad y iPod | Protecci\u00f3n Integrada | Caja de ABS | Cubierta de TPE | Color Blanco."},"content":{"rendered":"<div style='width: 100%; max-width: 1200px; margin: 0 auto; font-family: sans-serif; line-height: 1.6; color: inherit; background-color: transparent;'> <!-- Im\u00e1genes --> <\/p>\n<div style='display: flex; flex-wrap: wrap; gap: 15px; margin-bottom: 30px;'>\n<div style='flex: 1 1 300px; min-width: 280px;'> <img style='width: 100%; height: auto; border: 1px solid rgba(150&comma;150&comma;150&comma;0.3); border-radius: 8px;' src='http:\/\/ftp3.syscom.mx\/usuarios\/hallende\/UGREEN2\/Cables%20Celular\/20728\/20728-10.jpg' alt=''> <\/div>\n<div style='flex: 1 1 300px; min-width: 280px;'> <img style='width: 100%; height: auto; border: 1px solid rgba(150&comma;150&comma;150&comma;0.3); border-radius: 8px;' src='http:\/\/ftp3.syscom.mx\/usuarios\/hallende\/UGREEN2\/Cables%20Celular\/20728\/20728-11.jpeg' alt=''> <\/div>\n<div style='flex: 1 1 300px; min-width: 280px;'> <img style='width: 100%; height: auto; border: 1px solid rgba(150&comma;150&comma;150&comma;0.3); border-radius: 8px;' src='http:\/\/ftp3.syscom.mx\/usuarios\/hallende\/UGREEN2\/Cables%20Celular\/20728\/20728-12.jpeg' alt=''> <\/div>\n<div style='flex: 1 1 300px; min-width: 280px;'> <img style='width: 100%; height: auto; border: 1px solid rgba(150&comma;150&comma;150&comma;0.3); border-radius: 8px;' src='http:\/\/ftp3.syscom.mx\/usuarios\/hallende\/UGREEN2\/Cables%20Celular\/20728\/20728-13.jpeg' alt=''> <\/div>\n<\/p><\/div>\n<p> <!-- Secci\u00f3n de especificaciones --> <\/p>\n<div style='display: flex; flex-wrap: wrap; gap: 30px; margin-bottom: 30px;'>\n<div style='flex: 1 1 300px; min-width: 280px;'>\n<h3 style='font-size: 22px; border-bottom: 2px solid currentColor; padding-bottom: 5px; margin-top: 0; color: inherit; opacity: 0.8;'>Especificaciones<\/h3>\n<ul style='padding-left: 20px; font-size: 15px; color: inherit;'>\n<li style='margin-bottom: 5px;'>Certificado MFi<\/li>\n<li style='margin-bottom: 5px;'>Adecuado para iPhone&comma; iPad y iPod<\/li>\n<li style='margin-bottom: 5px;'>Funci\u00f3n: carga y sincronizaci\u00f3n de datos<\/li>\n<li style='margin-bottom: 5px;'>5V\/2.4A<\/li>\n<li style='margin-bottom: 5px;'>Velocidad de hasta 480 Mbps<\/li>\n<li style='margin-bottom: 5px;'>N\u00facleo del cable: cobre libre de ox\u00edgeno esta\u00f1ado<\/li>\n<li style='margin-bottom: 5px;'>M\u00faltiples blindajes internos<\/li>\n<li style='margin-bottom: 5px;'>Caja ABS+TPE<\/li>\n<li style='margin-bottom: 5px;'>1 A\u00f1o de Garant\u00eda por defectos de fabricaci\u00f3n<\/li>\n<\/ul><\/div>\n<\/p><\/div>\n<p> <!-- Separador --> <\/p>\n<hr style='border: 0; border-top: 1px solid rgba(150&comma; 150&comma; 150&comma; 0.3); margin: 30px 0;'> <\/div>\n","protected":false},"excerpt":{"rendered":"<p>Cable USB-A a Lightning | 1 Metro | Certificado MFi | Carga R\u00e1pida 5V\/2.4 A| 480 Mbps | PD | Conector C89 | Adecuado para iPhone, iPad y iPod | Protecci\u00f3n Integrada | Caja de ABS | Cubierta de TPE | Color Blanco.<\/p>\n","protected":false},"featured_media":95039,"comment_status":"open","ping_status":"closed","template":"","meta":[],"product_brand":[],"product_cat":[2171],"product_tag":[2173,2172,650],"class_list":{"0":"post-95040","1":"product","2":"type-product","3":"status-publish","4":"has-post-thumbnail","6":"product_cat-cables-usb-y-cargadores","7":"product_tag-cables-usb-y-cargadores","8":"product_tag-conectividad-y-cables","9":"product_tag-ugreen","11":"first","12":"outofstock","13":"sale","14":"shipping-taxable","15":"purchasable","16":"product-type-simple"},"_links":{"self":[{"href":"https:\/\/soydeaqui.ddns.net\/pachuca\/index.php\/wp-json\/wp\/v2\/product\/95040","targetHints":{"allow":["GET"]}}],"collection":[{"href":"https:\/\/soydeaqui.ddns.net\/pachuca\/index.php\/wp-json\/wp\/v2\/product"}],"about":[{"href":"https:\/\/soydeaqui.ddns.net\/pachuca\/index.php\/wp-json\/wp\/v2\/types\/product"}],"replies":[{"embeddable":true,"href":"https:\/\/soydeaqui.ddns.net\/pachuca\/index.php\/wp-json\/wp\/v2\/comments?post=95040"}],"wp:featuredmedia":[{"embeddable":true,"href":"https:\/\/soydeaqui.ddns.net\/pachuca\/index.php\/wp-json\/wp\/v2\/media\/95039"}],"wp:attachment":[{"href":"https:\/\/soydeaqui.ddns.net\/pachuca\/index.php\/wp-json\/wp\/v2\/media?parent=95040"}],"wp:term":[{"taxonomy":"product_brand","embeddable":true,"href":"https:\/\/soydeaqui.ddns.net\/pachuca\/index.php\/wp-json\/wp\/v2\/product_brand?post=95040"},{"taxonomy":"product_cat","embeddable":true,"href":"https:\/\/soydeaqui.ddns.net\/pachuca\/index.php\/wp-json\/wp\/v2\/product_cat?post=95040"},{"taxonomy":"product_tag","embeddable":true,"href":"https:\/\/soydeaqui.ddns.net\/pachuca\/index.php\/wp-json\/wp\/v2\/product_tag?post=95040"}],"curies":[{"name":"wp","href":"https:\/\/api.w.org\/{rel}","templated":true}]}}