{"id":95002,"date":"2026-03-20T07:10:31","date_gmt":"2026-03-20T07:10:31","guid":{"rendered":"https:\/\/soydeaqui.ddns.net\/pachuca\/index.php\/producto\/speak-2-40-ms-altavoz-portatil-con-microfono-integrado-sonido-increible-para-conferencias-y-musica-version-ms-cancelacion-de-eco-acustico-aec-2740-109\/"},"modified":"2026-03-20T07:10:49","modified_gmt":"2026-03-20T07:10:49","slug":"speak-2-40-ms-altavoz-portatil-con-microfono-integrado-sonido-increible-para-conferencias-y-musica-version-ms-cancelacion-de-eco-acustico-aec-2740-109","status":"publish","type":"product","link":"https:\/\/soydeaqui.ddns.net\/pachuca\/index.php\/producto\/speak-2-40-ms-altavoz-portatil-con-microfono-integrado-sonido-increible-para-conferencias-y-musica-version-ms-cancelacion-de-eco-acustico-aec-2740-109\/","title":{"rendered":"Speak 2 40 MS, Altavoz port\u00e1til con micr\u00f3fono integrado, sonido incre\u00edble para conferencias y m\u00fasica, versi\u00f3n MS, Cancelaci\u00f3n de eco ac\u00fastico (AEC) (2740-109)"},"content":{"rendered":"<div style='width: 100%; max-width: 1200px; margin: 0 auto; font-family: sans-serif; line-height: 1.6; color: inherit; background-color: transparent;'>\n<div style='display: flex; flex-wrap: wrap; gap: 30px; margin-bottom: 30px;'>\n<div style='flex: 1 1 300px; min-width: 280px;'>\n<h3 style='font-size: 22px; border-bottom: 2px solid currentColor; padding-bottom: 5px; margin-top: 0; color: inherit; opacity: 0.8;'>Tecnolog\u00eda de micr\u00f3fonos<\/h3>\n<p style='font-size: 15px; color: inherit;'>Desde los contempladores silenciosos hasta los pensadores en voz alta&comma; todos los miembros de su equipo merecen ser escuchados. Por eso nos hemos asegurado de que as\u00ed sea&comma; gracias a nuestra nueva y revolucionaria regularizaci\u00f3n del nivel de voz. Esta tecnolog\u00eda avanzada de voz ecualiza todas las voces en el mismo nivel de volumen&comma; lo que permite que todo el mundo pueda expresarse de la forma que le resulte m\u00e1s natural&comma; sin necesidad de seguir manipulando el volumen.<\/p>\n<\/p><\/div>\n<\/p><\/div>\n<div style='position: relative; padding-bottom: 56.25%; height: 0; overflow: hidden; margin-bottom: 30px;'>   <\/div>\n<hr style='border: 0; border-top: 1px solid rgba(150&comma; 150&comma; 150&comma; 0.3); margin: 30px 0;'>\n<div style='display: flex; flex-wrap: wrap; gap: 20px; margin-bottom: 30px;'>\n<div style='flex: 1 1 250px; border: 1px solid rgba(150&comma; 150&comma; 150&comma; 0.4); border-radius: 8px; overflow: hidden; display: flex; flex-direction: column;'>\n<div style='padding: 15px; border-bottom: 1px solid rgba(150&comma; 150&comma; 150&comma; 0.2); font-weight: bold; font-size: 18px; color: inherit;'>Audio<\/div>\n<div style='padding: 15px; color: inherit;'>\n<ul style='padding-left: 20px; margin: 0; font-size: 14px; list-style-type: disc;'>\n<li style='margin-bottom: 5px;'><strong>Ideal para tama\u00f1os de salas:<\/strong> Hasta 4.5m x 4.5m | 14.76ft x 14.76ft<\/li>\n<li style='margin-bottom: 5px;'><strong>N\u00famero de micr\u00f3fonos:<\/strong> 4<\/li>\n<li style='margin-bottom: 5px;'><strong>Tipo de micr\u00f3fono:<\/strong> MEMS digitales<\/li>\n<li style='margin-bottom: 5px;'><strong>Gama de frecuencia del micr\u00f3fono:<\/strong> 150Hz &#8211; 7000Hz<\/li>\n<li style='margin-bottom: 5px;'><strong>Alcance del micr\u00f3fono:<\/strong> Hasta 2.3m | 7.5ft<\/li>\n<li style='margin-bottom: 5px;'><strong>D\u00faplex:<\/strong> S\u00ed<\/li>\n<li style='margin-bottom: 5px;'><strong>Tama\u00f1o del altavoz:<\/strong> 50mm | 1.97in<\/li>\n<li style='margin-bottom: 5px;'><strong>Salida de audio pico:<\/strong> 83 dBspl @ 0.5m<\/li>\n<li style='margin-bottom: 5px;'><strong>Ancho de banda de altavoz (modo de m\u00fasica):<\/strong> 100Hz &#8211; 20000Hz<\/li>\n<li style='margin-bottom: 5px;'><strong>Ancho de banda del altavoz (modo conversaci\u00f3n):<\/strong> 150Hz &#8211; 7000Hz<\/li>\n<li style='margin-bottom: 5px;'><strong>Acoustic echo cancellation (AEC):<\/strong> S\u00ed<\/li>\n<li style='margin-bottom: 5px;'><strong>Regularizaci\u00f3n del nivel de voz (Control autom\u00e1tico de ganancia&comma; AGC):<\/strong> S\u00ed (for outgoing audio)<\/li>\n<li style='margin-bottom: 5px;'><strong>Wideband:<\/strong> Hasta 8000 Hz<\/li>\n<li style='margin-bottom: 5px;'><strong>Reducci\u00f3n del ruido durante las llamadas:<\/strong> S\u00ed<\/li>\n<\/ul><\/div>\n<\/p><\/div>\n<div style='flex: 1 1 250px; border: 1px solid rgba(150&comma; 150&comma; 150&comma; 0.4); border-radius: 8px; overflow: hidden; display: flex; flex-direction: column;'>\n<div style='padding: 15px; border-bottom: 1px solid rgba(150&comma; 150&comma; 150&comma; 0.2); font-weight: bold; font-size: 18px; color: inherit;'>Conectividad<\/div>\n<div style='padding: 15px; color: inherit;'>\n<ul style='padding-left: 20px; margin: 0; font-size: 14px; list-style-type: disc;'>\n<li style='margin-bottom: 5px;'><strong>Conectividad:<\/strong> USB-C o USB-A<\/li>\n<li style='margin-bottom: 5px;'><strong>Longitud del cable USB integrado:<\/strong> ca. 80cm | 31.5in<\/li>\n<\/ul><\/div>\n<\/p><\/div>\n<div style='flex: 1 1 250px; border: 1px solid rgba(150&comma; 150&comma; 150&comma; 0.4); border-radius: 8px; overflow: hidden; display: flex; flex-direction: column;'>\n<div style='padding: 15px; border-bottom: 1px solid rgba(150&comma; 150&comma; 150&comma; 0.2); font-weight: bold; font-size: 18px; color: inherit;'>General<\/div>\n<div style='padding: 15px; color: inherit;'>\n<ul style='padding-left: 20px; margin: 0; font-size: 14px; list-style-type: disc;'>\n<li style='margin-bottom: 5px;'><strong>Qu\u00e9 hay en la caja:<\/strong> Altavoz con micr\u00f3fono&comma; bolsa de transporte&comma; informaci\u00f3n de seguridad y garant\u00eda<\/li>\n<li style='margin-bottom: 5px;'><strong>Dimensiones del embalaje (an. x pr. x al.):<\/strong> 142mm x 46.5mm x 139mm | 5.6in x 1.8in x 5.5in<\/li>\n<li style='margin-bottom: 5px;'><strong>Dimensiones de la unidad principal (an. x pr. x al.):<\/strong> 120mm x 33mm | 4.72in x 1.3in<\/li>\n<li style='margin-bottom: 5px;'><strong>Peso:<\/strong> 245g | 8.64oz<\/li>\n<li style='margin-bottom: 5px;'><strong>Clasificaci\u00f3n IP:<\/strong> IP64-rated protection from dust and water<\/li>\n<li style='margin-bottom: 5px;'><strong>Certificaciones y cumplimiento:<\/strong> Zoom&comma; Google Meet&comma; Amazon Chime&comma; Microsoft Teams (seg\u00fan la variante)<\/li>\n<\/ul><\/div>\n<\/p><\/div>\n<\/p><\/div>\n<div style='display: flex; flex-wrap: wrap; gap: 30px; margin-bottom: 30px;'>\n<div style='flex: 1 1 300px; min-width: 280px;'>\n<h3 style='font-size: 22px; border-bottom: 2px solid currentColor; padding-bottom: 5px; margin-top: 0; color: inherit; opacity: 0.8;'>Todas las voces son iguales<\/h3>\n<\/p><\/div>\n<\/p><\/div>\n<div style='display: flex; flex-wrap: wrap; gap: 30px; margin-bottom: 30px;'>\n<div style='flex: 1 1 300px; min-width: 280px;'> <img style='width: 100%; height: auto; border: 1px solid rgba(150&comma;150&comma;150&comma;0.3); border-radius: 8px;' src='https:\/\/ftp3.syscom.mx\/usuarios\/fotos\/SPEAK240UC\/217286-captura_de_pantalla_2023-04-01_a_la(s)_11.38.17.png' alt=''> <\/div>\n<\/p><\/div>\n<\/p><\/div>\n","protected":false},"excerpt":{"rendered":"<p>Speak 2 40 MS, Altavoz port\u00e1til con micr\u00f3fono integrado, sonido incre\u00edble para conferencias y m\u00fasica, versi\u00f3n MS, Cancelaci\u00f3n de eco ac\u00fastico (AEC) (2740-109)<\/p>\n","protected":false},"featured_media":95001,"comment_status":"open","ping_status":"closed","template":"","meta":[],"product_brand":[],"product_cat":[2048],"product_tag":[2049,2052,2004],"class_list":{"0":"post-95002","1":"product","2":"type-product","3":"status-publish","4":"has-post-thumbnail","6":"product_cat-audio-video-conferencia","7":"product_tag-audio-video-conferencia","8":"product_tag-jabra","9":"product_tag-voip-telefonia-ip-videoconferencia","11":"first","12":"instock","13":"sale","14":"shipping-taxable","15":"purchasable","16":"product-type-simple"},"_links":{"self":[{"href":"https:\/\/soydeaqui.ddns.net\/pachuca\/index.php\/wp-json\/wp\/v2\/product\/95002","targetHints":{"allow":["GET"]}}],"collection":[{"href":"https:\/\/soydeaqui.ddns.net\/pachuca\/index.php\/wp-json\/wp\/v2\/product"}],"about":[{"href":"https:\/\/soydeaqui.ddns.net\/pachuca\/index.php\/wp-json\/wp\/v2\/types\/product"}],"replies":[{"embeddable":true,"href":"https:\/\/soydeaqui.ddns.net\/pachuca\/index.php\/wp-json\/wp\/v2\/comments?post=95002"}],"wp:featuredmedia":[{"embeddable":true,"href":"https:\/\/soydeaqui.ddns.net\/pachuca\/index.php\/wp-json\/wp\/v2\/media\/95001"}],"wp:attachment":[{"href":"https:\/\/soydeaqui.ddns.net\/pachuca\/index.php\/wp-json\/wp\/v2\/media?parent=95002"}],"wp:term":[{"taxonomy":"product_brand","embeddable":true,"href":"https:\/\/soydeaqui.ddns.net\/pachuca\/index.php\/wp-json\/wp\/v2\/product_brand?post=95002"},{"taxonomy":"product_cat","embeddable":true,"href":"https:\/\/soydeaqui.ddns.net\/pachuca\/index.php\/wp-json\/wp\/v2\/product_cat?post=95002"},{"taxonomy":"product_tag","embeddable":true,"href":"https:\/\/soydeaqui.ddns.net\/pachuca\/index.php\/wp-json\/wp\/v2\/product_tag?post=95002"}],"curies":[{"name":"wp","href":"https:\/\/api.w.org\/{rel}","templated":true}]}}