{"id":94996,"date":"2026-03-20T07:10:17","date_gmt":"2026-03-20T07:10:17","guid":{"rendered":"https:\/\/soydeaqui.ddns.net\/pachuca\/index.php\/producto\/dual-light-colorvu-turret-turbohd-3k-5-megapixel-lente-2-8-mm-30-mts-ir-20-mts-luz-blanca-gran-angular-104-9-exterior-ip67-microfono-integrado-dwdr-4-tecnologias-metal\/"},"modified":"2026-03-20T07:10:28","modified_gmt":"2026-03-20T07:10:28","slug":"dual-light-colorvu-turret-turbohd-3k-5-megapixel-lente-2-8-mm-30-mts-ir-20-mts-luz-blanca-gran-angular-104-9-exterior-ip67-microfono-integrado-dwdr-4-tecnologias-metal","status":"publish","type":"product","link":"https:\/\/soydeaqui.ddns.net\/pachuca\/index.php\/producto\/dual-light-colorvu-turret-turbohd-3k-5-megapixel-lente-2-8-mm-30-mts-ir-20-mts-luz-blanca-gran-angular-104-9-exterior-ip67-microfono-integrado-dwdr-4-tecnologias-metal\/","title":{"rendered":"[Dual Light + ColorVu] Turret TURBOHD 3K (5 Megapixel) \/ Lente 2.8 mm \/ 30 mts IR + 20 mts Luz Blanca \/ Gran Angular 104.9\u00b0 \/ Exterior IP67 \/ Micr\u00f3fono Integrado \/ dWDR \/ 4 Tecnolog\u00edas \/ Metal"},"content":{"rendered":"<div style='width: 100%; max-width: 1200px; margin: 0 auto; font-family: sans-serif; line-height: 1.6; color: inherit; background-color: transparent;'>\n<div style='text-align: center; padding: 20px;'> <img style='width: 100%; max-width: 500px; height: auto; border: 1px solid rgba(150&comma;150&comma;150&comma;0.3); border-radius: 8px; max-height: 6rem; margin-bottom: 16px;' src='https:\/\/ftp3.syscom.mx\/usuarios\/fotos\/logotipos\/hikvision.png' alt='Logo'> <\/p>\n<h2 style='font-size: 2rem; font-weight: bold; margin-bottom: 16px; color: inherit;'>Integre su c\u00e1mara con un grabador para controlar y monitorear sus dispositivos de seguridad<\/h2>\n<p style='font-size: 1.25rem; margin-bottom: 24px; color: inherit;'>Descarga la app oficial Hik-Connect y aprovecha al m\u00e1ximo tu producto inteligente<\/p>\n<div style='display: flex; justify-content: center; align-items: center; flex-wrap: wrap; gap: 16px;'> <img style='width: auto; height: 60px; border: 1px solid rgba(150&comma;150&comma;150&comma;0.3); border-radius: 8px;' src='https:\/\/ftp3.syscom.mx\/usuarios\/ftp\/single_page\/hikvision\/hikconnectlogo.png' alt='Logo 1'> <img style='width: auto; height: 60px; border: 1px solid rgba(150&comma;150&comma;150&comma;0.3); border-radius: 8px;' src='https:\/\/ftp3.syscom.mx\/usuarios\/ftp\/single_page\/hikvision\/appstoreygoogleplay.png' alt='Logo 2'> <\/div>\n<\/p><\/div>\n<p> <!-- Beneficios principales --> <\/p>\n<div style='width: 100%; margin: 30px 0; background-color: rgba(240&comma; 240&comma; 240&comma; 0.1); padding: 30px 0;'>\n<div style='width: 100%; max-width: 1200px; margin: 0 auto; padding: 0 20px;'>\n<h2 style='text-align: center; font-size: 24px; margin-bottom: 30px; color: inherit;'>Beneficios principales<\/h2>\n<div style='display: flex; flex-wrap: wrap; gap: 20px; justify-content: center;'>\n<div style='flex: 1 1 220px; min-width: 180px; text-align: center;'>\n<div style='width: 60px; height: 60px; margin: 0 auto 16px; background-color: #df001e; border-radius: 50%; display: flex; align-items: center; justify-content: center;'><\/div>\n<h5 style='font-size: 16px; margin-bottom: 8px; color: inherit;'>Control remoto<\/h5>\n<p style='color: inherit; opacity: 0.8; margin: 0;'>Controla tus dispositivos desde cualquier lugar<\/p>\n<\/p><\/div>\n<div style='flex: 1 1 220px; min-width: 180px; text-align: center;'>\n<div style='width: 60px; height: 60px; margin: 0 auto 16px; background-color: #dc4697; border-radius: 50%; display: flex; align-items: center; justify-content: center;'><\/div>\n<h5 style='font-size: 16px; margin-bottom: 8px; color: inherit;'>Monitoreo en tiempo real<\/h5>\n<p style='color: inherit; opacity: 0.8; margin: 0;'>Visualiza tus dispositivos al instante<\/p>\n<\/p><\/div>\n<div style='flex: 1 1 220px; min-width: 180px; text-align: center;'>\n<div style='width: 60px; height: 60px; margin: 0 auto 16px; background-color: #a153cd; border-radius: 50%; display: flex; align-items: center; justify-content: center;'><\/div>\n<h5 style='font-size: 16px; margin-bottom: 8px; color: inherit;'>Notificaciones<\/h5>\n<p style='color: inherit; opacity: 0.8; margin: 0;'>Recibe notificaciones y alertas de los eventos que registra tu dispositivo.<\/p>\n<\/p><\/div>\n<div style='flex: 1 1 220px; min-width: 180px; text-align: center;'>\n<div style='width: 60px; height: 60px; margin: 0 auto 16px; background-color: #6468f2; border-radius: 50%; display: flex; align-items: center; justify-content: center;'><\/div>\n<h5 style='font-size: 16px; margin-bottom: 8px; color: inherit;'>Interfaz de usuario sencilla<\/h5>\n<p style='color: inherit; opacity: 0.8; margin: 0;'>Amigable para usuarios finales<\/p>\n<\/p><\/div>\n<\/p><\/div>\n<\/p><\/div>\n<\/p><\/div>\n<p> <!-- Galer\u00eda de im\u00e1genes --> <\/p>\n<div style='width: 100%; margin: 30px 0;'>\n<div style='width: 100%; max-width: 1200px; margin: 0 auto; padding: 0 20px;'>\n<div style='display: flex; flex-wrap: wrap; gap: 20px; justify-content: center;'> <img style='width: 100%; max-width: 280px; height: auto; border: 1px solid rgba(150&comma;150&comma;150&comma;0.3); border-radius: 8px;' src='https:\/\/ftp3.syscom.mx\/usuarios\/ftp\/single_page\/hikvision\/interfazHC.jpg' alt='Imagen 1'> <img style='width: 100%; max-width: 280px; height: auto; border: 1px solid rgba(150&comma;150&comma;150&comma;0.3); border-radius: 8px;' src='https:\/\/ftp3.syscom.mx\/usuarios\/ftp\/single_page\/hikvision\/grabacionesHC.jpg' alt='Imagen 2'> <img style='width: 100%; max-width: 280px; height: auto; border: 1px solid rgba(150&comma;150&comma;150&comma;0.3); border-radius: 8px;' src='https:\/\/ftp3.syscom.mx\/usuarios\/ftp\/single_page\/hikvision\/directoHC.jpg' alt='Imagen 3'> <img style='width: 100%; max-width: 280px; height: auto; border: 1px solid rgba(150&comma;150&comma;150&comma;0.3); border-radius: 8px;' src='https:\/\/ftp3.syscom.mx\/usuarios\/ftp\/single_page\/hikvision\/notificaciones2HC.jpg' alt='Imagen 4'> <\/div>\n<\/p><\/div>\n<\/p><\/div>\n<p> <!-- Secci\u00f3n de cards con iconos --> <\/p>\n<div style='width: 100%; margin: 30px 0;'>\n<div style='width: 100%; max-width: 1200px; margin: 0 auto; padding: 0 20px;'>\n<div style='display: grid; grid-template-columns: repeat(auto-fill&comma; minmax(250px&comma; 1fr)); gap: 24px;'> <!-- Card --> <\/p>\n<div style='background: #ffffff; border: 1px solid rgba(150&comma;150&comma;150&comma;0.3); border-radius: 10px; padding: 24px 20px; text-align: center;'>\n<div style='width: 56px; height: 56px; margin: 0 auto 16px; background: #f2f6ff; border-radius: 50%; display: flex; align-items: center; justify-content: center;'> <img style='width: 60px; height: 60px; border: none;' src='https:\/\/cdn-icons-gif.flaticon.com\/19036\/19036565.gif' alt=''> <\/div>\n<div style='font-size: 16px; font-weight: 600; color: inherit; margin-bottom: 8px;'> Resoluci\u00f3n 3K <\/div>\n<div style='font-size: 14px; line-height: 1.6; color: inherit;'> Imagen ultra n\u00edtida con mayor nivel de detalle para una identificaci\u00f3n m\u00e1s precisa. <\/div>\n<\/p><\/div>\n<p> <!-- Card --> <\/p>\n<div style='background: #ffffff; border: 1px solid rgba(150&comma;150&comma;150&comma;0.3); border-radius: 10px; padding: 24px 20px; text-align: center;'>\n<div style='width: 56px; height: 56px; margin: 0 auto 16px; background: #f2f6ff; border-radius: 50%; display: flex; align-items: center; justify-content: center;'> <img style='width: 60px; height: 60px; border: none;' src='https:\/\/cdn-icons-gif.flaticon.com\/8121\/8121297.gif' alt=''> <\/div>\n<div style='font-size: 16px; font-weight: 600; color: inherit; margin-bottom: 8px;'> Grabaci\u00f3n Audio <\/div>\n<div style='font-size: 14px; line-height: 1.6; color: inherit;'> Las c\u00e1maras cuentan con microfono de alta fidelidad para grabar el audio en un area de 5 a 8m2. <\/div>\n<\/p><\/div>\n<p> <!-- Card --> <\/p>\n<div style='background: #ffffff; border: 1px solid rgba(150&comma;150&comma;150&comma;0.3); border-radius: 10px; padding: 24px 20px; text-align: center;'>\n<div style='width: 56px; height: 56px; margin: 0 auto 16px; background: #f2f6ff; border-radius: 50%; display: flex; align-items: center; justify-content: center;'> <img style='width: 60px; height: 60px; border: none;' src='https:\/\/cdn-icons-gif.flaticon.com\/19009\/19009707.gif' alt=''> <\/div>\n<div style='font-size: 16px; font-weight: 600; color: inherit; margin-bottom: 8px;'> Iluminaci\u00f3n Dual <\/div>\n<div style='font-size: 14px; line-height: 1.6; color: inherit;'> C\u00e1maras con luz blanca e IR para grabar a color al detectar movimiento durante la noche <\/div>\n<\/p><\/div>\n<p> <!-- Card --> <\/p>\n<div style='background: #ffffff; border: 1px solid rgba(150&comma;150&comma;150&comma;0.3); border-radius: 10px; padding: 24px 20px; text-align: center;'>\n<div style='width: 56px; height: 56px; margin: 0 auto 16px; background: #f2f6ff; border-radius: 50%; display: flex; align-items: center; justify-content: center;'> <img style='width: 60px; height: 60px; border: none;' src='https:\/\/cdn-icons-gif.flaticon.com\/19028\/19028330.gif' alt=''> <\/div>\n<div style='font-size: 16px; font-weight: 600; color: inherit; margin-bottom: 8px;'> Compatibilidad avanzada <\/div>\n<div style='font-size: 14px; line-height: 1.6; color: inherit;'> Permite el cambio de tecnolog\u00eda entre TVI \/ AHD \/ CVI \/ CVBS <\/div>\n<\/p><\/div>\n<p> <!-- Card --> <\/p>\n<div style='background: #ffffff; border: 1px solid rgba(150&comma;150&comma;150&comma;0.3); border-radius: 10px; padding: 24px 20px; text-align: center;'>\n<div style='width: 56px; height: 56px; margin: 0 auto 16px; background: #f2f6ff; border-radius: 50%; display: flex; align-items: center; justify-content: center;'> <img style='width: 60px; height: 60px; border: none;' src='https:\/\/cdn-icons-gif.flaticon.com\/15944\/15944846.gif' alt=''> <\/div>\n<div style='font-size: 16px; font-weight: 600; color: inherit; margin-bottom: 8px;'> Angulo de visi\u00f3n <\/div>\n<div style='font-size: 14px; line-height: 1.6; color: inherit;'> Cuenta con un lente fijo de 2.8mm dando 104.9\u00b0 de apertura <\/div>\n<\/p><\/div>\n<p> <!-- Card --> <\/p>\n<div style='background: #ffffff; border: 1px solid rgba(150&comma;150&comma;150&comma;0.3); border-radius: 10px; padding: 24px 20px; text-align: center;'>\n<div style='width: 56px; height: 56px; margin: 0 auto 16px; background: #f2f6ff; border-radius: 50%; display: flex; align-items: center; justify-content: center;'> <img style='width: 60px; height: 60px; border: none;' src='https:\/\/cdn-icons-gif.flaticon.com\/6455\/6455054.gif' alt=''> <\/div>\n<div style='font-size: 16px; font-weight: 600; color: inherit; margin-bottom: 8px;'> Protecci\u00f3n IP67 <\/div>\n<div style='font-size: 14px; line-height: 1.6; color: inherit;'> Protecci\u00f3n total contra polvo y chorros de agua&comma; ideal para uso en exteriores. <\/div>\n<\/p><\/div>\n<\/p><\/div>\n<\/p><\/div>\n<\/p><\/div>\n<p> <!-- Videos --> <\/p>\n<div style='width: 100%; margin: 30px 0;'>\n<div style='width: 100%; max-width: 1200px; margin: 0 auto; padding: 0 20px;'>\n<div style='display: flex; flex-wrap: wrap; justify-content: center; gap: 20px;'>\n<div style='flex: 1 1 250px; min-width: 250px;'>\n<div style='position: relative; padding-bottom: 56.25%; height: 0; overflow: hidden; margin-bottom: 30px; border-radius: 8px;'>   <\/div>\n<\/p><\/div>\n<div style='flex: 1 1 250px; min-width: 250px;'>\n<div style='position: relative; padding-bottom: 56.25%; height: 0; overflow: hidden; margin-bottom: 30px; border-radius: 8px;'>   <\/div>\n<\/p><\/div>\n<div style='flex: 1 1 250px; min-width: 250px;'>\n<div style='position: relative; padding-bottom: 56.25%; height: 0; overflow: hidden; margin-bottom: 30px; border-radius: 8px;'>   <\/div>\n<\/p><\/div>\n<div style='flex: 1 1 250px; min-width: 250px;'>\n<div style='position: relative; padding-bottom: 56.25%; height: 0; overflow: hidden; margin-bottom: 30px; border-radius: 8px;'>   <\/div>\n<\/p><\/div>\n<\/p><\/div>\n<\/p><\/div>\n<\/p><\/div>\n<p> <!-- Secci\u00f3n de especificaciones --> <\/p>\n<div style='width: 100%; margin: 30px 0;'>\n<div style='width: 100%; max-width: 1200px; margin: 0 auto; padding: 0 20px;'>\n<div style='display: flex; flex-wrap: wrap; gap: 30px;'>\n<div style='flex: 1 1 400px; min-width: 300px;'>\n<div style='border: 1px solid rgba(150&comma;150&comma;150&comma;0.4); border-radius: 8px; overflow: hidden; display: flex; flex-direction: column;'>\n<div style='padding: 15px; border-bottom: 1px solid rgba(150&comma;150&comma;150&comma;0.2); font-weight: bold; font-size: 18px; color: inherit; background-color: #df001e; color: #ffffff; border-bottom: 1px solid #a80000;'> Caracter\u00edsticas Principales: <\/div>\n<div style='padding: 15px; color: inherit;'>\n<ul style='padding-left: 20px; margin: 0; font-size: 14px; list-style-type: disc; color: inherit;'>\n<li style='margin-bottom: 8px;'><strong>Resoluci\u00f3n:<\/strong> 3K TurboHD (2960 x 1665)<\/li>\n<li style='margin-bottom: 8px;'><strong>Lente:<\/strong> Fijo 2.8mm<\/li>\n<li style='margin-bottom: 8px;'><strong>\u00c1ngulo de visi\u00f3n Horizontal:<\/strong> 104.9\u00b0<\/li>\n<li style='margin-bottom: 8px;'><strong>Iluminaci\u00f3n Dual:<\/strong> 30 metros smart IR + 20 metros luz blanca<\/li>\n<li style='margin-bottom: 8px;'><strong>Iluminaci\u00f3n m\u00ednima requerida a color:<\/strong> 0.01 lux<\/li>\n<li style='margin-bottom: 8px;'><strong>Protecci\u00f3n:<\/strong> Exterior IP67<\/li>\n<li style='margin-bottom: 8px;'><strong>Protocolo de comunicaci\u00f3n:<\/strong> Coaxitron Hikvision C<\/li>\n<li style='margin-bottom: 8px;'><strong>Audio:<\/strong> Cuenta con micr\u00f3fono integrado de alta ganancia para \u00e1reas de 5 a 8m2 (solo en TurboHD)<\/li>\n<li style='margin-bottom: 0;'><strong>Material de fabricaci\u00f3n:<\/strong> Metal (base)<\/li>\n<\/ul><\/div>\n<\/p><\/div>\n<\/p><\/div>\n<div style='flex: 1 1 400px; min-width: 300px;'>\n<div style='border: 1px solid rgba(150&comma;150&comma;150&comma;0.4); border-radius: 8px; overflow: hidden; display: flex; flex-direction: column;'>\n<div style='padding: 15px; border-bottom: 1px solid rgba(150&comma;150&comma;150&comma;0.2); font-weight: bold; font-size: 18px; color: inherit; background-color: #df001e; color: #ffffff; border-bottom: 1px solid #a80000;'> Resoluci\u00f3n: <\/div>\n<div style='padding: 15px; color: inherit; border-bottom: 1px solid rgba(150&comma;150&comma;150&comma;0.2);'>\n<ul style='padding-left: 20px; margin: 0; font-size: 14px; list-style-type: disc; color: inherit;'>\n<li style='margin-bottom: 8px;'><strong>TurboHD:<\/strong>\n<ul style='margin: 8px 0 8px 20px; padding: 0; list-style-type: disc; color: inherit;'>\n<li style='margin-bottom: 8px;'>TVI: 3K@20fps&comma; 4MP@25fps&comma; 2MP@30fps<\/li>\n<li style='margin-bottom: 8px;'>AHD: 5MP@20fps&comma; 4MP@30fps<\/li>\n<li style='margin-bottom: 8px;'>CVI: 4MP@30fps<\/li>\n<li style='margin-bottom: 0;'>CVBS: PAL\/NTSC<\/li>\n<\/ul>\n<\/li>\n<\/ul><\/div>\n<div style='padding: 15px; color: inherit; background-color: #df001e; color: #ffffff; border-bottom: 1px solid #a80000;'> Caracter\u00edsticas F\u00edsicas y El\u00e9ctricas: <\/div>\n<div style='padding: 15px; color: inherit;'>\n<ul style='padding-left: 20px; margin: 0; font-size: 14px; list-style-type: disc; color: inherit;'>\n<li style='margin-bottom: 8px;'><strong>Alimentaci\u00f3n:<\/strong> 12Vcc \/ 2.9 W<\/li>\n<li style='margin-bottom: 8px;'><strong>Temperatura de operaci\u00f3n:<\/strong> -40 \u00baC hasta 60 \u00baC<\/li>\n<li style='margin-bottom: 8px;'><strong>Dimensiones:<\/strong> 80 mm x 85.1mm<\/li>\n<li style='margin-bottom: 8px;'><strong>Peso:<\/strong> 300g<\/li>\n<li style='margin-bottom: 8px;'><strong>Protecci\u00f3n contra sobre tensi\u00f3nes y protecci\u00f3n contra voltajes transitorios<\/strong><\/li>\n<li style='margin-bottom: 0;'><strong>Accesorios:<\/strong>\n<ul style='margin: 8px 0 8px 20px; padding: 0; list-style-type: disc; color: inherit;'>\n<li style='margin-bottom: 8px;'>Caja de conexiones&comma; modelo: DS-1280ZJ-XS<\/li>\n<li style='margin-bottom: 0;'>Montaje de pared&comma; DS-1272ZJ-110-TRS<\/li>\n<\/ul>\n<\/li>\n<\/ul><\/div>\n<\/p><\/div>\n<\/p><\/div>\n<\/p><\/div>\n<\/p><\/div>\n<\/p><\/div>\n<p> <!-- Caracter\u00edsticas Destacadas --> <\/p>\n<div style='width: 100%; margin: 30px 0;'>\n<div style='width: 100%; max-width: 1200px; margin: 0 auto; padding: 0 20px;'>\n<div style='border: 1px solid rgba(150&comma;150&comma;150&comma;0.4); border-radius: 8px; overflow: hidden;'>\n<div style='padding: 15px; font-weight: bold; font-size: 18px; color: inherit; background-color: #df001e; color: #ffffff; border-bottom: 1px solid #a80000;'> Caracter\u00edsticas Destacadas: <\/div>\n<div style='padding: 15px; color: inherit;'>\n<ul style='padding-left: 20px; margin: 0; font-size: 14px; list-style-type: disc; color: inherit;'>\n<li style='margin-bottom: 16px;'> La c\u00e1mara cuenta con un micr\u00f3fono interconstruido&comma; el cual no requiere cables adicionales para poder transmitir el audio. <\/li>\n<li style='margin-bottom: 16px;'> La funci\u00f3n de Luz Dual (Dual Light) permite que la c\u00e1mara cuando este en modo noche (con IR encendido) pueda activar su luz blanca para grabar a color cuando ocurra un evento (detecci\u00f3n de movimiento&comma; cruce de l\u00ednea&comma; entrada de \u00e1rea). <\/li>\n<li style='margin-bottom: 0;'> La comunicaci\u00f3n de activar luz blanca unicamente funciona en modo TVI (TURBOHD) y con grabadores con versiones de firmware 4.26 o superior. <\/li>\n<\/ul><\/div>\n<\/p><\/div>\n<\/p><\/div>\n<\/p><\/div>\n<p> <!-- Imagen final --> <\/p>\n<div style='width: 100%; margin: 30px 0;'>\n<div style='width: 100%; max-width: 1200px; margin: 0 auto; padding: 0 20px;'> <img style='width: 100%; height: auto; border: 1px solid rgba(150&comma;150&comma;150&comma;0.3); border-radius: 8px;' src='https:\/\/ftp3.syscom.mx\/cdn-cgi\/image\/format=avif&comma;width=800&comma;quality=80\/usuarios\/jsosa\/HIKVISION\/imagenes\/banners\/solution%20complete.png' alt=''> <\/div>\n<\/p><\/div>\n<\/p><\/div>\n","protected":false},"excerpt":{"rendered":"<p>[Dual Light + ColorVu] Turret TURBOHD 3K (5 Megapixel) \/ Lente 2.8 mm \/ 30 mts IR + 20 mts Luz Blanca \/ Gran Angular 104.9\u00b0 \/ Exterior IP67 \/ Micr\u00f3fono Integrado \/ dWDR \/ 4 Tecnolog\u00edas \/ Metal<\/p>\n","protected":false},"featured_media":94995,"comment_status":"open","ping_status":"closed","template":"","meta":[],"product_brand":[],"product_cat":[2269],"product_tag":[2255,2057,54],"class_list":{"0":"post-94996","1":"product","2":"type-product","3":"status-publish","4":"has-post-thumbnail","6":"product_cat-domo-eyeball-turret-camaras-y-dvrs-hd-turbohd-ahd-hd-tvi","7":"product_tag-camaras-y-dvrs-hd-turbohd-ahd-hd-tvi","8":"product_tag-domo-eyeball-turret","9":"product_tag-hikvision","11":"first","12":"instock","13":"sale","14":"shipping-taxable","15":"purchasable","16":"product-type-simple"},"_links":{"self":[{"href":"https:\/\/soydeaqui.ddns.net\/pachuca\/index.php\/wp-json\/wp\/v2\/product\/94996","targetHints":{"allow":["GET"]}}],"collection":[{"href":"https:\/\/soydeaqui.ddns.net\/pachuca\/index.php\/wp-json\/wp\/v2\/product"}],"about":[{"href":"https:\/\/soydeaqui.ddns.net\/pachuca\/index.php\/wp-json\/wp\/v2\/types\/product"}],"replies":[{"embeddable":true,"href":"https:\/\/soydeaqui.ddns.net\/pachuca\/index.php\/wp-json\/wp\/v2\/comments?post=94996"}],"wp:featuredmedia":[{"embeddable":true,"href":"https:\/\/soydeaqui.ddns.net\/pachuca\/index.php\/wp-json\/wp\/v2\/media\/94995"}],"wp:attachment":[{"href":"https:\/\/soydeaqui.ddns.net\/pachuca\/index.php\/wp-json\/wp\/v2\/media?parent=94996"}],"wp:term":[{"taxonomy":"product_brand","embeddable":true,"href":"https:\/\/soydeaqui.ddns.net\/pachuca\/index.php\/wp-json\/wp\/v2\/product_brand?post=94996"},{"taxonomy":"product_cat","embeddable":true,"href":"https:\/\/soydeaqui.ddns.net\/pachuca\/index.php\/wp-json\/wp\/v2\/product_cat?post=94996"},{"taxonomy":"product_tag","embeddable":true,"href":"https:\/\/soydeaqui.ddns.net\/pachuca\/index.php\/wp-json\/wp\/v2\/product_tag?post=94996"}],"curies":[{"name":"wp","href":"https:\/\/api.w.org\/{rel}","templated":true}]}}