{"id":94937,"date":"2026-03-20T07:07:38","date_gmt":"2026-03-20T07:07:38","guid":{"rendered":"https:\/\/soydeaqui.ddns.net\/pachuca\/index.php\/producto\/cable-usb-a-3-0-a-usb-a-3-0-2-metros-macho-a-macho-conector-niquelado-nucleo-de-cobre-estanado-blindaje-multiple-velocidad-5gbps-no-requiere-controlador-compatible-con-usb2-0-y-usb-1\/"},"modified":"2026-03-20T07:07:39","modified_gmt":"2026-03-20T07:07:39","slug":"cable-usb-a-3-0-a-usb-a-3-0-2-metros-macho-a-macho-conector-niquelado-nucleo-de-cobre-estanado-blindaje-multiple-velocidad-5gbps-no-requiere-controlador-compatible-con-usb2-0-y-usb-1","status":"publish","type":"product","link":"https:\/\/soydeaqui.ddns.net\/pachuca\/index.php\/producto\/cable-usb-a-3-0-a-usb-a-3-0-2-metros-macho-a-macho-conector-niquelado-nucleo-de-cobre-estanado-blindaje-multiple-velocidad-5gbps-no-requiere-controlador-compatible-con-usb2-0-y-usb-1\/","title":{"rendered":"Cable USB-A 3.0 a  USB-A 3.0 \/ 2 Metros \/ Macho a Macho \/ Conector Niquelado \/ N\u00facleo de Cobre Esta\u00f1ado \/ Blindaje M\u00faltiple \/ Velocidad 5Gbps \/ No Requiere Controlador \/ Compatible con USB2.0 Y USB 1.1"},"content":{"rendered":"<div style='width: 100%; max-width: 1200px; margin: 0 auto; font-family: sans-serif; line-height: 1.6; color: inherit; background-color: transparent;'> <!-- Im\u00e1genes --> <\/p>\n<div style='display: flex; flex-wrap: wrap; gap: 20px; margin-bottom: 30px;'> <img style='width: 100%; height: auto; border: 1px solid rgba(150&comma;150&comma;150&comma;0.3); border-radius: 8px; flex: 1 1 300px;' src='http:\/\/ftp3.syscom.mx\/usuarios\/hallende\/UGREEN\/10370-10371\/10370-10371-1.jpg' alt=''> <img style='width: 100%; height: auto; border: 1px solid rgba(150&comma;150&comma;150&comma;0.3); border-radius: 8px; flex: 1 1 300px;' src='http:\/\/ftp3.syscom.mx\/usuarios\/hallende\/UGREEN\/10370-10371\/10370-10371-2.jpg' alt=''> <\/div>\n<p> <!-- Secci\u00f3n de caracter\u00edsticas --> <\/p>\n<div style='display: flex; flex-wrap: wrap; gap: 30px; margin-bottom: 30px;'>\n<div style='flex: 1 1 300px; min-width: 280px;'>\n<h3 style='font-size: 22px; border-bottom: 2px solid currentColor; padding-bottom: 5px; margin-top: 0; color: inherit; opacity: 0.8;'>Caracter\u00edsticas principales<\/h3>\n<ul style='padding-left: 20px; font-size: 15px; color: inherit; list-style-type: disc;'>\n<li style='margin-bottom: 5px;'>Recomendado para carcasas de discos duros&comma; impresoras&comma; m\u00f3dems&comma; c\u00e1maras y otros perif\u00e9ricos USB S\u00faper Speed<\/li>\n<li style='margin-bottom: 5px;'>Conectores de alivio de tensi\u00f3n moldeados para mayor durabilidad<\/li>\n<li style='margin-bottom: 5px;'>Pelda\u00f1os de agarre para enchufar y desenchufar f\u00e1cilmente<\/li>\n<li style='margin-bottom: 5px;'>No compatible con la conexi\u00f3n directa de dos computadoras<\/li>\n<li style='margin-bottom: 5px;'>No compatible con transferencia de video<\/li>\n<\/ul><\/div>\n<div style='flex: 1 1 300px; min-width: 280px;'>\n<h3 style='font-size: 22px; border-bottom: 2px solid currentColor; padding-bottom: 5px; margin-top: 0; color: inherit; opacity: 0.8;'>Especificaciones t\u00e9cnicas<\/h3>\n<ul style='padding-left: 20px; font-size: 15px; color: inherit; list-style-type: disc;'>\n<li style='margin-bottom: 5px;'><strong>Conector:<\/strong> USB 3.0 A Macho a USB 3.0 A Macho<\/li>\n<li style='margin-bottom: 5px;'><strong>Velocidad:<\/strong> Hasta 5 Gbps<\/li>\n<li style='margin-bottom: 5px;'><strong>Corriente:<\/strong> Hasta 2A<\/li>\n<li style='margin-bottom: 5px;'><strong>Material:<\/strong> Conectores niquelados&comma; n\u00facleo de cobre esta\u00f1ado<\/li>\n<li style='margin-bottom: 5px;'><strong>Blindaje:<\/strong> M\u00faltiple (l\u00e1mina y trenza)<\/li>\n<li style='margin-bottom: 5px;'><strong>Longitud:<\/strong> 2 Metros<\/li>\n<li style='margin-bottom: 5px;'><strong>Compatibilidad:<\/strong> USB 3.0&comma; USB 2.0 y USB 1.1<\/li>\n<li style='margin-bottom: 5px;'><strong>Pruebas:<\/strong> Sometido a m\u00e1s de 10&comma;000 ciclos de flexi\u00f3n<\/li>\n<\/ul><\/div>\n<\/p><\/div>\n<p> <!-- Secci\u00f3n de funcionalidades --> <\/p>\n<div style='display: flex; flex-wrap: wrap; gap: 20px; margin-bottom: 30px;'>\n<div style='flex: 1 1 250px; border: 1px solid rgba(150&comma; 150&comma; 150&comma; 0.4); border-radius: 8px; overflow: hidden; display: flex; flex-direction: column;'>\n<div style='padding: 15px; border-bottom: 1px solid rgba(150&comma; 150&comma; 150&comma; 0.2); font-weight: bold; font-size: 18px; color: inherit;'>Super Speed<\/div>\n<div style='padding: 15px; color: inherit;'>\n<p style='margin: 0; font-size: 14px;'>Velocidad de transferencia de datos de hasta 5 Gbps&comma; 10 veces m\u00e1s r\u00e1pido que USB 2.0&comma; con transmisi\u00f3n de datos sin errores.<\/p>\n<\/p><\/div>\n<\/p><\/div>\n<div style='flex: 1 1 250px; border: 1px solid rgba(150&comma; 150&comma; 150&comma; 0.4); border-radius: 8px; overflow: hidden; display: flex; flex-direction: column;'>\n<div style='padding: 15px; border-bottom: 1px solid rgba(150&comma; 150&comma; 150&comma; 0.2); font-weight: bold; font-size: 18px; color: inherit;'>Plug &#038; Play<\/div>\n<div style='padding: 15px; color: inherit;'>\n<p style='margin: 0; font-size: 14px;'>No requiere controladores&comma; compatible con todos los sistemas operativos. Funciona con carcasas de discos duros&comma; enfriadores de port\u00e1tiles&comma; tabletas de escritura&comma; c\u00e1maras y otros perif\u00e9ricos USB.<\/p>\n<\/p><\/div>\n<\/p><\/div>\n<div style='flex: 1 1 250px; border: 1px solid rgba(150&comma; 150&comma; 150&comma; 0.4); border-radius: 8px; overflow: hidden; display: flex; flex-direction: column;'>\n<div style='padding: 15px; border-bottom: 1px solid rgba(150&comma; 150&comma; 150&comma; 0.2); font-weight: bold; font-size: 18px; color: inherit;'>Durabilidad<\/div>\n<div style='padding: 15px; color: inherit;'>\n<p style='margin: 0; font-size: 14px;'>Conectores con alivio de tensi\u00f3n moldeados y dise\u00f1o resistente para soportar m\u00e1s de 10&comma;000 ciclos de flexi\u00f3n.<\/p>\n<\/p><\/div>\n<\/p><\/div>\n<div style='flex: 1 1 250px; border: 1px solid rgba(150&comma; 150&comma; 150&comma; 0.4); border-radius: 8px; overflow: hidden; display: flex; flex-direction: column;'>\n<div style='padding: 15px; border-bottom: 1px solid rgba(150&comma; 150&comma; 150&comma; 0.2); font-weight: bold; font-size: 18px; color: inherit;'>Conectividad<\/div>\n<div style='padding: 15px; color: inherit;'>\n<p style='margin: 0; font-size: 14px;'>Conecta perif\u00e9ricos USB a computadoras&comma; funciona como extensi\u00f3n para conexiones USB 3.0.<\/p>\n<\/p><\/div>\n<\/p><\/div>\n<\/p><\/div>\n<p> <!-- Secci\u00f3n de compatibilidad --> <\/p>\n<div style='display: flex; flex-wrap: wrap; gap: 20px; margin-bottom: 30px;'>\n<div style='flex: 1 1 250px; border: 1px solid rgba(150&comma; 150&comma; 150&comma; 0.4); border-radius: 8px; overflow: hidden; display: flex; flex-direction: column;'>\n<div style='padding: 15px; border-bottom: 1px solid rgba(150&comma; 150&comma; 150&comma; 0.2); font-weight: bold; font-size: 18px; color: inherit;'>Compatibilidad<\/div>\n<div style='padding: 15px; color: inherit;'>\n<ul style='padding-left: 20px; margin: 0; font-size: 14px; list-style-type: disc;'>\n<li style='margin-bottom: 5px;'>PC de escritorio Windows<\/li>\n<li style='margin-bottom: 5px;'>Disco duro externo<\/li>\n<li style='margin-bottom: 5px;'>Almohadilla de refrigeraci\u00f3n para laptop<\/li>\n<li style='margin-bottom: 5px;'>Reproductor de DVD<\/li>\n<li style='margin-bottom: 5px;'>Concentrador USB 3.0<\/li>\n<li style='margin-bottom: 5px;'>Monitor<\/li>\n<li style='margin-bottom: 5px;'>C\u00e1mara<\/li>\n<li style='margin-bottom: 5px;'>Wacom<\/li>\n<li style='margin-bottom: 5px;'>Decodificador de caja<\/li>\n<li style='margin-bottom: 5px;'>Unidad Blue-ray<\/li>\n<li style='margin-bottom: 5px;'>Altavoz Bluetooth para coche<\/li>\n<li style='margin-bottom: 5px;'>Carcasa de disco duro externo de 2.5 pulgadas con puerto USB A 3.0<\/li>\n<\/ul><\/div>\n<\/p><\/div>\n<\/p><\/div>\n<p> <!-- Separador --> <\/p>\n<hr style='border: 0; border-top: 1px solid rgba(150&comma; 150&comma; 150&comma; 0.3); margin: 30px 0;'> <\/div>\n","protected":false},"excerpt":{"rendered":"<p>Cable USB-A 3.0 a  USB-A 3.0 \/ 2 Metros \/ Macho a Macho \/ Conector Niquelado \/ N\u00facleo de Cobre Esta\u00f1ado \/ Blindaje M\u00faltiple \/ Velocidad 5Gbps \/ No Requiere Controlador \/ Compatible con USB2.0 Y USB 1.1<\/p>\n","protected":false},"featured_media":94936,"comment_status":"open","ping_status":"closed","template":"","meta":[],"product_brand":[],"product_cat":[1235],"product_tag":[417,1236,650],"class_list":{"0":"post-94937","1":"product","2":"type-product","3":"status-publish","4":"has-post-thumbnail","6":"product_cat-accesorios-para-computadora-y-smartphones","7":"product_tag-accesorios-generales","8":"product_tag-accesorios-para-computadora-y-smartphones","9":"product_tag-ugreen","11":"first","12":"instock","13":"sale","14":"shipping-taxable","15":"purchasable","16":"product-type-simple"},"_links":{"self":[{"href":"https:\/\/soydeaqui.ddns.net\/pachuca\/index.php\/wp-json\/wp\/v2\/product\/94937","targetHints":{"allow":["GET"]}}],"collection":[{"href":"https:\/\/soydeaqui.ddns.net\/pachuca\/index.php\/wp-json\/wp\/v2\/product"}],"about":[{"href":"https:\/\/soydeaqui.ddns.net\/pachuca\/index.php\/wp-json\/wp\/v2\/types\/product"}],"replies":[{"embeddable":true,"href":"https:\/\/soydeaqui.ddns.net\/pachuca\/index.php\/wp-json\/wp\/v2\/comments?post=94937"}],"wp:featuredmedia":[{"embeddable":true,"href":"https:\/\/soydeaqui.ddns.net\/pachuca\/index.php\/wp-json\/wp\/v2\/media\/94936"}],"wp:attachment":[{"href":"https:\/\/soydeaqui.ddns.net\/pachuca\/index.php\/wp-json\/wp\/v2\/media?parent=94937"}],"wp:term":[{"taxonomy":"product_brand","embeddable":true,"href":"https:\/\/soydeaqui.ddns.net\/pachuca\/index.php\/wp-json\/wp\/v2\/product_brand?post=94937"},{"taxonomy":"product_cat","embeddable":true,"href":"https:\/\/soydeaqui.ddns.net\/pachuca\/index.php\/wp-json\/wp\/v2\/product_cat?post=94937"},{"taxonomy":"product_tag","embeddable":true,"href":"https:\/\/soydeaqui.ddns.net\/pachuca\/index.php\/wp-json\/wp\/v2\/product_tag?post=94937"}],"curies":[{"name":"wp","href":"https:\/\/api.w.org\/{rel}","templated":true}]}}