{"id":94933,"date":"2026-03-20T07:07:27","date_gmt":"2026-03-20T07:07:27","guid":{"rendered":"https:\/\/soydeaqui.ddns.net\/pachuca\/index.php\/producto\/speak-2-75-uc-altavoz-portatil-con-microfono-integrado-sonido-increible-para-conferencias-y-musica-proteccion-ip64-2775-419\/"},"modified":"2026-03-20T07:07:35","modified_gmt":"2026-03-20T07:07:35","slug":"speak-2-75-uc-altavoz-portatil-con-microfono-integrado-sonido-increible-para-conferencias-y-musica-proteccion-ip64-2775-419","status":"publish","type":"product","link":"https:\/\/soydeaqui.ddns.net\/pachuca\/index.php\/producto\/speak-2-75-uc-altavoz-portatil-con-microfono-integrado-sonido-increible-para-conferencias-y-musica-proteccion-ip64-2775-419\/","title":{"rendered":"Speak 2 75 UC, Altavoz port\u00e1til con micr\u00f3fono integrado, sonido incre\u00edble para conferencias y musica, protecci\u00f3n IP64 (2775-419)"},"content":{"rendered":"<div style='width: 100%; max-width: 1200px; margin: 0 auto; font-family: sans-serif; line-height: 1.6; color: inherit; background-color: transparent;'> <!-- ENCABEZADO --> <\/p>\n<div style='background-color: #f5b700; color: #000; text-align: center; padding: 35px 20px;'>\n<h1 style='margin: 0; font-size: 36px; color: inherit;'>Jabra Speak2 75<\/h1>\n<p style='margin-top: 10px; font-size: 18px; color: inherit;'>El mejor altavoz profesional para el trabajo h\u00edbrido<\/p>\n<\/p><\/div>\n<div style='max-width: 1000px; margin: auto; padding: 20px; font-family: Arial&comma;sans-serif; color: inherit;'> <!-- INTRO --> <\/p>\n<h2 style='color: #f5b700; border-left: 6px solid #f5b700; padding-left: 10px; margin-top: 0;'>\u00bfD\u00f3nde est\u00e1 hoy la sala de reuniones?<\/h2>\n<p style='text-align: justify; font-size: 15px; color: inherit;'>Este es el <strong style='color: inherit;'>Speak2 75<\/strong>&comma; su dispositivo personal y compacto para un mundo h\u00edbrido donde las salas de reuni\u00f3n se encuentran en cualquier lugar: una cafeter\u00eda&comma; un comedor o una mesa compartida en un hotel.<\/p>\n<p style='text-align: justify; font-size: 15px; color: inherit;'>Es la nueva generaci\u00f3n de altavoz port\u00e1til profesional&comma; equipado con la tecnolog\u00eda m\u00e1s reciente.<\/p>\n<p style='text-align: justify; font-size: 15px; color: inherit;'>Gracias al audio avanzado de banda superancha&comma; al rendimiento preciso de los micr\u00f3fonos y a la tecnolog\u00eda que refina los tonos naturales de la voz&comma; hoy la sala de reuniones puede ser cualquier espacio.<\/p>\n<p> <!-- Separador --> <\/p>\n<hr style='border: 0; border-top: 1px solid rgba(150&comma;150&comma;150&comma;0.3); margin: 30px 0;'> <!-- VIDEO --> <\/p>\n<h2 style='color: #f5b700; border-left: 6px solid #f5b700; padding-left: 10px; margin-top: 0;'>Video demostrativo<\/h2>\n<div style='position: relative; padding-bottom: 56.25%; height: 0; overflow: hidden; margin: 20px 0;'>   <\/div>\n<p> <!-- Separador --> <\/p>\n<hr style='border: 0; border-top: 1px solid rgba(150&comma;150&comma;150&comma;0.3); margin: 30px 0;'> <!-- ESPECIFICACIONES --> <\/p>\n<h2 style='color: #f5b700; border-left: 6px solid #f5b700; padding-left: 10px; margin-top: 0;'>Especificaciones t\u00e9cnicas<\/h2>\n<div style='display: flex; flex-wrap: wrap; gap: 20px; margin-top: 20px;'>\n<div style='flex: 1 1 250px; border: 1px solid rgba(150&comma; 150&comma; 150&comma; 0.4); border-radius: 8px; overflow: hidden; display: flex; flex-direction: column;'>\n<div style='padding: 15px; border-bottom: 1px solid rgba(150&comma; 150&comma; 150&comma; 0.2); font-weight: bold; font-size: 18px; background-color: #fff4cc; color: inherit;'>Audio<\/div>\n<div style='padding: 15px; color: inherit;'>\n<ul style='padding-left: 20px; margin: 0; font-size: 14px; list-style-type: disc;'>\n<li style='margin-bottom: 5px; color: inherit;'>Audio d\u00faplex completo<\/li>\n<li style='margin-bottom: 5px; color: inherit;'>Cancelaci\u00f3n de eco (AEC)<\/li>\n<li style='margin-bottom: 5px; color: inherit;'>Micr\u00f3fono omnidireccional 360\u00b0<\/li>\n<li style='margin-bottom: 5px; color: inherit;'>SNR +70 dB<\/li>\n<\/ul><\/div>\n<\/p><\/div>\n<div style='flex: 1 1 250px; border: 1px solid rgba(150&comma; 150&comma; 150&comma; 0.4); border-radius: 8px; overflow: hidden; display: flex; flex-direction: column;'>\n<div style='padding: 15px; border-bottom: 1px solid rgba(150&comma; 150&comma; 150&comma; 0.2); font-weight: bold; font-size: 18px; background-color: #fff4cc; color: inherit;'>Conectividad<\/div>\n<div style='padding: 15px; color: inherit;'>\n<ul style='padding-left: 20px; margin: 0; font-size: 14px; list-style-type: disc;'>\n<li style='margin-bottom: 5px; color: inherit;'>USB 2.0<\/li>\n<li style='margin-bottom: 5px; color: inherit;'>Bluetooth 4.2 (BTLE)<\/li>\n<li style='margin-bottom: 5px; color: inherit;'>Alcance hasta 30 m<\/li>\n<li style='margin-bottom: 5px; color: inherit;'>Perfiles HFP&comma; A2DP&comma; AVRCP<\/li>\n<\/ul><\/div>\n<\/p><\/div>\n<div style='flex: 1 1 250px; border: 1px solid rgba(150&comma; 150&comma; 150&comma; 0.4); border-radius: 8px; overflow: hidden; display: flex; flex-direction: column;'>\n<div style='padding: 15px; border-bottom: 1px solid rgba(150&comma; 150&comma; 150&comma; 0.2); font-weight: bold; font-size: 18px; background-color: #fff4cc; color: inherit;'>Bater\u00eda<\/div>\n<div style='padding: 15px; color: inherit;'>\n<ul style='padding-left: 20px; margin: 0; font-size: 14px; list-style-type: disc;'>\n<li style='margin-bottom: 5px; color: inherit;'>Hasta 11 horas de conversaci\u00f3n<\/li>\n<li style='margin-bottom: 5px; color: inherit;'>Carga 3 h (USB 5V \/ 500 mA)<\/li>\n<\/ul><\/div>\n<\/p><\/div>\n<div style='flex: 1 1 250px; border: 1px solid rgba(150&comma; 150&comma; 150&comma; 0.4); border-radius: 8px; overflow: hidden; display: flex; flex-direction: column;'>\n<div style='padding: 15px; border-bottom: 1px solid rgba(150&comma; 150&comma; 150&comma; 0.2); font-weight: bold; font-size: 18px; background-color: #fff4cc; color: inherit;'>Contenido<\/div>\n<div style='padding: 15px; color: inherit;'>\n<ul style='padding-left: 20px; margin: 0; font-size: 14px; list-style-type: disc;'>\n<li style='margin-bottom: 5px; color: inherit;'>Jabra Speak 750<\/li>\n<li style='margin-bottom: 5px; color: inherit;'>Dongle Bluetooth Jabra Link 370<\/li>\n<li style='margin-bottom: 5px; color: inherit;'>Funda<\/li>\n<li style='margin-bottom: 5px; color: inherit;'>Gu\u00eda r\u00e1pida<\/li>\n<\/ul><\/div>\n<\/p><\/div>\n<div style='flex: 1 1 250px; border: 1px solid rgba(150&comma; 150&comma; 150&comma; 0.4); border-radius: 8px; overflow: hidden; display: flex; flex-direction: column;'>\n<div style='padding: 15px; border-bottom: 1px solid rgba(150&comma; 150&comma; 150&comma; 0.2); font-weight: bold; font-size: 18px; background-color: #fff4cc; color: inherit;'>Certificaciones<\/div>\n<div style='padding: 15px; color: inherit;'>\n<ul style='padding-left: 20px; margin: 0; font-size: 14px; list-style-type: disc;'>\n<li style='margin-bottom: 5px; color: inherit;'>Microsoft Teams<\/li>\n<li style='margin-bottom: 5px; color: inherit;'>Teams Rooms<\/li>\n<li style='margin-bottom: 5px; color: inherit;'>Skype Empresarial<\/li>\n<li style='margin-bottom: 5px; color: inherit;'>Plataformas UC l\u00edderes<\/li>\n<\/ul><\/div>\n<\/p><\/div>\n<div style='flex: 1 1 250px; border: 1px solid rgba(150&comma; 150&comma; 150&comma; 0.4); border-radius: 8px; overflow: hidden; display: flex; flex-direction: column;'>\n<div style='padding: 15px; border-bottom: 1px solid rgba(150&comma; 150&comma; 150&comma; 0.2); font-weight: bold; font-size: 18px; background-color: #fff4cc; color: inherit;'>Peso<\/div>\n<div style='padding: 15px; color: inherit;'>\n<ul style='padding-left: 20px; margin: 0; font-size: 14px; list-style-type: disc;'>\n<li style='margin-bottom: 5px; color: inherit;'>301 g<\/li>\n<\/ul><\/div>\n<\/p><\/div>\n<\/p><\/div>\n<p> <!-- Separador --> <\/p>\n<hr style='border: 0; border-top: 1px solid rgba(150&comma;150&comma;150&comma;0.3); margin: 30px 0;'> <!-- GALER\u00cdA --> <\/p>\n<h2 style='color: #f5b700; border-left: 6px solid #f5b700; padding-left: 10px; margin-top: 0;'>Galer\u00eda<\/h2>\n<div style='text-align: center; margin-top: 20px;'> <img style='width: 100%; height: auto; border: 1px solid rgba(150&comma;150&comma;150&comma;0.3); border-radius: 8px;' src='https:\/\/ftp3.syscom.mx\/usuarios\/fotos\/SPEAK275MS\/217282-captura_de_pantalla_2023-03-23_a_la(s)_10.02.04.png' alt='Jabra Speak2 75'> <\/div>\n<p> <!-- Separador --> <\/p>\n<hr style='border: 0; border-top: 1px solid rgba(150&comma;150&comma;150&comma;0.3); margin: 30px 0;'> <!-- CIERRE --> <\/p>\n<div style='background: #f5b700; color: #000; text-align: center; padding: 20px; margin-top: 40px;'>\n<p style='margin: 0; color: inherit;'>Audio profesional dise\u00f1ado para productividad&comma; movilidad y trabajo h\u00edbrido<\/p>\n<\/p><\/div>\n<\/p><\/div>\n<\/p><\/div>\n","protected":false},"excerpt":{"rendered":"<p>Speak 2 75 UC, Altavoz port\u00e1til con micr\u00f3fono integrado, sonido incre\u00edble para conferencias y musica, protecci\u00f3n IP64 (2775-419)<\/p>\n","protected":false},"featured_media":94932,"comment_status":"open","ping_status":"closed","template":"","meta":[],"product_brand":[],"product_cat":[2048],"product_tag":[2049,2052,2004],"class_list":{"0":"post-94933","1":"product","2":"type-product","3":"status-publish","4":"has-post-thumbnail","6":"product_cat-audio-video-conferencia","7":"product_tag-audio-video-conferencia","8":"product_tag-jabra","9":"product_tag-voip-telefonia-ip-videoconferencia","11":"first","12":"instock","13":"sale","14":"shipping-taxable","15":"purchasable","16":"product-type-simple"},"_links":{"self":[{"href":"https:\/\/soydeaqui.ddns.net\/pachuca\/index.php\/wp-json\/wp\/v2\/product\/94933","targetHints":{"allow":["GET"]}}],"collection":[{"href":"https:\/\/soydeaqui.ddns.net\/pachuca\/index.php\/wp-json\/wp\/v2\/product"}],"about":[{"href":"https:\/\/soydeaqui.ddns.net\/pachuca\/index.php\/wp-json\/wp\/v2\/types\/product"}],"replies":[{"embeddable":true,"href":"https:\/\/soydeaqui.ddns.net\/pachuca\/index.php\/wp-json\/wp\/v2\/comments?post=94933"}],"wp:featuredmedia":[{"embeddable":true,"href":"https:\/\/soydeaqui.ddns.net\/pachuca\/index.php\/wp-json\/wp\/v2\/media\/94932"}],"wp:attachment":[{"href":"https:\/\/soydeaqui.ddns.net\/pachuca\/index.php\/wp-json\/wp\/v2\/media?parent=94933"}],"wp:term":[{"taxonomy":"product_brand","embeddable":true,"href":"https:\/\/soydeaqui.ddns.net\/pachuca\/index.php\/wp-json\/wp\/v2\/product_brand?post=94933"},{"taxonomy":"product_cat","embeddable":true,"href":"https:\/\/soydeaqui.ddns.net\/pachuca\/index.php\/wp-json\/wp\/v2\/product_cat?post=94933"},{"taxonomy":"product_tag","embeddable":true,"href":"https:\/\/soydeaqui.ddns.net\/pachuca\/index.php\/wp-json\/wp\/v2\/product_tag?post=94933"}],"curies":[{"name":"wp","href":"https:\/\/api.w.org\/{rel}","templated":true}]}}