{"id":94928,"date":"2026-03-20T07:07:13","date_gmt":"2026-03-20T07:07:13","guid":{"rendered":"https:\/\/soydeaqui.ddns.net\/pachuca\/index.php\/producto\/camara-de-identificacion-de-credenciales-turbohd-2-megapixel-lente-3-7-mm-personalizado-wdr-100-db-uso-en-interior-compatible-con-cualquier-dvr-de-1080p-o-superior\/"},"modified":"2026-03-20T07:07:23","modified_gmt":"2026-03-20T07:07:23","slug":"camara-de-identificacion-de-credenciales-turbohd-2-megapixel-lente-3-7-mm-personalizado-wdr-100-db-uso-en-interior-compatible-con-cualquier-dvr-de-1080p-o-superior","status":"publish","type":"product","link":"https:\/\/soydeaqui.ddns.net\/pachuca\/index.php\/producto\/camara-de-identificacion-de-credenciales-turbohd-2-megapixel-lente-3-7-mm-personalizado-wdr-100-db-uso-en-interior-compatible-con-cualquier-dvr-de-1080p-o-superior\/","title":{"rendered":"C\u00e1mara de Identificaci\u00f3n de Credenciales TurboHD \/ 2 Megapixel \/ Lente 3.7 mm (Personalizado) \/ WDR 100 dB \/ Uso en Interior \/ Compatible con Cualquier DVR de 1080p o Superior"},"content":{"rendered":"<div style='width: 100%; max-width: 1200px; margin: 0 auto; font-family: sans-serif; line-height: 1.6; color: inherit; background-color: transparent;'> <!-- Secci\u00f3n de videos --> <\/p>\n<div style='display: flex; flex-wrap: wrap; gap: 15px; margin-bottom: 30px;'>\n<div style='flex: 1 1 300px; min-width: 280px;'>\n<div style='position: relative; padding-bottom: 56.25%; height: 0; overflow: hidden;'>   <\/div>\n<\/p><\/div>\n<div style='flex: 1 1 300px; min-width: 280px;'>\n<div style='position: relative; padding-bottom: 56.25%; height: 0; overflow: hidden;'>   <\/div>\n<\/p><\/div>\n<\/p><\/div>\n<p> <!-- Secci\u00f3n de caracter\u00edsticas --> <\/p>\n<div style='display: flex; flex-wrap: wrap; gap: 30px; margin-bottom: 30px;'>\n<div style='flex: 1 1 300px; min-width: 280px;'>\n<h3 style='font-size: 22px; border-bottom: 2px solid currentColor; padding-bottom: 5px; margin-top: 0; color: inherit; opacity: 0.8;'>Caracter\u00edsticas principales:<\/h3>\n<ul style='padding-left: 20px; font-size: 15px; color: inherit;'>\n<li style='margin-bottom: 5px;'>Resoluci\u00f3n m\u00e1xima: 2 Megapixel (1920 x 1080).<\/li>\n<li style='margin-bottom: 5px;'>Lente fijo: 3.7 mm (Ajustado para visualizaci\u00f3n).<\/li>\n<li style='margin-bottom: 5px;'>No cuenta con Infrarrojo&comma; cuenta con tira de led en el interior para apoyo en visualizaci\u00f3n<\/li>\n<li style='margin-bottom: 5px;'>Tecnolog\u00eda AHD&comma; compatible con los DVR TURBOHD<\/li>\n<li style='margin-bottom: 5px;'>2D\/3D DNR. \/ HLC<\/li>\n<li style='margin-bottom: 5px;'>Menu OSD<\/li>\n<\/ul><\/div>\n<div style='flex: 1 1 300px; min-width: 280px;'>\n<h3 style='font-size: 22px; border-bottom: 2px solid currentColor; padding-bottom: 5px; margin-top: 0; color: inherit; opacity: 0.8;'>Caracter\u00edsticas F\u00edsicas y El\u00e9ctricas:<\/h3>\n<ul style='padding-left: 20px; font-size: 15px; color: inherit;'>\n<li style='margin-bottom: 5px;'>Alimentaci\u00f3n \/ Consumo: 12 Vcc \/ 2 Watts.<\/li>\n<li style='margin-bottom: 5px;'>Protecci\u00f3n: Uso en interior&comma; IP60.<\/li>\n<li style='margin-bottom: 5px;'>Fabricado en l\u00e1mina de acero rolado en fr\u00edo&comma; Pintura electrost\u00e1tica en polvo color negro.<\/li>\n<li style='margin-bottom: 5px;'>Dimensiones: 145 x 308 x 92mm (W&comma;H&comma;D)<\/li>\n<\/ul><\/div>\n<div style='flex: 1 1 300px; min-width: 280px;'>\n<h3 style='font-size: 22px; border-bottom: 2px solid currentColor; padding-bottom: 5px; margin-top: 0; color: inherit; opacity: 0.8;'>Caracter\u00edsticas Destacadas:<\/h3>\n<p style='font-size: 15px; color: inherit;'>\u00a1No m\u00e1s esperas innecesarias! Optimice sus procesos de control de acceso con nuestra c\u00e1mara de visualizaci\u00f3n de credenciales&comma; capture en video la informaci\u00f3n de licencias de manejo&comma; INE&comma; ID\u00b4s etc.<\/p>\n<\/p><\/div>\n<\/p><\/div>\n<p> <!-- Secci\u00f3n de consideraciones --> <\/p>\n<div style='display: flex; flex-wrap: wrap; gap: 30px;'>\n<div style='flex: 1 1 300px; min-width: 280px;'>\n<h3 style='font-size: 22px; border-bottom: 2px solid currentColor; padding-bottom: 5px; margin-top: 0; color: inherit; opacity: 0.8;'>Consideraciones:<\/h3>\n<ul style='padding-left: 20px; font-size: 15px; color: inherit;'>\n<li style='margin-bottom: 5px;'>La c\u00e1mara permite conectarse a cualquier grabador TurboHD que soporte 2MP y la tecnolog\u00eda AHD.<\/li>\n<li style='margin-bottom: 5px;'>La c\u00e1mara no hace reconocimiento de texto&comma; solamente permite visualizar las identificaci\u00f3nes.<\/li>\n<li style='margin-bottom: 5px;'>Requiere 2 fuentes de poder de al menos 12vcd a 500mA (1 para energizar la c\u00e1mara y otro para energizar la tira led)<\/li>\n<\/ul><\/div>\n<\/p><\/div>\n<p> <!-- Separador final --> <\/p>\n<hr style='border: 0; border-top: 1px solid rgba(150&comma; 150&comma; 150&comma; 0.3); margin: 30px 0;'> <\/div>\n","protected":false},"excerpt":{"rendered":"<p>C\u00e1mara de Identificaci\u00f3n de Credenciales TurboHD \/ 2 Megapixel \/ Lente 3.7 mm (Personalizado) \/ WDR 100 dB \/ Uso en Interior \/ Compatible con Cualquier DVR de 1080p o Superior<\/p>\n","protected":false},"featured_media":94927,"comment_status":"open","ping_status":"closed","template":"","meta":[],"product_brand":[],"product_cat":[2268],"product_tag":[439,2255,2257],"class_list":{"0":"post-94928","1":"product","2":"type-product","3":"status-publish","4":"has-post-thumbnail","6":"product_cat-bala-camaras-y-dvrs-hd-turbohd-ahd-hd-tvi","7":"product_tag-bala","8":"product_tag-camaras-y-dvrs-hd-turbohd-ahd-hd-tvi","9":"product_tag-epcom-professional","11":"first","12":"outofstock","13":"sale","14":"shipping-taxable","15":"purchasable","16":"product-type-simple"},"_links":{"self":[{"href":"https:\/\/soydeaqui.ddns.net\/pachuca\/index.php\/wp-json\/wp\/v2\/product\/94928","targetHints":{"allow":["GET"]}}],"collection":[{"href":"https:\/\/soydeaqui.ddns.net\/pachuca\/index.php\/wp-json\/wp\/v2\/product"}],"about":[{"href":"https:\/\/soydeaqui.ddns.net\/pachuca\/index.php\/wp-json\/wp\/v2\/types\/product"}],"replies":[{"embeddable":true,"href":"https:\/\/soydeaqui.ddns.net\/pachuca\/index.php\/wp-json\/wp\/v2\/comments?post=94928"}],"wp:featuredmedia":[{"embeddable":true,"href":"https:\/\/soydeaqui.ddns.net\/pachuca\/index.php\/wp-json\/wp\/v2\/media\/94927"}],"wp:attachment":[{"href":"https:\/\/soydeaqui.ddns.net\/pachuca\/index.php\/wp-json\/wp\/v2\/media?parent=94928"}],"wp:term":[{"taxonomy":"product_brand","embeddable":true,"href":"https:\/\/soydeaqui.ddns.net\/pachuca\/index.php\/wp-json\/wp\/v2\/product_brand?post=94928"},{"taxonomy":"product_cat","embeddable":true,"href":"https:\/\/soydeaqui.ddns.net\/pachuca\/index.php\/wp-json\/wp\/v2\/product_cat?post=94928"},{"taxonomy":"product_tag","embeddable":true,"href":"https:\/\/soydeaqui.ddns.net\/pachuca\/index.php\/wp-json\/wp\/v2\/product_tag?post=94928"}],"curies":[{"name":"wp","href":"https:\/\/api.w.org\/{rel}","templated":true}]}}