{"id":94924,"date":"2026-03-20T07:07:03","date_gmt":"2026-03-20T07:07:03","guid":{"rendered":"https:\/\/soydeaqui.ddns.net\/pachuca\/index.php\/producto\/speak-2-75-ms-altavoz-portatil-con-microfono-integrado-sonido-increible-para-conferencias-y-musica-version-ms-proteccion-ip64-2775-319\/"},"modified":"2026-03-20T07:07:10","modified_gmt":"2026-03-20T07:07:10","slug":"speak-2-75-ms-altavoz-portatil-con-microfono-integrado-sonido-increible-para-conferencias-y-musica-version-ms-proteccion-ip64-2775-319","status":"publish","type":"product","link":"https:\/\/soydeaqui.ddns.net\/pachuca\/index.php\/producto\/speak-2-75-ms-altavoz-portatil-con-microfono-integrado-sonido-increible-para-conferencias-y-musica-version-ms-proteccion-ip64-2775-319\/","title":{"rendered":"Speak 2 75 MS, Altavoz port\u00e1til con micr\u00f3fono integrado, sonido incre\u00edble para conferencias y m\u00fasica, versi\u00f3n MS, protecci\u00f3n IP64 (2775-319)"},"content":{"rendered":"<div style='width: 100%; max-width: 1200px; margin: 0 auto; font-family: sans-serif; line-height: 1.6; color: inherit; background-color: transparent;'> <!-- ENCABEZADO --> <\/p>\n<div style='background-color: #f5b700; color: #000000; text-align: center; padding: 35px 20px; width: 100%;'>\n<h1 style='margin: 0; font-size: 34px; color: inherit;'>Jabra Speak 75<\/h1>\n<p style='margin: 10px 0 0; font-size: 18px; color: inherit;'>Altavoz Profesional Port\u00e1til \u2022 Trabajo H\u00edbrido<\/p>\n<\/p><\/div>\n<p> <!-- CONTENIDO PRINCIPAL --> <\/p>\n<div style='width: 100%; max-width: 1200px; margin: 0 auto; padding: 20px;'> <!-- DESCRIPCI\u00d3N GENERAL --> <\/p>\n<div style='margin-bottom: 30px;'>\n<h2 style='color: #f5b700; border-left: 6px solid #f5b700; padding-left: 10px; color: inherit; margin-top: 0; font-size: 24px; border-color: #f5b700;'>El mejor altavoz profesional para el trabajo h\u00edbrido<\/h2>\n<p style='text-align: justify; font-size: 15px; color: inherit;'>El <strong style='color: inherit;'>Jabra Speak 75<\/strong> es un altavoz personal y compacto dise\u00f1ado para un mundo h\u00edbrido&comma; donde las salas de reuni\u00f3n pueden estar en cualquier lugar: una cafeter\u00eda&comma; un comedor&comma; una habitaci\u00f3n de hotel o incluso al aire libre.<\/p>\n<p style='text-align: justify; font-size: 15px; color: inherit;'>Representa la nueva generaci\u00f3n de altavoces profesionales port\u00e1tiles&comma; equipado con tecnolog\u00eda de audio avanzada de banda superancha&comma; micr\u00f3fonos de alta precisi\u00f3n y optimizaci\u00f3n de voz para reuniones claras y naturales.<\/p>\n<\/p><\/div>\n<p> <!-- SEPARADOR --> <\/p>\n<hr style='border: 0; border-top: 1px solid rgba(150&comma; 150&comma; 150&comma; 0.3); margin: 30px 0;'> <!-- VIDEO --> <\/p>\n<div style='margin-bottom: 30px;'>\n<h2 style='color: #f5b700; border-left: 6px solid #f5b700; padding-left: 10px; color: inherit; margin-top: 0; font-size: 24px; border-color: #f5b700;'>Video demostrativo<\/h2>\n<div style='position: relative; padding-bottom: 56.25%; height: 0; overflow: hidden; margin: 20px 0;'>   <\/div>\n<\/p><\/div>\n<p> <!-- SEPARADOR --> <\/p>\n<hr style='border: 0; border-top: 1px solid rgba(150&comma; 150&comma; 150&comma; 0.3); margin: 30px 0;'> <!-- FUNCIONALIDADES --> <\/p>\n<div style='margin-bottom: 30px;'>\n<h2 style='color: #f5b700; border-left: 6px solid #f5b700; padding-left: 10px; color: inherit; margin-top: 0; font-size: 24px; border-color: #f5b700;'>Funcionalidades principales<\/h2>\n<div style='display: flex; flex-wrap: wrap; gap: 20px; margin-top: 15px;'>\n<div style='flex: 1 1 300px; min-width: 280px; background: #fff9e6; border: 1px solid #ffe08a; border-radius: 8px; padding: 15px;'>\n<h3 style='color: #f5b700; margin-top: 0; font-size: 20px; color: inherit;'>Audio Profesional<\/h3>\n<ul style='padding-left: 20px; margin: 10px 0 0; font-size: 14px; list-style-type: disc; color: inherit;'>\n<li style='margin-bottom: 5px;'>Audio d\u00faplex completo<\/li>\n<li style='margin-bottom: 5px;'>Cancelaci\u00f3n de eco ac\u00fastico (AEC)<\/li>\n<li style='margin-bottom: 5px;'>Micr\u00f3fonos omnidireccionales con captura 360\u00b0<\/li>\n<li style='margin-bottom: 5px;'>Relaci\u00f3n se\u00f1al-ruido superior a 70 dB<\/li>\n<\/ul><\/div>\n<div style='flex: 1 1 300px; min-width: 280px; background: #fff9e6; border: 1px solid #ffe08a; border-radius: 8px; padding: 15px;'>\n<h3 style='color: #f5b700; margin-top: 0; font-size: 20px; color: inherit;'>Conectividad Flexible<\/h3>\n<ul style='padding-left: 20px; margin: 10px 0 0; font-size: 14px; list-style-type: disc; color: inherit;'>\n<li style='margin-bottom: 5px;'>USB 2.0 y Bluetooth 4.2 (BTLE)<\/li>\n<li style='margin-bottom: 5px;'>Alcance inal\u00e1mbrico hasta 30 m<\/li>\n<li style='margin-bottom: 5px;'>Compatible con PC&comma; smartphone y tablet<\/li>\n<li style='margin-bottom: 5px;'>Incluye dongle USB Bluetooth Jabra Link 370<\/li>\n<\/ul><\/div>\n<\/p><\/div>\n<\/p><\/div>\n<p> <!-- SEPARADOR --> <\/p>\n<hr style='border: 0; border-top: 1px solid rgba(150&comma; 150&comma; 150&comma; 0.3); margin: 30px 0;'> <!-- ESPECIFICACIONES --> <\/p>\n<div style='margin-bottom: 30px;'>\n<h2 style='color: #f5b700; border-left: 6px solid #f5b700; padding-left: 10px; color: inherit; margin-top: 0; font-size: 24px; border-color: #f5b700;'>Especificaciones t\u00e9cnicas<\/h2>\n<div style='overflow-x: auto; margin-top: 20px;'>\n<table style='width: 100%; border-collapse: collapse; border: 1px solid rgba(150&comma; 150&comma; 150&comma; 0.3);'>\n<thead>\n<tr style='background-color: #fff4cc;'>\n<th style='padding: 10px; border: 1px solid rgba(150&comma; 150&comma; 150&comma; 0.3); text-align: left; color: inherit;'>Categor\u00eda<\/th>\n<th style='padding: 10px; border: 1px solid rgba(150&comma; 150&comma; 150&comma; 0.3); text-align: left; color: inherit;'>Detalle<\/th>\n<\/tr>\n<\/thead>\n<tbody>\n<tr>\n<td style='padding: 10px; border: 1px solid rgba(150&comma; 150&comma; 150&comma; 0.3); color: inherit;'>Micr\u00f3fono<\/td>\n<td style='padding: 10px; border: 1px solid rgba(150&comma; 150&comma; 150&comma; 0.3); color: inherit;'>Omnidireccional 360\u00b0 \u2022 AEC \u2022 Full Duplex<\/td>\n<\/tr>\n<tr style='background-color: #f8f8f8;'>\n<td style='padding: 10px; border: 1px solid rgba(150&comma; 150&comma; 150&comma; 0.3); color: inherit;'>Conectividad<\/td>\n<td style='padding: 10px; border: 1px solid rgba(150&comma; 150&comma; 150&comma; 0.3); color: inherit;'>USB 2.0 y Bluetooth 4.2 (BTLE)<\/td>\n<\/tr>\n<tr>\n<td style='padding: 10px; border: 1px solid rgba(150&comma; 150&comma; 150&comma; 0.3); color: inherit;'>Bater\u00eda<\/td>\n<td style='padding: 10px; border: 1px solid rgba(150&comma; 150&comma; 150&comma; 0.3); color: inherit;'>Hasta 11 horas de conversaci\u00f3n \u2022 Carga 3 h<\/td>\n<\/tr>\n<tr style='background-color: #f8f8f8;'>\n<td style='padding: 10px; border: 1px solid rgba(150&comma; 150&comma; 150&comma; 0.3); color: inherit;'>Peso<\/td>\n<td style='padding: 10px; border: 1px solid rgba(150&comma; 150&comma; 150&comma; 0.3); color: inherit;'>301 g<\/td>\n<\/tr>\n<tr>\n<td style='padding: 10px; border: 1px solid rgba(150&comma; 150&comma; 150&comma; 0.3); color: inherit;'>Certificaciones<\/td>\n<td style='padding: 10px; border: 1px solid rgba(150&comma; 150&comma; 150&comma; 0.3); color: inherit;'>Microsoft Teams&comma; Teams Rooms&comma; Skype Empresarial y plataformas UC l\u00edderes<\/td>\n<\/tr>\n<\/tbody>\n<\/table><\/div>\n<\/p><\/div>\n<p> <!-- SEPARADOR --> <\/p>\n<hr style='border: 0; border-top: 1px solid rgba(150&comma; 150&comma; 150&comma; 0.3); margin: 30px 0;'> <!-- IMAGEN --> <\/p>\n<div style='margin-bottom: 30px;'>\n<h2 style='color: #f5b700; border-left: 6px solid #f5b700; padding-left: 10px; color: inherit; margin-top: 0; font-size: 24px; border-color: #f5b700;'>Galer\u00eda<\/h2>\n<div style='text-align: center; margin-top: 20px;'> <img style='width: 100%; height: auto; border: 1px solid rgba(150&comma;150&comma;150&comma;0.3); border-radius: 8px;' src='https:\/\/ftp3.syscom.mx\/usuarios\/fotos\/SPEAK275MS\/217282-captura_de_pantalla_2023-03-23_a_la(s)_10.02.04.png' alt='Jabra Speak 75'> <\/div>\n<\/p><\/div>\n<p> <!-- CIERRE --> <\/p>\n<div style='background: #f5b700; padding: 20px; color: #000; text-align: center; margin-top: 40px; border-radius: 8px;'>\n<p style='margin: 0; color: inherit;'>Altavoz profesional dise\u00f1ado para comunicaci\u00f3n clara&comma; movilidad y productividad h\u00edbrida<\/p>\n<\/p><\/div>\n<\/p><\/div>\n<\/p><\/div>\n","protected":false},"excerpt":{"rendered":"<p>Speak 2 75 MS, Altavoz port\u00e1til con micr\u00f3fono integrado, sonido incre\u00edble para conferencias y m\u00fasica, versi\u00f3n MS, protecci\u00f3n IP64 (2775-319)<\/p>\n","protected":false},"featured_media":94923,"comment_status":"open","ping_status":"closed","template":"","meta":[],"product_brand":[],"product_cat":[2048],"product_tag":[2049,2052,2004],"class_list":{"0":"post-94924","1":"product","2":"type-product","3":"status-publish","4":"has-post-thumbnail","6":"product_cat-audio-video-conferencia","7":"product_tag-audio-video-conferencia","8":"product_tag-jabra","9":"product_tag-voip-telefonia-ip-videoconferencia","11":"first","12":"instock","13":"sale","14":"shipping-taxable","15":"purchasable","16":"product-type-simple"},"_links":{"self":[{"href":"https:\/\/soydeaqui.ddns.net\/pachuca\/index.php\/wp-json\/wp\/v2\/product\/94924","targetHints":{"allow":["GET"]}}],"collection":[{"href":"https:\/\/soydeaqui.ddns.net\/pachuca\/index.php\/wp-json\/wp\/v2\/product"}],"about":[{"href":"https:\/\/soydeaqui.ddns.net\/pachuca\/index.php\/wp-json\/wp\/v2\/types\/product"}],"replies":[{"embeddable":true,"href":"https:\/\/soydeaqui.ddns.net\/pachuca\/index.php\/wp-json\/wp\/v2\/comments?post=94924"}],"wp:featuredmedia":[{"embeddable":true,"href":"https:\/\/soydeaqui.ddns.net\/pachuca\/index.php\/wp-json\/wp\/v2\/media\/94923"}],"wp:attachment":[{"href":"https:\/\/soydeaqui.ddns.net\/pachuca\/index.php\/wp-json\/wp\/v2\/media?parent=94924"}],"wp:term":[{"taxonomy":"product_brand","embeddable":true,"href":"https:\/\/soydeaqui.ddns.net\/pachuca\/index.php\/wp-json\/wp\/v2\/product_brand?post=94924"},{"taxonomy":"product_cat","embeddable":true,"href":"https:\/\/soydeaqui.ddns.net\/pachuca\/index.php\/wp-json\/wp\/v2\/product_cat?post=94924"},{"taxonomy":"product_tag","embeddable":true,"href":"https:\/\/soydeaqui.ddns.net\/pachuca\/index.php\/wp-json\/wp\/v2\/product_tag?post=94924"}],"curies":[{"name":"wp","href":"https:\/\/api.w.org\/{rel}","templated":true}]}}