{"id":94920,"date":"2026-03-20T07:06:49","date_gmt":"2026-03-20T07:06:49","guid":{"rendered":"https:\/\/soydeaqui.ddns.net\/pachuca\/index.php\/producto\/domo-ip-ptz-antivandalico-2mp-zoom-optico-32x-h-265-wisestream-wdr-120db-exterior-ip66-acero-inoxidable\/"},"modified":"2026-03-20T07:06:54","modified_gmt":"2026-03-20T07:06:54","slug":"domo-ip-ptz-antivandalico-2mp-zoom-optico-32x-h-265-wisestream-wdr-120db-exterior-ip66-acero-inoxidable","status":"publish","type":"product","link":"https:\/\/soydeaqui.ddns.net\/pachuca\/index.php\/producto\/domo-ip-ptz-antivandalico-2mp-zoom-optico-32x-h-265-wisestream-wdr-120db-exterior-ip66-acero-inoxidable\/","title":{"rendered":"Domo IP PTZ Antivand\u00e1lico 2MP \/ Zoom \u00d3ptico 32X \/ H.265 &#038; WiseStream  \/ WDR 120DB \/ Exterior IP66 \/ Acero Inoxidable"},"content":{"rendered":"<div style='width: 100%; max-width: 1200px; margin: 0 auto; font-family: sans-serif; line-height: 1.6; color: inherit; background-color: transparent;'> <!-- Logo o imagen principal --> <\/p>\n<div style='text-align: center; margin-bottom: 30px;'> <a href='https:\/\/www.syscom.mx\/principal\/consultarproductosazul?global_search=htasq&#038;ordenar=Relevancia&#038;pag=1' target='_blank' rel='noopener'> <img style='width: 100%; max-width: 560px; height: auto; border: 1px solid rgba(150&comma;150&comma;150&comma;0.3); border-radius: 8px;' src='https:\/\/ftp3.syscom.mx\/usuarios\/gmagos\/Hanwha\/fotos\/Wisenet%20Q.png' alt=''> <\/a> <\/div>\n<p> <!-- Video principal y descripci\u00f3n --> <\/p>\n<div style='display: flex; flex-wrap: wrap; gap: 30px; margin-bottom: 30px;'>\n<div style='flex: 1 1 300px; min-width: 280px;'>\n<div style='position: relative; padding-bottom: 56.25%; height: 0; overflow: hidden;'>   <\/div>\n<\/p><\/div>\n<div style='flex: 1 1 300px; min-width: 280px;'>\n<h3 style='font-size: 22px; border-bottom: 2px solid currentColor; padding-bottom: 5px; margin-top: 0; color: inherit; opacity: 0.8;'>H.265 + <span style='color: #f37934;'>WiseStream<\/span><\/h3>\n<p style='font-size: 15px; color: inherit;'> Mediante WiseStream&comma; la tecnolog\u00eda de compresi\u00f3n de v\u00eddeo de Hanwha Techwin&comma; la serie Wisenet X reduce el almacenamiento de datos <strong><span style='color: #f37934;'>hasta un 75%<\/span><\/strong> en comparaci\u00f3n con la actual tecnolog\u00eda H.264&comma; cuando se combina con la compresi\u00f3n H.265. Los costes del sistema se reducen enormemente sin comprometer la calidad de las im\u00e1genes. <\/p>\n<\/p><\/div>\n<\/p><\/div>\n<p> <!-- Secci\u00f3n de caracter\u00edsticas con im\u00e1genes --> <\/p>\n<div style='display: flex; flex-wrap: wrap; gap: 30px; margin-bottom: 30px;'>\n<div style='flex: 1 1 300px; min-width: 280px; text-align: center;'>\n<h4 style='font-size: 18px; color: #f37934; font-weight: bold; margin-bottom: 15px;'>Detecci\u00f3n de Movimiento<\/h4>\n<div style='position: relative; padding-bottom: 56.25%; height: 0; overflow: hidden; margin-bottom: 15px;'> <img style='position: absolute; top: 0; left: 0; width: 100%; height: 100%; object-fit: contain; border: 1px solid rgba(150&comma;150&comma;150&comma;0.3); border-radius: 8px;' src='https:\/\/ftp3.syscom.mx\/usuarios\/fotos\/QNO6010R\/88479-detecci\u00f3n_de_movimiento.jpg' alt=''> <\/div>\n<\/p><\/div>\n<div style='flex: 1 1 300px; min-width: 280px; text-align: center;'>\n<h4 style='font-size: 18px; color: #f37934; font-weight: bold; margin-bottom: 15px;'>Detecci\u00f3n de Sabotaje<\/h4>\n<div style='position: relative; padding-bottom: 56.25%; height: 0; overflow: hidden; margin-bottom: 15px;'> <img style='position: absolute; top: 0; left: 0; width: 100%; height: 100%; object-fit: contain; border: 1px solid rgba(150&comma;150&comma;150&comma;0.3); border-radius: 8px;' src='https:\/\/ftp3.syscom.mx\/usuarios\/fotos\/LNV6010R\/157854-sabotaje.jpg' alt=''> <\/div>\n<\/p><\/div>\n<div style='flex: 1 1 300px; min-width: 280px; text-align: center;'>\n<h4 style='font-size: 18px; color: #f37934; font-weight: bold; margin-bottom: 15px;'>Detecci\u00f3n de Desenfoque<\/h4>\n<div style='position: relative; padding-bottom: 56.25%; height: 0; overflow: hidden; margin-bottom: 15px;'> <img style='position: absolute; top: 0; left: 0; width: 100%; height: 100%; object-fit: contain; border: 1px solid rgba(150&comma;150&comma;150&comma;0.3); border-radius: 8px;' src='https:\/\/ftp3.syscom.mx\/usuarios\/fotos\/LNO6070R\/157853-imagen-desenfocada_1286-72.jpg' alt=''> <\/div>\n<\/p><\/div>\n<\/p><\/div>\n<p> <!-- Secci\u00f3n de especificaciones --> <\/p>\n<div style='display: flex; flex-wrap: wrap; gap: 20px; margin-bottom: 30px;'>\n<div style='flex: 1 1 300px; min-width: 280px;'>\n<div style='border-left: 5px solid #F37934; border-radius: 8px; padding: 15px; background-color: rgba(243&comma;121&comma;52&comma;0.05); margin-bottom: 20px;'>\n<h4 style='font-size: 18px; margin-top: 0; margin-bottom: 15px; color: inherit;'><strong>Caracter\u00edsticas principales:<\/strong><\/h4>\n<ul style='padding-left: 20px; font-size: 14px; list-style-type: disc; color: inherit;'>\n<li style='margin-bottom: 8px;'><span style='color: inherit;'>Sensor de imagen: 1\/2.8 CMOS Scan Progresivo.<\/span><\/li>\n<li style='margin-bottom: 8px;'><span style='color: inherit;'>Iluminaci\u00f3n m\u00ednima: Color: 0.2 Lux&comma; B\/N: 0.01 Lux<\/span><\/li>\n<li style='margin-bottom: 8px;'><span style='color: inherit;'>D\u00eda \/ Noche real con filtro ICR.<\/span><\/li>\n<li style='margin-bottom: 8px;'><span style='color: inherit;'>Lente Motizado: 4.4 a 142.6 mm. (32X)<\/span><\/li>\n<li style='margin-bottom: 8px;'><span style='color: inherit;'>Day &#038; Night (ICR)<\/span><\/li>\n<li style='margin-bottom: 8px;'><span style='color: inherit;'>Funciones: WDR real (120dB).<\/span><\/li>\n<\/ul><\/div>\n<\/p><\/div>\n<div style='flex: 1 1 300px; min-width: 280px;'>\n<div style='border-left: 5px solid #F37934; border-radius: 8px; padding: 15px; background-color: rgba(243&comma;121&comma;52&comma;0.05); margin-bottom: 20px;'>\n<h4 style='font-size: 18px; margin-top: 0; margin-bottom: 15px; color: inherit;'><strong>Compresi\u00f3n de v\u00eddeo y resoluci\u00f3n m\u00e1xima:<\/strong><\/h4>\n<ul style='padding-left: 20px; font-size: 14px; list-style-type: disc; color: inherit;'>\n<li style='margin-bottom: 8px;'><span style='color: inherit;'>Resoluci\u00f3n m\u00e1xima: 2 Megap\u00edxel (1920 x 1080) a 30FPS.<\/span><\/li>\n<li style='margin-bottom: 8px;'><span style='color: inherit;'>Compresi\u00f3n: H.265&comma; H.264&comma; MJPEG.<\/span><\/li>\n<\/ul>\n<h4 style='font-size: 18px; margin-top: 20px; margin-bottom: 15px; color: inherit;'><strong>Funciones de red y almacenamiento:<\/strong><\/h4>\n<ul style='padding-left: 20px; font-size: 14px; list-style-type: disc; color: inherit;'>\n<li style='margin-bottom: 8px;'><span style='color: inherit;'>Almacenamiento: Soporta microSD de hasta 156GB (no incluida).<\/span><\/li>\n<li style='margin-bottom: 8px;'><span style='color: inherit;'>ONVIF: Profile S\/G&comma; SUNAPI (HTTP API).<\/span><\/li>\n<\/ul><\/div>\n<\/p><\/div>\n<div style='flex: 1 1 300px; min-width: 280px;'>\n<div style='border-left: 5px solid #F37934; border-radius: 8px; padding: 15px; background-color: rgba(243&comma;121&comma;52&comma;0.05); margin-bottom: 20px;'>\n<h4 style='font-size: 18px; margin-top: 0; margin-bottom: 15px; color: inherit;'><strong>Caracter\u00edsticas f\u00edsicas y el\u00e9ctricas:<\/strong><\/h4>\n<ul style='padding-left: 20px; font-size: 14px; list-style-type: disc; color: inherit;'>\n<li style='margin-bottom: 8px;'><span style='color: inherit;'>Temperatura de operaci\u00f3n: -35 a 55 \u00b0C&comma; humedad menor a 90%.<\/span><\/li>\n<li style='margin-bottom: 8px;'><span style='color: inherit;'>Alimentaci\u00f3n:PoE (802.3at) \/ 23 W.<\/span><\/li>\n<li style='margin-bottom: 8px;'><span style='color: inherit;'>Tipo de uso: IP66 \/ IK10<\/span><\/li>\n<li style='margin-bottom: 8px;'><span style='color: inherit;'>Dimensiones: \u00d8204.3 x 265 mm <\/span><\/li>\n<li style='margin-bottom: 8px;'><span style='color: inherit;'>Peso: 2.7 Kg.<\/span><\/li>\n<\/ul><\/div>\n<p style='font-size: 14px; color: inherit; margin-top: 20px;'> <strong>Nota:<\/strong> Los montajes se cotizan por separado&comma; revisar los accesorios necesarios seg\u00fan la instalaci\u00f3n. <\/p>\n<p style='font-size: 14px; color: inherit; margin-top: 15px;'> <strong>Para m\u00e1s informaci\u00f3n&comma; ingrese <\/strong> <a href='https:\/\/hanwhavisionamerica.com\/download\/30483\/' target='_blank' rel='noopener' style='color: #f37934; text-decoration: underline;'>aqu\u00ed<\/a>. <\/p>\n<\/p><\/div>\n<\/p><\/div>\n<p> <!-- Nota de instalaci\u00f3n --> <\/p>\n<div style='margin-top: 30px; padding: 15px; border-left: 5px solid #e74c3c; background-color: rgba(231&comma;76&comma;60&comma;0.05);'>\n<h3 style='color: #e74c3c; font-size: 16px; margin-top: 0;'> <strong>Nota:<\/strong> <a href='https:\/\/soporte.syscom.mx\/es\/articles\/3927012-hanwha-recomendaciones-y-partes-para-instalacion-adecuada-de-una-camara-ptz-en-exterior' target='_blank' rel='noopener' style='color: #e74c3c; text-decoration: underline;'>Recomendaciones y partes para instalaci\u00f3n adecuada de una c\u00e1mara PTZ en exterior<\/a> <\/h3>\n<\/p><\/div>\n<p> <!-- Imagen final --> <\/p>\n<div style='text-align: center; margin-top: 30px;'> <a href='http:\/\/soporte.syscom.mx\/videovigilancia\/hanwha-lista-de-tips-tecnicos' target='_blank' rel='noopener'> <img style='width: 100%; max-width: 378px; height: auto; border: 1px solid rgba(150&comma;150&comma;150&comma;0.3); border-radius: 8px;' src='https:\/\/35.165.177.10\/usuarios\/gmagos\/Hanwha\/fotos\/basede1%20%281%29.png' alt=''> <\/a> <\/div>\n<\/p><\/div>\n","protected":false},"excerpt":{"rendered":"<p>Domo IP PTZ Antivand\u00e1lico 2MP \/ Zoom \u00d3ptico 32X \/ H.265 &#038; WiseStream  \/ WDR 120DB \/ Exterior IP66 \/ Acero Inoxidable<\/p>\n","protected":false},"featured_media":94919,"comment_status":"open","ping_status":"closed","template":"","meta":[],"product_brand":[],"product_cat":[1224],"product_tag":[122,1055,1225],"class_list":{"0":"post-94920","1":"product","2":"type-product","3":"status-publish","4":"has-post-thumbnail","6":"product_cat-ptz","7":"product_tag-camaras-ip-y-nvrs","8":"product_tag-hanwha-vision","9":"product_tag-ptz","11":"first","12":"outofstock","13":"sale","14":"shipping-taxable","15":"purchasable","16":"product-type-simple"},"_links":{"self":[{"href":"https:\/\/soydeaqui.ddns.net\/pachuca\/index.php\/wp-json\/wp\/v2\/product\/94920","targetHints":{"allow":["GET"]}}],"collection":[{"href":"https:\/\/soydeaqui.ddns.net\/pachuca\/index.php\/wp-json\/wp\/v2\/product"}],"about":[{"href":"https:\/\/soydeaqui.ddns.net\/pachuca\/index.php\/wp-json\/wp\/v2\/types\/product"}],"replies":[{"embeddable":true,"href":"https:\/\/soydeaqui.ddns.net\/pachuca\/index.php\/wp-json\/wp\/v2\/comments?post=94920"}],"wp:featuredmedia":[{"embeddable":true,"href":"https:\/\/soydeaqui.ddns.net\/pachuca\/index.php\/wp-json\/wp\/v2\/media\/94919"}],"wp:attachment":[{"href":"https:\/\/soydeaqui.ddns.net\/pachuca\/index.php\/wp-json\/wp\/v2\/media?parent=94920"}],"wp:term":[{"taxonomy":"product_brand","embeddable":true,"href":"https:\/\/soydeaqui.ddns.net\/pachuca\/index.php\/wp-json\/wp\/v2\/product_brand?post=94920"},{"taxonomy":"product_cat","embeddable":true,"href":"https:\/\/soydeaqui.ddns.net\/pachuca\/index.php\/wp-json\/wp\/v2\/product_cat?post=94920"},{"taxonomy":"product_tag","embeddable":true,"href":"https:\/\/soydeaqui.ddns.net\/pachuca\/index.php\/wp-json\/wp\/v2\/product_tag?post=94920"}],"curies":[{"name":"wp","href":"https:\/\/api.w.org\/{rel}","templated":true}]}}