{"id":94917,"date":"2026-03-20T07:06:43","date_gmt":"2026-03-20T07:06:43","guid":{"rendered":"https:\/\/soydeaqui.ddns.net\/pachuca\/index.php\/producto\/dual-light-colorvu-bala-turbohd-3k-5-megapixel-lente-2-8-mm-30-mts-ir-20-mts-luz-blanca-gran-angular-104-9-exterior-ip67-microfono-integrado-dwdr-4-tecnologias-metal\/"},"modified":"2026-03-20T07:06:46","modified_gmt":"2026-03-20T07:06:46","slug":"dual-light-colorvu-bala-turbohd-3k-5-megapixel-lente-2-8-mm-30-mts-ir-20-mts-luz-blanca-gran-angular-104-9-exterior-ip67-microfono-integrado-dwdr-4-tecnologias-metal","status":"publish","type":"product","link":"https:\/\/soydeaqui.ddns.net\/pachuca\/index.php\/producto\/dual-light-colorvu-bala-turbohd-3k-5-megapixel-lente-2-8-mm-30-mts-ir-20-mts-luz-blanca-gran-angular-104-9-exterior-ip67-microfono-integrado-dwdr-4-tecnologias-metal\/","title":{"rendered":"[Dual Light + ColorVu] Bala TURBOHD 3K (5 Megapixel) \/ Lente 2.8 mm \/ 30 mts IR + 20 mts Luz Blanca \/ Gran Angular 104.9\u00b0 \/ Exterior IP67 \/ Micr\u00f3fono Integrado \/ dWDR \/ 4 Tecnolog\u00edas \/ Metal"},"content":{"rendered":"<div style='width: 100%; max-width: 1200px; margin: 0 auto; font-family: sans-serif; line-height: 1.6; color: inherit; background-color: transparent;'>\n<div style='text-align: center;'> <img style='width: 100%; max-width: 500px; height: auto; border: 1px solid rgba(150&comma;150&comma;150&comma;0.3); border-radius: 8px;' src='https:\/\/ftp3.syscom.mx\/usuarios\/fotos\/logotipos\/hikvision.png' alt='Logo'> <\/p>\n<h2 style='font-size: 28px; font-weight: bold; margin: 20px 0;'>Integre su c\u00e1mara con un grabador para controlar y monitorear sus dispositivos de seguridad<\/h2>\n<p style='font-size: 16px; margin: 20px 0;'>Descarga la app oficial Hik-Connect y aprovecha al m\u00e1ximo tu producto inteligente<\/p>\n<div style='display: flex; justify-content: center; gap: 20px; flex-wrap: wrap; margin: 20px 0;'> <img style='width: auto; max-height: 60px; border: 1px solid rgba(150&comma;150&comma;150&comma;0.3); border-radius: 8px;' src='https:\/\/ftp3.syscom.mx\/usuarios\/ftp\/single_page\/hikvision\/hikconnectlogo.png' alt='Logo 1'> <img style='width: auto; max-height: 60px; border: 1px solid rgba(150&comma;150&comma;150&comma;0.3); border-radius: 8px;' src='https:\/\/ftp3.syscom.mx\/usuarios\/ftp\/single_page\/hikvision\/appstoreygoogleplay.png' alt='Logo 2'> <\/div>\n<\/p><\/div>\n<div style='width: 100%; margin: 40px 0; padding: 30px; background-color: rgba(150&comma;150&comma;150&comma;0.1); border-radius: 10px;'>\n<h2 style='font-size: 24px; text-align: center; margin-bottom: 30px; color: inherit;'>Beneficios principales<\/h2>\n<div style='display: flex; flex-wrap: wrap; gap: 20px; justify-content: center;'>\n<div style='flex: 1 1 200px; min-width: 180px; text-align: center;'>\n<div style='width: 60px; height: 60px; margin: 0 auto 15px; background-color: #df001e; border-radius: 50%;'><\/div>\n<h5 style='font-size: 18px; margin-bottom: 10px; color: inherit;'>Control remoto<\/h5>\n<p style='font-size: 14px; color: inherit;'>Controla tus dispositivos desde cualquier lugar<\/p>\n<\/p><\/div>\n<div style='flex: 1 1 200px; min-width: 180px; text-align: center;'>\n<div style='width: 60px; height: 60px; margin: 0 auto 15px; background-color: #dc4697; border-radius: 50%;'><\/div>\n<h5 style='font-size: 18px; margin-bottom: 10px; color: inherit;'>Monitoreo en tiempo real<\/h5>\n<p style='font-size: 14px; color: inherit;'>Visualiza tus dispositivos al instante<\/p>\n<\/p><\/div>\n<div style='flex: 1 1 200px; min-width: 180px; text-align: center;'>\n<div style='width: 60px; height: 60px; margin: 0 auto 15px; background-color: #a153cd; border-radius: 50%;'><\/div>\n<h5 style='font-size: 18px; margin-bottom: 10px; color: inherit;'>Notificaciones<\/h5>\n<p style='font-size: 14px; color: inherit;'>Recibe notificaciones y alertas de los eventos que registra tu dispositivo.<\/p>\n<\/p><\/div>\n<div style='flex: 1 1 200px; min-width: 180px; text-align: center;'>\n<div style='width: 60px; height: 60px; margin: 0 auto 15px; background-color: #6468f2; border-radius: 50%;'><\/div>\n<h5 style='font-size: 18px; margin-bottom: 10px; color: inherit;'>Interfaz de usuario sencilla<\/h5>\n<p style='font-size: 14px; color: inherit;'>Amigable para usuarios finales<\/p>\n<\/p><\/div>\n<\/p><\/div>\n<\/p><\/div>\n<div style='width: 100%; margin: 40px 0;'>\n<h2 style='font-size: 24px; text-align: center; margin-bottom: 30px; color: inherit;'>Galer\u00eda de im\u00e1genes<\/h2>\n<div style='display: flex; flex-wrap: wrap; gap: 20px; justify-content: center;'>\n<div style='flex: 1 1 250px; min-width: 200px;'> <img style='width: 100%; height: auto; border: 1px solid rgba(150&comma;150&comma;150&comma;0.3); border-radius: 8px;' src='https:\/\/ftp3.syscom.mx\/usuarios\/ftp\/single_page\/hikvision\/interfazHC.jpg' alt='Imagen 1'> <\/div>\n<div style='flex: 1 1 250px; min-width: 200px;'> <img style='width: 100%; height: auto; border: 1px solid rgba(150&comma;150&comma;150&comma;0.3); border-radius: 8px;' src='https:\/\/ftp3.syscom.mx\/usuarios\/ftp\/single_page\/hikvision\/grabacionesHC.jpg' alt='Imagen 2'> <\/div>\n<div style='flex: 1 1 250px; min-width: 200px;'> <img style='width: 100%; height: auto; border: 1px solid rgba(150&comma;150&comma;150&comma;0.3); border-radius: 8px;' src='https:\/\/ftp3.syscom.mx\/usuarios\/ftp\/single_page\/hikvision\/directoHC.jpg' alt='Imagen 3'> <\/div>\n<div style='flex: 1 1 250px; min-width: 200px;'> <img style='width: 100%; height: auto; border: 1px solid rgba(150&comma;150&comma;150&comma;0.3); border-radius: 8px;' src='https:\/\/ftp3.syscom.mx\/usuarios\/ftp\/single_page\/hikvision\/notificaciones2HC.jpg' alt='Imagen 4'> <\/div>\n<\/p><\/div>\n<\/p><\/div>\n<div style='width: 100%; margin: 40px 0;'>\n<h2 style='font-size: 24px; text-align: center; margin-bottom: 30px; color: inherit;'>Caracter\u00edsticas t\u00e9cnicas<\/h2>\n<div style='display: grid; grid-template-columns: repeat(auto-fit&comma; minmax(250px&comma; 1fr)); gap: 20px;'>\n<div style='background-color: #ffffff; border: 1px solid rgba(150&comma;150&comma;150&comma;0.3); border-radius: 10px; padding: 24px 20px; text-align: center;'>\n<div style='width: 56px; height: 56px; margin: 0 auto 16px; background-color: #f2f6ff; border-radius: 50%; display: flex; align-items: center; justify-content: center;'> <img style='width: 60px; height: 60px;' src='https:\/\/cdn-icons-gif.flaticon.com\/19036\/19036565.gif' alt='Icono'> <\/div>\n<div style='font-size: 16px; font-weight: 600; color: inherit; margin-bottom: 8px;'>Resoluci\u00f3n 3K<\/div>\n<div style='font-size: 14px; line-height: 1.6; color: inherit;'>Imagen ultra n\u00edtida con mayor nivel de detalle para una identificaci\u00f3n m\u00e1s precisa.<\/div>\n<\/p><\/div>\n<div style='background-color: #ffffff; border: 1px solid rgba(150&comma;150&comma;150&comma;0.3); border-radius: 10px; padding: 24px 20px; text-align: center;'>\n<div style='width: 56px; height: 56px; margin: 0 auto 16px; background-color: #f2f6ff; border-radius: 50%; display: flex; align-items: center; justify-content: center;'> <img style='width: 60px; height: 60px;' src='https:\/\/cdn-icons-gif.flaticon.com\/8121\/8121297.gif' alt='Icono'> <\/div>\n<div style='font-size: 16px; font-weight: 600; color: inherit; margin-bottom: 8px;'>Grabaci\u00f3n Audio<\/div>\n<div style='font-size: 14px; line-height: 1.6; color: inherit;'>Las c\u00e1maras cuentan con microfono de alta fidelidad para grabar el audio en un area de 5 a 8m2.<\/div>\n<\/p><\/div>\n<div style='background-color: #ffffff; border: 1px solid rgba(150&comma;150&comma;150&comma;0.3); border-radius: 10px; padding: 24px 20px; text-align: center;'>\n<div style='width: 56px; height: 56px; margin: 0 auto 16px; background-color: #f2f6ff; border-radius: 50%; display: flex; align-items: center; justify-content: center;'> <img style='width: 60px; height: 60px;' src='https:\/\/cdn-icons-gif.flaticon.com\/19009\/19009707.gif' alt='Icono'> <\/div>\n<div style='font-size: 16px; font-weight: 600; color: inherit; margin-bottom: 8px;'>Iluminaci\u00f3n Dual<\/div>\n<div style='font-size: 14px; line-height: 1.6; color: inherit;'>C\u00e1maras con luz blanca e IR para grabar a color al detectar movimiento durante la noche<\/div>\n<\/p><\/div>\n<div style='background-color: #ffffff; border: 1px solid rgba(150&comma;150&comma;150&comma;0.3); border-radius: 10px; padding: 24px 20px; text-align: center;'>\n<div style='width: 56px; height: 56px; margin: 0 auto 16px; background-color: #f2f6ff; border-radius: 50%; display: flex; align-items: center; justify-content: center;'> <img style='width: 60px; height: 60px;' src='https:\/\/cdn-icons-gif.flaticon.com\/19028\/19028330.gif' alt='Icono'> <\/div>\n<div style='font-size: 16px; font-weight: 600; color: inherit; margin-bottom: 8px;'>Compatibilidad avanzada<\/div>\n<div style='font-size: 14px; line-height: 1.6; color: inherit;'>Permite el cambio de tecnolog\u00eda entre TVI \/ AHD \/ CVI \/ CVBS<\/div>\n<\/p><\/div>\n<div style='background-color: #ffffff; border: 1px solid rgba(150&comma;150&comma;150&comma;0.3); border-radius: 10px; padding: 24px 20px; text-align: center;'>\n<div style='width: 56px; height: 56px; margin: 0 auto 16px; background-color: #f2f6ff; border-radius: 50%; display: flex; align-items: center; justify-content: center;'> <img style='width: 60px; height: 60px;' src='https:\/\/cdn-icons-gif.flaticon.com\/15944\/15944846.gif' alt='Icono'> <\/div>\n<div style='font-size: 16px; font-weight: 600; color: inherit; margin-bottom: 8px;'>Angulo de visi\u00f3n<\/div>\n<div style='font-size: 14px; line-height: 1.6; color: inherit;'>Cuenta con un lente fijo de 2.8mm dando 104.9\u00b0 de apertura<\/div>\n<\/p><\/div>\n<div style='background-color: #ffffff; border: 1px solid rgba(150&comma;150&comma;150&comma;0.3); border-radius: 10px; padding: 24px 20px; text-align: center;'>\n<div style='width: 56px; height: 56px; margin: 0 auto 16px; background-color: #f2f6ff; border-radius: 50%; display: flex; align-items: center; justify-content: center;'> <img style='width: 60px; height: 60px;' src='https:\/\/cdn-icons-gif.flaticon.com\/6455\/6455054.gif' alt='Icono'> <\/div>\n<div style='font-size: 16px; font-weight: 600; color: inherit; margin-bottom: 8px;'>Protecci\u00f3n IP67<\/div>\n<div style='font-size: 14px; line-height: 1.6; color: inherit;'>Protecci\u00f3n total contra polvo y chorros de agua&comma; ideal para uso en exteriores.<\/div>\n<\/p><\/div>\n<\/p><\/div>\n<\/p><\/div>\n<div style='width: 100%; margin: 40px 0;'>\n<h2 style='font-size: 24px; text-align: center; margin-bottom: 30px; color: inherit;'>Videos<\/h2>\n<div style='display: flex; flex-wrap: wrap; gap: 20px; justify-content: center;'>\n<div style='flex: 1 1 300px; min-width: 280px;'>\n<div style='position: relative; padding-bottom: 56.25%; height: 0; overflow: hidden; margin-bottom: 30px;'>   <\/div>\n<\/p><\/div>\n<div style='flex: 1 1 300px; min-width: 280px;'>\n<div style='position: relative; padding-bottom: 56.25%; height: 0; overflow: hidden; margin-bottom: 30px;'>   <\/div>\n<\/p><\/div>\n<div style='flex: 1 1 300px; min-width: 280px;'>\n<div style='position: relative; padding-bottom: 56.25%; height: 0; overflow: hidden; margin-bottom: 30px;'>   <\/div>\n<\/p><\/div>\n<div style='flex: 1 1 300px; min-width: 280px;'>\n<div style='position: relative; padding-bottom: 56.25%; height: 0; overflow: hidden; margin-bottom: 30px;'>   <\/div>\n<\/p><\/div>\n<\/p><\/div>\n<\/p><\/div>\n<div style='width: 100%; margin: 40px 0;'>\n<div style='display: flex; flex-wrap: wrap; gap: 30px; margin-bottom: 30px;'>\n<div style='flex: 1 1 300px; min-width: 280px;'>\n<h3 style='font-size: 22px; border-bottom: 2px solid currentColor; padding-bottom: 5px; margin-top: 0; color: inherit; opacity: 0.8;'>Caracter\u00edsticas Principales<\/h3>\n<ul style='padding-left: 20px; font-size: 15px; color: inherit;'>\n<li style='margin-bottom: 5px;'><strong>Resoluci\u00f3n:<\/strong> 3K TurboHD (2960 x 1665)<\/li>\n<li style='margin-bottom: 5px;'><strong>Lente:<\/strong> Fijo 2.8mm<\/li>\n<li style='margin-bottom: 5px;'><strong>Angulo de visi\u00f3n Horizontal:<\/strong> \u00c1ngulo de visi\u00f3n 104.9\u00b0<\/li>\n<li style='margin-bottom: 5px;'><strong>Iluminaci\u00f3n Dual:<\/strong> 30 metros smart IR + 20 metros luz blanca<\/li>\n<li style='margin-bottom: 5px;'><strong>Iluminaci\u00f3n minima requerida a color:<\/strong> 0.01 lux<\/li>\n<li style='margin-bottom: 5px;'><strong>Protecci\u00f3n:<\/strong> Exterior IP67<\/li>\n<li style='margin-bottom: 5px;'><strong>Protocolo de comunicaci\u00f3n:<\/strong> Coaxitron Hikvision C<\/li>\n<li style='margin-bottom: 5px;'><strong>Audio:<\/strong> Cuenta con microfono integrado de alta ganancia para areas de 5 a 8m2 (solo en TurboHD)<\/li>\n<li style='margin-bottom: 5px;'><strong>Material de fabricaci\u00f3n:<\/strong> Metal<\/li>\n<\/ul><\/div>\n<div style='flex: 1 1 300px; min-width: 280px;'>\n<h3 style='font-size: 22px; border-bottom: 2px solid currentColor; padding-bottom: 5px; margin-top: 0; color: inherit; opacity: 0.8;'>Resoluci\u00f3n por tecnolog\u00eda<\/h3>\n<ul style='padding-left: 20px; font-size: 15px; color: inherit;'>\n<li style='margin-bottom: 5px;'><strong>TurboHD:<\/strong><\/li>\n<ul style='padding-left: 20px; margin: 5px 0;'>\n<li style='margin-bottom: 5px;'>TVI: 3K@20fps&comma; 4MP@25fps&comma; 2MP@30fps<\/li>\n<li style='margin-bottom: 5px;'>AHD: 5MP@20fps&comma; 4MP@30fps<\/li>\n<li style='margin-bottom: 5px;'>CVI: 4MP@30fps<\/li>\n<li style='margin-bottom: 5px;'>CVBS: PAL\/NTSC<\/li>\n<\/ul>\n<\/ul><\/div>\n<\/p><\/div>\n<\/p><\/div>\n<div style='width: 100%; margin: 40px 0;'>\n<div style='display: flex; flex-wrap: wrap; gap: 30px;'>\n<div style='flex: 1 1 100%;'>\n<h3 style='font-size: 22px; border-bottom: 2px solid currentColor; padding-bottom: 5px; margin-top: 0; color: inherit; opacity: 0.8;'>Caracter\u00edsticas F\u00edsicas y El\u00e9ctricas<\/h3>\n<ul style='padding-left: 20px; font-size: 15px; color: inherit;'>\n<li style='margin-bottom: 5px;'><strong>Alimentaci\u00f3n:<\/strong> 12Vcc \/ 3.3 W.<\/li>\n<li style='margin-bottom: 5px;'><strong>Temperatura de operaci\u00f3n:<\/strong> -40 \u00baC hasta 60 \u00baC.<\/li>\n<li style='margin-bottom: 5px;'><strong>Dimensiones:<\/strong> 80 mm x 85.1mm.<\/li>\n<li style='margin-bottom: 5px;'><strong>Peso:<\/strong> 266g.<\/li>\n<li style='margin-bottom: 5px;'><strong>Protecci\u00f3n:<\/strong> Contra sobre tensi\u00f3nes y voltajes transitorios<\/li>\n<\/ul><\/div>\n<\/p><\/div>\n<\/p><\/div>\n<div style='width: 100%; margin: 40px 0;'>\n<div style='display: flex; flex-wrap: wrap; gap: 30px;'>\n<div style='flex: 1 1 100%;'>\n<h3 style='font-size: 22px; border-bottom: 2px solid currentColor; padding-bottom: 5px; margin-top: 0; color: inherit; opacity: 0.8;'>Caracter\u00edsticas Destacadas<\/h3>\n<ul style='padding-left: 20px; font-size: 15px; color: inherit;'>\n<li style='margin-bottom: 15px;'>\n<p style='margin: 0; color: inherit;'>La c\u00e1mara cuenta con un micr\u00f3fono interconstruido&comma; el cual no requiere cables adicionales para poder transmitir el audio.<\/p>\n<\/li>\n<li style='margin-bottom: 15px;'>\n<p style='margin: 0; color: inherit;'>La funci\u00f3n de Luz Dual (Dual Light) permite que la c\u00e1mara cuando este en modo noche (con IR encendido) pueda activar su luz blanca para grabar a color cuando ocurra un evento (detecci\u00f3n de movimiento&comma; cruce de l\u00ednea&comma; entrada de \u00e1rea).<\/p>\n<\/li>\n<li style='margin-bottom: 15px;'>\n<p style='margin: 0; color: inherit;'>La comunicaci\u00f3n de activar luz blanca unicamente funciona en modo TVI (TURBOHD) y con grabadores con versiones de firmware 4.26 o superior.<\/p>\n<\/li>\n<\/ul><\/div>\n<\/p><\/div>\n<\/p><\/div>\n<div style='width: 100%; margin: 40px 0;'> <img style='width: 100%; height: auto; border: 1px solid rgba(150&comma;150&comma;150&comma;0.3); border-radius: 8px;' src='https:\/\/ftp3.syscom.mx\/cdn-cgi\/image\/format=avif&comma;width=800&comma;quality=80\/usuarios\/jsosa\/HIKVISION\/imagenes\/banners\/solution%20complete.png' alt='Banner'> <\/div>\n<\/p><\/div>\n","protected":false},"excerpt":{"rendered":"<p>[Dual Light + ColorVu] Bala TURBOHD 3K (5 Megapixel) \/ Lente 2.8 mm \/ 30 mts IR + 20 mts Luz Blanca \/ Gran Angular 104.9\u00b0 \/ Exterior IP67 \/ Micr\u00f3fono Integrado \/ dWDR \/ 4 Tecnolog\u00edas \/ Metal<\/p>\n","protected":false},"featured_media":94916,"comment_status":"open","ping_status":"closed","template":"","meta":[],"product_brand":[],"product_cat":[2268],"product_tag":[439,2255,54],"class_list":{"0":"post-94917","1":"product","2":"type-product","3":"status-publish","4":"has-post-thumbnail","6":"product_cat-bala-camaras-y-dvrs-hd-turbohd-ahd-hd-tvi","7":"product_tag-bala","8":"product_tag-camaras-y-dvrs-hd-turbohd-ahd-hd-tvi","9":"product_tag-hikvision","11":"first","12":"instock","13":"sale","14":"shipping-taxable","15":"purchasable","16":"product-type-simple"},"_links":{"self":[{"href":"https:\/\/soydeaqui.ddns.net\/pachuca\/index.php\/wp-json\/wp\/v2\/product\/94917","targetHints":{"allow":["GET"]}}],"collection":[{"href":"https:\/\/soydeaqui.ddns.net\/pachuca\/index.php\/wp-json\/wp\/v2\/product"}],"about":[{"href":"https:\/\/soydeaqui.ddns.net\/pachuca\/index.php\/wp-json\/wp\/v2\/types\/product"}],"replies":[{"embeddable":true,"href":"https:\/\/soydeaqui.ddns.net\/pachuca\/index.php\/wp-json\/wp\/v2\/comments?post=94917"}],"wp:featuredmedia":[{"embeddable":true,"href":"https:\/\/soydeaqui.ddns.net\/pachuca\/index.php\/wp-json\/wp\/v2\/media\/94916"}],"wp:attachment":[{"href":"https:\/\/soydeaqui.ddns.net\/pachuca\/index.php\/wp-json\/wp\/v2\/media?parent=94917"}],"wp:term":[{"taxonomy":"product_brand","embeddable":true,"href":"https:\/\/soydeaqui.ddns.net\/pachuca\/index.php\/wp-json\/wp\/v2\/product_brand?post=94917"},{"taxonomy":"product_cat","embeddable":true,"href":"https:\/\/soydeaqui.ddns.net\/pachuca\/index.php\/wp-json\/wp\/v2\/product_cat?post=94917"},{"taxonomy":"product_tag","embeddable":true,"href":"https:\/\/soydeaqui.ddns.net\/pachuca\/index.php\/wp-json\/wp\/v2\/product_tag?post=94917"}],"curies":[{"name":"wp","href":"https:\/\/api.w.org\/{rel}","templated":true}]}}