{"id":94910,"date":"2026-03-20T07:06:23","date_gmt":"2026-03-20T07:06:23","guid":{"rendered":"https:\/\/soydeaqui.ddns.net\/pachuca\/index.php\/producto\/pantalla-led-4k-de-43-para-publicidad-digital-programacion-de-horarios-contenido-personalizado-sistema-operativo-android-wifi-bocinas-integradas\/"},"modified":"2026-03-20T07:06:30","modified_gmt":"2026-03-20T07:06:30","slug":"pantalla-led-4k-de-43-para-publicidad-digital-programacion-de-horarios-contenido-personalizado-sistema-operativo-android-wifi-bocinas-integradas","status":"publish","type":"product","link":"https:\/\/soydeaqui.ddns.net\/pachuca\/index.php\/producto\/pantalla-led-4k-de-43-para-publicidad-digital-programacion-de-horarios-contenido-personalizado-sistema-operativo-android-wifi-bocinas-integradas\/","title":{"rendered":"Pantalla LED 4K de 43&#8243; para Publicidad Digital \/ Programaci\u00f3n de Horarios \/ Contenido Personalizado \/ Sistema Operativo Android \/ WiFi \/ Bocinas Integradas"},"content":{"rendered":"<div style='width: 100%; max-width: 1200px; margin: 0 auto; font-family: sans-serif; line-height: 1.6; color: inherit; background-color: transparent;'>\n<p style='text-align: center;'><img style='width: 100%; height: auto; border: 1px solid rgba(150&comma;150&comma;150&comma;0.3); border-radius: 8px;' src='https:\/\/ftp3.syscom.mx\/usuarios\/nortega\/hikvision\/HPD.png' alt=''><\/p>\n<div style='display: flex; flex-wrap: wrap; gap: 30px; margin-bottom: 30px;'>\n<div style='flex: 1 1 300px; min-width: 280px;'>\n<h3 style='font-size: 22px; border-bottom: 2px solid currentColor; padding-bottom: 5px; margin-top: 0; color: inherit; opacity: 0.8;'>Caracter\u00edsticas de Pantalla<\/h3>\n<ul style='padding-left: 20px; font-size: 15px; color: inherit;'>\n<li style='margin-bottom: 5px;'>Tama\u00f1o: 43&#8242;<\/li>\n<li style='margin-bottom: 5px;'>Resoluci\u00f3n: 3840 x 2160<\/li>\n<li style='margin-bottom: 5px;'>\u00c1rea activa: 941.184 mm x 529.416 mm<\/li>\n<li style='margin-bottom: 5px;'>Backlight: DLED<\/li>\n<li style='margin-bottom: 5px;'>Angulo de visi\u00f3n: 178\u00b0 (H) \/ 178\u00b0 (V)<\/li>\n<li style='margin-bottom: 5px;'>Contraste: 4000:1<\/li>\n<li style='margin-bottom: 5px;'>Brillo: 500 cd\/m2<\/li>\n<li style='margin-bottom: 5px;'>Bit: 10 bit (8 bit + FRC)<\/li>\n<li style='margin-bottom: 5px;'>Gama de colores: 72% NTSC<\/li>\n<li style='margin-bottom: 5px;'>Tasa de refrescamiento: 60 Hz<\/li>\n<li style='margin-bottom: 5px;'>Capacidad de trabajo: 24\/7<\/li>\n<\/ul><\/div>\n<div style='flex: 1 1 300px; min-width: 280px;'>\n<h3 style='font-size: 22px; border-bottom: 2px solid currentColor; padding-bottom: 5px; margin-top: 0; color: inherit; opacity: 0.8;'>Sistema Operativo e Interfaz de Conexi\u00f3n<\/h3>\n<ul style='padding-left: 20px; font-size: 15px; color: inherit;'>\n<li style='margin-bottom: 5px;'><strong>Sistema operativo:<\/strong> Android 8.1<\/li>\n<li style='margin-bottom: 5px;'><strong>Procesador:<\/strong> Cortex-a17&comma; 4-core&comma; 1.6 GHz<\/li>\n<li style='margin-bottom: 5px;'><strong>Memoria RAM:<\/strong> 2GB<\/li>\n<li style='margin-bottom: 5px;'><strong>Almacenamiento interno:<\/strong> 16 GB EMMC<\/li>\n<\/ul>\n<h4 style='font-size: 18px; margin-top: 20px; margin-bottom: 10px; color: inherit; opacity: 0.8;'>Interfaces de conexi\u00f3n<\/h4>\n<ul style='padding-left: 20px; font-size: 15px; color: inherit;'>\n<li style='margin-bottom: 5px;'><strong>Entrada:<\/strong> 1 x Audio&comma; 2 x HDMI&comma; 1 x VGA<\/li>\n<li style='margin-bottom: 5px;'><strong>Salida:<\/strong> 1 x Audio<\/li>\n<li style='margin-bottom: 5px;'><strong>Bocinas:<\/strong> 2 x 8 Ohm 5W<\/li>\n<li style='margin-bottom: 5px;'><strong>Red:<\/strong> 1 x RJ45&comma; 1 x Wi-Fi<\/li>\n<li style='margin-bottom: 5px;'><strong>Datos:<\/strong> 2 x USB2.0&comma; 1 x TF Card&comma; 1 x Bluetooth 4.0<\/li>\n<\/ul>\n<p> <img style='width: 100%; height: auto; border: 1px solid rgba(150&comma;150&comma;150&comma;0.3); border-radius: 8px; margin-top: 15px;' src='https:\/\/ftp3.syscom.mx\/usuarios\/nortega\/hikvision\/digitalsignage\/6043unb\/conexiones.png' alt=''> <\/div>\n<\/p><\/div>\n<div style='display: flex; flex-wrap: wrap; gap: 30px; margin-bottom: 30px;'>\n<div style='flex: 1 1 300px; min-width: 280px;'>\n<h3 style='font-size: 22px; border-bottom: 2px solid currentColor; padding-bottom: 5px; margin-top: 0; color: inherit; opacity: 0.8;'>Corriente<\/h3>\n<ul style='padding-left: 20px; font-size: 15px; color: inherit;'>\n<li style='margin-bottom: 5px;'><strong>Voltaje de entrada:<\/strong> 100 a 240V ac&comma; 50\/60 Hz<\/li>\n<li style='margin-bottom: 5px;'><strong>Consumo m\u00e1ximo:<\/strong> 110W<\/li>\n<li style='margin-bottom: 5px;'><strong>Consumo m\u00e1ximo en espera:<\/strong> 0.5W<\/li>\n<\/ul><\/div>\n<div style='flex: 1 1 300px; min-width: 280px;'>\n<h3 style='font-size: 22px; border-bottom: 2px solid currentColor; padding-bottom: 5px; margin-top: 0; color: inherit; opacity: 0.8;'>Dimensiones<\/h3>\n<ul style='padding-left: 20px; font-size: 15px; color: inherit;'>\n<li style='margin-bottom: 5px;'><strong>Dimensiones sin montaje:<\/strong> 967.18 mm x 555.42 mm x 72.44 mm<\/li>\n<li style='margin-bottom: 5px;'><strong>Dimensiones con montaje:<\/strong> 967.18 mm x 555.42 mm x 92.24 mm<\/li>\n<li style='margin-bottom: 5px;'><strong>Tipo de montaje:<\/strong> A pared (incluido)&comma; se puede montar horizontal o vertical<\/li>\n<li style='margin-bottom: 5px;'><strong>VESA:<\/strong> 400 x 300<\/li>\n<li style='margin-bottom: 5px;'><strong>Peso:<\/strong> 11.39 kg<\/li>\n<\/ul><\/div>\n<div style='flex: 1 1 300px; min-width: 280px;'>\n<h3 style='font-size: 22px; border-bottom: 2px solid currentColor; padding-bottom: 5px; margin-top: 0; color: inherit; opacity: 0.8;'>Temperatura<\/h3>\n<ul style='padding-left: 20px; font-size: 15px; color: inherit;'>\n<li style='margin-bottom: 5px;'><strong>Temperatura de Operaci\u00f3n:<\/strong> 0 \u00b0C a 40 \u00b0C<\/li>\n<li style='margin-bottom: 5px;'><strong>Humedad de operaci\u00f3n:<\/strong> 10% a 80% RH<\/li>\n<li style='margin-bottom: 5px;'><strong>Temperatura de almacenamiento:<\/strong> -20 \u00b0C a 60 \u00b0C<\/li>\n<li style='margin-bottom: 5px;'><strong>Humedad de almacenamiento:<\/strong> 5% a 90% RH<\/li>\n<\/ul><\/div>\n<\/p><\/div>\n<div style='display: flex; flex-wrap: wrap; gap: 30px; margin-bottom: 30px;'>\n<div style='flex: 1 1 300px; min-width: 280px;'>\n<h3 style='font-size: 22px; border-bottom: 2px solid currentColor; padding-bottom: 5px; margin-top: 0; color: inherit; opacity: 0.8;'>Accesorios Incluidos<\/h3>\n<ul style='padding-left: 20px; font-size: 15px; color: inherit;'>\n<li style='margin-bottom: 5px;'>1 x Cable de corriente<\/li>\n<li style='margin-bottom: 5px;'>1 x Control remoto<\/li>\n<li style='margin-bottom: 5px;'>1 x Montaje de pared<\/li>\n<li style='margin-bottom: 5px;'>4 x Tornillos de montaje<\/li>\n<li style='margin-bottom: 5px;'>1 x Kit de accesorios de instalaci\u00f3n<\/li>\n<li style='margin-bottom: 5px;'>1 x Gu\u00eda r\u00e1pida<\/li>\n<\/ul><\/div>\n<\/p><\/div>\n<div style='display: flex; flex-wrap: wrap; gap: 30px; margin-bottom: 30px;'>\n<div style='flex: 1 1 300px; min-width: 280px;'>\n<h3 style='font-size: 22px; border-bottom: 2px solid currentColor; padding-bottom: 5px; margin-top: 0; color: inherit; opacity: 0.8;'>Caracter\u00edsticas Destacadas<\/h3>\n<ul style='padding-left: 20px; font-size: 15px; color: inherit;'>\n<li style='margin-bottom: 5px;'>La administraci\u00f3n de los dispositivos puede ser de manera local o remota.<\/li>\n<li style='margin-bottom: 5px;'>Para la administraci\u00f3n remota solo es necesario tener una IP publica fija (dedicada) en el servidor con las licencias y por parte de los dispositivos (caja digital o pantallas) que se encuentran en sitio solo es necesario tener una conexi\u00f3n a internet ya sea cableada o inal\u00e1mbrica.<\/li>\n<li style='margin-bottom: 5px;'>Podemos enviar de manera masiva en diferentes lugares remotos cualquier video&comma; imagen o informaci\u00f3n que sea necesaria&comma; se actualiza en tiempo real.<\/li>\n<\/ul><\/div>\n<\/p><\/div>\n<div style='display: flex; flex-wrap: wrap; gap: 30px; margin-bottom: 30px;'>\n<div style='flex: 1 1 300px; min-width: 280px;'>\n<h3 style='font-size: 22px; border-bottom: 2px solid currentColor; padding-bottom: 5px; margin-top: 0; color: inherit; opacity: 0.8;'>Software de Administraci\u00f3n y Licencias<\/h3>\n<ul style='padding-left: 20px; font-size: 15px; color: inherit;'>\n<li style='margin-bottom: 5px;'><strong>Software de administraci\u00f3n:<\/strong> HikCentral FocSign 2.0<\/li>\n<li style='margin-bottom: 5px;'><strong>El software es gratuito hasta 5 dispositivos&comma;<\/strong> a partir del n\u00famero 6 requiere licencia&comma; es una licencia por dispositivo.\n<ul style='margin-top: 5px; margin-bottom: 15px;'>\n<li style='margin-bottom: 5px;'><strong>HCFB\/5C<\/strong> (Licencia base y 5 dispositivos de Digital Signage). Se requiere comprar esta licencia primero para agregar el dispositivo n\u00famero 6<\/li>\n<\/ul>\n<\/li>\n<\/ul>\n<p style='margin-top: 15px; margin-bottom: 10px; font-size: 15px; color: inherit;'><strong>La licencia base tambien permite habilitar:<\/strong><\/p>\n<ul style='padding-left: 20px; font-size: 15px; color: inherit;'>\n<li style='margin-bottom: 5px;'>Funci\u00f3n de videowall con las pantallas (No compatible con DS-D60C-B).<\/li>\n<li style='margin-bottom: 5px;'>Integraci\u00f3n con reconocimiento facial y detecci\u00f3n de temperatura (Se requiere c\u00e1mara con esta funci\u00f3n).<\/li>\n<li style='margin-bottom: 5px;'><strong>HCF\/1C<\/strong> (Licencias para a\u00f1adir 1 dispositivo de Digital Signage).<\/li>\n<\/ul><\/div>\n<\/p><\/div>\n<hr style='border: 0; border-top: 1px solid rgba(150&comma; 150&comma; 150&comma; 0.3); margin: 30px 0;'> <\/div>\n","protected":false},"excerpt":{"rendered":"<p>Pantalla LED 4K de 43&#8243; para Publicidad Digital \/ Programaci\u00f3n de Horarios \/ Contenido Personalizado \/ Sistema Operativo Android \/ WiFi \/ Bocinas Integradas<\/p>\n","protected":false},"featured_media":94909,"comment_status":"open","ping_status":"closed","template":"","meta":[],"product_brand":[],"product_cat":[2293],"product_tag":[54,2161,2294],"class_list":{"0":"post-94910","1":"product","2":"type-product","3":"status-publish","4":"has-post-thumbnail","6":"product_cat-publicidad-digital","7":"product_tag-hikvision","8":"product_tag-pantallas-monitores","9":"product_tag-publicidad-digital","11":"first","12":"instock","13":"sale","14":"shipping-taxable","15":"purchasable","16":"product-type-simple"},"_links":{"self":[{"href":"https:\/\/soydeaqui.ddns.net\/pachuca\/index.php\/wp-json\/wp\/v2\/product\/94910","targetHints":{"allow":["GET"]}}],"collection":[{"href":"https:\/\/soydeaqui.ddns.net\/pachuca\/index.php\/wp-json\/wp\/v2\/product"}],"about":[{"href":"https:\/\/soydeaqui.ddns.net\/pachuca\/index.php\/wp-json\/wp\/v2\/types\/product"}],"replies":[{"embeddable":true,"href":"https:\/\/soydeaqui.ddns.net\/pachuca\/index.php\/wp-json\/wp\/v2\/comments?post=94910"}],"wp:featuredmedia":[{"embeddable":true,"href":"https:\/\/soydeaqui.ddns.net\/pachuca\/index.php\/wp-json\/wp\/v2\/media\/94909"}],"wp:attachment":[{"href":"https:\/\/soydeaqui.ddns.net\/pachuca\/index.php\/wp-json\/wp\/v2\/media?parent=94910"}],"wp:term":[{"taxonomy":"product_brand","embeddable":true,"href":"https:\/\/soydeaqui.ddns.net\/pachuca\/index.php\/wp-json\/wp\/v2\/product_brand?post=94910"},{"taxonomy":"product_cat","embeddable":true,"href":"https:\/\/soydeaqui.ddns.net\/pachuca\/index.php\/wp-json\/wp\/v2\/product_cat?post=94910"},{"taxonomy":"product_tag","embeddable":true,"href":"https:\/\/soydeaqui.ddns.net\/pachuca\/index.php\/wp-json\/wp\/v2\/product_tag?post=94910"}],"curies":[{"name":"wp","href":"https:\/\/api.w.org\/{rel}","templated":true}]}}