{"id":94874,"date":"2026-03-20T07:04:48","date_gmt":"2026-03-20T07:04:48","guid":{"rendered":"https:\/\/soydeaqui.ddns.net\/pachuca\/index.php\/producto\/kit-turbohd-1080p-ssd-500-gb-dvr-4-canales-4-camaras-bala-colorvu-con-microfono-integrado-fuente-de-poder-accesorios-de-instalacion\/"},"modified":"2026-03-20T07:04:49","modified_gmt":"2026-03-20T07:04:49","slug":"kit-turbohd-1080p-ssd-500-gb-dvr-4-canales-4-camaras-bala-colorvu-con-microfono-integrado-fuente-de-poder-accesorios-de-instalacion","status":"publish","type":"product","link":"https:\/\/soydeaqui.ddns.net\/pachuca\/index.php\/producto\/kit-turbohd-1080p-ssd-500-gb-dvr-4-canales-4-camaras-bala-colorvu-con-microfono-integrado-fuente-de-poder-accesorios-de-instalacion\/","title":{"rendered":"Kit TurboHD 1080p + SSD 500 GB \/ DVR 4 Canales \/ 4 C\u00e1maras Bala ColorVu con Micr\u00f3fono Integrado \/ Fuente de Poder \/ Accesorios de Instalaci\u00f3n"},"content":{"rendered":"<div style='width: 100%; max-width: 1200px; margin: 0 auto; font-family: sans-serif; line-height: 1.6; color: inherit; background-color: transparent;'>\n<div style='width: 100%; margin-bottom: 30px; text-align: center;'><img style='max-height: 6rem; width: auto; height: auto; border: 1px solid rgba(150&comma;150&comma;150&comma;0.3); border-radius: 8px;' src='https:\/\/ftp3.syscom.mx\/usuarios\/fotos\/logotipos\/hilook_by_hikvision.png' alt='Logo' \/><\/p>\n<h1 style='font-size: 28px; margin-top: 20px; margin-bottom: 15px; color: inherit; font-weight: bold;'>Controla y monitorea tus dispositivos de seguridad<\/h1>\n<p style='font-size: 18px; margin-bottom: 0; color: inherit; opacity: 0.8;'>Descarga la app oficial y aprovecha al m\u00e1ximo tu producto inteligente<\/p>\n<\/div>\n<div style='width: 100%; margin-bottom: 30px; background-color: rgba(200&comma;200&comma;200&comma;0.1); padding: 30px 15px;'>\n<h2 style='font-size: 24px; text-align: center; margin-bottom: 25px; color: inherit; font-weight: bold;'>Beneficios principales<\/h2>\n<div style='display: flex; flex-wrap: wrap; gap: 20px; justify-content: center;'>\n<div style='flex: 1 1 250px; min-width: 200px; text-align: center; padding: 15px;'>\n<div style='width: 60px; height: 60px; margin: 0 auto 15px; background-color: #0d6efd; border-radius: 50%;'><\/div>\n<h5 style='margin-bottom: 10px; font-size: 18px; color: inherit; font-weight: bold;'>Control remoto<\/h5>\n<p style='font-size: 15px; color: inherit; opacity: 0.8;'>Controla tus dispositivos desde cualquier lugar<\/p>\n<\/div>\n<div style='flex: 1 1 250px; min-width: 200px; text-align: center; padding: 15px;'>\n<div style='width: 60px; height: 60px; margin: 0 auto 15px; background-color: #198754; border-radius: 50%;'><\/div>\n<h5 style='margin-bottom: 10px; font-size: 18px; color: inherit; font-weight: bold;'>Monitoreo en tiempo real<\/h5>\n<p style='font-size: 15px; color: inherit; opacity: 0.8;'>Visualiza tus dispositivos al instante<\/p>\n<\/div>\n<div style='flex: 1 1 250px; min-width: 200px; text-align: center; padding: 15px;'>\n<div style='width: 60px; height: 60px; margin: 0 auto 15px; background-color: #0dcaf0; border-radius: 50%;'><\/div>\n<h5 style='margin-bottom: 10px; font-size: 18px; color: inherit; font-weight: bold;'>Notificaciones<\/h5>\n<p style='font-size: 15px; color: inherit; opacity: 0.8;'>Recibe notificaciones y alertas de los eventos que registra tu dispositivo.<\/p>\n<\/div>\n<div style='flex: 1 1 250px; min-width: 200px; text-align: center; padding: 15px;'>\n<div style='width: 60px; height: 60px; margin: 0 auto 15px; background-color: #ffc107; border-radius: 50%;'><\/div>\n<h5 style='margin-bottom: 10px; font-size: 18px; color: inherit; font-weight: bold;'>Interfaz de usuario sencilla<\/h5>\n<p style='font-size: 15px; color: inherit; opacity: 0.8;'>Amigable para usuarios finales<\/p>\n<\/div>\n<\/div>\n<\/div>\n<div style='width: 100%; margin-bottom: 30px;'>\n<h2 style='font-size: 24px; text-align: center; margin-bottom: 25px; color: inherit; font-weight: bold;'>Galer\u00eda de im\u00e1genes<\/h2>\n<div style='display: flex; flex-wrap: wrap; gap: 15px; justify-content: center;'>\n<div style='flex: 1 1 200px; min-width: 200px;'><img style='width: 100%; height: auto; border: 1px solid rgba(150&comma;150&comma;150&comma;0.3); border-radius: 8px;' src='https:\/\/ftp3.syscom.mx\/usuarios\/ftp\/single_page\/hilook\/interfaz.jpg' alt='Imagen 1' \/><\/div>\n<div style='flex: 1 1 200px; min-width: 200px;'><img style='width: 100%; height: auto; border: 1px solid rgba(150&comma;150&comma;150&comma;0.3); border-radius: 8px;' src='https:\/\/ftp3.syscom.mx\/usuarios\/ftp\/single_page\/hilook\/grabaciones.jpg' alt='Imagen 2' \/><\/div>\n<div style='flex: 1 1 200px; min-width: 200px;'><img style='width: 100%; height: auto; border: 1px solid rgba(150&comma;150&comma;150&comma;0.3); border-radius: 8px;' src='https:\/\/ftp3.syscom.mx\/usuarios\/ftp\/single_page\/hilook\/directo.jpg' alt='Imagen 3' \/><\/div>\n<div style='flex: 1 1 200px; min-width: 200px;'><img style='width: 100%; height: auto; border: 1px solid rgba(150&comma;150&comma;150&comma;0.3); border-radius: 8px;' src='https:\/\/ftp3.syscom.mx\/usuarios\/ftp\/single_page\/hilook\/notificaciones2.jpg' alt='Imagen 4' \/><\/div>\n<\/div>\n<\/div>\n<div style='width: 100%; margin-bottom: 30px;'><img style='width: 100%; height: auto; border: 1px solid rgba(150&comma;150&comma;150&comma;0.3); border-radius: 8px;' src='https:\/\/ftp3.syscom.mx\/usuarios\/gmagos\/HIK\/banners\/HiLook-PRODUCTOS%20Colorvu%20Lite.png' alt='Banner final' \/><\/div>\n<div style='width: 100%; margin-bottom: 30px;'>\n<div style='display: flex; flex-wrap: wrap; gap: 20px; margin-bottom: 30px;'>\n<div style='flex: 1 1 300px; min-width: 280px;'>\n<div style='border: 1px solid rgba(150&comma;150&comma;150&comma;0.4); border-radius: 8px; overflow: hidden; display: flex; flex-direction: column; height: 100%;'>\n<div style='padding: 15px; border-bottom: 1px solid rgba(150&comma;150&comma;150&comma;0.2); font-weight: bold; font-size: 18px; color: inherit;'>1 x DVR-204G-K1(S)<\/div>\n<div style='padding: 15px; color: inherit; flex: 1 1 auto;'><img style='width: 100%; height: auto; border: 1px solid rgba(150&comma;150&comma;150&comma;0.3); border-radius: 8px; margin-bottom: 15px;' src='https:\/\/ftp3.syscom.mx\/usuarios\/fotos\/BancoFotografiasSyscom\/HILOOKBYHIKVISION\/DVR204GK1(S)\/DVR204GK1(S)-p.PNG' alt='DVR-204G-K1(S)' \/><\/p>\n<ul style='padding-left: 20px; margin: 0; font-size: 14px; list-style-type: disc;'>\n<li style='margin-bottom: 5px;'>Soporta 4 canales TURBOHD \/ anal\u00f3gicos + 1 canal IP = 5 canales en total.<\/li>\n<li style='margin-bottom: 5px;'>NOTA: Permite apagar canales an\u00e1logos para agregar canales IP.<\/li>\n<li style='margin-bottom: 5px;'>Compatible con Hik-Connect P2P (<a href='https:\/\/appstore.hikvision.com\/' style='color: #0d6efd; text-decoration: none;' target='_blank' rel='noopener'>https:\/\/appstore.hikvision.com\/<\/a>)<\/li>\n<li style='margin-bottom: 5px;'>4 Entradas de audio por coaxitron (<a href='https:\/\/www.syscom.mx\/principal\/promociones\/camaras_con_audio_por_coaxitron_2_mp-5477.html?ordenar=Relevancia&#038;pag=1' style='color: #0d6efd; text-decoration: none;' target='_blank' rel='noopener'>modelos compatibles<\/a>)<\/li>\n<\/ul>\n<\/div>\n<\/div>\n<\/div>\n<div style='flex: 1 1 300px; min-width: 280px;'>\n<div style='border: 1px solid rgba(150&comma;150&comma;150&comma;0.4); border-radius: 8px; overflow: hidden; display: flex; flex-direction: column; height: 100%;'>\n<div style='padding: 15px; border-bottom: 1px solid rgba(150&comma;150&comma;150&comma;0.2); font-weight: bold; font-size: 18px; color: inherit;'>4 x THC-B129-PS<\/div>\n<div style='padding: 15px; color: inherit; flex: 1 1 auto;'><img style='width: 100%; height: auto; border: 1px solid rgba(150&comma;150&comma;150&comma;0.3); border-radius: 8px; margin-bottom: 15px;' src='https:\/\/ftp3.syscom.mx\/usuarios\/fotos\/BancoFotografiasSyscom\/HILOOKBYHIKVISION\/THCB129PS\/THCB129PS-p.PNG' alt='THC-B129-PS' \/><\/p>\n<ul style='padding-left: 20px; margin: 0; font-size: 14px; list-style-type: disc;'>\n<li style='margin-bottom: 5px;'>Resoluci\u00f3n M\u00e1xima 2 Megapixel (1920 x 1080).<\/li>\n<li style='margin-bottom: 5px;'>Lente fijo: 2.8 mm (\u00c1ngulo de apertura 98\u00b0).<\/li>\n<li style='margin-bottom: 5px;'>Micr\u00f3fono Integrado&comma; graba audio y video con este incre\u00edble kit de videovigilancia<\/li>\n<li style='margin-bottom: 5px;'>20 Metros de luz blanca (Ayuda a iluminar el sitio para mantener la imagen siempre a color).<\/li>\n<li style='margin-bottom: 5px;'>Soporta 4 Tecnolog\u00edas&comma; selecci\u00f3nable en el mazo de cables (HD-TVI&comma; HD-CVI&comma; AHD&comma; CVBS Anal\u00f3gico 1200TVL\u00b4s).<\/li>\n<\/ul>\n<\/div>\n<\/div>\n<\/div>\n<\/div>\n<div style='flex: 1 1 300px; min-width: 280px;'>\n<div style='border: 1px solid rgba(150&comma;150&comma;150&comma;0.4); border-radius: 8px; overflow: hidden; display: flex; flex-direction: column; height: 100%;'>\n<div style='padding: 15px; border-bottom: 1px solid rgba(150&comma;150&comma;150&comma;0.2); font-weight: bold; font-size: 18px; color: inherit;'>SSD PARA VIDEOVIGILANCIA<\/div>\n<div style='padding: 15px; color: inherit; flex: 1 1 auto;'><img style='width: 100%; height: auto; border: 1px solid rgba(150&comma;150&comma;150&comma;0.3); border-radius: 8px; margin-bottom: 15px;' src='https:\/\/ftp3.syscom.mx\/usuarios\/fotos\/BancoFotografiasSyscom\/HIKVISION\/V300512GSSD\/V300512GSSD-p.PNG' alt='SSD para videovigilancia' \/><\/p>\n<ul style='padding-left: 20px; margin: 0; font-size: 14px; list-style-type: disc;'>\n<li style='margin-bottom: 5px;'>Capacidad: 500 GB.<\/li>\n<li style='margin-bottom: 5px;'>Vel. de Lectura: 560 MB\/s.<\/li>\n<li style='margin-bottom: 5px;'>Vel. de escritura: 505 MB\/s.<\/li>\n<li style='margin-bottom: 5px;'>Temperatura de operaci\u00f3n: 0 \u00b0C a 70 \u00b0C (32 \u00b0F a 158 \u00b0F).<\/li>\n<li style='margin-bottom: 5px;'>Capacidad de trabajo 24\/7<\/li>\n<li style='margin-bottom: 5px;'>Tama\u00f1o: 2.5&#8242;.<\/li>\n<li style='margin-bottom: 5px;'>Peso: \u2264 150 gramos.<\/li>\n<li style='margin-bottom: 5px;'>Especializado para videovigilancia (M\u00f3vil y CCTV).<\/li>\n<li style='margin-bottom: 5px;'>Uso continuo 24\/7.<\/li>\n<\/ul>\n<\/div>\n<\/div>\n<\/div>\n<\/div>\n<\/div>\n<div style='width: 100%; margin-bottom: 30px;'>\n<div style='border-left: 5px solid #0d6efd; border-radius: 5px; padding: 15px; box-shadow: 0 2px 10px rgba(150&comma;150&comma;150&comma;0.2); background-color: rgba(13&comma;110&comma;253&comma;0.05); margin-bottom: 15px;'><span style='font-size: 18px; color: inherit; font-weight: bold;'>&#8211; Incluye fuente de poder para las 4 c\u00e1maras y DVR.<\/span><br \/><span style='font-size: 18px; color: inherit; font-weight: bold;'>&#8211; Incluye cables para video y alimentaci\u00f3n de 18.3 metros.<\/span><\/div>\n<\/div>\n<div style='width: 100%; margin-bottom: 30px;'><img style='width: 100%; height: auto; border: 1px solid rgba(150&comma;150&comma;150&comma;0.3); border-radius: 8px;' src='https:\/\/ftp3.syscom.mx\/usuarios\/yvalenzuela\/Hilook\/hiklook.jpg' alt='Aplicaci\u00f3n HiLook' \/><\/div>\n<\/div>\n","protected":false},"excerpt":{"rendered":"<p>Kit TurboHD 1080p + SSD 500 GB \/ DVR 4 Canales \/ 4 C\u00e1maras Bala ColorVu con Micr\u00f3fono Integrado \/ Fuente de Poder \/ Accesorios de Instalaci\u00f3n<\/p>\n","protected":false},"featured_media":94873,"comment_status":"open","ping_status":"closed","template":"","meta":[],"product_brand":[],"product_cat":[2287],"product_tag":[715,2232,2288],"class_list":{"0":"post-94874","1":"product","2":"type-product","3":"status-publish","4":"has-post-thumbnail","6":"product_cat-turbohd-de-4-canales","7":"product_tag-hilook-by-hikvision","8":"product_tag-kits-sistemas-completos","9":"product_tag-turbohd-de-4-canales","11":"first","12":"instock","13":"sale","14":"shipping-taxable","15":"purchasable","16":"product-type-simple"},"_links":{"self":[{"href":"https:\/\/soydeaqui.ddns.net\/pachuca\/index.php\/wp-json\/wp\/v2\/product\/94874","targetHints":{"allow":["GET"]}}],"collection":[{"href":"https:\/\/soydeaqui.ddns.net\/pachuca\/index.php\/wp-json\/wp\/v2\/product"}],"about":[{"href":"https:\/\/soydeaqui.ddns.net\/pachuca\/index.php\/wp-json\/wp\/v2\/types\/product"}],"replies":[{"embeddable":true,"href":"https:\/\/soydeaqui.ddns.net\/pachuca\/index.php\/wp-json\/wp\/v2\/comments?post=94874"}],"wp:featuredmedia":[{"embeddable":true,"href":"https:\/\/soydeaqui.ddns.net\/pachuca\/index.php\/wp-json\/wp\/v2\/media\/94873"}],"wp:attachment":[{"href":"https:\/\/soydeaqui.ddns.net\/pachuca\/index.php\/wp-json\/wp\/v2\/media?parent=94874"}],"wp:term":[{"taxonomy":"product_brand","embeddable":true,"href":"https:\/\/soydeaqui.ddns.net\/pachuca\/index.php\/wp-json\/wp\/v2\/product_brand?post=94874"},{"taxonomy":"product_cat","embeddable":true,"href":"https:\/\/soydeaqui.ddns.net\/pachuca\/index.php\/wp-json\/wp\/v2\/product_cat?post=94874"},{"taxonomy":"product_tag","embeddable":true,"href":"https:\/\/soydeaqui.ddns.net\/pachuca\/index.php\/wp-json\/wp\/v2\/product_tag?post=94874"}],"curies":[{"name":"wp","href":"https:\/\/api.w.org\/{rel}","templated":true}]}}